{"id":10105,"date":"2023-07-11T18:03:38","date_gmt":"2023-07-11T23:03:38","guid":{"rendered":"https:\/\/agronauticamr.com\/?post_type=product&#038;p=10105"},"modified":"2023-10-10T20:01:13","modified_gmt":"2023-10-11T01:01:13","slug":"monitor-multiparametros-edan-series-x12-basico","status":"publish","type":"product","link":"https:\/\/servimedcolombia.com\/index.php\/producto\/monitor-multiparametros-edan-series-x12-basico\/","title":{"rendered":"MONITOR MULTIPAR\u00c1METROS EDAN SERIES X12 BASICO"},"content":{"rendered":"","protected":false},"excerpt":{"rendered":"<ul>\n<li>Pantalla a color de 12.1\u201d.<\/li>\n<li>Bater\u00eda recargable de 4 horas.<\/li>\n<li>Dise\u00f1o Slim (Delgado).<\/li>\n<li>5 par\u00e1metros de paciente. (ECG, Sp02, NIBP, RESP, 2-TEMP).<\/li>\n<li>Visualizaci\u00f3n de m\u00faltiples ondas en pantalla.<\/li>\n<\/ul>\n<div>\n<p><span style=\"color: #16bedc;\"><strong>REGISTRO SANITARIO INVIMA 2008EBC-0002816<\/strong><\/span><\/p>\n<p><span style=\"color: #ff0000;\"><strong>Todos nuestros activos est\u00e1n sujetos a disponibilidad seg\u00fan inventario.\u00a0<\/strong><\/span><\/p>\n[njwa_button id=\"9888\"]\n<\/div>\n","protected":false},"featured_media":10106,"template":"","meta":{"rs_blank_template":"","rs_page_bg_color":"","slide_template_v7":""},"product_brand":[],"product_cat":[121],"product_tag":[],"class_list":{"0":"post-10105","1":"product","2":"type-product","3":"status-publish","4":"has-post-thumbnail","6":"product_cat-monitores-signos-vitales-y-accesorios","8":"first","9":"instock","10":"shipping-taxable","11":"product-type-simple"},"yoast_head":"<!-- This site is optimized with the Yoast SEO plugin v27.4 - https:\/\/yoast.com\/product\/yoast-seo-wordpress\/ -->\n<title>MONITOR MULTIPAR\u00c1METROS EDAN SERIES X12 BASICO - Servimed Colombia<\/title>\n<meta name=\"robots\" content=\"index, follow, max-snippet:-1, max-image-preview:large, max-video-preview:-1\" \/>\n<link rel=\"canonical\" href=\"https:\/\/servimedcolombia.com\/index.php\/producto\/monitor-multiparametros-edan-series-x12-basico\/\" \/>\n<meta property=\"og:locale\" content=\"es_ES\" \/>\n<meta property=\"og:type\" content=\"article\" \/>\n<meta property=\"og:title\" content=\"MONITOR MULTIPAR\u00c1METROS EDAN SERIES X12 BASICO - Servimed Colombia\" \/>\n<meta property=\"og:description\" content=\"Pantalla a color de 12.1\u201d.  Bater\u00eda recargable de 4 horas.  Dise\u00f1o Slim (Delgado).  5 par\u00e1metros de paciente. (ECG, Sp02, NIBP, RESP, 2-TEMP).  Visualizaci\u00f3n de m\u00faltiples ondas en pantalla.    REGISTRO SANITARIO INVIMA 2008EBC-0002816  Todos nuestros activos est\u00e1n sujetos a disponibilidad seg\u00fan inventario.\u00a0\" \/>\n<meta property=\"og:url\" content=\"https:\/\/servimedcolombia.com\/index.php\/producto\/monitor-multiparametros-edan-series-x12-basico\/\" \/>\n<meta property=\"og:site_name\" content=\"Servimed Colombia\" \/>\n<meta property=\"article:modified_time\" content=\"2023-10-11T01:01:13+00:00\" \/>\n<meta property=\"og:image\" content=\"https:\/\/servimedcolombia.com\/wp-content\/uploads\/2023\/07\/2.jpg\" \/>\n\t<meta property=\"og:image:width\" content=\"1654\" \/>\n\t<meta property=\"og:image:height\" content=\"1654\" \/>\n\t<meta property=\"og:image:type\" content=\"image\/jpeg\" \/>\n<meta name=\"twitter:card\" content=\"summary_large_image\" \/>\n<script type=\"application\/ld+json\" class=\"yoast-schema-graph\">{\"@context\":\"https:\\\/\\\/schema.org\",\"@graph\":[{\"@type\":\"WebPage\",\"@id\":\"https:\\\/\\\/servimedcolombia.com\\\/index.php\\\/producto\\\/monitor-multiparametros-edan-series-x12-basico\\\/\",\"url\":\"https:\\\/\\\/servimedcolombia.com\\\/index.php\\\/producto\\\/monitor-multiparametros-edan-series-x12-basico\\\/\",\"name\":\"MONITOR MULTIPAR\u00c1METROS EDAN SERIES X12 BASICO - Servimed Colombia\",\"isPartOf\":{\"@id\":\"https:\\\/\\\/servimedcolombia.com\\\/#website\"},\"primaryImageOfPage\":{\"@id\":\"https:\\\/\\\/servimedcolombia.com\\\/index.php\\\/producto\\\/monitor-multiparametros-edan-series-x12-basico\\\/#primaryimage\"},\"image\":{\"@id\":\"https:\\\/\\\/servimedcolombia.com\\\/index.php\\\/producto\\\/monitor-multiparametros-edan-series-x12-basico\\\/#primaryimage\"},\"thumbnailUrl\":\"https:\\\/\\\/servimedcolombia.com\\\/wp-content\\\/uploads\\\/2026\\\/04\\\/2.webp\",\"datePublished\":\"2023-07-11T23:03:38+00:00\",\"dateModified\":\"2023-10-11T01:01:13+00:00\",\"breadcrumb\":{\"@id\":\"https:\\\/\\\/servimedcolombia.com\\\/index.php\\\/producto\\\/monitor-multiparametros-edan-series-x12-basico\\\/#breadcrumb\"},\"inLanguage\":\"es\",\"potentialAction\":[{\"@type\":\"ReadAction\",\"target\":[\"https:\\\/\\\/servimedcolombia.com\\\/index.php\\\/producto\\\/monitor-multiparametros-edan-series-x12-basico\\\/\"]}]},{\"@type\":\"ImageObject\",\"inLanguage\":\"es\",\"@id\":\"https:\\\/\\\/servimedcolombia.com\\\/index.php\\\/producto\\\/monitor-multiparametros-edan-series-x12-basico\\\/#primaryimage\",\"url\":\"https:\\\/\\\/servimedcolombia.com\\\/wp-content\\\/uploads\\\/2026\\\/04\\\/2.webp\",\"contentUrl\":\"https:\\\/\\\/servimedcolombia.com\\\/wp-content\\\/uploads\\\/2026\\\/04\\\/2.webp\",\"width\":1654,\"height\":1654},{\"@type\":\"BreadcrumbList\",\"@id\":\"https:\\\/\\\/servimedcolombia.com\\\/index.php\\\/producto\\\/monitor-multiparametros-edan-series-x12-basico\\\/#breadcrumb\",\"itemListElement\":[{\"@type\":\"ListItem\",\"position\":1,\"name\":\"Portada\",\"item\":\"https:\\\/\\\/servimedcolombia.com\\\/\"},{\"@type\":\"ListItem\",\"position\":2,\"name\":\"Tienda\",\"item\":\"https:\\\/\\\/servimedcolombia.com\\\/index.php\\\/tienda\\\/\"},{\"@type\":\"ListItem\",\"position\":3,\"name\":\"MONITOR MULTIPAR\u00c1METROS EDAN SERIES X12 BASICO\"}]},{\"@type\":\"WebSite\",\"@id\":\"https:\\\/\\\/servimedcolombia.com\\\/#website\",\"url\":\"https:\\\/\\\/servimedcolombia.com\\\/\",\"name\":\"Servimed Colombia\",\"description\":\"\",\"potentialAction\":[{\"@type\":\"SearchAction\",\"target\":{\"@type\":\"EntryPoint\",\"urlTemplate\":\"https:\\\/\\\/servimedcolombia.com\\\/?s={search_term_string}\"},\"query-input\":{\"@type\":\"PropertyValueSpecification\",\"valueRequired\":true,\"valueName\":\"search_term_string\"}}],\"inLanguage\":\"es\"}]}<\/script>\n<!-- \/ Yoast SEO plugin. -->","yoast_head_json":{"title":"MONITOR MULTIPAR\u00c1METROS EDAN SERIES X12 BASICO - Servimed Colombia","robots":{"index":"index","follow":"follow","max-snippet":"max-snippet:-1","max-image-preview":"max-image-preview:large","max-video-preview":"max-video-preview:-1"},"canonical":"https:\/\/servimedcolombia.com\/index.php\/producto\/monitor-multiparametros-edan-series-x12-basico\/","og_locale":"es_ES","og_type":"article","og_title":"MONITOR MULTIPAR\u00c1METROS EDAN SERIES X12 BASICO - Servimed Colombia","og_description":"Pantalla a color de 12.1\u201d.  Bater\u00eda recargable de 4 horas.  Dise\u00f1o Slim (Delgado).  5 par\u00e1metros de paciente. (ECG, Sp02, NIBP, RESP, 2-TEMP).  Visualizaci\u00f3n de m\u00faltiples ondas en pantalla.    REGISTRO SANITARIO INVIMA 2008EBC-0002816  Todos nuestros activos est\u00e1n sujetos a disponibilidad seg\u00fan inventario.\u00a0","og_url":"https:\/\/servimedcolombia.com\/index.php\/producto\/monitor-multiparametros-edan-series-x12-basico\/","og_site_name":"Servimed Colombia","article_modified_time":"2023-10-11T01:01:13+00:00","og_image":[{"width":1654,"height":1654,"url":"https:\/\/servimedcolombia.com\/wp-content\/uploads\/2023\/07\/2.jpg","type":"image\/jpeg"}],"twitter_card":"summary_large_image","schema":{"@context":"https:\/\/schema.org","@graph":[{"@type":"WebPage","@id":"https:\/\/servimedcolombia.com\/index.php\/producto\/monitor-multiparametros-edan-series-x12-basico\/","url":"https:\/\/servimedcolombia.com\/index.php\/producto\/monitor-multiparametros-edan-series-x12-basico\/","name":"MONITOR MULTIPAR\u00c1METROS EDAN SERIES X12 BASICO - Servimed Colombia","isPartOf":{"@id":"https:\/\/servimedcolombia.com\/#website"},"primaryImageOfPage":{"@id":"https:\/\/servimedcolombia.com\/index.php\/producto\/monitor-multiparametros-edan-series-x12-basico\/#primaryimage"},"image":{"@id":"https:\/\/servimedcolombia.com\/index.php\/producto\/monitor-multiparametros-edan-series-x12-basico\/#primaryimage"},"thumbnailUrl":"https:\/\/servimedcolombia.com\/wp-content\/uploads\/2026\/04\/2.webp","datePublished":"2023-07-11T23:03:38+00:00","dateModified":"2023-10-11T01:01:13+00:00","breadcrumb":{"@id":"https:\/\/servimedcolombia.com\/index.php\/producto\/monitor-multiparametros-edan-series-x12-basico\/#breadcrumb"},"inLanguage":"es","potentialAction":[{"@type":"ReadAction","target":["https:\/\/servimedcolombia.com\/index.php\/producto\/monitor-multiparametros-edan-series-x12-basico\/"]}]},{"@type":"ImageObject","inLanguage":"es","@id":"https:\/\/servimedcolombia.com\/index.php\/producto\/monitor-multiparametros-edan-series-x12-basico\/#primaryimage","url":"https:\/\/servimedcolombia.com\/wp-content\/uploads\/2026\/04\/2.webp","contentUrl":"https:\/\/servimedcolombia.com\/wp-content\/uploads\/2026\/04\/2.webp","width":1654,"height":1654},{"@type":"BreadcrumbList","@id":"https:\/\/servimedcolombia.com\/index.php\/producto\/monitor-multiparametros-edan-series-x12-basico\/#breadcrumb","itemListElement":[{"@type":"ListItem","position":1,"name":"Portada","item":"https:\/\/servimedcolombia.com\/"},{"@type":"ListItem","position":2,"name":"Tienda","item":"https:\/\/servimedcolombia.com\/index.php\/tienda\/"},{"@type":"ListItem","position":3,"name":"MONITOR MULTIPAR\u00c1METROS EDAN SERIES X12 BASICO"}]},{"@type":"WebSite","@id":"https:\/\/servimedcolombia.com\/#website","url":"https:\/\/servimedcolombia.com\/","name":"Servimed Colombia","description":"","potentialAction":[{"@type":"SearchAction","target":{"@type":"EntryPoint","urlTemplate":"https:\/\/servimedcolombia.com\/?s={search_term_string}"},"query-input":{"@type":"PropertyValueSpecification","valueRequired":true,"valueName":"search_term_string"}}],"inLanguage":"es"}]}},"_links":{"self":[{"href":"https:\/\/servimedcolombia.com\/index.php\/wp-json\/wp\/v2\/product\/10105","targetHints":{"allow":["GET"]}}],"collection":[{"href":"https:\/\/servimedcolombia.com\/index.php\/wp-json\/wp\/v2\/product"}],"about":[{"href":"https:\/\/servimedcolombia.com\/index.php\/wp-json\/wp\/v2\/types\/product"}],"version-history":[{"count":0,"href":"https:\/\/servimedcolombia.com\/index.php\/wp-json\/wp\/v2\/product\/10105\/revisions"}],"wp:featuredmedia":[{"embeddable":true,"href":"https:\/\/servimedcolombia.com\/index.php\/wp-json\/wp\/v2\/media\/10106"}],"wp:attachment":[{"href":"https:\/\/servimedcolombia.com\/index.php\/wp-json\/wp\/v2\/media?parent=10105"}],"wp:term":[{"taxonomy":"product_brand","embeddable":true,"href":"https:\/\/servimedcolombia.com\/index.php\/wp-json\/wp\/v2\/product_brand?post=10105"},{"taxonomy":"product_cat","embeddable":true,"href":"https:\/\/servimedcolombia.com\/index.php\/wp-json\/wp\/v2\/product_cat?post=10105"},{"taxonomy":"product_tag","embeddable":true,"href":"https:\/\/servimedcolombia.com\/index.php\/wp-json\/wp\/v2\/product_tag?post=10105"}],"curies":[{"name":"wp","href":"https:\/\/api.w.org\/{rel}","templated":true}]}}