{"id":10129,"date":"2023-07-11T18:48:26","date_gmt":"2023-07-11T23:48:26","guid":{"rendered":"https:\/\/agronauticamr.com\/?post_type=product&#038;p=10129"},"modified":"2023-10-10T20:00:20","modified_gmt":"2023-10-11T01:00:20","slug":"monitor-multiparametros-edan-im50","status":"publish","type":"product","link":"https:\/\/servimedcolombia.com\/index.php\/producto\/monitor-multiparametros-edan-im50\/","title":{"rendered":"MONITOR MULTIPAR\u00c1METROS EDAN IM50"},"content":{"rendered":"","protected":false},"excerpt":{"rendered":"<ul>\n<li>ECG, Sp02; RESP, NIBP, 2-TEMP, PR<\/li>\n<li>Oximetr\u00eda con modulaci\u00f3n de tono por pulso<\/li>\n<li>An\u00e1lisis de arritmias<\/li>\n<li>Bater\u00eda de Litio interna recargable<\/li>\n<li>Conexi\u00f3n a Central de monitoreo<\/li>\n<li>Detecci\u00f3n de Marcapasos<\/li>\n<li>Llamada de enfermer\u00eda<\/li>\n<li>Pantalla T\u00e1ctil TFT 8.4\u2033 a Color<\/li>\n<\/ul>\n<p><strong>Garant\u00eda:<\/strong> 4 meses (sujeta a condiciones y restricciones).<br \/>\n<strong>Documentos incluidos:<\/strong> Registro INVIMA, Manifiesto de importaci\u00f3n, Hoja de vida, Ficha t\u00e9cnica y Pol\u00edtica de garant\u00eda.<br \/>\n<strong>Accesorios incluidos:<\/strong> Sensor de SPO2, Cable ECG, Manguera NIBP, Brazalete ADL y Bater\u00eda.<\/p>\n<p><span style=\"color: #ff0000;\"><strong>Todos nuestros activos est\u00e1n sujetos a disponibilidad seg\u00fan inventario.\u00a0<\/strong><\/span><\/p>\n<p><span style=\"vertical-align: inherit;\"><span style=\"vertical-align: inherit;\"><span style=\"vertical-align: inherit;\"><span style=\"vertical-align: inherit;\"><span style=\"vertical-align: inherit;\"><span style=\"vertical-align: inherit;\">[njwa_button id=\"9888\"]<\/span><\/span><\/span><\/span><\/span><\/span><\/p>\n","protected":false},"featured_media":10130,"template":"","meta":{"rs_blank_template":"","rs_page_bg_color":"","slide_template_v7":""},"product_brand":[],"product_cat":[121],"product_tag":[],"class_list":{"0":"post-10129","1":"product","2":"type-product","3":"status-publish","4":"has-post-thumbnail","6":"product_cat-monitores-signos-vitales-y-accesorios","8":"first","9":"instock","10":"shipping-taxable","11":"product-type-simple"},"yoast_head":"<!-- This site is optimized with the Yoast SEO plugin v27.5 - https:\/\/yoast.com\/product\/yoast-seo-wordpress\/ -->\n<title>MONITOR MULTIPAR\u00c1METROS EDAN IM50 - Servimed Colombia<\/title>\n<meta name=\"robots\" content=\"index, follow, max-snippet:-1, max-image-preview:large, max-video-preview:-1\" \/>\n<link rel=\"canonical\" href=\"https:\/\/servimedcolombia.com\/index.php\/producto\/monitor-multiparametros-edan-im50\/\" \/>\n<meta property=\"og:locale\" content=\"es_ES\" \/>\n<meta property=\"og:type\" content=\"article\" \/>\n<meta property=\"og:title\" content=\"MONITOR MULTIPAR\u00c1METROS EDAN IM50 - Servimed Colombia\" \/>\n<meta property=\"og:description\" content=\"ECG, Sp02; RESP, NIBP, 2-TEMP, PR  Oximetr\u00eda con modulaci\u00f3n de tono por pulso  An\u00e1lisis de arritmias  Bater\u00eda de Litio interna recargable  Conexi\u00f3n a Central de monitoreo  Detecci\u00f3n de Marcapasos  Llamada de enfermer\u00eda  Pantalla T\u00e1ctil TFT 8.4\u2033 a Color  Garant\u00eda: 4 meses (sujeta a condiciones y restricciones). Documentos incluidos: Registro INVIMA, Manifiesto de importaci\u00f3n, Hoja de vida, Ficha t\u00e9cnica y Pol\u00edtica de garant\u00eda. Accesorios incluidos: Sensor de SPO2, Cable ECG, Manguera NIBP, Brazalete ADL y Bater\u00eda.  Todos nuestros activos est\u00e1n sujetos a disponibilidad seg\u00fan inventario.\u00a0\" \/>\n<meta property=\"og:url\" content=\"https:\/\/servimedcolombia.com\/index.php\/producto\/monitor-multiparametros-edan-im50\/\" \/>\n<meta property=\"og:site_name\" content=\"Servimed Colombia\" \/>\n<meta property=\"article:modified_time\" content=\"2023-10-11T01:00:20+00:00\" \/>\n<meta property=\"og:image\" content=\"https:\/\/servimedcolombia.com\/wp-content\/uploads\/2023\/07\/4.jpg\" \/>\n\t<meta property=\"og:image:width\" content=\"1654\" \/>\n\t<meta property=\"og:image:height\" content=\"1654\" \/>\n\t<meta property=\"og:image:type\" content=\"image\/jpeg\" \/>\n<meta name=\"twitter:card\" content=\"summary_large_image\" \/>\n<script type=\"application\/ld+json\" class=\"yoast-schema-graph\">{\"@context\":\"https:\\\/\\\/schema.org\",\"@graph\":[{\"@type\":\"WebPage\",\"@id\":\"https:\\\/\\\/servimedcolombia.com\\\/index.php\\\/producto\\\/monitor-multiparametros-edan-im50\\\/\",\"url\":\"https:\\\/\\\/servimedcolombia.com\\\/index.php\\\/producto\\\/monitor-multiparametros-edan-im50\\\/\",\"name\":\"MONITOR MULTIPAR\u00c1METROS EDAN IM50 - Servimed Colombia\",\"isPartOf\":{\"@id\":\"https:\\\/\\\/servimedcolombia.com\\\/#website\"},\"primaryImageOfPage\":{\"@id\":\"https:\\\/\\\/servimedcolombia.com\\\/index.php\\\/producto\\\/monitor-multiparametros-edan-im50\\\/#primaryimage\"},\"image\":{\"@id\":\"https:\\\/\\\/servimedcolombia.com\\\/index.php\\\/producto\\\/monitor-multiparametros-edan-im50\\\/#primaryimage\"},\"thumbnailUrl\":\"https:\\\/\\\/servimedcolombia.com\\\/wp-content\\\/uploads\\\/2026\\\/04\\\/4.webp\",\"datePublished\":\"2023-07-11T23:48:26+00:00\",\"dateModified\":\"2023-10-11T01:00:20+00:00\",\"breadcrumb\":{\"@id\":\"https:\\\/\\\/servimedcolombia.com\\\/index.php\\\/producto\\\/monitor-multiparametros-edan-im50\\\/#breadcrumb\"},\"inLanguage\":\"es\",\"potentialAction\":[{\"@type\":\"ReadAction\",\"target\":[\"https:\\\/\\\/servimedcolombia.com\\\/index.php\\\/producto\\\/monitor-multiparametros-edan-im50\\\/\"]}]},{\"@type\":\"ImageObject\",\"inLanguage\":\"es\",\"@id\":\"https:\\\/\\\/servimedcolombia.com\\\/index.php\\\/producto\\\/monitor-multiparametros-edan-im50\\\/#primaryimage\",\"url\":\"https:\\\/\\\/servimedcolombia.com\\\/wp-content\\\/uploads\\\/2026\\\/04\\\/4.webp\",\"contentUrl\":\"https:\\\/\\\/servimedcolombia.com\\\/wp-content\\\/uploads\\\/2026\\\/04\\\/4.webp\",\"width\":1654,\"height\":1654},{\"@type\":\"BreadcrumbList\",\"@id\":\"https:\\\/\\\/servimedcolombia.com\\\/index.php\\\/producto\\\/monitor-multiparametros-edan-im50\\\/#breadcrumb\",\"itemListElement\":[{\"@type\":\"ListItem\",\"position\":1,\"name\":\"Portada\",\"item\":\"https:\\\/\\\/servimedcolombia.com\\\/\"},{\"@type\":\"ListItem\",\"position\":2,\"name\":\"Tienda\",\"item\":\"https:\\\/\\\/servimedcolombia.com\\\/index.php\\\/tienda\\\/\"},{\"@type\":\"ListItem\",\"position\":3,\"name\":\"MONITOR MULTIPAR\u00c1METROS EDAN IM50\"}]},{\"@type\":\"WebSite\",\"@id\":\"https:\\\/\\\/servimedcolombia.com\\\/#website\",\"url\":\"https:\\\/\\\/servimedcolombia.com\\\/\",\"name\":\"Servimed Colombia\",\"description\":\"\",\"potentialAction\":[{\"@type\":\"SearchAction\",\"target\":{\"@type\":\"EntryPoint\",\"urlTemplate\":\"https:\\\/\\\/servimedcolombia.com\\\/?s={search_term_string}\"},\"query-input\":{\"@type\":\"PropertyValueSpecification\",\"valueRequired\":true,\"valueName\":\"search_term_string\"}}],\"inLanguage\":\"es\"}]}<\/script>\n<!-- \/ Yoast SEO plugin. -->","yoast_head_json":{"title":"MONITOR MULTIPAR\u00c1METROS EDAN IM50 - Servimed Colombia","robots":{"index":"index","follow":"follow","max-snippet":"max-snippet:-1","max-image-preview":"max-image-preview:large","max-video-preview":"max-video-preview:-1"},"canonical":"https:\/\/servimedcolombia.com\/index.php\/producto\/monitor-multiparametros-edan-im50\/","og_locale":"es_ES","og_type":"article","og_title":"MONITOR MULTIPAR\u00c1METROS EDAN IM50 - Servimed Colombia","og_description":"ECG, Sp02; RESP, NIBP, 2-TEMP, PR  Oximetr\u00eda con modulaci\u00f3n de tono por pulso  An\u00e1lisis de arritmias  Bater\u00eda de Litio interna recargable  Conexi\u00f3n a Central de monitoreo  Detecci\u00f3n de Marcapasos  Llamada de enfermer\u00eda  Pantalla T\u00e1ctil TFT 8.4\u2033 a Color  Garant\u00eda: 4 meses (sujeta a condiciones y restricciones). Documentos incluidos: Registro INVIMA, Manifiesto de importaci\u00f3n, Hoja de vida, Ficha t\u00e9cnica y Pol\u00edtica de garant\u00eda. Accesorios incluidos: Sensor de SPO2, Cable ECG, Manguera NIBP, Brazalete ADL y Bater\u00eda.  Todos nuestros activos est\u00e1n sujetos a disponibilidad seg\u00fan inventario.\u00a0","og_url":"https:\/\/servimedcolombia.com\/index.php\/producto\/monitor-multiparametros-edan-im50\/","og_site_name":"Servimed Colombia","article_modified_time":"2023-10-11T01:00:20+00:00","og_image":[{"width":1654,"height":1654,"url":"https:\/\/servimedcolombia.com\/wp-content\/uploads\/2023\/07\/4.jpg","type":"image\/jpeg"}],"twitter_card":"summary_large_image","schema":{"@context":"https:\/\/schema.org","@graph":[{"@type":"WebPage","@id":"https:\/\/servimedcolombia.com\/index.php\/producto\/monitor-multiparametros-edan-im50\/","url":"https:\/\/servimedcolombia.com\/index.php\/producto\/monitor-multiparametros-edan-im50\/","name":"MONITOR MULTIPAR\u00c1METROS EDAN IM50 - Servimed Colombia","isPartOf":{"@id":"https:\/\/servimedcolombia.com\/#website"},"primaryImageOfPage":{"@id":"https:\/\/servimedcolombia.com\/index.php\/producto\/monitor-multiparametros-edan-im50\/#primaryimage"},"image":{"@id":"https:\/\/servimedcolombia.com\/index.php\/producto\/monitor-multiparametros-edan-im50\/#primaryimage"},"thumbnailUrl":"https:\/\/servimedcolombia.com\/wp-content\/uploads\/2026\/04\/4.webp","datePublished":"2023-07-11T23:48:26+00:00","dateModified":"2023-10-11T01:00:20+00:00","breadcrumb":{"@id":"https:\/\/servimedcolombia.com\/index.php\/producto\/monitor-multiparametros-edan-im50\/#breadcrumb"},"inLanguage":"es","potentialAction":[{"@type":"ReadAction","target":["https:\/\/servimedcolombia.com\/index.php\/producto\/monitor-multiparametros-edan-im50\/"]}]},{"@type":"ImageObject","inLanguage":"es","@id":"https:\/\/servimedcolombia.com\/index.php\/producto\/monitor-multiparametros-edan-im50\/#primaryimage","url":"https:\/\/servimedcolombia.com\/wp-content\/uploads\/2026\/04\/4.webp","contentUrl":"https:\/\/servimedcolombia.com\/wp-content\/uploads\/2026\/04\/4.webp","width":1654,"height":1654},{"@type":"BreadcrumbList","@id":"https:\/\/servimedcolombia.com\/index.php\/producto\/monitor-multiparametros-edan-im50\/#breadcrumb","itemListElement":[{"@type":"ListItem","position":1,"name":"Portada","item":"https:\/\/servimedcolombia.com\/"},{"@type":"ListItem","position":2,"name":"Tienda","item":"https:\/\/servimedcolombia.com\/index.php\/tienda\/"},{"@type":"ListItem","position":3,"name":"MONITOR MULTIPAR\u00c1METROS EDAN IM50"}]},{"@type":"WebSite","@id":"https:\/\/servimedcolombia.com\/#website","url":"https:\/\/servimedcolombia.com\/","name":"Servimed Colombia","description":"","potentialAction":[{"@type":"SearchAction","target":{"@type":"EntryPoint","urlTemplate":"https:\/\/servimedcolombia.com\/?s={search_term_string}"},"query-input":{"@type":"PropertyValueSpecification","valueRequired":true,"valueName":"search_term_string"}}],"inLanguage":"es"}]}},"_links":{"self":[{"href":"https:\/\/servimedcolombia.com\/index.php\/wp-json\/wp\/v2\/product\/10129","targetHints":{"allow":["GET"]}}],"collection":[{"href":"https:\/\/servimedcolombia.com\/index.php\/wp-json\/wp\/v2\/product"}],"about":[{"href":"https:\/\/servimedcolombia.com\/index.php\/wp-json\/wp\/v2\/types\/product"}],"version-history":[{"count":0,"href":"https:\/\/servimedcolombia.com\/index.php\/wp-json\/wp\/v2\/product\/10129\/revisions"}],"wp:featuredmedia":[{"embeddable":true,"href":"https:\/\/servimedcolombia.com\/index.php\/wp-json\/wp\/v2\/media\/10130"}],"wp:attachment":[{"href":"https:\/\/servimedcolombia.com\/index.php\/wp-json\/wp\/v2\/media?parent=10129"}],"wp:term":[{"taxonomy":"product_brand","embeddable":true,"href":"https:\/\/servimedcolombia.com\/index.php\/wp-json\/wp\/v2\/product_brand?post=10129"},{"taxonomy":"product_cat","embeddable":true,"href":"https:\/\/servimedcolombia.com\/index.php\/wp-json\/wp\/v2\/product_cat?post=10129"},{"taxonomy":"product_tag","embeddable":true,"href":"https:\/\/servimedcolombia.com\/index.php\/wp-json\/wp\/v2\/product_tag?post=10129"}],"curies":[{"name":"wp","href":"https:\/\/api.w.org\/{rel}","templated":true}]}}