{"id":10139,"date":"2023-07-11T19:04:09","date_gmt":"2023-07-12T00:04:09","guid":{"rendered":"https:\/\/agronauticamr.com\/?post_type=product&#038;p=10139"},"modified":"2024-05-10T10:16:54","modified_gmt":"2024-05-10T15:16:54","slug":"bomba-de-infusion-sys-6010","status":"publish","type":"product","link":"https:\/\/servimedcolombia.com\/index.php\/producto\/bomba-de-infusion-sys-6010\/","title":{"rendered":"BOMBA DE INFUSI\u00d3N SYS -6010"},"content":{"rendered":"","protected":false},"excerpt":{"rendered":"<ul>\n<li>Bomba de infusi\u00f3n de 1 Canal.<\/li>\n<li>M\u00faltiples Programas de Infusi\u00f3n.<\/li>\n<li>Bater\u00eda Recargable de Litio.<\/li>\n<li>Bomba Perist\u00e1ltica.<\/li>\n<li>Protecci\u00f3n contra Flujo Libre.<\/li>\n<li>Mecanismo de Puerta Motorizada.<\/li>\n<li>Compatible con m\u00faltiples sets de infusi\u00f3n.<\/li>\n<li>Pantalla T\u00e1ctil.<\/li>\n<\/ul>\n<p><strong>Garant\u00eda:<\/strong> 1 a\u00f1o<\/p>\n<p><span style=\"color: #16bedc;\"><strong>REGISTRO SANITARIO INVIMA 2015EBC-0013283<\/strong><\/span><\/p>\n<p><span style=\"color: #ff0000;\"><strong>Todos nuestros activos est\u00e1n sujetos a disponibilidad seg\u00fan inventario.\u00a0<\/strong><\/span><\/p>\n<p><span style=\"vertical-align: inherit;\"><span style=\"vertical-align: inherit;\"><span style=\"vertical-align: inherit;\"><span style=\"vertical-align: inherit;\"><span style=\"vertical-align: inherit;\"><span style=\"vertical-align: inherit;\">[njwa_button id=\"9888\"]<\/span><\/span><\/span><\/span><\/span><\/span><\/p>\n","protected":false},"featured_media":10140,"template":"","meta":[],"product_brand":[],"product_cat":[122],"product_tag":[],"class_list":{"0":"post-10139","1":"product","2":"type-product","3":"status-publish","4":"has-post-thumbnail","6":"product_cat-bombas-de-infusion","8":"first","9":"instock","10":"featured","11":"shipping-taxable","12":"product-type-simple"},"yoast_head":"<!-- This site is optimized with the Yoast SEO plugin v27.3 - https:\/\/yoast.com\/product\/yoast-seo-wordpress\/ -->\n<title>BOMBA DE INFUSI\u00d3N SYS -6010 - Servimed Colombia<\/title>\n<meta name=\"robots\" content=\"index, follow, max-snippet:-1, max-image-preview:large, max-video-preview:-1\" \/>\n<link rel=\"canonical\" href=\"https:\/\/servimedcolombia.com\/index.php\/producto\/bomba-de-infusion-sys-6010\/\" \/>\n<meta property=\"og:locale\" content=\"es_ES\" \/>\n<meta property=\"og:type\" content=\"article\" \/>\n<meta property=\"og:title\" content=\"BOMBA DE INFUSI\u00d3N SYS -6010 - Servimed Colombia\" \/>\n<meta property=\"og:description\" content=\"Bomba de infusi\u00f3n de 1 Canal.  M\u00faltiples Programas de Infusi\u00f3n.  Bater\u00eda Recargable de Litio.  Bomba Perist\u00e1ltica.  Protecci\u00f3n contra Flujo Libre.  Mecanismo de Puerta Motorizada.  Compatible con m\u00faltiples sets de infusi\u00f3n.  Pantalla T\u00e1ctil.  Garant\u00eda: 1 a\u00f1o  REGISTRO SANITARIO INVIMA 2015EBC-0013283  Todos nuestros activos est\u00e1n sujetos a disponibilidad seg\u00fan inventario.\u00a0\" \/>\n<meta property=\"og:url\" content=\"https:\/\/servimedcolombia.com\/index.php\/producto\/bomba-de-infusion-sys-6010\/\" \/>\n<meta property=\"og:site_name\" content=\"Servimed Colombia\" \/>\n<meta property=\"article:modified_time\" content=\"2024-05-10T15:16:54+00:00\" \/>\n<meta property=\"og:image\" content=\"https:\/\/servimedcolombia.com\/wp-content\/uploads\/2023\/07\/5.jpg\" \/>\n\t<meta property=\"og:image:width\" content=\"1654\" \/>\n\t<meta property=\"og:image:height\" content=\"1654\" \/>\n\t<meta property=\"og:image:type\" content=\"image\/jpeg\" \/>\n<meta name=\"twitter:card\" content=\"summary_large_image\" \/>\n<script type=\"application\/ld+json\" class=\"yoast-schema-graph\">{\"@context\":\"https:\\\/\\\/schema.org\",\"@graph\":[{\"@type\":\"WebPage\",\"@id\":\"https:\\\/\\\/servimedcolombia.com\\\/index.php\\\/producto\\\/bomba-de-infusion-sys-6010\\\/\",\"url\":\"https:\\\/\\\/servimedcolombia.com\\\/index.php\\\/producto\\\/bomba-de-infusion-sys-6010\\\/\",\"name\":\"BOMBA DE INFUSI\u00d3N SYS -6010 - Servimed Colombia\",\"isPartOf\":{\"@id\":\"https:\\\/\\\/servimedcolombia.com\\\/#website\"},\"primaryImageOfPage\":{\"@id\":\"https:\\\/\\\/servimedcolombia.com\\\/index.php\\\/producto\\\/bomba-de-infusion-sys-6010\\\/#primaryimage\"},\"image\":{\"@id\":\"https:\\\/\\\/servimedcolombia.com\\\/index.php\\\/producto\\\/bomba-de-infusion-sys-6010\\\/#primaryimage\"},\"thumbnailUrl\":\"https:\\\/\\\/servimedcolombia.com\\\/wp-content\\\/uploads\\\/2023\\\/07\\\/5.jpg\",\"datePublished\":\"2023-07-12T00:04:09+00:00\",\"dateModified\":\"2024-05-10T15:16:54+00:00\",\"breadcrumb\":{\"@id\":\"https:\\\/\\\/servimedcolombia.com\\\/index.php\\\/producto\\\/bomba-de-infusion-sys-6010\\\/#breadcrumb\"},\"inLanguage\":\"es\",\"potentialAction\":[{\"@type\":\"ReadAction\",\"target\":[\"https:\\\/\\\/servimedcolombia.com\\\/index.php\\\/producto\\\/bomba-de-infusion-sys-6010\\\/\"]}]},{\"@type\":\"ImageObject\",\"inLanguage\":\"es\",\"@id\":\"https:\\\/\\\/servimedcolombia.com\\\/index.php\\\/producto\\\/bomba-de-infusion-sys-6010\\\/#primaryimage\",\"url\":\"https:\\\/\\\/servimedcolombia.com\\\/wp-content\\\/uploads\\\/2023\\\/07\\\/5.jpg\",\"contentUrl\":\"https:\\\/\\\/servimedcolombia.com\\\/wp-content\\\/uploads\\\/2023\\\/07\\\/5.jpg\",\"width\":1654,\"height\":1654},{\"@type\":\"BreadcrumbList\",\"@id\":\"https:\\\/\\\/servimedcolombia.com\\\/index.php\\\/producto\\\/bomba-de-infusion-sys-6010\\\/#breadcrumb\",\"itemListElement\":[{\"@type\":\"ListItem\",\"position\":1,\"name\":\"Portada\",\"item\":\"https:\\\/\\\/servimedcolombia.com\\\/\"},{\"@type\":\"ListItem\",\"position\":2,\"name\":\"Tienda\",\"item\":\"https:\\\/\\\/servimedcolombia.com\\\/index.php\\\/tienda\\\/\"},{\"@type\":\"ListItem\",\"position\":3,\"name\":\"BOMBA DE INFUSI\u00d3N SYS -6010\"}]},{\"@type\":\"WebSite\",\"@id\":\"https:\\\/\\\/servimedcolombia.com\\\/#website\",\"url\":\"https:\\\/\\\/servimedcolombia.com\\\/\",\"name\":\"Servimed Colombia\",\"description\":\"\",\"potentialAction\":[{\"@type\":\"SearchAction\",\"target\":{\"@type\":\"EntryPoint\",\"urlTemplate\":\"https:\\\/\\\/servimedcolombia.com\\\/?s={search_term_string}\"},\"query-input\":{\"@type\":\"PropertyValueSpecification\",\"valueRequired\":true,\"valueName\":\"search_term_string\"}}],\"inLanguage\":\"es\"}]}<\/script>\n<!-- \/ Yoast SEO plugin. -->","yoast_head_json":{"title":"BOMBA DE INFUSI\u00d3N SYS -6010 - Servimed Colombia","robots":{"index":"index","follow":"follow","max-snippet":"max-snippet:-1","max-image-preview":"max-image-preview:large","max-video-preview":"max-video-preview:-1"},"canonical":"https:\/\/servimedcolombia.com\/index.php\/producto\/bomba-de-infusion-sys-6010\/","og_locale":"es_ES","og_type":"article","og_title":"BOMBA DE INFUSI\u00d3N SYS -6010 - Servimed Colombia","og_description":"Bomba de infusi\u00f3n de 1 Canal.  M\u00faltiples Programas de Infusi\u00f3n.  Bater\u00eda Recargable de Litio.  Bomba Perist\u00e1ltica.  Protecci\u00f3n contra Flujo Libre.  Mecanismo de Puerta Motorizada.  Compatible con m\u00faltiples sets de infusi\u00f3n.  Pantalla T\u00e1ctil.  Garant\u00eda: 1 a\u00f1o  REGISTRO SANITARIO INVIMA 2015EBC-0013283  Todos nuestros activos est\u00e1n sujetos a disponibilidad seg\u00fan inventario.\u00a0","og_url":"https:\/\/servimedcolombia.com\/index.php\/producto\/bomba-de-infusion-sys-6010\/","og_site_name":"Servimed Colombia","article_modified_time":"2024-05-10T15:16:54+00:00","og_image":[{"width":1654,"height":1654,"url":"https:\/\/servimedcolombia.com\/wp-content\/uploads\/2023\/07\/5.jpg","type":"image\/jpeg"}],"twitter_card":"summary_large_image","schema":{"@context":"https:\/\/schema.org","@graph":[{"@type":"WebPage","@id":"https:\/\/servimedcolombia.com\/index.php\/producto\/bomba-de-infusion-sys-6010\/","url":"https:\/\/servimedcolombia.com\/index.php\/producto\/bomba-de-infusion-sys-6010\/","name":"BOMBA DE INFUSI\u00d3N SYS -6010 - Servimed Colombia","isPartOf":{"@id":"https:\/\/servimedcolombia.com\/#website"},"primaryImageOfPage":{"@id":"https:\/\/servimedcolombia.com\/index.php\/producto\/bomba-de-infusion-sys-6010\/#primaryimage"},"image":{"@id":"https:\/\/servimedcolombia.com\/index.php\/producto\/bomba-de-infusion-sys-6010\/#primaryimage"},"thumbnailUrl":"https:\/\/servimedcolombia.com\/wp-content\/uploads\/2023\/07\/5.jpg","datePublished":"2023-07-12T00:04:09+00:00","dateModified":"2024-05-10T15:16:54+00:00","breadcrumb":{"@id":"https:\/\/servimedcolombia.com\/index.php\/producto\/bomba-de-infusion-sys-6010\/#breadcrumb"},"inLanguage":"es","potentialAction":[{"@type":"ReadAction","target":["https:\/\/servimedcolombia.com\/index.php\/producto\/bomba-de-infusion-sys-6010\/"]}]},{"@type":"ImageObject","inLanguage":"es","@id":"https:\/\/servimedcolombia.com\/index.php\/producto\/bomba-de-infusion-sys-6010\/#primaryimage","url":"https:\/\/servimedcolombia.com\/wp-content\/uploads\/2023\/07\/5.jpg","contentUrl":"https:\/\/servimedcolombia.com\/wp-content\/uploads\/2023\/07\/5.jpg","width":1654,"height":1654},{"@type":"BreadcrumbList","@id":"https:\/\/servimedcolombia.com\/index.php\/producto\/bomba-de-infusion-sys-6010\/#breadcrumb","itemListElement":[{"@type":"ListItem","position":1,"name":"Portada","item":"https:\/\/servimedcolombia.com\/"},{"@type":"ListItem","position":2,"name":"Tienda","item":"https:\/\/servimedcolombia.com\/index.php\/tienda\/"},{"@type":"ListItem","position":3,"name":"BOMBA DE INFUSI\u00d3N SYS -6010"}]},{"@type":"WebSite","@id":"https:\/\/servimedcolombia.com\/#website","url":"https:\/\/servimedcolombia.com\/","name":"Servimed Colombia","description":"","potentialAction":[{"@type":"SearchAction","target":{"@type":"EntryPoint","urlTemplate":"https:\/\/servimedcolombia.com\/?s={search_term_string}"},"query-input":{"@type":"PropertyValueSpecification","valueRequired":true,"valueName":"search_term_string"}}],"inLanguage":"es"}]}},"_links":{"self":[{"href":"https:\/\/servimedcolombia.com\/index.php\/wp-json\/wp\/v2\/product\/10139","targetHints":{"allow":["GET"]}}],"collection":[{"href":"https:\/\/servimedcolombia.com\/index.php\/wp-json\/wp\/v2\/product"}],"about":[{"href":"https:\/\/servimedcolombia.com\/index.php\/wp-json\/wp\/v2\/types\/product"}],"version-history":[{"count":0,"href":"https:\/\/servimedcolombia.com\/index.php\/wp-json\/wp\/v2\/product\/10139\/revisions"}],"wp:featuredmedia":[{"embeddable":true,"href":"https:\/\/servimedcolombia.com\/index.php\/wp-json\/wp\/v2\/media\/10140"}],"wp:attachment":[{"href":"https:\/\/servimedcolombia.com\/index.php\/wp-json\/wp\/v2\/media?parent=10139"}],"wp:term":[{"taxonomy":"product_brand","embeddable":true,"href":"https:\/\/servimedcolombia.com\/index.php\/wp-json\/wp\/v2\/product_brand?post=10139"},{"taxonomy":"product_cat","embeddable":true,"href":"https:\/\/servimedcolombia.com\/index.php\/wp-json\/wp\/v2\/product_cat?post=10139"},{"taxonomy":"product_tag","embeddable":true,"href":"https:\/\/servimedcolombia.com\/index.php\/wp-json\/wp\/v2\/product_tag?post=10139"}],"curies":[{"name":"wp","href":"https:\/\/api.w.org\/{rel}","templated":true}]}}