{"id":10179,"date":"2023-07-13T14:33:08","date_gmt":"2023-07-13T19:33:08","guid":{"rendered":"https:\/\/servimedcolombia.com\/?post_type=product&#038;p=10179"},"modified":"2023-10-10T20:10:51","modified_gmt":"2023-10-11T01:10:51","slug":"electrocardiografo-edan-se-301","status":"publish","type":"product","link":"https:\/\/servimedcolombia.com\/index.php\/producto\/electrocardiografo-edan-se-301\/","title":{"rendered":"ELECTROCARDI\u00d3GRAFO EDAN SE 301"},"content":{"rendered":"","protected":false},"excerpt":{"rendered":"<ul>\n<li>Electrocardi\u00f3grafo de 3 canales<\/li>\n<li>Pantalla t\u00e1ctil a color de alta resoluci\u00f3n<\/li>\n<li>Filtros completos y tecnolog\u00eda anti-ruido<\/li>\n<li>Adquisici\u00f3n y visualizaci\u00f3n simult\u00e1nea de 12 derivaciones<\/li>\n<li>Identificaci\u00f3n de calidad de se\u00f1al<\/li>\n<li>Muestreo de larga duraci\u00f3n<\/li>\n<li>Gran capacidad de almacenamiento<\/li>\n<li>Bater\u00eda de iones de litio recargable incorporada<\/li>\n<\/ul>\n<p><strong>Garant\u00eda:<\/strong> 1 a\u00f1o<\/p>\n<p><span style=\"color: #16bedc;\"><strong>REGISTRO SANITARIO INVIMA 2020DM-0021425<\/strong><\/span><\/p>\n<p><span style=\"color: #ff0000;\"><strong>Todos nuestros activos est\u00e1n sujetos a disponibilidad seg\u00fan inventario.\u00a0<\/strong><\/span><\/p>\n<p><span style=\"vertical-align: inherit;\"><span style=\"vertical-align: inherit;\"><span style=\"vertical-align: inherit;\"><span style=\"vertical-align: inherit;\"><span style=\"vertical-align: inherit;\"><span style=\"vertical-align: inherit;\">[njwa_button id=\"9888\"]<\/span><\/span><\/span><\/span><\/span><\/span><\/p>\n","protected":false},"featured_media":10182,"template":"","meta":{"rs_blank_template":"","rs_page_bg_color":"","slide_template_v7":""},"product_brand":[],"product_cat":[123],"product_tag":[],"class_list":{"0":"post-10179","1":"product","2":"type-product","3":"status-publish","4":"has-post-thumbnail","6":"product_cat-electrocardiografos-y-accesorios","8":"first","9":"instock","10":"shipping-taxable","11":"product-type-simple"},"yoast_head":"<!-- This site is optimized with the Yoast SEO plugin v27.4 - https:\/\/yoast.com\/product\/yoast-seo-wordpress\/ -->\n<title>ELECTROCARDI\u00d3GRAFO EDAN SE 301 - Servimed Colombia<\/title>\n<meta name=\"robots\" content=\"index, follow, max-snippet:-1, max-image-preview:large, max-video-preview:-1\" \/>\n<link rel=\"canonical\" href=\"https:\/\/servimedcolombia.com\/index.php\/producto\/electrocardiografo-edan-se-301\/\" \/>\n<meta property=\"og:locale\" content=\"es_ES\" \/>\n<meta property=\"og:type\" content=\"article\" \/>\n<meta property=\"og:title\" content=\"ELECTROCARDI\u00d3GRAFO EDAN SE 301 - Servimed Colombia\" \/>\n<meta property=\"og:description\" content=\"Electrocardi\u00f3grafo de 3 canales  Pantalla t\u00e1ctil a color de alta resoluci\u00f3n  Filtros completos y tecnolog\u00eda anti-ruido  Adquisici\u00f3n y visualizaci\u00f3n simult\u00e1nea de 12 derivaciones  Identificaci\u00f3n de calidad de se\u00f1al  Muestreo de larga duraci\u00f3n  Gran capacidad de almacenamiento  Bater\u00eda de iones de litio recargable incorporada  Garant\u00eda: 1 a\u00f1o  REGISTRO SANITARIO INVIMA 2020DM-0021425  Todos nuestros activos est\u00e1n sujetos a disponibilidad seg\u00fan inventario.\u00a0\" \/>\n<meta property=\"og:url\" content=\"https:\/\/servimedcolombia.com\/index.php\/producto\/electrocardiografo-edan-se-301\/\" \/>\n<meta property=\"og:site_name\" content=\"Servimed Colombia\" \/>\n<meta property=\"article:modified_time\" content=\"2023-10-11T01:10:51+00:00\" \/>\n<meta property=\"og:image\" content=\"https:\/\/servimedcolombia.com\/wp-content\/uploads\/2023\/07\/09.jpg\" \/>\n\t<meta property=\"og:image:width\" content=\"1654\" \/>\n\t<meta property=\"og:image:height\" content=\"1654\" \/>\n\t<meta property=\"og:image:type\" content=\"image\/jpeg\" \/>\n<meta name=\"twitter:card\" content=\"summary_large_image\" \/>\n<script type=\"application\/ld+json\" class=\"yoast-schema-graph\">{\"@context\":\"https:\\\/\\\/schema.org\",\"@graph\":[{\"@type\":\"WebPage\",\"@id\":\"https:\\\/\\\/servimedcolombia.com\\\/index.php\\\/producto\\\/electrocardiografo-edan-se-301\\\/\",\"url\":\"https:\\\/\\\/servimedcolombia.com\\\/index.php\\\/producto\\\/electrocardiografo-edan-se-301\\\/\",\"name\":\"ELECTROCARDI\u00d3GRAFO EDAN SE 301 - Servimed Colombia\",\"isPartOf\":{\"@id\":\"https:\\\/\\\/servimedcolombia.com\\\/#website\"},\"primaryImageOfPage\":{\"@id\":\"https:\\\/\\\/servimedcolombia.com\\\/index.php\\\/producto\\\/electrocardiografo-edan-se-301\\\/#primaryimage\"},\"image\":{\"@id\":\"https:\\\/\\\/servimedcolombia.com\\\/index.php\\\/producto\\\/electrocardiografo-edan-se-301\\\/#primaryimage\"},\"thumbnailUrl\":\"https:\\\/\\\/servimedcolombia.com\\\/wp-content\\\/uploads\\\/2026\\\/04\\\/09.webp\",\"datePublished\":\"2023-07-13T19:33:08+00:00\",\"dateModified\":\"2023-10-11T01:10:51+00:00\",\"breadcrumb\":{\"@id\":\"https:\\\/\\\/servimedcolombia.com\\\/index.php\\\/producto\\\/electrocardiografo-edan-se-301\\\/#breadcrumb\"},\"inLanguage\":\"es\",\"potentialAction\":[{\"@type\":\"ReadAction\",\"target\":[\"https:\\\/\\\/servimedcolombia.com\\\/index.php\\\/producto\\\/electrocardiografo-edan-se-301\\\/\"]}]},{\"@type\":\"ImageObject\",\"inLanguage\":\"es\",\"@id\":\"https:\\\/\\\/servimedcolombia.com\\\/index.php\\\/producto\\\/electrocardiografo-edan-se-301\\\/#primaryimage\",\"url\":\"https:\\\/\\\/servimedcolombia.com\\\/wp-content\\\/uploads\\\/2026\\\/04\\\/09.webp\",\"contentUrl\":\"https:\\\/\\\/servimedcolombia.com\\\/wp-content\\\/uploads\\\/2026\\\/04\\\/09.webp\",\"width\":1654,\"height\":1654},{\"@type\":\"BreadcrumbList\",\"@id\":\"https:\\\/\\\/servimedcolombia.com\\\/index.php\\\/producto\\\/electrocardiografo-edan-se-301\\\/#breadcrumb\",\"itemListElement\":[{\"@type\":\"ListItem\",\"position\":1,\"name\":\"Portada\",\"item\":\"https:\\\/\\\/servimedcolombia.com\\\/\"},{\"@type\":\"ListItem\",\"position\":2,\"name\":\"Tienda\",\"item\":\"https:\\\/\\\/servimedcolombia.com\\\/index.php\\\/tienda\\\/\"},{\"@type\":\"ListItem\",\"position\":3,\"name\":\"ELECTROCARDI\u00d3GRAFO EDAN SE 301\"}]},{\"@type\":\"WebSite\",\"@id\":\"https:\\\/\\\/servimedcolombia.com\\\/#website\",\"url\":\"https:\\\/\\\/servimedcolombia.com\\\/\",\"name\":\"Servimed Colombia\",\"description\":\"\",\"potentialAction\":[{\"@type\":\"SearchAction\",\"target\":{\"@type\":\"EntryPoint\",\"urlTemplate\":\"https:\\\/\\\/servimedcolombia.com\\\/?s={search_term_string}\"},\"query-input\":{\"@type\":\"PropertyValueSpecification\",\"valueRequired\":true,\"valueName\":\"search_term_string\"}}],\"inLanguage\":\"es\"}]}<\/script>\n<!-- \/ Yoast SEO plugin. -->","yoast_head_json":{"title":"ELECTROCARDI\u00d3GRAFO EDAN SE 301 - Servimed Colombia","robots":{"index":"index","follow":"follow","max-snippet":"max-snippet:-1","max-image-preview":"max-image-preview:large","max-video-preview":"max-video-preview:-1"},"canonical":"https:\/\/servimedcolombia.com\/index.php\/producto\/electrocardiografo-edan-se-301\/","og_locale":"es_ES","og_type":"article","og_title":"ELECTROCARDI\u00d3GRAFO EDAN SE 301 - Servimed Colombia","og_description":"Electrocardi\u00f3grafo de 3 canales  Pantalla t\u00e1ctil a color de alta resoluci\u00f3n  Filtros completos y tecnolog\u00eda anti-ruido  Adquisici\u00f3n y visualizaci\u00f3n simult\u00e1nea de 12 derivaciones  Identificaci\u00f3n de calidad de se\u00f1al  Muestreo de larga duraci\u00f3n  Gran capacidad de almacenamiento  Bater\u00eda de iones de litio recargable incorporada  Garant\u00eda: 1 a\u00f1o  REGISTRO SANITARIO INVIMA 2020DM-0021425  Todos nuestros activos est\u00e1n sujetos a disponibilidad seg\u00fan inventario.\u00a0","og_url":"https:\/\/servimedcolombia.com\/index.php\/producto\/electrocardiografo-edan-se-301\/","og_site_name":"Servimed Colombia","article_modified_time":"2023-10-11T01:10:51+00:00","og_image":[{"width":1654,"height":1654,"url":"https:\/\/servimedcolombia.com\/wp-content\/uploads\/2023\/07\/09.jpg","type":"image\/jpeg"}],"twitter_card":"summary_large_image","schema":{"@context":"https:\/\/schema.org","@graph":[{"@type":"WebPage","@id":"https:\/\/servimedcolombia.com\/index.php\/producto\/electrocardiografo-edan-se-301\/","url":"https:\/\/servimedcolombia.com\/index.php\/producto\/electrocardiografo-edan-se-301\/","name":"ELECTROCARDI\u00d3GRAFO EDAN SE 301 - Servimed Colombia","isPartOf":{"@id":"https:\/\/servimedcolombia.com\/#website"},"primaryImageOfPage":{"@id":"https:\/\/servimedcolombia.com\/index.php\/producto\/electrocardiografo-edan-se-301\/#primaryimage"},"image":{"@id":"https:\/\/servimedcolombia.com\/index.php\/producto\/electrocardiografo-edan-se-301\/#primaryimage"},"thumbnailUrl":"https:\/\/servimedcolombia.com\/wp-content\/uploads\/2026\/04\/09.webp","datePublished":"2023-07-13T19:33:08+00:00","dateModified":"2023-10-11T01:10:51+00:00","breadcrumb":{"@id":"https:\/\/servimedcolombia.com\/index.php\/producto\/electrocardiografo-edan-se-301\/#breadcrumb"},"inLanguage":"es","potentialAction":[{"@type":"ReadAction","target":["https:\/\/servimedcolombia.com\/index.php\/producto\/electrocardiografo-edan-se-301\/"]}]},{"@type":"ImageObject","inLanguage":"es","@id":"https:\/\/servimedcolombia.com\/index.php\/producto\/electrocardiografo-edan-se-301\/#primaryimage","url":"https:\/\/servimedcolombia.com\/wp-content\/uploads\/2026\/04\/09.webp","contentUrl":"https:\/\/servimedcolombia.com\/wp-content\/uploads\/2026\/04\/09.webp","width":1654,"height":1654},{"@type":"BreadcrumbList","@id":"https:\/\/servimedcolombia.com\/index.php\/producto\/electrocardiografo-edan-se-301\/#breadcrumb","itemListElement":[{"@type":"ListItem","position":1,"name":"Portada","item":"https:\/\/servimedcolombia.com\/"},{"@type":"ListItem","position":2,"name":"Tienda","item":"https:\/\/servimedcolombia.com\/index.php\/tienda\/"},{"@type":"ListItem","position":3,"name":"ELECTROCARDI\u00d3GRAFO EDAN SE 301"}]},{"@type":"WebSite","@id":"https:\/\/servimedcolombia.com\/#website","url":"https:\/\/servimedcolombia.com\/","name":"Servimed Colombia","description":"","potentialAction":[{"@type":"SearchAction","target":{"@type":"EntryPoint","urlTemplate":"https:\/\/servimedcolombia.com\/?s={search_term_string}"},"query-input":{"@type":"PropertyValueSpecification","valueRequired":true,"valueName":"search_term_string"}}],"inLanguage":"es"}]}},"_links":{"self":[{"href":"https:\/\/servimedcolombia.com\/index.php\/wp-json\/wp\/v2\/product\/10179","targetHints":{"allow":["GET"]}}],"collection":[{"href":"https:\/\/servimedcolombia.com\/index.php\/wp-json\/wp\/v2\/product"}],"about":[{"href":"https:\/\/servimedcolombia.com\/index.php\/wp-json\/wp\/v2\/types\/product"}],"version-history":[{"count":0,"href":"https:\/\/servimedcolombia.com\/index.php\/wp-json\/wp\/v2\/product\/10179\/revisions"}],"wp:featuredmedia":[{"embeddable":true,"href":"https:\/\/servimedcolombia.com\/index.php\/wp-json\/wp\/v2\/media\/10182"}],"wp:attachment":[{"href":"https:\/\/servimedcolombia.com\/index.php\/wp-json\/wp\/v2\/media?parent=10179"}],"wp:term":[{"taxonomy":"product_brand","embeddable":true,"href":"https:\/\/servimedcolombia.com\/index.php\/wp-json\/wp\/v2\/product_brand?post=10179"},{"taxonomy":"product_cat","embeddable":true,"href":"https:\/\/servimedcolombia.com\/index.php\/wp-json\/wp\/v2\/product_cat?post=10179"},{"taxonomy":"product_tag","embeddable":true,"href":"https:\/\/servimedcolombia.com\/index.php\/wp-json\/wp\/v2\/product_tag?post=10179"}],"curies":[{"name":"wp","href":"https:\/\/api.w.org\/{rel}","templated":true}]}}