{"id":10536,"date":"2023-10-11T20:19:20","date_gmt":"2023-10-12T01:19:20","guid":{"rendered":"https:\/\/servimedcolombia.com\/?post_type=product&#038;p=10536"},"modified":"2023-10-11T20:43:49","modified_gmt":"2023-10-12T01:43:49","slug":"muleta-canadiense-konfort-plus","status":"publish","type":"product","link":"https:\/\/servimedcolombia.com\/index.php\/producto\/muleta-canadiense-konfort-plus\/","title":{"rendered":"MULETA CANADIENSE KONFORT PLUS"},"content":{"rendered":"","protected":false},"excerpt":{"rendered":"<p>Estas muletas canadienses Konfort Plus ofrecen un dise\u00f1o de alta calidad y funcionalidad, con tallas disponibles para adaptarse a las necesidades individuales de los usuarios.<\/p>\n<ul>\n<li><strong>Tipo de Regulaci\u00f3n:<\/strong> Doble regulaci\u00f3n (arriba y abajo)<\/li>\n<li><strong>Material de la Estructura:<\/strong> Aluminio anodizado resistente y ligero<\/li>\n<li><strong>Calibre del Tubo:<\/strong> 1,56 mm<\/li>\n<li><strong>Altura de la Muleta (Tallas L &#8211; M):<\/strong>\n<ul>\n<li>Talla L: M\u00ednimo 103 cm, M\u00e1ximo 126 cm<\/li>\n<li>Talla M: M\u00ednimo 90 cm, M\u00e1ximo 114 cm<\/li>\n<\/ul>\n<\/li>\n<li><strong>Altura de la Empu\u00f1adura (Tallas L &#8211; M):<\/strong>\n<ul>\n<li>Talla L: M\u00ednimo 77 cm, M\u00e1ximo 100 cm<\/li>\n<li>Talla M: M\u00ednimo 65 cm, M\u00e1ximo 88 cm<\/li>\n<\/ul>\n<\/li>\n<li><strong>Material de la Empu\u00f1adura:<\/strong> PVC<\/li>\n<li><strong>Capacidad de Peso:<\/strong> Hasta 113 kg<\/li>\n<li><strong>Registro Sanitario:<\/strong> 2015DM-0014146<\/li>\n<\/ul>\n<p><strong>Tallas Disponibles:<\/strong><\/p>\n<ul>\n<li>Tallas: L, M<\/li>\n<\/ul>\n<p><span style=\"color: #ff0000;\"><strong>Todos nuestros activos est\u00e1n sujetos a disponibilidad seg\u00fan inventario.\u00a0<\/strong><\/span><\/p>\n<p><span style=\"vertical-align: inherit;\"><span style=\"vertical-align: inherit;\"><span style=\"vertical-align: inherit;\"><span style=\"vertical-align: inherit;\"><span style=\"vertical-align: inherit;\"><span style=\"vertical-align: inherit;\">[njwa_button id=\"9888\"]<\/span><\/span><\/span><\/span><\/span><\/span><\/p>\n","protected":false},"featured_media":10537,"template":"","meta":{"rs_blank_template":"","rs_page_bg_color":"","slide_template_v7":""},"product_brand":[],"product_cat":[132],"product_tag":[],"class_list":{"0":"post-10536","1":"product","2":"type-product","3":"status-publish","4":"has-post-thumbnail","6":"product_cat-linea-movilidad","8":"first","9":"instock","10":"shipping-taxable","11":"product-type-simple"},"yoast_head":"<!-- This site is optimized with the Yoast SEO plugin v27.4 - https:\/\/yoast.com\/product\/yoast-seo-wordpress\/ -->\n<title>MULETA CANADIENSE KONFORT PLUS - Servimed Colombia<\/title>\n<meta name=\"robots\" content=\"index, follow, max-snippet:-1, max-image-preview:large, max-video-preview:-1\" \/>\n<link rel=\"canonical\" href=\"https:\/\/servimedcolombia.com\/index.php\/producto\/muleta-canadiense-konfort-plus\/\" \/>\n<meta property=\"og:locale\" content=\"es_ES\" \/>\n<meta property=\"og:type\" content=\"article\" \/>\n<meta property=\"og:title\" content=\"MULETA CANADIENSE KONFORT PLUS - Servimed Colombia\" \/>\n<meta property=\"og:description\" content=\"Estas muletas canadienses Konfort Plus ofrecen un dise\u00f1o de alta calidad y funcionalidad, con tallas disponibles para adaptarse a las necesidades individuales de los usuarios.   Tipo de Regulaci\u00f3n: Doble regulaci\u00f3n (arriba y abajo)  Material de la Estructura: Aluminio anodizado resistente y ligero  Calibre del Tubo: 1,56 mm  Altura de la Muleta (Tallas L - M):   Talla L: M\u00ednimo 103 cm, M\u00e1ximo 126 cm  Talla M: M\u00ednimo 90 cm, M\u00e1ximo 114 cm    Altura de la Empu\u00f1adura (Tallas L - M):   Talla L: M\u00ednimo 77 cm, M\u00e1ximo 100 cm  Talla M: M\u00ednimo 65 cm, M\u00e1ximo 88 cm    Material de la Empu\u00f1adura: PVC  Capacidad de Peso: Hasta 113 kg  Registro Sanitario: 2015DM-0014146  Tallas Disponibles:   Tallas: L, M  Todos nuestros activos est\u00e1n sujetos a disponibilidad seg\u00fan inventario.\u00a0\" \/>\n<meta property=\"og:url\" content=\"https:\/\/servimedcolombia.com\/index.php\/producto\/muleta-canadiense-konfort-plus\/\" \/>\n<meta property=\"og:site_name\" content=\"Servimed Colombia\" \/>\n<meta property=\"article:modified_time\" content=\"2023-10-12T01:43:49+00:00\" \/>\n<meta property=\"og:image\" content=\"https:\/\/servimedcolombia.com\/wp-content\/uploads\/2023\/10\/29.jpg\" \/>\n\t<meta property=\"og:image:width\" content=\"1654\" \/>\n\t<meta property=\"og:image:height\" content=\"1654\" \/>\n\t<meta property=\"og:image:type\" content=\"image\/jpeg\" \/>\n<meta name=\"twitter:card\" content=\"summary_large_image\" \/>\n<script type=\"application\/ld+json\" class=\"yoast-schema-graph\">{\"@context\":\"https:\\\/\\\/schema.org\",\"@graph\":[{\"@type\":\"WebPage\",\"@id\":\"https:\\\/\\\/servimedcolombia.com\\\/index.php\\\/producto\\\/muleta-canadiense-konfort-plus\\\/\",\"url\":\"https:\\\/\\\/servimedcolombia.com\\\/index.php\\\/producto\\\/muleta-canadiense-konfort-plus\\\/\",\"name\":\"MULETA CANADIENSE KONFORT PLUS - Servimed Colombia\",\"isPartOf\":{\"@id\":\"https:\\\/\\\/servimedcolombia.com\\\/#website\"},\"primaryImageOfPage\":{\"@id\":\"https:\\\/\\\/servimedcolombia.com\\\/index.php\\\/producto\\\/muleta-canadiense-konfort-plus\\\/#primaryimage\"},\"image\":{\"@id\":\"https:\\\/\\\/servimedcolombia.com\\\/index.php\\\/producto\\\/muleta-canadiense-konfort-plus\\\/#primaryimage\"},\"thumbnailUrl\":\"https:\\\/\\\/servimedcolombia.com\\\/wp-content\\\/uploads\\\/2026\\\/04\\\/29.webp\",\"datePublished\":\"2023-10-12T01:19:20+00:00\",\"dateModified\":\"2023-10-12T01:43:49+00:00\",\"breadcrumb\":{\"@id\":\"https:\\\/\\\/servimedcolombia.com\\\/index.php\\\/producto\\\/muleta-canadiense-konfort-plus\\\/#breadcrumb\"},\"inLanguage\":\"es\",\"potentialAction\":[{\"@type\":\"ReadAction\",\"target\":[\"https:\\\/\\\/servimedcolombia.com\\\/index.php\\\/producto\\\/muleta-canadiense-konfort-plus\\\/\"]}]},{\"@type\":\"ImageObject\",\"inLanguage\":\"es\",\"@id\":\"https:\\\/\\\/servimedcolombia.com\\\/index.php\\\/producto\\\/muleta-canadiense-konfort-plus\\\/#primaryimage\",\"url\":\"https:\\\/\\\/servimedcolombia.com\\\/wp-content\\\/uploads\\\/2026\\\/04\\\/29.webp\",\"contentUrl\":\"https:\\\/\\\/servimedcolombia.com\\\/wp-content\\\/uploads\\\/2026\\\/04\\\/29.webp\",\"width\":1654,\"height\":1654},{\"@type\":\"BreadcrumbList\",\"@id\":\"https:\\\/\\\/servimedcolombia.com\\\/index.php\\\/producto\\\/muleta-canadiense-konfort-plus\\\/#breadcrumb\",\"itemListElement\":[{\"@type\":\"ListItem\",\"position\":1,\"name\":\"Portada\",\"item\":\"https:\\\/\\\/servimedcolombia.com\\\/\"},{\"@type\":\"ListItem\",\"position\":2,\"name\":\"Tienda\",\"item\":\"https:\\\/\\\/servimedcolombia.com\\\/index.php\\\/tienda\\\/\"},{\"@type\":\"ListItem\",\"position\":3,\"name\":\"MULETA CANADIENSE KONFORT PLUS\"}]},{\"@type\":\"WebSite\",\"@id\":\"https:\\\/\\\/servimedcolombia.com\\\/#website\",\"url\":\"https:\\\/\\\/servimedcolombia.com\\\/\",\"name\":\"Servimed Colombia\",\"description\":\"\",\"potentialAction\":[{\"@type\":\"SearchAction\",\"target\":{\"@type\":\"EntryPoint\",\"urlTemplate\":\"https:\\\/\\\/servimedcolombia.com\\\/?s={search_term_string}\"},\"query-input\":{\"@type\":\"PropertyValueSpecification\",\"valueRequired\":true,\"valueName\":\"search_term_string\"}}],\"inLanguage\":\"es\"}]}<\/script>\n<!-- \/ Yoast SEO plugin. -->","yoast_head_json":{"title":"MULETA CANADIENSE KONFORT PLUS - Servimed Colombia","robots":{"index":"index","follow":"follow","max-snippet":"max-snippet:-1","max-image-preview":"max-image-preview:large","max-video-preview":"max-video-preview:-1"},"canonical":"https:\/\/servimedcolombia.com\/index.php\/producto\/muleta-canadiense-konfort-plus\/","og_locale":"es_ES","og_type":"article","og_title":"MULETA CANADIENSE KONFORT PLUS - Servimed Colombia","og_description":"Estas muletas canadienses Konfort Plus ofrecen un dise\u00f1o de alta calidad y funcionalidad, con tallas disponibles para adaptarse a las necesidades individuales de los usuarios.   Tipo de Regulaci\u00f3n: Doble regulaci\u00f3n (arriba y abajo)  Material de la Estructura: Aluminio anodizado resistente y ligero  Calibre del Tubo: 1,56 mm  Altura de la Muleta (Tallas L - M):   Talla L: M\u00ednimo 103 cm, M\u00e1ximo 126 cm  Talla M: M\u00ednimo 90 cm, M\u00e1ximo 114 cm    Altura de la Empu\u00f1adura (Tallas L - M):   Talla L: M\u00ednimo 77 cm, M\u00e1ximo 100 cm  Talla M: M\u00ednimo 65 cm, M\u00e1ximo 88 cm    Material de la Empu\u00f1adura: PVC  Capacidad de Peso: Hasta 113 kg  Registro Sanitario: 2015DM-0014146  Tallas Disponibles:   Tallas: L, M  Todos nuestros activos est\u00e1n sujetos a disponibilidad seg\u00fan inventario.\u00a0","og_url":"https:\/\/servimedcolombia.com\/index.php\/producto\/muleta-canadiense-konfort-plus\/","og_site_name":"Servimed Colombia","article_modified_time":"2023-10-12T01:43:49+00:00","og_image":[{"width":1654,"height":1654,"url":"https:\/\/servimedcolombia.com\/wp-content\/uploads\/2023\/10\/29.jpg","type":"image\/jpeg"}],"twitter_card":"summary_large_image","schema":{"@context":"https:\/\/schema.org","@graph":[{"@type":"WebPage","@id":"https:\/\/servimedcolombia.com\/index.php\/producto\/muleta-canadiense-konfort-plus\/","url":"https:\/\/servimedcolombia.com\/index.php\/producto\/muleta-canadiense-konfort-plus\/","name":"MULETA CANADIENSE KONFORT PLUS - Servimed Colombia","isPartOf":{"@id":"https:\/\/servimedcolombia.com\/#website"},"primaryImageOfPage":{"@id":"https:\/\/servimedcolombia.com\/index.php\/producto\/muleta-canadiense-konfort-plus\/#primaryimage"},"image":{"@id":"https:\/\/servimedcolombia.com\/index.php\/producto\/muleta-canadiense-konfort-plus\/#primaryimage"},"thumbnailUrl":"https:\/\/servimedcolombia.com\/wp-content\/uploads\/2026\/04\/29.webp","datePublished":"2023-10-12T01:19:20+00:00","dateModified":"2023-10-12T01:43:49+00:00","breadcrumb":{"@id":"https:\/\/servimedcolombia.com\/index.php\/producto\/muleta-canadiense-konfort-plus\/#breadcrumb"},"inLanguage":"es","potentialAction":[{"@type":"ReadAction","target":["https:\/\/servimedcolombia.com\/index.php\/producto\/muleta-canadiense-konfort-plus\/"]}]},{"@type":"ImageObject","inLanguage":"es","@id":"https:\/\/servimedcolombia.com\/index.php\/producto\/muleta-canadiense-konfort-plus\/#primaryimage","url":"https:\/\/servimedcolombia.com\/wp-content\/uploads\/2026\/04\/29.webp","contentUrl":"https:\/\/servimedcolombia.com\/wp-content\/uploads\/2026\/04\/29.webp","width":1654,"height":1654},{"@type":"BreadcrumbList","@id":"https:\/\/servimedcolombia.com\/index.php\/producto\/muleta-canadiense-konfort-plus\/#breadcrumb","itemListElement":[{"@type":"ListItem","position":1,"name":"Portada","item":"https:\/\/servimedcolombia.com\/"},{"@type":"ListItem","position":2,"name":"Tienda","item":"https:\/\/servimedcolombia.com\/index.php\/tienda\/"},{"@type":"ListItem","position":3,"name":"MULETA CANADIENSE KONFORT PLUS"}]},{"@type":"WebSite","@id":"https:\/\/servimedcolombia.com\/#website","url":"https:\/\/servimedcolombia.com\/","name":"Servimed Colombia","description":"","potentialAction":[{"@type":"SearchAction","target":{"@type":"EntryPoint","urlTemplate":"https:\/\/servimedcolombia.com\/?s={search_term_string}"},"query-input":{"@type":"PropertyValueSpecification","valueRequired":true,"valueName":"search_term_string"}}],"inLanguage":"es"}]}},"_links":{"self":[{"href":"https:\/\/servimedcolombia.com\/index.php\/wp-json\/wp\/v2\/product\/10536","targetHints":{"allow":["GET"]}}],"collection":[{"href":"https:\/\/servimedcolombia.com\/index.php\/wp-json\/wp\/v2\/product"}],"about":[{"href":"https:\/\/servimedcolombia.com\/index.php\/wp-json\/wp\/v2\/types\/product"}],"version-history":[{"count":0,"href":"https:\/\/servimedcolombia.com\/index.php\/wp-json\/wp\/v2\/product\/10536\/revisions"}],"wp:featuredmedia":[{"embeddable":true,"href":"https:\/\/servimedcolombia.com\/index.php\/wp-json\/wp\/v2\/media\/10537"}],"wp:attachment":[{"href":"https:\/\/servimedcolombia.com\/index.php\/wp-json\/wp\/v2\/media?parent=10536"}],"wp:term":[{"taxonomy":"product_brand","embeddable":true,"href":"https:\/\/servimedcolombia.com\/index.php\/wp-json\/wp\/v2\/product_brand?post=10536"},{"taxonomy":"product_cat","embeddable":true,"href":"https:\/\/servimedcolombia.com\/index.php\/wp-json\/wp\/v2\/product_cat?post=10536"},{"taxonomy":"product_tag","embeddable":true,"href":"https:\/\/servimedcolombia.com\/index.php\/wp-json\/wp\/v2\/product_tag?post=10536"}],"curies":[{"name":"wp","href":"https:\/\/api.w.org\/{rel}","templated":true}]}}