{"id":10539,"date":"2023-10-11T20:38:59","date_gmt":"2023-10-12T01:38:59","guid":{"rendered":"https:\/\/servimedcolombia.com\/?post_type=product&#038;p=10539"},"modified":"2024-05-10T10:21:27","modified_gmt":"2024-05-10T15:21:27","slug":"silla-de-ruedas-estandar-economica","status":"publish","type":"product","link":"https:\/\/servimedcolombia.com\/index.php\/producto\/silla-de-ruedas-estandar-economica\/","title":{"rendered":"SILLA DE RUEDAS EST\u00c1NDAR REPOSAPI\u00c9S DESMONTABLES FT-500N"},"content":{"rendered":"","protected":false},"excerpt":{"rendered":"<p>Esta silla de ruedas est\u00e1ndar ofrece una soluci\u00f3n econ\u00f3mica y funcional, con un marco resistente de acero y tapicer\u00eda de nylon. Tiene reposabrazos fijos, reposapi\u00e9s desmontables y ruedas con radios para un f\u00e1cil desplazamiento. Los manubrios son abatibles para mayor comodidad. Las dimensiones y capacidad de peso son adecuadas para usuarios de hasta 100 kg. Las llantas son macizas y duraderas, fabricadas en poliuretano.<\/p>\n<ul>\n<li><strong>Tipo:<\/strong> Silla de ruedas est\u00e1ndar<\/li>\n<li><strong>Econ\u00f3mica:<\/strong> Una opci\u00f3n asequible<\/li>\n<li><strong>Material del Marco:<\/strong> Acero, pintado de color negro<\/li>\n<li><strong>Tapicer\u00eda:<\/strong> Nylon<\/li>\n<li><strong>Reposabrazos:<\/strong> Fijos<\/li>\n<li><strong>Reposapi\u00e9s:<\/strong> Desmontables, fabricados en pasta<\/li>\n<li><strong>Ruedas:<\/strong> Con radios<\/li>\n<li><strong>Llantas:<\/strong> Macizas<\/li>\n<li><strong>Manubrios:<\/strong> Abatibles<\/li>\n<\/ul>\n<p><strong>Dimensiones:<\/strong><\/p>\n<ul>\n<li><strong>Altura del Asiento:<\/strong> 48 cm<\/li>\n<li><strong>Altura de la Silla de Ruedas:<\/strong> 85 cm<\/li>\n<li><strong>Ancho del Asiento:<\/strong> 56 cm<\/li>\n<li><strong>Capacidad de Peso:<\/strong> Hasta 100 kg<\/li>\n<li><strong>Di\u00e1metro de Rueda Delantera:<\/strong> 22 cm<\/li>\n<li><strong>Di\u00e1metro de Rueda Trasera:<\/strong> 58 cm<\/li>\n<\/ul>\n<p><strong>Materiales:<\/strong><\/p>\n<ul>\n<li><strong>Material Estructural:<\/strong> Marco de acero<\/li>\n<li><strong>Peso:<\/strong> 17 kg<\/li>\n<li><strong>Tapicer\u00eda:<\/strong> Nylon<\/li>\n<li><strong>Material de Llantas:<\/strong> Poliuretano<\/li>\n<\/ul>\n<p><span style=\"color: #ff0000;\"><strong>Todos nuestros activos est\u00e1n sujetos a disponibilidad seg\u00fan inventario.\u00a0<\/strong><\/span><\/p>\n<p><span style=\"vertical-align: inherit;\"><span style=\"vertical-align: inherit;\"><span style=\"vertical-align: inherit;\"><span style=\"vertical-align: inherit;\"><span style=\"vertical-align: inherit;\"><span style=\"vertical-align: inherit;\">[njwa_button id=\"9888\"]<\/span><\/span><\/span><\/span><\/span><\/span><\/p>\n","protected":false},"featured_media":10540,"template":"","meta":{"rs_blank_template":"","rs_page_bg_color":"","slide_template_v7":""},"product_brand":[],"product_cat":[132],"product_tag":[],"class_list":{"0":"post-10539","1":"product","2":"type-product","3":"status-publish","4":"has-post-thumbnail","6":"product_cat-linea-movilidad","8":"first","9":"instock","10":"featured","11":"shipping-taxable","12":"product-type-simple"},"yoast_head":"<!-- This site is optimized with the Yoast SEO plugin v27.4 - https:\/\/yoast.com\/product\/yoast-seo-wordpress\/ -->\n<title>SILLA DE RUEDAS EST\u00c1NDAR REPOSAPI\u00c9S DESMONTABLES FT-500N - Servimed Colombia<\/title>\n<meta name=\"robots\" content=\"index, follow, max-snippet:-1, max-image-preview:large, max-video-preview:-1\" \/>\n<link rel=\"canonical\" href=\"https:\/\/servimedcolombia.com\/index.php\/producto\/silla-de-ruedas-estandar-economica\/\" \/>\n<meta property=\"og:locale\" content=\"es_ES\" \/>\n<meta property=\"og:type\" content=\"article\" \/>\n<meta property=\"og:title\" content=\"SILLA DE RUEDAS EST\u00c1NDAR REPOSAPI\u00c9S DESMONTABLES FT-500N - Servimed Colombia\" \/>\n<meta property=\"og:description\" content=\"Esta silla de ruedas est\u00e1ndar ofrece una soluci\u00f3n econ\u00f3mica y funcional, con un marco resistente de acero y tapicer\u00eda de nylon. Tiene reposabrazos fijos, reposapi\u00e9s desmontables y ruedas con radios para un f\u00e1cil desplazamiento. Los manubrios son abatibles para mayor comodidad. Las dimensiones y capacidad de peso son adecuadas para usuarios de hasta 100 kg. Las llantas son macizas y duraderas, fabricadas en poliuretano.   Tipo: Silla de ruedas est\u00e1ndar  Econ\u00f3mica: Una opci\u00f3n asequible  Material del Marco: Acero, pintado de color negro  Tapicer\u00eda: Nylon  Reposabrazos: Fijos  Reposapi\u00e9s: Desmontables, fabricados en pasta  Ruedas: Con radios  Llantas: Macizas  Manubrios: Abatibles  Dimensiones:   Altura del Asiento: 48 cm  Altura de la Silla de Ruedas: 85 cm  Ancho del Asiento: 56 cm  Capacidad de Peso: Hasta 100 kg  Di\u00e1metro de Rueda Delantera: 22 cm  Di\u00e1metro de Rueda Trasera: 58 cm  Materiales:   Material Estructural: Marco de acero  Peso: 17 kg  Tapicer\u00eda: Nylon  Material de Llantas: Poliuretano  Todos nuestros activos est\u00e1n sujetos a disponibilidad seg\u00fan inventario.\u00a0\" \/>\n<meta property=\"og:url\" content=\"https:\/\/servimedcolombia.com\/index.php\/producto\/silla-de-ruedas-estandar-economica\/\" \/>\n<meta property=\"og:site_name\" content=\"Servimed Colombia\" \/>\n<meta property=\"article:modified_time\" content=\"2024-05-10T15:21:27+00:00\" \/>\n<meta property=\"og:image\" content=\"https:\/\/servimedcolombia.com\/wp-content\/uploads\/2023\/10\/30.jpg\" \/>\n\t<meta property=\"og:image:width\" content=\"1654\" \/>\n\t<meta property=\"og:image:height\" content=\"1654\" \/>\n\t<meta property=\"og:image:type\" content=\"image\/jpeg\" \/>\n<meta name=\"twitter:card\" content=\"summary_large_image\" \/>\n<script type=\"application\/ld+json\" class=\"yoast-schema-graph\">{\"@context\":\"https:\\\/\\\/schema.org\",\"@graph\":[{\"@type\":\"WebPage\",\"@id\":\"https:\\\/\\\/servimedcolombia.com\\\/index.php\\\/producto\\\/silla-de-ruedas-estandar-economica\\\/\",\"url\":\"https:\\\/\\\/servimedcolombia.com\\\/index.php\\\/producto\\\/silla-de-ruedas-estandar-economica\\\/\",\"name\":\"SILLA DE RUEDAS EST\u00c1NDAR REPOSAPI\u00c9S DESMONTABLES FT-500N - Servimed Colombia\",\"isPartOf\":{\"@id\":\"https:\\\/\\\/servimedcolombia.com\\\/#website\"},\"primaryImageOfPage\":{\"@id\":\"https:\\\/\\\/servimedcolombia.com\\\/index.php\\\/producto\\\/silla-de-ruedas-estandar-economica\\\/#primaryimage\"},\"image\":{\"@id\":\"https:\\\/\\\/servimedcolombia.com\\\/index.php\\\/producto\\\/silla-de-ruedas-estandar-economica\\\/#primaryimage\"},\"thumbnailUrl\":\"https:\\\/\\\/servimedcolombia.com\\\/wp-content\\\/uploads\\\/2026\\\/04\\\/30.webp\",\"datePublished\":\"2023-10-12T01:38:59+00:00\",\"dateModified\":\"2024-05-10T15:21:27+00:00\",\"breadcrumb\":{\"@id\":\"https:\\\/\\\/servimedcolombia.com\\\/index.php\\\/producto\\\/silla-de-ruedas-estandar-economica\\\/#breadcrumb\"},\"inLanguage\":\"es\",\"potentialAction\":[{\"@type\":\"ReadAction\",\"target\":[\"https:\\\/\\\/servimedcolombia.com\\\/index.php\\\/producto\\\/silla-de-ruedas-estandar-economica\\\/\"]}]},{\"@type\":\"ImageObject\",\"inLanguage\":\"es\",\"@id\":\"https:\\\/\\\/servimedcolombia.com\\\/index.php\\\/producto\\\/silla-de-ruedas-estandar-economica\\\/#primaryimage\",\"url\":\"https:\\\/\\\/servimedcolombia.com\\\/wp-content\\\/uploads\\\/2026\\\/04\\\/30.webp\",\"contentUrl\":\"https:\\\/\\\/servimedcolombia.com\\\/wp-content\\\/uploads\\\/2026\\\/04\\\/30.webp\",\"width\":1654,\"height\":1654},{\"@type\":\"BreadcrumbList\",\"@id\":\"https:\\\/\\\/servimedcolombia.com\\\/index.php\\\/producto\\\/silla-de-ruedas-estandar-economica\\\/#breadcrumb\",\"itemListElement\":[{\"@type\":\"ListItem\",\"position\":1,\"name\":\"Portada\",\"item\":\"https:\\\/\\\/servimedcolombia.com\\\/\"},{\"@type\":\"ListItem\",\"position\":2,\"name\":\"Tienda\",\"item\":\"https:\\\/\\\/servimedcolombia.com\\\/index.php\\\/tienda\\\/\"},{\"@type\":\"ListItem\",\"position\":3,\"name\":\"SILLA DE RUEDAS EST\u00c1NDAR REPOSAPI\u00c9S DESMONTABLES FT-500N\"}]},{\"@type\":\"WebSite\",\"@id\":\"https:\\\/\\\/servimedcolombia.com\\\/#website\",\"url\":\"https:\\\/\\\/servimedcolombia.com\\\/\",\"name\":\"Servimed Colombia\",\"description\":\"\",\"potentialAction\":[{\"@type\":\"SearchAction\",\"target\":{\"@type\":\"EntryPoint\",\"urlTemplate\":\"https:\\\/\\\/servimedcolombia.com\\\/?s={search_term_string}\"},\"query-input\":{\"@type\":\"PropertyValueSpecification\",\"valueRequired\":true,\"valueName\":\"search_term_string\"}}],\"inLanguage\":\"es\"}]}<\/script>\n<!-- \/ Yoast SEO plugin. -->","yoast_head_json":{"title":"SILLA DE RUEDAS EST\u00c1NDAR REPOSAPI\u00c9S DESMONTABLES FT-500N - Servimed Colombia","robots":{"index":"index","follow":"follow","max-snippet":"max-snippet:-1","max-image-preview":"max-image-preview:large","max-video-preview":"max-video-preview:-1"},"canonical":"https:\/\/servimedcolombia.com\/index.php\/producto\/silla-de-ruedas-estandar-economica\/","og_locale":"es_ES","og_type":"article","og_title":"SILLA DE RUEDAS EST\u00c1NDAR REPOSAPI\u00c9S DESMONTABLES FT-500N - Servimed Colombia","og_description":"Esta silla de ruedas est\u00e1ndar ofrece una soluci\u00f3n econ\u00f3mica y funcional, con un marco resistente de acero y tapicer\u00eda de nylon. Tiene reposabrazos fijos, reposapi\u00e9s desmontables y ruedas con radios para un f\u00e1cil desplazamiento. Los manubrios son abatibles para mayor comodidad. Las dimensiones y capacidad de peso son adecuadas para usuarios de hasta 100 kg. Las llantas son macizas y duraderas, fabricadas en poliuretano.   Tipo: Silla de ruedas est\u00e1ndar  Econ\u00f3mica: Una opci\u00f3n asequible  Material del Marco: Acero, pintado de color negro  Tapicer\u00eda: Nylon  Reposabrazos: Fijos  Reposapi\u00e9s: Desmontables, fabricados en pasta  Ruedas: Con radios  Llantas: Macizas  Manubrios: Abatibles  Dimensiones:   Altura del Asiento: 48 cm  Altura de la Silla de Ruedas: 85 cm  Ancho del Asiento: 56 cm  Capacidad de Peso: Hasta 100 kg  Di\u00e1metro de Rueda Delantera: 22 cm  Di\u00e1metro de Rueda Trasera: 58 cm  Materiales:   Material Estructural: Marco de acero  Peso: 17 kg  Tapicer\u00eda: Nylon  Material de Llantas: Poliuretano  Todos nuestros activos est\u00e1n sujetos a disponibilidad seg\u00fan inventario.\u00a0","og_url":"https:\/\/servimedcolombia.com\/index.php\/producto\/silla-de-ruedas-estandar-economica\/","og_site_name":"Servimed Colombia","article_modified_time":"2024-05-10T15:21:27+00:00","og_image":[{"width":1654,"height":1654,"url":"https:\/\/servimedcolombia.com\/wp-content\/uploads\/2023\/10\/30.jpg","type":"image\/jpeg"}],"twitter_card":"summary_large_image","schema":{"@context":"https:\/\/schema.org","@graph":[{"@type":"WebPage","@id":"https:\/\/servimedcolombia.com\/index.php\/producto\/silla-de-ruedas-estandar-economica\/","url":"https:\/\/servimedcolombia.com\/index.php\/producto\/silla-de-ruedas-estandar-economica\/","name":"SILLA DE RUEDAS EST\u00c1NDAR REPOSAPI\u00c9S DESMONTABLES FT-500N - Servimed Colombia","isPartOf":{"@id":"https:\/\/servimedcolombia.com\/#website"},"primaryImageOfPage":{"@id":"https:\/\/servimedcolombia.com\/index.php\/producto\/silla-de-ruedas-estandar-economica\/#primaryimage"},"image":{"@id":"https:\/\/servimedcolombia.com\/index.php\/producto\/silla-de-ruedas-estandar-economica\/#primaryimage"},"thumbnailUrl":"https:\/\/servimedcolombia.com\/wp-content\/uploads\/2026\/04\/30.webp","datePublished":"2023-10-12T01:38:59+00:00","dateModified":"2024-05-10T15:21:27+00:00","breadcrumb":{"@id":"https:\/\/servimedcolombia.com\/index.php\/producto\/silla-de-ruedas-estandar-economica\/#breadcrumb"},"inLanguage":"es","potentialAction":[{"@type":"ReadAction","target":["https:\/\/servimedcolombia.com\/index.php\/producto\/silla-de-ruedas-estandar-economica\/"]}]},{"@type":"ImageObject","inLanguage":"es","@id":"https:\/\/servimedcolombia.com\/index.php\/producto\/silla-de-ruedas-estandar-economica\/#primaryimage","url":"https:\/\/servimedcolombia.com\/wp-content\/uploads\/2026\/04\/30.webp","contentUrl":"https:\/\/servimedcolombia.com\/wp-content\/uploads\/2026\/04\/30.webp","width":1654,"height":1654},{"@type":"BreadcrumbList","@id":"https:\/\/servimedcolombia.com\/index.php\/producto\/silla-de-ruedas-estandar-economica\/#breadcrumb","itemListElement":[{"@type":"ListItem","position":1,"name":"Portada","item":"https:\/\/servimedcolombia.com\/"},{"@type":"ListItem","position":2,"name":"Tienda","item":"https:\/\/servimedcolombia.com\/index.php\/tienda\/"},{"@type":"ListItem","position":3,"name":"SILLA DE RUEDAS EST\u00c1NDAR REPOSAPI\u00c9S DESMONTABLES FT-500N"}]},{"@type":"WebSite","@id":"https:\/\/servimedcolombia.com\/#website","url":"https:\/\/servimedcolombia.com\/","name":"Servimed Colombia","description":"","potentialAction":[{"@type":"SearchAction","target":{"@type":"EntryPoint","urlTemplate":"https:\/\/servimedcolombia.com\/?s={search_term_string}"},"query-input":{"@type":"PropertyValueSpecification","valueRequired":true,"valueName":"search_term_string"}}],"inLanguage":"es"}]}},"_links":{"self":[{"href":"https:\/\/servimedcolombia.com\/index.php\/wp-json\/wp\/v2\/product\/10539","targetHints":{"allow":["GET"]}}],"collection":[{"href":"https:\/\/servimedcolombia.com\/index.php\/wp-json\/wp\/v2\/product"}],"about":[{"href":"https:\/\/servimedcolombia.com\/index.php\/wp-json\/wp\/v2\/types\/product"}],"version-history":[{"count":0,"href":"https:\/\/servimedcolombia.com\/index.php\/wp-json\/wp\/v2\/product\/10539\/revisions"}],"wp:featuredmedia":[{"embeddable":true,"href":"https:\/\/servimedcolombia.com\/index.php\/wp-json\/wp\/v2\/media\/10540"}],"wp:attachment":[{"href":"https:\/\/servimedcolombia.com\/index.php\/wp-json\/wp\/v2\/media?parent=10539"}],"wp:term":[{"taxonomy":"product_brand","embeddable":true,"href":"https:\/\/servimedcolombia.com\/index.php\/wp-json\/wp\/v2\/product_brand?post=10539"},{"taxonomy":"product_cat","embeddable":true,"href":"https:\/\/servimedcolombia.com\/index.php\/wp-json\/wp\/v2\/product_cat?post=10539"},{"taxonomy":"product_tag","embeddable":true,"href":"https:\/\/servimedcolombia.com\/index.php\/wp-json\/wp\/v2\/product_tag?post=10539"}],"curies":[{"name":"wp","href":"https:\/\/api.w.org\/{rel}","templated":true}]}}