{"id":10559,"date":"2023-10-11T21:49:10","date_gmt":"2023-10-12T02:49:10","guid":{"rendered":"https:\/\/servimedcolombia.com\/?post_type=product&#038;p=10559"},"modified":"2023-10-16T16:09:21","modified_gmt":"2023-10-16T21:09:21","slug":"camilla-ginecologica-con-base-en-acero-inoxidable","status":"publish","type":"product","link":"https:\/\/servimedcolombia.com\/index.php\/producto\/camilla-ginecologica-con-base-en-acero-inoxidable\/","title":{"rendered":"CAMILLA GINECOLOGICA CON BASE EN ACERO INOXIDABLE"},"content":{"rendered":"","protected":false},"excerpt":{"rendered":"<p>Esta camilla ginecol\u00f3gica cuenta con un dise\u00f1o que incluye un tendido en tres cuerpos, permitiendo ajustar la posici\u00f3n seg\u00fan las necesidades del paciente. El tapizado de sint\u00e9tico tipo cuerotex es f\u00e1cil de limpiar y mantener. El sistema es mec\u00e1nico, lo que facilita la manipulaci\u00f3n de la camilla. Adem\u00e1s, se incluye un juego de estribos y un par de taloneras para mayor comodidad y versatilidad durante los procedimientos ginecol\u00f3gicos. La base fabricada en acero inoxidable asegura la durabilidad y la higiene, y las barandas laterales auxiliares proporcionan seguridad adicional.<\/p>\n<ul>\n<li><strong>Dise\u00f1o:<\/strong> Tendido en 3 cuerpos articulados (1 fijo y 2 m\u00f3viles)<\/li>\n<li><strong>Tapizado:<\/strong> Sint\u00e9tico tipo cuerotex<\/li>\n<li><strong>Sistema:<\/strong> Mec\u00e1nico<\/li>\n<li><strong>Accesorios Incluidos:<\/strong> Un juego de estribos y un par de taloneras<\/li>\n<li><strong>Base:<\/strong> Fabricada en acero inoxidable<\/li>\n<li><strong>Barandas Laterales Auxiliares:<\/strong> Incluidas<\/li>\n<\/ul>\n<p><span style=\"color: #ff0000;\"><strong>Todos nuestros activos est\u00e1n sujetos a disponibilidad seg\u00fan inventario.\u00a0<\/strong><\/span><\/p>\n<p><span style=\"vertical-align: inherit;\"><span style=\"vertical-align: inherit;\"><span style=\"vertical-align: inherit;\"><span style=\"vertical-align: inherit;\"><span style=\"vertical-align: inherit;\"><span style=\"vertical-align: inherit;\">[njwa_button id=\"9888\"]<\/span><\/span><\/span><\/span><\/span><\/span><\/p>\n","protected":false},"featured_media":10576,"template":"","meta":{"rs_blank_template":"","rs_page_bg_color":"","slide_template_v7":""},"product_brand":[],"product_cat":[130],"product_tag":[],"class_list":{"0":"post-10559","1":"product","2":"type-product","3":"status-publish","4":"has-post-thumbnail","6":"product_cat-mobiliario-hospitalario","8":"first","9":"instock","10":"shipping-taxable","11":"product-type-simple"},"yoast_head":"<!-- This site is optimized with the Yoast SEO plugin v27.4 - https:\/\/yoast.com\/product\/yoast-seo-wordpress\/ -->\n<title>CAMILLA GINECOLOGICA CON BASE EN ACERO INOXIDABLE - Servimed Colombia<\/title>\n<meta name=\"robots\" content=\"index, follow, max-snippet:-1, max-image-preview:large, max-video-preview:-1\" \/>\n<link rel=\"canonical\" href=\"https:\/\/servimedcolombia.com\/index.php\/producto\/camilla-ginecologica-con-base-en-acero-inoxidable\/\" \/>\n<meta property=\"og:locale\" content=\"es_ES\" \/>\n<meta property=\"og:type\" content=\"article\" \/>\n<meta property=\"og:title\" content=\"CAMILLA GINECOLOGICA CON BASE EN ACERO INOXIDABLE - Servimed Colombia\" \/>\n<meta property=\"og:description\" content=\"Esta camilla ginecol\u00f3gica cuenta con un dise\u00f1o que incluye un tendido en tres cuerpos, permitiendo ajustar la posici\u00f3n seg\u00fan las necesidades del paciente. El tapizado de sint\u00e9tico tipo cuerotex es f\u00e1cil de limpiar y mantener. El sistema es mec\u00e1nico, lo que facilita la manipulaci\u00f3n de la camilla. Adem\u00e1s, se incluye un juego de estribos y un par de taloneras para mayor comodidad y versatilidad durante los procedimientos ginecol\u00f3gicos. La base fabricada en acero inoxidable asegura la durabilidad y la higiene, y las barandas laterales auxiliares proporcionan seguridad adicional.   Dise\u00f1o: Tendido en 3 cuerpos articulados (1 fijo y 2 m\u00f3viles)  Tapizado: Sint\u00e9tico tipo cuerotex  Sistema: Mec\u00e1nico  Accesorios Incluidos: Un juego de estribos y un par de taloneras  Base: Fabricada en acero inoxidable  Barandas Laterales Auxiliares: Incluidas  Todos nuestros activos est\u00e1n sujetos a disponibilidad seg\u00fan inventario.\u00a0\" \/>\n<meta property=\"og:url\" content=\"https:\/\/servimedcolombia.com\/index.php\/producto\/camilla-ginecologica-con-base-en-acero-inoxidable\/\" \/>\n<meta property=\"og:site_name\" content=\"Servimed Colombia\" \/>\n<meta property=\"article:modified_time\" content=\"2023-10-16T21:09:21+00:00\" \/>\n<meta property=\"og:image\" content=\"https:\/\/servimedcolombia.com\/wp-content\/uploads\/2023\/10\/361.jpg\" \/>\n\t<meta property=\"og:image:width\" content=\"1654\" \/>\n\t<meta property=\"og:image:height\" content=\"1654\" \/>\n\t<meta property=\"og:image:type\" content=\"image\/jpeg\" \/>\n<meta name=\"twitter:card\" content=\"summary_large_image\" \/>\n<script type=\"application\/ld+json\" class=\"yoast-schema-graph\">{\"@context\":\"https:\\\/\\\/schema.org\",\"@graph\":[{\"@type\":\"WebPage\",\"@id\":\"https:\\\/\\\/servimedcolombia.com\\\/index.php\\\/producto\\\/camilla-ginecologica-con-base-en-acero-inoxidable\\\/\",\"url\":\"https:\\\/\\\/servimedcolombia.com\\\/index.php\\\/producto\\\/camilla-ginecologica-con-base-en-acero-inoxidable\\\/\",\"name\":\"CAMILLA GINECOLOGICA CON BASE EN ACERO INOXIDABLE - Servimed Colombia\",\"isPartOf\":{\"@id\":\"https:\\\/\\\/servimedcolombia.com\\\/#website\"},\"primaryImageOfPage\":{\"@id\":\"https:\\\/\\\/servimedcolombia.com\\\/index.php\\\/producto\\\/camilla-ginecologica-con-base-en-acero-inoxidable\\\/#primaryimage\"},\"image\":{\"@id\":\"https:\\\/\\\/servimedcolombia.com\\\/index.php\\\/producto\\\/camilla-ginecologica-con-base-en-acero-inoxidable\\\/#primaryimage\"},\"thumbnailUrl\":\"https:\\\/\\\/servimedcolombia.com\\\/wp-content\\\/uploads\\\/2026\\\/04\\\/361.webp\",\"datePublished\":\"2023-10-12T02:49:10+00:00\",\"dateModified\":\"2023-10-16T21:09:21+00:00\",\"breadcrumb\":{\"@id\":\"https:\\\/\\\/servimedcolombia.com\\\/index.php\\\/producto\\\/camilla-ginecologica-con-base-en-acero-inoxidable\\\/#breadcrumb\"},\"inLanguage\":\"es\",\"potentialAction\":[{\"@type\":\"ReadAction\",\"target\":[\"https:\\\/\\\/servimedcolombia.com\\\/index.php\\\/producto\\\/camilla-ginecologica-con-base-en-acero-inoxidable\\\/\"]}]},{\"@type\":\"ImageObject\",\"inLanguage\":\"es\",\"@id\":\"https:\\\/\\\/servimedcolombia.com\\\/index.php\\\/producto\\\/camilla-ginecologica-con-base-en-acero-inoxidable\\\/#primaryimage\",\"url\":\"https:\\\/\\\/servimedcolombia.com\\\/wp-content\\\/uploads\\\/2026\\\/04\\\/361.webp\",\"contentUrl\":\"https:\\\/\\\/servimedcolombia.com\\\/wp-content\\\/uploads\\\/2026\\\/04\\\/361.webp\",\"width\":1654,\"height\":1654},{\"@type\":\"BreadcrumbList\",\"@id\":\"https:\\\/\\\/servimedcolombia.com\\\/index.php\\\/producto\\\/camilla-ginecologica-con-base-en-acero-inoxidable\\\/#breadcrumb\",\"itemListElement\":[{\"@type\":\"ListItem\",\"position\":1,\"name\":\"Portada\",\"item\":\"https:\\\/\\\/servimedcolombia.com\\\/\"},{\"@type\":\"ListItem\",\"position\":2,\"name\":\"Tienda\",\"item\":\"https:\\\/\\\/servimedcolombia.com\\\/index.php\\\/tienda\\\/\"},{\"@type\":\"ListItem\",\"position\":3,\"name\":\"CAMILLA GINECOLOGICA CON BASE EN ACERO INOXIDABLE\"}]},{\"@type\":\"WebSite\",\"@id\":\"https:\\\/\\\/servimedcolombia.com\\\/#website\",\"url\":\"https:\\\/\\\/servimedcolombia.com\\\/\",\"name\":\"Servimed Colombia\",\"description\":\"\",\"potentialAction\":[{\"@type\":\"SearchAction\",\"target\":{\"@type\":\"EntryPoint\",\"urlTemplate\":\"https:\\\/\\\/servimedcolombia.com\\\/?s={search_term_string}\"},\"query-input\":{\"@type\":\"PropertyValueSpecification\",\"valueRequired\":true,\"valueName\":\"search_term_string\"}}],\"inLanguage\":\"es\"}]}<\/script>\n<!-- \/ Yoast SEO plugin. -->","yoast_head_json":{"title":"CAMILLA GINECOLOGICA CON BASE EN ACERO INOXIDABLE - Servimed Colombia","robots":{"index":"index","follow":"follow","max-snippet":"max-snippet:-1","max-image-preview":"max-image-preview:large","max-video-preview":"max-video-preview:-1"},"canonical":"https:\/\/servimedcolombia.com\/index.php\/producto\/camilla-ginecologica-con-base-en-acero-inoxidable\/","og_locale":"es_ES","og_type":"article","og_title":"CAMILLA GINECOLOGICA CON BASE EN ACERO INOXIDABLE - Servimed Colombia","og_description":"Esta camilla ginecol\u00f3gica cuenta con un dise\u00f1o que incluye un tendido en tres cuerpos, permitiendo ajustar la posici\u00f3n seg\u00fan las necesidades del paciente. El tapizado de sint\u00e9tico tipo cuerotex es f\u00e1cil de limpiar y mantener. El sistema es mec\u00e1nico, lo que facilita la manipulaci\u00f3n de la camilla. Adem\u00e1s, se incluye un juego de estribos y un par de taloneras para mayor comodidad y versatilidad durante los procedimientos ginecol\u00f3gicos. La base fabricada en acero inoxidable asegura la durabilidad y la higiene, y las barandas laterales auxiliares proporcionan seguridad adicional.   Dise\u00f1o: Tendido en 3 cuerpos articulados (1 fijo y 2 m\u00f3viles)  Tapizado: Sint\u00e9tico tipo cuerotex  Sistema: Mec\u00e1nico  Accesorios Incluidos: Un juego de estribos y un par de taloneras  Base: Fabricada en acero inoxidable  Barandas Laterales Auxiliares: Incluidas  Todos nuestros activos est\u00e1n sujetos a disponibilidad seg\u00fan inventario.\u00a0","og_url":"https:\/\/servimedcolombia.com\/index.php\/producto\/camilla-ginecologica-con-base-en-acero-inoxidable\/","og_site_name":"Servimed Colombia","article_modified_time":"2023-10-16T21:09:21+00:00","og_image":[{"width":1654,"height":1654,"url":"https:\/\/servimedcolombia.com\/wp-content\/uploads\/2023\/10\/361.jpg","type":"image\/jpeg"}],"twitter_card":"summary_large_image","schema":{"@context":"https:\/\/schema.org","@graph":[{"@type":"WebPage","@id":"https:\/\/servimedcolombia.com\/index.php\/producto\/camilla-ginecologica-con-base-en-acero-inoxidable\/","url":"https:\/\/servimedcolombia.com\/index.php\/producto\/camilla-ginecologica-con-base-en-acero-inoxidable\/","name":"CAMILLA GINECOLOGICA CON BASE EN ACERO INOXIDABLE - Servimed Colombia","isPartOf":{"@id":"https:\/\/servimedcolombia.com\/#website"},"primaryImageOfPage":{"@id":"https:\/\/servimedcolombia.com\/index.php\/producto\/camilla-ginecologica-con-base-en-acero-inoxidable\/#primaryimage"},"image":{"@id":"https:\/\/servimedcolombia.com\/index.php\/producto\/camilla-ginecologica-con-base-en-acero-inoxidable\/#primaryimage"},"thumbnailUrl":"https:\/\/servimedcolombia.com\/wp-content\/uploads\/2026\/04\/361.webp","datePublished":"2023-10-12T02:49:10+00:00","dateModified":"2023-10-16T21:09:21+00:00","breadcrumb":{"@id":"https:\/\/servimedcolombia.com\/index.php\/producto\/camilla-ginecologica-con-base-en-acero-inoxidable\/#breadcrumb"},"inLanguage":"es","potentialAction":[{"@type":"ReadAction","target":["https:\/\/servimedcolombia.com\/index.php\/producto\/camilla-ginecologica-con-base-en-acero-inoxidable\/"]}]},{"@type":"ImageObject","inLanguage":"es","@id":"https:\/\/servimedcolombia.com\/index.php\/producto\/camilla-ginecologica-con-base-en-acero-inoxidable\/#primaryimage","url":"https:\/\/servimedcolombia.com\/wp-content\/uploads\/2026\/04\/361.webp","contentUrl":"https:\/\/servimedcolombia.com\/wp-content\/uploads\/2026\/04\/361.webp","width":1654,"height":1654},{"@type":"BreadcrumbList","@id":"https:\/\/servimedcolombia.com\/index.php\/producto\/camilla-ginecologica-con-base-en-acero-inoxidable\/#breadcrumb","itemListElement":[{"@type":"ListItem","position":1,"name":"Portada","item":"https:\/\/servimedcolombia.com\/"},{"@type":"ListItem","position":2,"name":"Tienda","item":"https:\/\/servimedcolombia.com\/index.php\/tienda\/"},{"@type":"ListItem","position":3,"name":"CAMILLA GINECOLOGICA CON BASE EN ACERO INOXIDABLE"}]},{"@type":"WebSite","@id":"https:\/\/servimedcolombia.com\/#website","url":"https:\/\/servimedcolombia.com\/","name":"Servimed Colombia","description":"","potentialAction":[{"@type":"SearchAction","target":{"@type":"EntryPoint","urlTemplate":"https:\/\/servimedcolombia.com\/?s={search_term_string}"},"query-input":{"@type":"PropertyValueSpecification","valueRequired":true,"valueName":"search_term_string"}}],"inLanguage":"es"}]}},"_links":{"self":[{"href":"https:\/\/servimedcolombia.com\/index.php\/wp-json\/wp\/v2\/product\/10559","targetHints":{"allow":["GET"]}}],"collection":[{"href":"https:\/\/servimedcolombia.com\/index.php\/wp-json\/wp\/v2\/product"}],"about":[{"href":"https:\/\/servimedcolombia.com\/index.php\/wp-json\/wp\/v2\/types\/product"}],"version-history":[{"count":0,"href":"https:\/\/servimedcolombia.com\/index.php\/wp-json\/wp\/v2\/product\/10559\/revisions"}],"wp:featuredmedia":[{"embeddable":true,"href":"https:\/\/servimedcolombia.com\/index.php\/wp-json\/wp\/v2\/media\/10576"}],"wp:attachment":[{"href":"https:\/\/servimedcolombia.com\/index.php\/wp-json\/wp\/v2\/media?parent=10559"}],"wp:term":[{"taxonomy":"product_brand","embeddable":true,"href":"https:\/\/servimedcolombia.com\/index.php\/wp-json\/wp\/v2\/product_brand?post=10559"},{"taxonomy":"product_cat","embeddable":true,"href":"https:\/\/servimedcolombia.com\/index.php\/wp-json\/wp\/v2\/product_cat?post=10559"},{"taxonomy":"product_tag","embeddable":true,"href":"https:\/\/servimedcolombia.com\/index.php\/wp-json\/wp\/v2\/product_tag?post=10559"}],"curies":[{"name":"wp","href":"https:\/\/api.w.org\/{rel}","templated":true}]}}