{"id":10568,"date":"2023-10-12T14:03:07","date_gmt":"2023-10-12T19:03:07","guid":{"rendered":"https:\/\/servimedcolombia.com\/?post_type=product&#038;p=10568"},"modified":"2023-10-16T16:08:44","modified_gmt":"2023-10-16T21:08:44","slug":"coagulador-de-plasma-de-argon-argon-4-de-wem","status":"publish","type":"product","link":"https:\/\/servimedcolombia.com\/index.php\/producto\/coagulador-de-plasma-de-argon-argon-4-de-wem\/","title":{"rendered":"COAGULADOR DE PLASMA DE ARG\u00d3N ARG\u00d3N 4 DE WEM"},"content":{"rendered":"","protected":false},"excerpt":{"rendered":"<p>El Coagulador por Plasma de Arg\u00f3n Arg\u00f3n 4 es una soluci\u00f3n inteligente de la marca WEM dise\u00f1ada para mejorar la seguridad en cirug\u00edas con un alto volumen de sangrado. Este dispositivo totalmente microprocesado ofrece varias ventajas:<\/p>\n<ul>\n<li><strong>Reducci\u00f3n del tiempo quir\u00fargico y uso del bistur\u00ed el\u00e9ctrico:<\/strong> Gracias a su avanzada tecnolog\u00eda, el Arg\u00f3n 4 Coagulador por Plasma de Arg\u00f3n permite acortar el tiempo necesario para la cirug\u00eda y disminuir la necesidad de utilizar bistur\u00eds el\u00e9ctricos, lo que contribuye a una recuperaci\u00f3n m\u00e1s r\u00e1pida y segura para los pacientes.<\/li>\n<li><strong>Precisi\u00f3n en la coagulaci\u00f3n y reducci\u00f3n de riesgos de infecci\u00f3n:<\/strong> Durante el procedimiento, el dispositivo gu\u00eda el haz de arg\u00f3n con precisi\u00f3n sobre el tejido sin entrar en contacto con la superficie. Esto garantiza una hemostasia eficaz y una mejor cicatrizaci\u00f3n de las heridas, reduciendo el riesgo de infecci\u00f3n.<\/li>\n<li><strong>Versatilidad de uso:<\/strong> El Arg\u00f3n 4 ofrece cuatro opciones de uso, que incluyen corte y coagulaci\u00f3n convencional, as\u00ed como corte y coagulaci\u00f3n utilizando gas arg\u00f3n.<\/li>\n<\/ul>\n<p><strong>Estado:<\/strong> Equipo Nuevo<br \/>\n<strong>Garant\u00eda:<\/strong> 1 A\u00f1o<\/p>\n<p><span style=\"color: #ff0000;\"><strong>Todos nuestros activos est\u00e1n sujetos a disponibilidad seg\u00fan inventario.\u00a0<\/strong><\/span><\/p>\n<p><span style=\"vertical-align: inherit;\"><span style=\"vertical-align: inherit;\"><span style=\"vertical-align: inherit;\"><span style=\"vertical-align: inherit;\"><span style=\"vertical-align: inherit;\"><span style=\"vertical-align: inherit;\">[njwa_button id=\"9888\"]<\/span><\/span><\/span><\/span><\/span><\/span><\/p>\n","protected":false},"featured_media":10570,"template":"","meta":{"rs_blank_template":"","rs_page_bg_color":"","slide_template_v7":""},"product_brand":[],"product_cat":[129],"product_tag":[],"class_list":{"0":"post-10568","1":"product","2":"type-product","3":"status-publish","4":"has-post-thumbnail","6":"product_cat-unidad-de-electrocirugia-y-accesorios","8":"first","9":"instock","10":"shipping-taxable","11":"product-type-simple"},"yoast_head":"<!-- This site is optimized with the Yoast SEO plugin v27.4 - https:\/\/yoast.com\/product\/yoast-seo-wordpress\/ -->\n<title>COAGULADOR DE PLASMA DE ARG\u00d3N ARG\u00d3N 4 DE WEM - Servimed Colombia<\/title>\n<meta name=\"robots\" content=\"index, follow, max-snippet:-1, max-image-preview:large, max-video-preview:-1\" \/>\n<link rel=\"canonical\" href=\"https:\/\/servimedcolombia.com\/index.php\/producto\/coagulador-de-plasma-de-argon-argon-4-de-wem\/\" \/>\n<meta property=\"og:locale\" content=\"es_ES\" \/>\n<meta property=\"og:type\" content=\"article\" \/>\n<meta property=\"og:title\" content=\"COAGULADOR DE PLASMA DE ARG\u00d3N ARG\u00d3N 4 DE WEM - Servimed Colombia\" \/>\n<meta property=\"og:description\" content=\"El Coagulador por Plasma de Arg\u00f3n Arg\u00f3n 4 es una soluci\u00f3n inteligente de la marca WEM dise\u00f1ada para mejorar la seguridad en cirug\u00edas con un alto volumen de sangrado. Este dispositivo totalmente microprocesado ofrece varias ventajas:   Reducci\u00f3n del tiempo quir\u00fargico y uso del bistur\u00ed el\u00e9ctrico: Gracias a su avanzada tecnolog\u00eda, el Arg\u00f3n 4 Coagulador por Plasma de Arg\u00f3n permite acortar el tiempo necesario para la cirug\u00eda y disminuir la necesidad de utilizar bistur\u00eds el\u00e9ctricos, lo que contribuye a una recuperaci\u00f3n m\u00e1s r\u00e1pida y segura para los pacientes.  Precisi\u00f3n en la coagulaci\u00f3n y reducci\u00f3n de riesgos de infecci\u00f3n: Durante el procedimiento, el dispositivo gu\u00eda el haz de arg\u00f3n con precisi\u00f3n sobre el tejido sin entrar en contacto con la superficie. Esto garantiza una hemostasia eficaz y una mejor cicatrizaci\u00f3n de las heridas, reduciendo el riesgo de infecci\u00f3n.  Versatilidad de uso: El Arg\u00f3n 4 ofrece cuatro opciones de uso, que incluyen corte y coagulaci\u00f3n convencional, as\u00ed como corte y coagulaci\u00f3n utilizando gas arg\u00f3n.  Estado: Equipo Nuevo Garant\u00eda: 1 A\u00f1o  Todos nuestros activos est\u00e1n sujetos a disponibilidad seg\u00fan inventario.\u00a0\" \/>\n<meta property=\"og:url\" content=\"https:\/\/servimedcolombia.com\/index.php\/producto\/coagulador-de-plasma-de-argon-argon-4-de-wem\/\" \/>\n<meta property=\"og:site_name\" content=\"Servimed Colombia\" \/>\n<meta property=\"article:modified_time\" content=\"2023-10-16T21:08:44+00:00\" \/>\n<meta property=\"og:image\" content=\"https:\/\/servimedcolombia.com\/wp-content\/uploads\/2023\/10\/38.jpg\" \/>\n\t<meta property=\"og:image:width\" content=\"1654\" \/>\n\t<meta property=\"og:image:height\" content=\"1654\" \/>\n\t<meta property=\"og:image:type\" content=\"image\/jpeg\" \/>\n<meta name=\"twitter:card\" content=\"summary_large_image\" \/>\n<script type=\"application\/ld+json\" class=\"yoast-schema-graph\">{\"@context\":\"https:\\\/\\\/schema.org\",\"@graph\":[{\"@type\":\"WebPage\",\"@id\":\"https:\\\/\\\/servimedcolombia.com\\\/index.php\\\/producto\\\/coagulador-de-plasma-de-argon-argon-4-de-wem\\\/\",\"url\":\"https:\\\/\\\/servimedcolombia.com\\\/index.php\\\/producto\\\/coagulador-de-plasma-de-argon-argon-4-de-wem\\\/\",\"name\":\"COAGULADOR DE PLASMA DE ARG\u00d3N ARG\u00d3N 4 DE WEM - Servimed Colombia\",\"isPartOf\":{\"@id\":\"https:\\\/\\\/servimedcolombia.com\\\/#website\"},\"primaryImageOfPage\":{\"@id\":\"https:\\\/\\\/servimedcolombia.com\\\/index.php\\\/producto\\\/coagulador-de-plasma-de-argon-argon-4-de-wem\\\/#primaryimage\"},\"image\":{\"@id\":\"https:\\\/\\\/servimedcolombia.com\\\/index.php\\\/producto\\\/coagulador-de-plasma-de-argon-argon-4-de-wem\\\/#primaryimage\"},\"thumbnailUrl\":\"https:\\\/\\\/servimedcolombia.com\\\/wp-content\\\/uploads\\\/2026\\\/04\\\/38.webp\",\"datePublished\":\"2023-10-12T19:03:07+00:00\",\"dateModified\":\"2023-10-16T21:08:44+00:00\",\"breadcrumb\":{\"@id\":\"https:\\\/\\\/servimedcolombia.com\\\/index.php\\\/producto\\\/coagulador-de-plasma-de-argon-argon-4-de-wem\\\/#breadcrumb\"},\"inLanguage\":\"es\",\"potentialAction\":[{\"@type\":\"ReadAction\",\"target\":[\"https:\\\/\\\/servimedcolombia.com\\\/index.php\\\/producto\\\/coagulador-de-plasma-de-argon-argon-4-de-wem\\\/\"]}]},{\"@type\":\"ImageObject\",\"inLanguage\":\"es\",\"@id\":\"https:\\\/\\\/servimedcolombia.com\\\/index.php\\\/producto\\\/coagulador-de-plasma-de-argon-argon-4-de-wem\\\/#primaryimage\",\"url\":\"https:\\\/\\\/servimedcolombia.com\\\/wp-content\\\/uploads\\\/2026\\\/04\\\/38.webp\",\"contentUrl\":\"https:\\\/\\\/servimedcolombia.com\\\/wp-content\\\/uploads\\\/2026\\\/04\\\/38.webp\",\"width\":1654,\"height\":1654},{\"@type\":\"BreadcrumbList\",\"@id\":\"https:\\\/\\\/servimedcolombia.com\\\/index.php\\\/producto\\\/coagulador-de-plasma-de-argon-argon-4-de-wem\\\/#breadcrumb\",\"itemListElement\":[{\"@type\":\"ListItem\",\"position\":1,\"name\":\"Portada\",\"item\":\"https:\\\/\\\/servimedcolombia.com\\\/\"},{\"@type\":\"ListItem\",\"position\":2,\"name\":\"Tienda\",\"item\":\"https:\\\/\\\/servimedcolombia.com\\\/index.php\\\/tienda\\\/\"},{\"@type\":\"ListItem\",\"position\":3,\"name\":\"COAGULADOR DE PLASMA DE ARG\u00d3N ARG\u00d3N 4 DE WEM\"}]},{\"@type\":\"WebSite\",\"@id\":\"https:\\\/\\\/servimedcolombia.com\\\/#website\",\"url\":\"https:\\\/\\\/servimedcolombia.com\\\/\",\"name\":\"Servimed Colombia\",\"description\":\"\",\"potentialAction\":[{\"@type\":\"SearchAction\",\"target\":{\"@type\":\"EntryPoint\",\"urlTemplate\":\"https:\\\/\\\/servimedcolombia.com\\\/?s={search_term_string}\"},\"query-input\":{\"@type\":\"PropertyValueSpecification\",\"valueRequired\":true,\"valueName\":\"search_term_string\"}}],\"inLanguage\":\"es\"}]}<\/script>\n<!-- \/ Yoast SEO plugin. -->","yoast_head_json":{"title":"COAGULADOR DE PLASMA DE ARG\u00d3N ARG\u00d3N 4 DE WEM - Servimed Colombia","robots":{"index":"index","follow":"follow","max-snippet":"max-snippet:-1","max-image-preview":"max-image-preview:large","max-video-preview":"max-video-preview:-1"},"canonical":"https:\/\/servimedcolombia.com\/index.php\/producto\/coagulador-de-plasma-de-argon-argon-4-de-wem\/","og_locale":"es_ES","og_type":"article","og_title":"COAGULADOR DE PLASMA DE ARG\u00d3N ARG\u00d3N 4 DE WEM - Servimed Colombia","og_description":"El Coagulador por Plasma de Arg\u00f3n Arg\u00f3n 4 es una soluci\u00f3n inteligente de la marca WEM dise\u00f1ada para mejorar la seguridad en cirug\u00edas con un alto volumen de sangrado. Este dispositivo totalmente microprocesado ofrece varias ventajas:   Reducci\u00f3n del tiempo quir\u00fargico y uso del bistur\u00ed el\u00e9ctrico: Gracias a su avanzada tecnolog\u00eda, el Arg\u00f3n 4 Coagulador por Plasma de Arg\u00f3n permite acortar el tiempo necesario para la cirug\u00eda y disminuir la necesidad de utilizar bistur\u00eds el\u00e9ctricos, lo que contribuye a una recuperaci\u00f3n m\u00e1s r\u00e1pida y segura para los pacientes.  Precisi\u00f3n en la coagulaci\u00f3n y reducci\u00f3n de riesgos de infecci\u00f3n: Durante el procedimiento, el dispositivo gu\u00eda el haz de arg\u00f3n con precisi\u00f3n sobre el tejido sin entrar en contacto con la superficie. Esto garantiza una hemostasia eficaz y una mejor cicatrizaci\u00f3n de las heridas, reduciendo el riesgo de infecci\u00f3n.  Versatilidad de uso: El Arg\u00f3n 4 ofrece cuatro opciones de uso, que incluyen corte y coagulaci\u00f3n convencional, as\u00ed como corte y coagulaci\u00f3n utilizando gas arg\u00f3n.  Estado: Equipo Nuevo Garant\u00eda: 1 A\u00f1o  Todos nuestros activos est\u00e1n sujetos a disponibilidad seg\u00fan inventario.\u00a0","og_url":"https:\/\/servimedcolombia.com\/index.php\/producto\/coagulador-de-plasma-de-argon-argon-4-de-wem\/","og_site_name":"Servimed Colombia","article_modified_time":"2023-10-16T21:08:44+00:00","og_image":[{"width":1654,"height":1654,"url":"https:\/\/servimedcolombia.com\/wp-content\/uploads\/2023\/10\/38.jpg","type":"image\/jpeg"}],"twitter_card":"summary_large_image","schema":{"@context":"https:\/\/schema.org","@graph":[{"@type":"WebPage","@id":"https:\/\/servimedcolombia.com\/index.php\/producto\/coagulador-de-plasma-de-argon-argon-4-de-wem\/","url":"https:\/\/servimedcolombia.com\/index.php\/producto\/coagulador-de-plasma-de-argon-argon-4-de-wem\/","name":"COAGULADOR DE PLASMA DE ARG\u00d3N ARG\u00d3N 4 DE WEM - Servimed Colombia","isPartOf":{"@id":"https:\/\/servimedcolombia.com\/#website"},"primaryImageOfPage":{"@id":"https:\/\/servimedcolombia.com\/index.php\/producto\/coagulador-de-plasma-de-argon-argon-4-de-wem\/#primaryimage"},"image":{"@id":"https:\/\/servimedcolombia.com\/index.php\/producto\/coagulador-de-plasma-de-argon-argon-4-de-wem\/#primaryimage"},"thumbnailUrl":"https:\/\/servimedcolombia.com\/wp-content\/uploads\/2026\/04\/38.webp","datePublished":"2023-10-12T19:03:07+00:00","dateModified":"2023-10-16T21:08:44+00:00","breadcrumb":{"@id":"https:\/\/servimedcolombia.com\/index.php\/producto\/coagulador-de-plasma-de-argon-argon-4-de-wem\/#breadcrumb"},"inLanguage":"es","potentialAction":[{"@type":"ReadAction","target":["https:\/\/servimedcolombia.com\/index.php\/producto\/coagulador-de-plasma-de-argon-argon-4-de-wem\/"]}]},{"@type":"ImageObject","inLanguage":"es","@id":"https:\/\/servimedcolombia.com\/index.php\/producto\/coagulador-de-plasma-de-argon-argon-4-de-wem\/#primaryimage","url":"https:\/\/servimedcolombia.com\/wp-content\/uploads\/2026\/04\/38.webp","contentUrl":"https:\/\/servimedcolombia.com\/wp-content\/uploads\/2026\/04\/38.webp","width":1654,"height":1654},{"@type":"BreadcrumbList","@id":"https:\/\/servimedcolombia.com\/index.php\/producto\/coagulador-de-plasma-de-argon-argon-4-de-wem\/#breadcrumb","itemListElement":[{"@type":"ListItem","position":1,"name":"Portada","item":"https:\/\/servimedcolombia.com\/"},{"@type":"ListItem","position":2,"name":"Tienda","item":"https:\/\/servimedcolombia.com\/index.php\/tienda\/"},{"@type":"ListItem","position":3,"name":"COAGULADOR DE PLASMA DE ARG\u00d3N ARG\u00d3N 4 DE WEM"}]},{"@type":"WebSite","@id":"https:\/\/servimedcolombia.com\/#website","url":"https:\/\/servimedcolombia.com\/","name":"Servimed Colombia","description":"","potentialAction":[{"@type":"SearchAction","target":{"@type":"EntryPoint","urlTemplate":"https:\/\/servimedcolombia.com\/?s={search_term_string}"},"query-input":{"@type":"PropertyValueSpecification","valueRequired":true,"valueName":"search_term_string"}}],"inLanguage":"es"}]}},"_links":{"self":[{"href":"https:\/\/servimedcolombia.com\/index.php\/wp-json\/wp\/v2\/product\/10568","targetHints":{"allow":["GET"]}}],"collection":[{"href":"https:\/\/servimedcolombia.com\/index.php\/wp-json\/wp\/v2\/product"}],"about":[{"href":"https:\/\/servimedcolombia.com\/index.php\/wp-json\/wp\/v2\/types\/product"}],"version-history":[{"count":0,"href":"https:\/\/servimedcolombia.com\/index.php\/wp-json\/wp\/v2\/product\/10568\/revisions"}],"wp:featuredmedia":[{"embeddable":true,"href":"https:\/\/servimedcolombia.com\/index.php\/wp-json\/wp\/v2\/media\/10570"}],"wp:attachment":[{"href":"https:\/\/servimedcolombia.com\/index.php\/wp-json\/wp\/v2\/media?parent=10568"}],"wp:term":[{"taxonomy":"product_brand","embeddable":true,"href":"https:\/\/servimedcolombia.com\/index.php\/wp-json\/wp\/v2\/product_brand?post=10568"},{"taxonomy":"product_cat","embeddable":true,"href":"https:\/\/servimedcolombia.com\/index.php\/wp-json\/wp\/v2\/product_cat?post=10568"},{"taxonomy":"product_tag","embeddable":true,"href":"https:\/\/servimedcolombia.com\/index.php\/wp-json\/wp\/v2\/product_tag?post=10568"}],"curies":[{"name":"wp","href":"https:\/\/api.w.org\/{rel}","templated":true}]}}