{"id":10577,"date":"2023-10-16T16:53:59","date_gmt":"2023-10-16T21:53:59","guid":{"rendered":"https:\/\/servimedcolombia.com\/?post_type=product&#038;p=10577"},"modified":"2023-10-16T16:56:23","modified_gmt":"2023-10-16T21:56:23","slug":"camilla-tipo-divan-strong-sencilla","status":"publish","type":"product","link":"https:\/\/servimedcolombia.com\/index.php\/producto\/camilla-tipo-divan-strong-sencilla\/","title":{"rendered":"CAMILLA TIPO DIV\u00c1N STRONG SENCILLA"},"content":{"rendered":"","protected":false},"excerpt":{"rendered":"<p>La Camilla Tipo Div\u00e1n Strong Sencilla es una soluci\u00f3n de alta resistencia para tus necesidades de tratamiento y comodidad. Con unas dimensiones de 60 cm de ancho, 75 cm de alto y 180 cm de largo, esta camilla cuenta con una pintura horneable para mayor durabilidad. Los colores disponibles est\u00e1n sujetos a la disponibilidad en el inventario. Ideal para tratamientos y servicios de relajaci\u00f3n.<\/p>\n<p><strong>Dimensiones:<\/strong><\/p>\n<ul>\n<li>Ancho: 60 cm<\/li>\n<li>Alto: 75 cm<\/li>\n<li>Largo: 180 cm<\/li>\n<\/ul>\n<p><strong>Pintura:<\/strong> Horneable<\/p>\n<p>Colores sujetos a disponibilidad seg\u00fan inventario<\/p>\n<p><span style=\"color: #ff0000;\"><strong>Todos nuestros activos est\u00e1n sujetos a disponibilidad seg\u00fan inventario.\u00a0<\/strong><\/span><\/p>\n<p><span style=\"vertical-align: inherit;\"><span style=\"vertical-align: inherit;\"><span style=\"vertical-align: inherit;\"><span style=\"vertical-align: inherit;\"><span style=\"vertical-align: inherit;\"><span style=\"vertical-align: inherit;\">[njwa_button id=\"9888\"]<\/span><\/span><\/span><\/span><\/span><\/span><\/p>\n","protected":false},"featured_media":10578,"template":"","meta":{"rs_blank_template":"","rs_page_bg_color":"","slide_template_v7":""},"product_brand":[],"product_cat":[130],"product_tag":[],"class_list":{"0":"post-10577","1":"product","2":"type-product","3":"status-publish","4":"has-post-thumbnail","6":"product_cat-mobiliario-hospitalario","8":"first","9":"instock","10":"shipping-taxable","11":"product-type-simple"},"yoast_head":"<!-- This site is optimized with the Yoast SEO plugin v27.5 - https:\/\/yoast.com\/product\/yoast-seo-wordpress\/ -->\n<title>CAMILLA TIPO DIV\u00c1N STRONG SENCILLA - Servimed Colombia<\/title>\n<meta name=\"robots\" content=\"index, follow, max-snippet:-1, max-image-preview:large, max-video-preview:-1\" \/>\n<link rel=\"canonical\" href=\"https:\/\/servimedcolombia.com\/index.php\/producto\/camilla-tipo-divan-strong-sencilla\/\" \/>\n<meta property=\"og:locale\" content=\"es_ES\" \/>\n<meta property=\"og:type\" content=\"article\" \/>\n<meta property=\"og:title\" content=\"CAMILLA TIPO DIV\u00c1N STRONG SENCILLA - Servimed Colombia\" \/>\n<meta property=\"og:description\" content=\"La Camilla Tipo Div\u00e1n Strong Sencilla es una soluci\u00f3n de alta resistencia para tus necesidades de tratamiento y comodidad. Con unas dimensiones de 60 cm de ancho, 75 cm de alto y 180 cm de largo, esta camilla cuenta con una pintura horneable para mayor durabilidad. Los colores disponibles est\u00e1n sujetos a la disponibilidad en el inventario. Ideal para tratamientos y servicios de relajaci\u00f3n.  Dimensiones:   Ancho: 60 cm  Alto: 75 cm  Largo: 180 cm  Pintura: Horneable  Colores sujetos a disponibilidad seg\u00fan inventario  Todos nuestros activos est\u00e1n sujetos a disponibilidad seg\u00fan inventario.\u00a0\" \/>\n<meta property=\"og:url\" content=\"https:\/\/servimedcolombia.com\/index.php\/producto\/camilla-tipo-divan-strong-sencilla\/\" \/>\n<meta property=\"og:site_name\" content=\"Servimed Colombia\" \/>\n<meta property=\"article:modified_time\" content=\"2023-10-16T21:56:23+00:00\" \/>\n<meta property=\"og:image\" content=\"https:\/\/servimedcolombia.com\/wp-content\/uploads\/2023\/10\/40.jpg\" \/>\n\t<meta property=\"og:image:width\" content=\"1654\" \/>\n\t<meta property=\"og:image:height\" content=\"1654\" \/>\n\t<meta property=\"og:image:type\" content=\"image\/jpeg\" \/>\n<meta name=\"twitter:card\" content=\"summary_large_image\" \/>\n<script type=\"application\/ld+json\" class=\"yoast-schema-graph\">{\"@context\":\"https:\\\/\\\/schema.org\",\"@graph\":[{\"@type\":\"WebPage\",\"@id\":\"https:\\\/\\\/servimedcolombia.com\\\/index.php\\\/producto\\\/camilla-tipo-divan-strong-sencilla\\\/\",\"url\":\"https:\\\/\\\/servimedcolombia.com\\\/index.php\\\/producto\\\/camilla-tipo-divan-strong-sencilla\\\/\",\"name\":\"CAMILLA TIPO DIV\u00c1N STRONG SENCILLA - Servimed Colombia\",\"isPartOf\":{\"@id\":\"https:\\\/\\\/servimedcolombia.com\\\/#website\"},\"primaryImageOfPage\":{\"@id\":\"https:\\\/\\\/servimedcolombia.com\\\/index.php\\\/producto\\\/camilla-tipo-divan-strong-sencilla\\\/#primaryimage\"},\"image\":{\"@id\":\"https:\\\/\\\/servimedcolombia.com\\\/index.php\\\/producto\\\/camilla-tipo-divan-strong-sencilla\\\/#primaryimage\"},\"thumbnailUrl\":\"https:\\\/\\\/servimedcolombia.com\\\/wp-content\\\/uploads\\\/2026\\\/04\\\/40.webp\",\"datePublished\":\"2023-10-16T21:53:59+00:00\",\"dateModified\":\"2023-10-16T21:56:23+00:00\",\"breadcrumb\":{\"@id\":\"https:\\\/\\\/servimedcolombia.com\\\/index.php\\\/producto\\\/camilla-tipo-divan-strong-sencilla\\\/#breadcrumb\"},\"inLanguage\":\"es\",\"potentialAction\":[{\"@type\":\"ReadAction\",\"target\":[\"https:\\\/\\\/servimedcolombia.com\\\/index.php\\\/producto\\\/camilla-tipo-divan-strong-sencilla\\\/\"]}]},{\"@type\":\"ImageObject\",\"inLanguage\":\"es\",\"@id\":\"https:\\\/\\\/servimedcolombia.com\\\/index.php\\\/producto\\\/camilla-tipo-divan-strong-sencilla\\\/#primaryimage\",\"url\":\"https:\\\/\\\/servimedcolombia.com\\\/wp-content\\\/uploads\\\/2026\\\/04\\\/40.webp\",\"contentUrl\":\"https:\\\/\\\/servimedcolombia.com\\\/wp-content\\\/uploads\\\/2026\\\/04\\\/40.webp\",\"width\":1654,\"height\":1654},{\"@type\":\"BreadcrumbList\",\"@id\":\"https:\\\/\\\/servimedcolombia.com\\\/index.php\\\/producto\\\/camilla-tipo-divan-strong-sencilla\\\/#breadcrumb\",\"itemListElement\":[{\"@type\":\"ListItem\",\"position\":1,\"name\":\"Portada\",\"item\":\"https:\\\/\\\/servimedcolombia.com\\\/\"},{\"@type\":\"ListItem\",\"position\":2,\"name\":\"Tienda\",\"item\":\"https:\\\/\\\/servimedcolombia.com\\\/index.php\\\/tienda\\\/\"},{\"@type\":\"ListItem\",\"position\":3,\"name\":\"CAMILLA TIPO DIV\u00c1N STRONG SENCILLA\"}]},{\"@type\":\"WebSite\",\"@id\":\"https:\\\/\\\/servimedcolombia.com\\\/#website\",\"url\":\"https:\\\/\\\/servimedcolombia.com\\\/\",\"name\":\"Servimed Colombia\",\"description\":\"\",\"potentialAction\":[{\"@type\":\"SearchAction\",\"target\":{\"@type\":\"EntryPoint\",\"urlTemplate\":\"https:\\\/\\\/servimedcolombia.com\\\/?s={search_term_string}\"},\"query-input\":{\"@type\":\"PropertyValueSpecification\",\"valueRequired\":true,\"valueName\":\"search_term_string\"}}],\"inLanguage\":\"es\"}]}<\/script>\n<!-- \/ Yoast SEO plugin. -->","yoast_head_json":{"title":"CAMILLA TIPO DIV\u00c1N STRONG SENCILLA - Servimed Colombia","robots":{"index":"index","follow":"follow","max-snippet":"max-snippet:-1","max-image-preview":"max-image-preview:large","max-video-preview":"max-video-preview:-1"},"canonical":"https:\/\/servimedcolombia.com\/index.php\/producto\/camilla-tipo-divan-strong-sencilla\/","og_locale":"es_ES","og_type":"article","og_title":"CAMILLA TIPO DIV\u00c1N STRONG SENCILLA - Servimed Colombia","og_description":"La Camilla Tipo Div\u00e1n Strong Sencilla es una soluci\u00f3n de alta resistencia para tus necesidades de tratamiento y comodidad. Con unas dimensiones de 60 cm de ancho, 75 cm de alto y 180 cm de largo, esta camilla cuenta con una pintura horneable para mayor durabilidad. Los colores disponibles est\u00e1n sujetos a la disponibilidad en el inventario. Ideal para tratamientos y servicios de relajaci\u00f3n.  Dimensiones:   Ancho: 60 cm  Alto: 75 cm  Largo: 180 cm  Pintura: Horneable  Colores sujetos a disponibilidad seg\u00fan inventario  Todos nuestros activos est\u00e1n sujetos a disponibilidad seg\u00fan inventario.\u00a0","og_url":"https:\/\/servimedcolombia.com\/index.php\/producto\/camilla-tipo-divan-strong-sencilla\/","og_site_name":"Servimed Colombia","article_modified_time":"2023-10-16T21:56:23+00:00","og_image":[{"width":1654,"height":1654,"url":"https:\/\/servimedcolombia.com\/wp-content\/uploads\/2023\/10\/40.jpg","type":"image\/jpeg"}],"twitter_card":"summary_large_image","schema":{"@context":"https:\/\/schema.org","@graph":[{"@type":"WebPage","@id":"https:\/\/servimedcolombia.com\/index.php\/producto\/camilla-tipo-divan-strong-sencilla\/","url":"https:\/\/servimedcolombia.com\/index.php\/producto\/camilla-tipo-divan-strong-sencilla\/","name":"CAMILLA TIPO DIV\u00c1N STRONG SENCILLA - Servimed Colombia","isPartOf":{"@id":"https:\/\/servimedcolombia.com\/#website"},"primaryImageOfPage":{"@id":"https:\/\/servimedcolombia.com\/index.php\/producto\/camilla-tipo-divan-strong-sencilla\/#primaryimage"},"image":{"@id":"https:\/\/servimedcolombia.com\/index.php\/producto\/camilla-tipo-divan-strong-sencilla\/#primaryimage"},"thumbnailUrl":"https:\/\/servimedcolombia.com\/wp-content\/uploads\/2026\/04\/40.webp","datePublished":"2023-10-16T21:53:59+00:00","dateModified":"2023-10-16T21:56:23+00:00","breadcrumb":{"@id":"https:\/\/servimedcolombia.com\/index.php\/producto\/camilla-tipo-divan-strong-sencilla\/#breadcrumb"},"inLanguage":"es","potentialAction":[{"@type":"ReadAction","target":["https:\/\/servimedcolombia.com\/index.php\/producto\/camilla-tipo-divan-strong-sencilla\/"]}]},{"@type":"ImageObject","inLanguage":"es","@id":"https:\/\/servimedcolombia.com\/index.php\/producto\/camilla-tipo-divan-strong-sencilla\/#primaryimage","url":"https:\/\/servimedcolombia.com\/wp-content\/uploads\/2026\/04\/40.webp","contentUrl":"https:\/\/servimedcolombia.com\/wp-content\/uploads\/2026\/04\/40.webp","width":1654,"height":1654},{"@type":"BreadcrumbList","@id":"https:\/\/servimedcolombia.com\/index.php\/producto\/camilla-tipo-divan-strong-sencilla\/#breadcrumb","itemListElement":[{"@type":"ListItem","position":1,"name":"Portada","item":"https:\/\/servimedcolombia.com\/"},{"@type":"ListItem","position":2,"name":"Tienda","item":"https:\/\/servimedcolombia.com\/index.php\/tienda\/"},{"@type":"ListItem","position":3,"name":"CAMILLA TIPO DIV\u00c1N STRONG SENCILLA"}]},{"@type":"WebSite","@id":"https:\/\/servimedcolombia.com\/#website","url":"https:\/\/servimedcolombia.com\/","name":"Servimed Colombia","description":"","potentialAction":[{"@type":"SearchAction","target":{"@type":"EntryPoint","urlTemplate":"https:\/\/servimedcolombia.com\/?s={search_term_string}"},"query-input":{"@type":"PropertyValueSpecification","valueRequired":true,"valueName":"search_term_string"}}],"inLanguage":"es"}]}},"_links":{"self":[{"href":"https:\/\/servimedcolombia.com\/index.php\/wp-json\/wp\/v2\/product\/10577","targetHints":{"allow":["GET"]}}],"collection":[{"href":"https:\/\/servimedcolombia.com\/index.php\/wp-json\/wp\/v2\/product"}],"about":[{"href":"https:\/\/servimedcolombia.com\/index.php\/wp-json\/wp\/v2\/types\/product"}],"version-history":[{"count":0,"href":"https:\/\/servimedcolombia.com\/index.php\/wp-json\/wp\/v2\/product\/10577\/revisions"}],"wp:featuredmedia":[{"embeddable":true,"href":"https:\/\/servimedcolombia.com\/index.php\/wp-json\/wp\/v2\/media\/10578"}],"wp:attachment":[{"href":"https:\/\/servimedcolombia.com\/index.php\/wp-json\/wp\/v2\/media?parent=10577"}],"wp:term":[{"taxonomy":"product_brand","embeddable":true,"href":"https:\/\/servimedcolombia.com\/index.php\/wp-json\/wp\/v2\/product_brand?post=10577"},{"taxonomy":"product_cat","embeddable":true,"href":"https:\/\/servimedcolombia.com\/index.php\/wp-json\/wp\/v2\/product_cat?post=10577"},{"taxonomy":"product_tag","embeddable":true,"href":"https:\/\/servimedcolombia.com\/index.php\/wp-json\/wp\/v2\/product_tag?post=10577"}],"curies":[{"name":"wp","href":"https:\/\/api.w.org\/{rel}","templated":true}]}}