{"id":10771,"date":"2023-11-19T20:46:06","date_gmt":"2023-11-20T01:46:06","guid":{"rendered":"https:\/\/servimedcolombia.com\/?post_type=product&#038;p=10771"},"modified":"2023-11-20T17:29:42","modified_gmt":"2023-11-20T22:29:42","slug":"equipo-de-oido-kls-martin","status":"publish","type":"product","link":"https:\/\/servimedcolombia.com\/index.php\/producto\/equipo-de-oido-kls-martin\/","title":{"rendered":"EQUIPO DE O\u00cdDO KLS MARTIN"},"content":{"rendered":"","protected":false},"excerpt":{"rendered":"<ul>\n<li>Separadores Farabeuf 2<\/li>\n<li>Pinzas de campo 4<\/li>\n<li>Pinzas mosquito curva 2<\/li>\n<li>Pinzas mosquito Recta 2<\/li>\n<li>Pinza Kelly Recta 2<\/li>\n<li>Pinza Auricular corta 1<\/li>\n<li>Pinza Auricular larga 1<\/li>\n<li>Pinza falsos germenes 1<\/li>\n<li>Tijera de tejido 1<\/li>\n<li>Tijera Material 1<\/li>\n<li>Porta agujas peque\u00f1o 10 cms 1<\/li>\n<li>Mango de bistur\u00ed #7 1<\/li>\n<li>Disecci\u00f3n Adson con garra 1<\/li>\n<li>Disecci\u00f3n Adson sin garra 1<\/li>\n<li>Disecci\u00f3n en bayoneta 2<\/li>\n<li>Otoscopios 4<\/li>\n<li>Curetas Buck 4<\/li>\n<li>C\u00e1nula Frazier #8 1<\/li>\n<li>Separadores de sean miller 2<\/li>\n<li>Contenedor interno y externo con tapa KLS MARTIN 1<\/li>\n<\/ul>\n<p><strong>Total Equipo con Contenedor: 35<\/strong><\/p>\n<p><span style=\"color: #ff0000;\"><strong>Todos nuestros activos est\u00e1n sujetos a disponibilidad seg\u00fan inventario.\u00a0<\/strong><\/span><\/p>\n<p><span style=\"vertical-align: inherit;\"><span style=\"vertical-align: inherit;\"><span style=\"vertical-align: inherit;\"><span style=\"vertical-align: inherit;\"><span style=\"vertical-align: inherit;\"><span style=\"vertical-align: inherit;\">[njwa_button id=\"9888\"]<\/span><\/span><\/span><\/span><\/span><\/span><\/p>\n","protected":false},"featured_media":10772,"template":"","meta":{"rs_blank_template":"","rs_page_bg_color":"","slide_template_v7":""},"product_brand":[],"product_cat":[134],"product_tag":[],"class_list":{"0":"post-10771","1":"product","2":"type-product","3":"status-publish","4":"has-post-thumbnail","6":"product_cat-instrumental-quirurgico","8":"first","9":"instock","10":"shipping-taxable","11":"product-type-simple"},"yoast_head":"<!-- This site is optimized with the Yoast SEO plugin v27.4 - https:\/\/yoast.com\/product\/yoast-seo-wordpress\/ -->\n<title>EQUIPO DE O\u00cdDO KLS MARTIN - Servimed Colombia<\/title>\n<meta name=\"robots\" content=\"index, follow, max-snippet:-1, max-image-preview:large, max-video-preview:-1\" \/>\n<link rel=\"canonical\" href=\"https:\/\/servimedcolombia.com\/index.php\/producto\/equipo-de-oido-kls-martin\/\" \/>\n<meta property=\"og:locale\" content=\"es_ES\" \/>\n<meta property=\"og:type\" content=\"article\" \/>\n<meta property=\"og:title\" content=\"EQUIPO DE O\u00cdDO KLS MARTIN - Servimed Colombia\" \/>\n<meta property=\"og:description\" content=\"Separadores Farabeuf 2  Pinzas de campo 4  Pinzas mosquito curva 2  Pinzas mosquito Recta 2  Pinza Kelly Recta 2  Pinza Auricular corta 1  Pinza Auricular larga 1  Pinza falsos germenes 1  Tijera de tejido 1  Tijera Material 1  Porta agujas peque\u00f1o 10 cms 1  Mango de bistur\u00ed #7 1  Disecci\u00f3n Adson con garra 1  Disecci\u00f3n Adson sin garra 1  Disecci\u00f3n en bayoneta 2  Otoscopios 4  Curetas Buck 4  C\u00e1nula Frazier #8 1  Separadores de sean miller 2  Contenedor interno y externo con tapa KLS MARTIN 1  Total Equipo con Contenedor: 35  Todos nuestros activos est\u00e1n sujetos a disponibilidad seg\u00fan inventario.\u00a0\" \/>\n<meta property=\"og:url\" content=\"https:\/\/servimedcolombia.com\/index.php\/producto\/equipo-de-oido-kls-martin\/\" \/>\n<meta property=\"og:site_name\" content=\"Servimed Colombia\" \/>\n<meta property=\"article:modified_time\" content=\"2023-11-20T22:29:42+00:00\" \/>\n<meta property=\"og:image\" content=\"https:\/\/servimedcolombia.com\/wp-content\/uploads\/2023\/11\/74.jpg\" \/>\n\t<meta property=\"og:image:width\" content=\"1378\" \/>\n\t<meta property=\"og:image:height\" content=\"1378\" \/>\n\t<meta property=\"og:image:type\" content=\"image\/jpeg\" \/>\n<meta name=\"twitter:card\" content=\"summary_large_image\" \/>\n<script type=\"application\/ld+json\" class=\"yoast-schema-graph\">{\"@context\":\"https:\\\/\\\/schema.org\",\"@graph\":[{\"@type\":\"WebPage\",\"@id\":\"https:\\\/\\\/servimedcolombia.com\\\/index.php\\\/producto\\\/equipo-de-oido-kls-martin\\\/\",\"url\":\"https:\\\/\\\/servimedcolombia.com\\\/index.php\\\/producto\\\/equipo-de-oido-kls-martin\\\/\",\"name\":\"EQUIPO DE O\u00cdDO KLS MARTIN - Servimed Colombia\",\"isPartOf\":{\"@id\":\"https:\\\/\\\/servimedcolombia.com\\\/#website\"},\"primaryImageOfPage\":{\"@id\":\"https:\\\/\\\/servimedcolombia.com\\\/index.php\\\/producto\\\/equipo-de-oido-kls-martin\\\/#primaryimage\"},\"image\":{\"@id\":\"https:\\\/\\\/servimedcolombia.com\\\/index.php\\\/producto\\\/equipo-de-oido-kls-martin\\\/#primaryimage\"},\"thumbnailUrl\":\"https:\\\/\\\/servimedcolombia.com\\\/wp-content\\\/uploads\\\/2026\\\/04\\\/74.webp\",\"datePublished\":\"2023-11-20T01:46:06+00:00\",\"dateModified\":\"2023-11-20T22:29:42+00:00\",\"breadcrumb\":{\"@id\":\"https:\\\/\\\/servimedcolombia.com\\\/index.php\\\/producto\\\/equipo-de-oido-kls-martin\\\/#breadcrumb\"},\"inLanguage\":\"es\",\"potentialAction\":[{\"@type\":\"ReadAction\",\"target\":[\"https:\\\/\\\/servimedcolombia.com\\\/index.php\\\/producto\\\/equipo-de-oido-kls-martin\\\/\"]}]},{\"@type\":\"ImageObject\",\"inLanguage\":\"es\",\"@id\":\"https:\\\/\\\/servimedcolombia.com\\\/index.php\\\/producto\\\/equipo-de-oido-kls-martin\\\/#primaryimage\",\"url\":\"https:\\\/\\\/servimedcolombia.com\\\/wp-content\\\/uploads\\\/2026\\\/04\\\/74.webp\",\"contentUrl\":\"https:\\\/\\\/servimedcolombia.com\\\/wp-content\\\/uploads\\\/2026\\\/04\\\/74.webp\",\"width\":1378,\"height\":1378},{\"@type\":\"BreadcrumbList\",\"@id\":\"https:\\\/\\\/servimedcolombia.com\\\/index.php\\\/producto\\\/equipo-de-oido-kls-martin\\\/#breadcrumb\",\"itemListElement\":[{\"@type\":\"ListItem\",\"position\":1,\"name\":\"Portada\",\"item\":\"https:\\\/\\\/servimedcolombia.com\\\/\"},{\"@type\":\"ListItem\",\"position\":2,\"name\":\"Tienda\",\"item\":\"https:\\\/\\\/servimedcolombia.com\\\/index.php\\\/tienda\\\/\"},{\"@type\":\"ListItem\",\"position\":3,\"name\":\"EQUIPO DE O\u00cdDO KLS MARTIN\"}]},{\"@type\":\"WebSite\",\"@id\":\"https:\\\/\\\/servimedcolombia.com\\\/#website\",\"url\":\"https:\\\/\\\/servimedcolombia.com\\\/\",\"name\":\"Servimed Colombia\",\"description\":\"\",\"potentialAction\":[{\"@type\":\"SearchAction\",\"target\":{\"@type\":\"EntryPoint\",\"urlTemplate\":\"https:\\\/\\\/servimedcolombia.com\\\/?s={search_term_string}\"},\"query-input\":{\"@type\":\"PropertyValueSpecification\",\"valueRequired\":true,\"valueName\":\"search_term_string\"}}],\"inLanguage\":\"es\"}]}<\/script>\n<!-- \/ Yoast SEO plugin. -->","yoast_head_json":{"title":"EQUIPO DE O\u00cdDO KLS MARTIN - Servimed Colombia","robots":{"index":"index","follow":"follow","max-snippet":"max-snippet:-1","max-image-preview":"max-image-preview:large","max-video-preview":"max-video-preview:-1"},"canonical":"https:\/\/servimedcolombia.com\/index.php\/producto\/equipo-de-oido-kls-martin\/","og_locale":"es_ES","og_type":"article","og_title":"EQUIPO DE O\u00cdDO KLS MARTIN - Servimed Colombia","og_description":"Separadores Farabeuf 2  Pinzas de campo 4  Pinzas mosquito curva 2  Pinzas mosquito Recta 2  Pinza Kelly Recta 2  Pinza Auricular corta 1  Pinza Auricular larga 1  Pinza falsos germenes 1  Tijera de tejido 1  Tijera Material 1  Porta agujas peque\u00f1o 10 cms 1  Mango de bistur\u00ed #7 1  Disecci\u00f3n Adson con garra 1  Disecci\u00f3n Adson sin garra 1  Disecci\u00f3n en bayoneta 2  Otoscopios 4  Curetas Buck 4  C\u00e1nula Frazier #8 1  Separadores de sean miller 2  Contenedor interno y externo con tapa KLS MARTIN 1  Total Equipo con Contenedor: 35  Todos nuestros activos est\u00e1n sujetos a disponibilidad seg\u00fan inventario.\u00a0","og_url":"https:\/\/servimedcolombia.com\/index.php\/producto\/equipo-de-oido-kls-martin\/","og_site_name":"Servimed Colombia","article_modified_time":"2023-11-20T22:29:42+00:00","og_image":[{"width":1378,"height":1378,"url":"https:\/\/servimedcolombia.com\/wp-content\/uploads\/2023\/11\/74.jpg","type":"image\/jpeg"}],"twitter_card":"summary_large_image","schema":{"@context":"https:\/\/schema.org","@graph":[{"@type":"WebPage","@id":"https:\/\/servimedcolombia.com\/index.php\/producto\/equipo-de-oido-kls-martin\/","url":"https:\/\/servimedcolombia.com\/index.php\/producto\/equipo-de-oido-kls-martin\/","name":"EQUIPO DE O\u00cdDO KLS MARTIN - Servimed Colombia","isPartOf":{"@id":"https:\/\/servimedcolombia.com\/#website"},"primaryImageOfPage":{"@id":"https:\/\/servimedcolombia.com\/index.php\/producto\/equipo-de-oido-kls-martin\/#primaryimage"},"image":{"@id":"https:\/\/servimedcolombia.com\/index.php\/producto\/equipo-de-oido-kls-martin\/#primaryimage"},"thumbnailUrl":"https:\/\/servimedcolombia.com\/wp-content\/uploads\/2026\/04\/74.webp","datePublished":"2023-11-20T01:46:06+00:00","dateModified":"2023-11-20T22:29:42+00:00","breadcrumb":{"@id":"https:\/\/servimedcolombia.com\/index.php\/producto\/equipo-de-oido-kls-martin\/#breadcrumb"},"inLanguage":"es","potentialAction":[{"@type":"ReadAction","target":["https:\/\/servimedcolombia.com\/index.php\/producto\/equipo-de-oido-kls-martin\/"]}]},{"@type":"ImageObject","inLanguage":"es","@id":"https:\/\/servimedcolombia.com\/index.php\/producto\/equipo-de-oido-kls-martin\/#primaryimage","url":"https:\/\/servimedcolombia.com\/wp-content\/uploads\/2026\/04\/74.webp","contentUrl":"https:\/\/servimedcolombia.com\/wp-content\/uploads\/2026\/04\/74.webp","width":1378,"height":1378},{"@type":"BreadcrumbList","@id":"https:\/\/servimedcolombia.com\/index.php\/producto\/equipo-de-oido-kls-martin\/#breadcrumb","itemListElement":[{"@type":"ListItem","position":1,"name":"Portada","item":"https:\/\/servimedcolombia.com\/"},{"@type":"ListItem","position":2,"name":"Tienda","item":"https:\/\/servimedcolombia.com\/index.php\/tienda\/"},{"@type":"ListItem","position":3,"name":"EQUIPO DE O\u00cdDO KLS MARTIN"}]},{"@type":"WebSite","@id":"https:\/\/servimedcolombia.com\/#website","url":"https:\/\/servimedcolombia.com\/","name":"Servimed Colombia","description":"","potentialAction":[{"@type":"SearchAction","target":{"@type":"EntryPoint","urlTemplate":"https:\/\/servimedcolombia.com\/?s={search_term_string}"},"query-input":{"@type":"PropertyValueSpecification","valueRequired":true,"valueName":"search_term_string"}}],"inLanguage":"es"}]}},"_links":{"self":[{"href":"https:\/\/servimedcolombia.com\/index.php\/wp-json\/wp\/v2\/product\/10771","targetHints":{"allow":["GET"]}}],"collection":[{"href":"https:\/\/servimedcolombia.com\/index.php\/wp-json\/wp\/v2\/product"}],"about":[{"href":"https:\/\/servimedcolombia.com\/index.php\/wp-json\/wp\/v2\/types\/product"}],"version-history":[{"count":0,"href":"https:\/\/servimedcolombia.com\/index.php\/wp-json\/wp\/v2\/product\/10771\/revisions"}],"wp:featuredmedia":[{"embeddable":true,"href":"https:\/\/servimedcolombia.com\/index.php\/wp-json\/wp\/v2\/media\/10772"}],"wp:attachment":[{"href":"https:\/\/servimedcolombia.com\/index.php\/wp-json\/wp\/v2\/media?parent=10771"}],"wp:term":[{"taxonomy":"product_brand","embeddable":true,"href":"https:\/\/servimedcolombia.com\/index.php\/wp-json\/wp\/v2\/product_brand?post=10771"},{"taxonomy":"product_cat","embeddable":true,"href":"https:\/\/servimedcolombia.com\/index.php\/wp-json\/wp\/v2\/product_cat?post=10771"},{"taxonomy":"product_tag","embeddable":true,"href":"https:\/\/servimedcolombia.com\/index.php\/wp-json\/wp\/v2\/product_tag?post=10771"}],"curies":[{"name":"wp","href":"https:\/\/api.w.org\/{rel}","templated":true}]}}