{"id":10778,"date":"2023-11-19T21:22:02","date_gmt":"2023-11-20T02:22:02","guid":{"rendered":"https:\/\/servimedcolombia.com\/?post_type=product&#038;p=10778"},"modified":"2023-11-19T21:29:47","modified_gmt":"2023-11-20T02:29:47","slug":"unidad-de-electrocirugia-force-fx-de-valleylab","status":"publish","type":"product","link":"https:\/\/servimedcolombia.com\/index.php\/producto\/unidad-de-electrocirugia-force-fx-de-valleylab\/","title":{"rendered":"UNIDAD DE ELECTROCIRUG\u00cdA FORCE FX DE VALLEYLAB"},"content":{"rendered":"","protected":false},"excerpt":{"rendered":"<ul>\n<li>El Electrobistur\u00ed Force FX de Valleylab ofrece funcionalidades avanzadas para cirug\u00eda monopolar y bipolar, incluyendo modos de corte y coagulaci\u00f3n. Este equipo permite realizar procedimientos quir\u00fargicos altamente profesionales con flexibilidad y seguridad.\n<p>Cuenta con alarmas audibles y visuales, incluido el detector de fallas de Placa-Paciente (REM), que es est\u00e1ndar. La presencia del detector REM asegura la m\u00e1xima seguridad durante la operaci\u00f3n. La unidad est\u00e1 disponible en su modalidad de corte con una potencia de salida de 300 vatios.<\/p>\n<p><strong>Caracter\u00edsticas Principales:<\/strong><\/p>\n<ol>\n<li><strong>Modos de Corte:<\/strong>\n<ul>\n<li>Provee flexibilidad con variaciones de grados en Hemostasia.<\/li>\n<li>Tres modos programados para adaptarse a diferentes necesidades.<\/li>\n<\/ul>\n<\/li>\n<li><strong>Coagulaci\u00f3n Simult\u00e1nea Independiente:<\/strong>\n<ul>\n<li>Permite a dos cirujanos fulgurar o cortar desde un generador, aumentando la conveniencia y eficacia.<\/li>\n<li>Accesorios activados mediante una tecla para evitar activaciones inadvertidas.<\/li>\n<\/ul>\n<\/li>\n<li><strong>Coagulaci\u00f3n de Bajo Voltaje:<\/strong>\n<ul>\n<li>Asegura desecaci\u00f3n electroquir\u00fargica precisa con menos da\u00f1o al tejido perif\u00e9rico.<\/li>\n<li>Ideal para procedimientos de laparoscop\u00eda.<\/li>\n<\/ul>\n<\/li>\n<li><strong>Seguridad REM:<\/strong>\n<ul>\n<li>Sistema patentado REM para seguridad adaptativa.<\/li>\n<li>Detector de fallas de Placa-Paciente que monitorea continuamente niveles de impedancia del paciente.<\/li>\n<li>Desactiva el generador en caso de detectar una falla en el contacto del electrodo de retorno del paciente, eliminando virtualmente el riesgo de quemaduras.<\/li>\n<li>Probado en m\u00e1s de 10 millones de procedimientos quir\u00fargicos en todo el mundo.<\/li>\n<\/ul>\n<\/li>\n<\/ol>\n<p>La Unidad de Electrocirug\u00eda Force FX de Valleylab combina tecnolog\u00eda avanzada y caracter\u00edsticas de seguridad para ofrecer un rendimiento excepcional en el entorno quir\u00fargico.<\/li>\n<\/ul>\n<p><span style=\"color: #ff0000;\"><strong>Todos nuestros activos est\u00e1n sujetos a disponibilidad seg\u00fan inventario.\u00a0<\/strong><\/span><\/p>\n<p><span style=\"vertical-align: inherit;\"><span style=\"vertical-align: inherit;\"><span style=\"vertical-align: inherit;\"><span style=\"vertical-align: inherit;\"><span style=\"vertical-align: inherit;\"><span style=\"vertical-align: inherit;\">[njwa_button id=\"9888\"]<\/span><\/span><\/span><\/span><\/span><\/span><\/p>\n","protected":false},"featured_media":10779,"template":"","meta":{"rs_blank_template":"","rs_page_bg_color":"","slide_template_v7":""},"product_brand":[],"product_cat":[129],"product_tag":[],"class_list":{"0":"post-10778","1":"product","2":"type-product","3":"status-publish","4":"has-post-thumbnail","6":"product_cat-unidad-de-electrocirugia-y-accesorios","8":"first","9":"instock","10":"shipping-taxable","11":"product-type-simple"},"yoast_head":"<!-- This site is optimized with the Yoast SEO plugin v27.5 - https:\/\/yoast.com\/product\/yoast-seo-wordpress\/ -->\n<title>UNIDAD DE ELECTROCIRUG\u00cdA FORCE FX DE VALLEYLAB - Servimed Colombia<\/title>\n<meta name=\"robots\" content=\"index, follow, max-snippet:-1, max-image-preview:large, max-video-preview:-1\" \/>\n<link rel=\"canonical\" href=\"https:\/\/servimedcolombia.com\/index.php\/producto\/unidad-de-electrocirugia-force-fx-de-valleylab\/\" \/>\n<meta property=\"og:locale\" content=\"es_ES\" \/>\n<meta property=\"og:type\" content=\"article\" \/>\n<meta property=\"og:title\" content=\"UNIDAD DE ELECTROCIRUG\u00cdA FORCE FX DE VALLEYLAB - Servimed Colombia\" \/>\n<meta property=\"og:description\" content=\"El Electrobistur\u00ed Force FX de Valleylab ofrece funcionalidades avanzadas para cirug\u00eda monopolar y bipolar, incluyendo modos de corte y coagulaci\u00f3n. Este equipo permite realizar procedimientos quir\u00fargicos altamente profesionales con flexibilidad y seguridad.  Cuenta con alarmas audibles y visuales, incluido el detector de fallas de Placa-Paciente (REM), que es est\u00e1ndar. La presencia del detector REM asegura la m\u00e1xima seguridad durante la operaci\u00f3n. La unidad est\u00e1 disponible en su modalidad de corte con una potencia de salida de 300 vatios.  Caracter\u00edsticas Principales:   Modos de Corte:   Provee flexibilidad con variaciones de grados en Hemostasia.  Tres modos programados para adaptarse a diferentes necesidades.    Coagulaci\u00f3n Simult\u00e1nea Independiente:   Permite a dos cirujanos fulgurar o cortar desde un generador, aumentando la conveniencia y eficacia.  Accesorios activados mediante una tecla para evitar activaciones inadvertidas.    Coagulaci\u00f3n de Bajo Voltaje:   Asegura desecaci\u00f3n electroquir\u00fargica precisa con menos da\u00f1o al tejido perif\u00e9rico.  Ideal para procedimientos de laparoscop\u00eda.    Seguridad REM:   Sistema patentado REM para seguridad adaptativa.  Detector de fallas de Placa-Paciente que monitorea continuamente niveles de impedancia del paciente.  Desactiva el generador en caso de detectar una falla en el contacto del electrodo de retorno del paciente, eliminando virtualmente el riesgo de quemaduras.  Probado en m\u00e1s de 10 millones de procedimientos quir\u00fargicos en todo el mundo.    La Unidad de Electrocirug\u00eda Force FX de Valleylab combina tecnolog\u00eda avanzada y caracter\u00edsticas de seguridad para ofrecer un rendimiento excepcional en el entorno quir\u00fargico.  Todos nuestros activos est\u00e1n sujetos a disponibilidad seg\u00fan inventario.\u00a0\" \/>\n<meta property=\"og:url\" content=\"https:\/\/servimedcolombia.com\/index.php\/producto\/unidad-de-electrocirugia-force-fx-de-valleylab\/\" \/>\n<meta property=\"og:site_name\" content=\"Servimed Colombia\" \/>\n<meta property=\"article:modified_time\" content=\"2023-11-20T02:29:47+00:00\" \/>\n<meta property=\"og:image\" content=\"https:\/\/servimedcolombia.com\/wp-content\/uploads\/2023\/11\/75.jpg\" \/>\n\t<meta property=\"og:image:width\" content=\"1378\" \/>\n\t<meta property=\"og:image:height\" content=\"1378\" \/>\n\t<meta property=\"og:image:type\" content=\"image\/jpeg\" \/>\n<meta name=\"twitter:card\" content=\"summary_large_image\" \/>\n<script type=\"application\/ld+json\" class=\"yoast-schema-graph\">{\"@context\":\"https:\\\/\\\/schema.org\",\"@graph\":[{\"@type\":\"WebPage\",\"@id\":\"https:\\\/\\\/servimedcolombia.com\\\/index.php\\\/producto\\\/unidad-de-electrocirugia-force-fx-de-valleylab\\\/\",\"url\":\"https:\\\/\\\/servimedcolombia.com\\\/index.php\\\/producto\\\/unidad-de-electrocirugia-force-fx-de-valleylab\\\/\",\"name\":\"UNIDAD DE ELECTROCIRUG\u00cdA FORCE FX DE VALLEYLAB - Servimed Colombia\",\"isPartOf\":{\"@id\":\"https:\\\/\\\/servimedcolombia.com\\\/#website\"},\"primaryImageOfPage\":{\"@id\":\"https:\\\/\\\/servimedcolombia.com\\\/index.php\\\/producto\\\/unidad-de-electrocirugia-force-fx-de-valleylab\\\/#primaryimage\"},\"image\":{\"@id\":\"https:\\\/\\\/servimedcolombia.com\\\/index.php\\\/producto\\\/unidad-de-electrocirugia-force-fx-de-valleylab\\\/#primaryimage\"},\"thumbnailUrl\":\"https:\\\/\\\/servimedcolombia.com\\\/wp-content\\\/uploads\\\/2026\\\/04\\\/75.webp\",\"datePublished\":\"2023-11-20T02:22:02+00:00\",\"dateModified\":\"2023-11-20T02:29:47+00:00\",\"breadcrumb\":{\"@id\":\"https:\\\/\\\/servimedcolombia.com\\\/index.php\\\/producto\\\/unidad-de-electrocirugia-force-fx-de-valleylab\\\/#breadcrumb\"},\"inLanguage\":\"es\",\"potentialAction\":[{\"@type\":\"ReadAction\",\"target\":[\"https:\\\/\\\/servimedcolombia.com\\\/index.php\\\/producto\\\/unidad-de-electrocirugia-force-fx-de-valleylab\\\/\"]}]},{\"@type\":\"ImageObject\",\"inLanguage\":\"es\",\"@id\":\"https:\\\/\\\/servimedcolombia.com\\\/index.php\\\/producto\\\/unidad-de-electrocirugia-force-fx-de-valleylab\\\/#primaryimage\",\"url\":\"https:\\\/\\\/servimedcolombia.com\\\/wp-content\\\/uploads\\\/2026\\\/04\\\/75.webp\",\"contentUrl\":\"https:\\\/\\\/servimedcolombia.com\\\/wp-content\\\/uploads\\\/2026\\\/04\\\/75.webp\",\"width\":1378,\"height\":1378},{\"@type\":\"BreadcrumbList\",\"@id\":\"https:\\\/\\\/servimedcolombia.com\\\/index.php\\\/producto\\\/unidad-de-electrocirugia-force-fx-de-valleylab\\\/#breadcrumb\",\"itemListElement\":[{\"@type\":\"ListItem\",\"position\":1,\"name\":\"Portada\",\"item\":\"https:\\\/\\\/servimedcolombia.com\\\/\"},{\"@type\":\"ListItem\",\"position\":2,\"name\":\"Tienda\",\"item\":\"https:\\\/\\\/servimedcolombia.com\\\/index.php\\\/tienda\\\/\"},{\"@type\":\"ListItem\",\"position\":3,\"name\":\"UNIDAD DE ELECTROCIRUG\u00cdA FORCE FX DE VALLEYLAB\"}]},{\"@type\":\"WebSite\",\"@id\":\"https:\\\/\\\/servimedcolombia.com\\\/#website\",\"url\":\"https:\\\/\\\/servimedcolombia.com\\\/\",\"name\":\"Servimed Colombia\",\"description\":\"\",\"potentialAction\":[{\"@type\":\"SearchAction\",\"target\":{\"@type\":\"EntryPoint\",\"urlTemplate\":\"https:\\\/\\\/servimedcolombia.com\\\/?s={search_term_string}\"},\"query-input\":{\"@type\":\"PropertyValueSpecification\",\"valueRequired\":true,\"valueName\":\"search_term_string\"}}],\"inLanguage\":\"es\"}]}<\/script>\n<!-- \/ Yoast SEO plugin. -->","yoast_head_json":{"title":"UNIDAD DE ELECTROCIRUG\u00cdA FORCE FX DE VALLEYLAB - Servimed Colombia","robots":{"index":"index","follow":"follow","max-snippet":"max-snippet:-1","max-image-preview":"max-image-preview:large","max-video-preview":"max-video-preview:-1"},"canonical":"https:\/\/servimedcolombia.com\/index.php\/producto\/unidad-de-electrocirugia-force-fx-de-valleylab\/","og_locale":"es_ES","og_type":"article","og_title":"UNIDAD DE ELECTROCIRUG\u00cdA FORCE FX DE VALLEYLAB - Servimed Colombia","og_description":"El Electrobistur\u00ed Force FX de Valleylab ofrece funcionalidades avanzadas para cirug\u00eda monopolar y bipolar, incluyendo modos de corte y coagulaci\u00f3n. Este equipo permite realizar procedimientos quir\u00fargicos altamente profesionales con flexibilidad y seguridad.  Cuenta con alarmas audibles y visuales, incluido el detector de fallas de Placa-Paciente (REM), que es est\u00e1ndar. La presencia del detector REM asegura la m\u00e1xima seguridad durante la operaci\u00f3n. La unidad est\u00e1 disponible en su modalidad de corte con una potencia de salida de 300 vatios.  Caracter\u00edsticas Principales:   Modos de Corte:   Provee flexibilidad con variaciones de grados en Hemostasia.  Tres modos programados para adaptarse a diferentes necesidades.    Coagulaci\u00f3n Simult\u00e1nea Independiente:   Permite a dos cirujanos fulgurar o cortar desde un generador, aumentando la conveniencia y eficacia.  Accesorios activados mediante una tecla para evitar activaciones inadvertidas.    Coagulaci\u00f3n de Bajo Voltaje:   Asegura desecaci\u00f3n electroquir\u00fargica precisa con menos da\u00f1o al tejido perif\u00e9rico.  Ideal para procedimientos de laparoscop\u00eda.    Seguridad REM:   Sistema patentado REM para seguridad adaptativa.  Detector de fallas de Placa-Paciente que monitorea continuamente niveles de impedancia del paciente.  Desactiva el generador en caso de detectar una falla en el contacto del electrodo de retorno del paciente, eliminando virtualmente el riesgo de quemaduras.  Probado en m\u00e1s de 10 millones de procedimientos quir\u00fargicos en todo el mundo.    La Unidad de Electrocirug\u00eda Force FX de Valleylab combina tecnolog\u00eda avanzada y caracter\u00edsticas de seguridad para ofrecer un rendimiento excepcional en el entorno quir\u00fargico.  Todos nuestros activos est\u00e1n sujetos a disponibilidad seg\u00fan inventario.\u00a0","og_url":"https:\/\/servimedcolombia.com\/index.php\/producto\/unidad-de-electrocirugia-force-fx-de-valleylab\/","og_site_name":"Servimed Colombia","article_modified_time":"2023-11-20T02:29:47+00:00","og_image":[{"width":1378,"height":1378,"url":"https:\/\/servimedcolombia.com\/wp-content\/uploads\/2023\/11\/75.jpg","type":"image\/jpeg"}],"twitter_card":"summary_large_image","schema":{"@context":"https:\/\/schema.org","@graph":[{"@type":"WebPage","@id":"https:\/\/servimedcolombia.com\/index.php\/producto\/unidad-de-electrocirugia-force-fx-de-valleylab\/","url":"https:\/\/servimedcolombia.com\/index.php\/producto\/unidad-de-electrocirugia-force-fx-de-valleylab\/","name":"UNIDAD DE ELECTROCIRUG\u00cdA FORCE FX DE VALLEYLAB - Servimed Colombia","isPartOf":{"@id":"https:\/\/servimedcolombia.com\/#website"},"primaryImageOfPage":{"@id":"https:\/\/servimedcolombia.com\/index.php\/producto\/unidad-de-electrocirugia-force-fx-de-valleylab\/#primaryimage"},"image":{"@id":"https:\/\/servimedcolombia.com\/index.php\/producto\/unidad-de-electrocirugia-force-fx-de-valleylab\/#primaryimage"},"thumbnailUrl":"https:\/\/servimedcolombia.com\/wp-content\/uploads\/2026\/04\/75.webp","datePublished":"2023-11-20T02:22:02+00:00","dateModified":"2023-11-20T02:29:47+00:00","breadcrumb":{"@id":"https:\/\/servimedcolombia.com\/index.php\/producto\/unidad-de-electrocirugia-force-fx-de-valleylab\/#breadcrumb"},"inLanguage":"es","potentialAction":[{"@type":"ReadAction","target":["https:\/\/servimedcolombia.com\/index.php\/producto\/unidad-de-electrocirugia-force-fx-de-valleylab\/"]}]},{"@type":"ImageObject","inLanguage":"es","@id":"https:\/\/servimedcolombia.com\/index.php\/producto\/unidad-de-electrocirugia-force-fx-de-valleylab\/#primaryimage","url":"https:\/\/servimedcolombia.com\/wp-content\/uploads\/2026\/04\/75.webp","contentUrl":"https:\/\/servimedcolombia.com\/wp-content\/uploads\/2026\/04\/75.webp","width":1378,"height":1378},{"@type":"BreadcrumbList","@id":"https:\/\/servimedcolombia.com\/index.php\/producto\/unidad-de-electrocirugia-force-fx-de-valleylab\/#breadcrumb","itemListElement":[{"@type":"ListItem","position":1,"name":"Portada","item":"https:\/\/servimedcolombia.com\/"},{"@type":"ListItem","position":2,"name":"Tienda","item":"https:\/\/servimedcolombia.com\/index.php\/tienda\/"},{"@type":"ListItem","position":3,"name":"UNIDAD DE ELECTROCIRUG\u00cdA FORCE FX DE VALLEYLAB"}]},{"@type":"WebSite","@id":"https:\/\/servimedcolombia.com\/#website","url":"https:\/\/servimedcolombia.com\/","name":"Servimed Colombia","description":"","potentialAction":[{"@type":"SearchAction","target":{"@type":"EntryPoint","urlTemplate":"https:\/\/servimedcolombia.com\/?s={search_term_string}"},"query-input":{"@type":"PropertyValueSpecification","valueRequired":true,"valueName":"search_term_string"}}],"inLanguage":"es"}]}},"_links":{"self":[{"href":"https:\/\/servimedcolombia.com\/index.php\/wp-json\/wp\/v2\/product\/10778","targetHints":{"allow":["GET"]}}],"collection":[{"href":"https:\/\/servimedcolombia.com\/index.php\/wp-json\/wp\/v2\/product"}],"about":[{"href":"https:\/\/servimedcolombia.com\/index.php\/wp-json\/wp\/v2\/types\/product"}],"version-history":[{"count":0,"href":"https:\/\/servimedcolombia.com\/index.php\/wp-json\/wp\/v2\/product\/10778\/revisions"}],"wp:featuredmedia":[{"embeddable":true,"href":"https:\/\/servimedcolombia.com\/index.php\/wp-json\/wp\/v2\/media\/10779"}],"wp:attachment":[{"href":"https:\/\/servimedcolombia.com\/index.php\/wp-json\/wp\/v2\/media?parent=10778"}],"wp:term":[{"taxonomy":"product_brand","embeddable":true,"href":"https:\/\/servimedcolombia.com\/index.php\/wp-json\/wp\/v2\/product_brand?post=10778"},{"taxonomy":"product_cat","embeddable":true,"href":"https:\/\/servimedcolombia.com\/index.php\/wp-json\/wp\/v2\/product_cat?post=10778"},{"taxonomy":"product_tag","embeddable":true,"href":"https:\/\/servimedcolombia.com\/index.php\/wp-json\/wp\/v2\/product_tag?post=10778"}],"curies":[{"name":"wp","href":"https:\/\/api.w.org\/{rel}","templated":true}]}}