{"id":10781,"date":"2023-11-19T21:30:02","date_gmt":"2023-11-20T02:30:02","guid":{"rendered":"https:\/\/servimedcolombia.com\/?post_type=product&#038;p=10781"},"modified":"2023-11-20T17:29:52","modified_gmt":"2023-11-20T22:29:52","slug":"equipo-de-onicectomia-oido","status":"publish","type":"product","link":"https:\/\/servimedcolombia.com\/index.php\/producto\/equipo-de-onicectomia-oido\/","title":{"rendered":"EQUIPO DE ONICECTOM\u00cdA \/ O\u00cdDO"},"content":{"rendered":"","protected":false},"excerpt":{"rendered":"<ul>\n<li>El Equipo de Onicectom\u00eda incluye 17 piezas y un contenedor de la marca KLS MARTIN para una manipulaci\u00f3n y almacenamiento eficientes.\n<p><strong>Contiene:<\/strong><\/p>\n<p><strong>Concepto cantidad<\/strong><\/p>\n<ul>\n<li>Pinzas de campo 4<\/li>\n<li>Pinzas mosquito curva 2<\/li>\n<li>Pinzas Kelly curva 2<\/li>\n<li>Tijera de tejido peque\u00f1a 1<\/li>\n<li>Tijera de material peque\u00f1a 1<\/li>\n<li>Porta agujas peque\u00f1o 1<\/li>\n<li>Mango de bistur\u00ed #3 1<\/li>\n<li>Disecci\u00f3n Adson con garra 1<\/li>\n<li>Disecci\u00f3n Adson sin garra 1<\/li>\n<li>Cureta doble acci\u00f3n 1<\/li>\n<li>Sonda acanalada 1<\/li>\n<li>Contenedor KLS MARTIN 1<\/li>\n<\/ul>\n<p><strong>Total de Piezas con Contenedor: 17<\/strong><\/li>\n<\/ul>\n<p><span style=\"color: #ff0000;\"><strong>Todos nuestros activos est\u00e1n sujetos a disponibilidad seg\u00fan inventario.\u00a0<\/strong><\/span><\/p>\n<p><span style=\"vertical-align: inherit;\"><span style=\"vertical-align: inherit;\"><span style=\"vertical-align: inherit;\"><span style=\"vertical-align: inherit;\"><span style=\"vertical-align: inherit;\"><span style=\"vertical-align: inherit;\">[njwa_button id=\"9888\"]<\/span><\/span><\/span><\/span><\/span><\/span><\/p>\n","protected":false},"featured_media":10782,"template":"","meta":{"rs_blank_template":"","rs_page_bg_color":"","slide_template_v7":""},"product_brand":[],"product_cat":[134],"product_tag":[],"class_list":{"0":"post-10781","1":"product","2":"type-product","3":"status-publish","4":"has-post-thumbnail","6":"product_cat-instrumental-quirurgico","8":"first","9":"instock","10":"shipping-taxable","11":"product-type-simple"},"yoast_head":"<!-- This site is optimized with the Yoast SEO plugin v27.5 - https:\/\/yoast.com\/product\/yoast-seo-wordpress\/ -->\n<title>EQUIPO DE ONICECTOM\u00cdA \/ O\u00cdDO - Servimed Colombia<\/title>\n<meta name=\"robots\" content=\"index, follow, max-snippet:-1, max-image-preview:large, max-video-preview:-1\" \/>\n<link rel=\"canonical\" href=\"https:\/\/servimedcolombia.com\/index.php\/producto\/equipo-de-onicectomia-oido\/\" \/>\n<meta property=\"og:locale\" content=\"es_ES\" \/>\n<meta property=\"og:type\" content=\"article\" \/>\n<meta property=\"og:title\" content=\"EQUIPO DE ONICECTOM\u00cdA \/ O\u00cdDO - Servimed Colombia\" \/>\n<meta property=\"og:description\" content=\"El Equipo de Onicectom\u00eda incluye 17 piezas y un contenedor de la marca KLS MARTIN para una manipulaci\u00f3n y almacenamiento eficientes.  Contiene:  Concepto cantidad   Pinzas de campo 4  Pinzas mosquito curva 2  Pinzas Kelly curva 2  Tijera de tejido peque\u00f1a 1  Tijera de material peque\u00f1a 1  Porta agujas peque\u00f1o 1  Mango de bistur\u00ed #3 1  Disecci\u00f3n Adson con garra 1  Disecci\u00f3n Adson sin garra 1  Cureta doble acci\u00f3n 1  Sonda acanalada 1  Contenedor KLS MARTIN 1  Total de Piezas con Contenedor: 17  Todos nuestros activos est\u00e1n sujetos a disponibilidad seg\u00fan inventario.\u00a0\" \/>\n<meta property=\"og:url\" content=\"https:\/\/servimedcolombia.com\/index.php\/producto\/equipo-de-onicectomia-oido\/\" \/>\n<meta property=\"og:site_name\" content=\"Servimed Colombia\" \/>\n<meta property=\"article:modified_time\" content=\"2023-11-20T22:29:52+00:00\" \/>\n<meta property=\"og:image\" content=\"https:\/\/servimedcolombia.com\/wp-content\/uploads\/2023\/11\/76.jpg\" \/>\n\t<meta property=\"og:image:width\" content=\"1378\" \/>\n\t<meta property=\"og:image:height\" content=\"1378\" \/>\n\t<meta property=\"og:image:type\" content=\"image\/jpeg\" \/>\n<meta name=\"twitter:card\" content=\"summary_large_image\" \/>\n<script type=\"application\/ld+json\" class=\"yoast-schema-graph\">{\"@context\":\"https:\\\/\\\/schema.org\",\"@graph\":[{\"@type\":\"WebPage\",\"@id\":\"https:\\\/\\\/servimedcolombia.com\\\/index.php\\\/producto\\\/equipo-de-onicectomia-oido\\\/\",\"url\":\"https:\\\/\\\/servimedcolombia.com\\\/index.php\\\/producto\\\/equipo-de-onicectomia-oido\\\/\",\"name\":\"EQUIPO DE ONICECTOM\u00cdA \\\/ O\u00cdDO - Servimed Colombia\",\"isPartOf\":{\"@id\":\"https:\\\/\\\/servimedcolombia.com\\\/#website\"},\"primaryImageOfPage\":{\"@id\":\"https:\\\/\\\/servimedcolombia.com\\\/index.php\\\/producto\\\/equipo-de-onicectomia-oido\\\/#primaryimage\"},\"image\":{\"@id\":\"https:\\\/\\\/servimedcolombia.com\\\/index.php\\\/producto\\\/equipo-de-onicectomia-oido\\\/#primaryimage\"},\"thumbnailUrl\":\"https:\\\/\\\/servimedcolombia.com\\\/wp-content\\\/uploads\\\/2026\\\/04\\\/76.webp\",\"datePublished\":\"2023-11-20T02:30:02+00:00\",\"dateModified\":\"2023-11-20T22:29:52+00:00\",\"breadcrumb\":{\"@id\":\"https:\\\/\\\/servimedcolombia.com\\\/index.php\\\/producto\\\/equipo-de-onicectomia-oido\\\/#breadcrumb\"},\"inLanguage\":\"es\",\"potentialAction\":[{\"@type\":\"ReadAction\",\"target\":[\"https:\\\/\\\/servimedcolombia.com\\\/index.php\\\/producto\\\/equipo-de-onicectomia-oido\\\/\"]}]},{\"@type\":\"ImageObject\",\"inLanguage\":\"es\",\"@id\":\"https:\\\/\\\/servimedcolombia.com\\\/index.php\\\/producto\\\/equipo-de-onicectomia-oido\\\/#primaryimage\",\"url\":\"https:\\\/\\\/servimedcolombia.com\\\/wp-content\\\/uploads\\\/2026\\\/04\\\/76.webp\",\"contentUrl\":\"https:\\\/\\\/servimedcolombia.com\\\/wp-content\\\/uploads\\\/2026\\\/04\\\/76.webp\",\"width\":1378,\"height\":1378},{\"@type\":\"BreadcrumbList\",\"@id\":\"https:\\\/\\\/servimedcolombia.com\\\/index.php\\\/producto\\\/equipo-de-onicectomia-oido\\\/#breadcrumb\",\"itemListElement\":[{\"@type\":\"ListItem\",\"position\":1,\"name\":\"Portada\",\"item\":\"https:\\\/\\\/servimedcolombia.com\\\/\"},{\"@type\":\"ListItem\",\"position\":2,\"name\":\"Tienda\",\"item\":\"https:\\\/\\\/servimedcolombia.com\\\/index.php\\\/tienda\\\/\"},{\"@type\":\"ListItem\",\"position\":3,\"name\":\"EQUIPO DE ONICECTOM\u00cdA \\\/ O\u00cdDO\"}]},{\"@type\":\"WebSite\",\"@id\":\"https:\\\/\\\/servimedcolombia.com\\\/#website\",\"url\":\"https:\\\/\\\/servimedcolombia.com\\\/\",\"name\":\"Servimed Colombia\",\"description\":\"\",\"potentialAction\":[{\"@type\":\"SearchAction\",\"target\":{\"@type\":\"EntryPoint\",\"urlTemplate\":\"https:\\\/\\\/servimedcolombia.com\\\/?s={search_term_string}\"},\"query-input\":{\"@type\":\"PropertyValueSpecification\",\"valueRequired\":true,\"valueName\":\"search_term_string\"}}],\"inLanguage\":\"es\"}]}<\/script>\n<!-- \/ Yoast SEO plugin. -->","yoast_head_json":{"title":"EQUIPO DE ONICECTOM\u00cdA \/ O\u00cdDO - Servimed Colombia","robots":{"index":"index","follow":"follow","max-snippet":"max-snippet:-1","max-image-preview":"max-image-preview:large","max-video-preview":"max-video-preview:-1"},"canonical":"https:\/\/servimedcolombia.com\/index.php\/producto\/equipo-de-onicectomia-oido\/","og_locale":"es_ES","og_type":"article","og_title":"EQUIPO DE ONICECTOM\u00cdA \/ O\u00cdDO - Servimed Colombia","og_description":"El Equipo de Onicectom\u00eda incluye 17 piezas y un contenedor de la marca KLS MARTIN para una manipulaci\u00f3n y almacenamiento eficientes.  Contiene:  Concepto cantidad   Pinzas de campo 4  Pinzas mosquito curva 2  Pinzas Kelly curva 2  Tijera de tejido peque\u00f1a 1  Tijera de material peque\u00f1a 1  Porta agujas peque\u00f1o 1  Mango de bistur\u00ed #3 1  Disecci\u00f3n Adson con garra 1  Disecci\u00f3n Adson sin garra 1  Cureta doble acci\u00f3n 1  Sonda acanalada 1  Contenedor KLS MARTIN 1  Total de Piezas con Contenedor: 17  Todos nuestros activos est\u00e1n sujetos a disponibilidad seg\u00fan inventario.\u00a0","og_url":"https:\/\/servimedcolombia.com\/index.php\/producto\/equipo-de-onicectomia-oido\/","og_site_name":"Servimed Colombia","article_modified_time":"2023-11-20T22:29:52+00:00","og_image":[{"width":1378,"height":1378,"url":"https:\/\/servimedcolombia.com\/wp-content\/uploads\/2023\/11\/76.jpg","type":"image\/jpeg"}],"twitter_card":"summary_large_image","schema":{"@context":"https:\/\/schema.org","@graph":[{"@type":"WebPage","@id":"https:\/\/servimedcolombia.com\/index.php\/producto\/equipo-de-onicectomia-oido\/","url":"https:\/\/servimedcolombia.com\/index.php\/producto\/equipo-de-onicectomia-oido\/","name":"EQUIPO DE ONICECTOM\u00cdA \/ O\u00cdDO - Servimed Colombia","isPartOf":{"@id":"https:\/\/servimedcolombia.com\/#website"},"primaryImageOfPage":{"@id":"https:\/\/servimedcolombia.com\/index.php\/producto\/equipo-de-onicectomia-oido\/#primaryimage"},"image":{"@id":"https:\/\/servimedcolombia.com\/index.php\/producto\/equipo-de-onicectomia-oido\/#primaryimage"},"thumbnailUrl":"https:\/\/servimedcolombia.com\/wp-content\/uploads\/2026\/04\/76.webp","datePublished":"2023-11-20T02:30:02+00:00","dateModified":"2023-11-20T22:29:52+00:00","breadcrumb":{"@id":"https:\/\/servimedcolombia.com\/index.php\/producto\/equipo-de-onicectomia-oido\/#breadcrumb"},"inLanguage":"es","potentialAction":[{"@type":"ReadAction","target":["https:\/\/servimedcolombia.com\/index.php\/producto\/equipo-de-onicectomia-oido\/"]}]},{"@type":"ImageObject","inLanguage":"es","@id":"https:\/\/servimedcolombia.com\/index.php\/producto\/equipo-de-onicectomia-oido\/#primaryimage","url":"https:\/\/servimedcolombia.com\/wp-content\/uploads\/2026\/04\/76.webp","contentUrl":"https:\/\/servimedcolombia.com\/wp-content\/uploads\/2026\/04\/76.webp","width":1378,"height":1378},{"@type":"BreadcrumbList","@id":"https:\/\/servimedcolombia.com\/index.php\/producto\/equipo-de-onicectomia-oido\/#breadcrumb","itemListElement":[{"@type":"ListItem","position":1,"name":"Portada","item":"https:\/\/servimedcolombia.com\/"},{"@type":"ListItem","position":2,"name":"Tienda","item":"https:\/\/servimedcolombia.com\/index.php\/tienda\/"},{"@type":"ListItem","position":3,"name":"EQUIPO DE ONICECTOM\u00cdA \/ O\u00cdDO"}]},{"@type":"WebSite","@id":"https:\/\/servimedcolombia.com\/#website","url":"https:\/\/servimedcolombia.com\/","name":"Servimed Colombia","description":"","potentialAction":[{"@type":"SearchAction","target":{"@type":"EntryPoint","urlTemplate":"https:\/\/servimedcolombia.com\/?s={search_term_string}"},"query-input":{"@type":"PropertyValueSpecification","valueRequired":true,"valueName":"search_term_string"}}],"inLanguage":"es"}]}},"_links":{"self":[{"href":"https:\/\/servimedcolombia.com\/index.php\/wp-json\/wp\/v2\/product\/10781","targetHints":{"allow":["GET"]}}],"collection":[{"href":"https:\/\/servimedcolombia.com\/index.php\/wp-json\/wp\/v2\/product"}],"about":[{"href":"https:\/\/servimedcolombia.com\/index.php\/wp-json\/wp\/v2\/types\/product"}],"version-history":[{"count":0,"href":"https:\/\/servimedcolombia.com\/index.php\/wp-json\/wp\/v2\/product\/10781\/revisions"}],"wp:featuredmedia":[{"embeddable":true,"href":"https:\/\/servimedcolombia.com\/index.php\/wp-json\/wp\/v2\/media\/10782"}],"wp:attachment":[{"href":"https:\/\/servimedcolombia.com\/index.php\/wp-json\/wp\/v2\/media?parent=10781"}],"wp:term":[{"taxonomy":"product_brand","embeddable":true,"href":"https:\/\/servimedcolombia.com\/index.php\/wp-json\/wp\/v2\/product_brand?post=10781"},{"taxonomy":"product_cat","embeddable":true,"href":"https:\/\/servimedcolombia.com\/index.php\/wp-json\/wp\/v2\/product_cat?post=10781"},{"taxonomy":"product_tag","embeddable":true,"href":"https:\/\/servimedcolombia.com\/index.php\/wp-json\/wp\/v2\/product_tag?post=10781"}],"curies":[{"name":"wp","href":"https:\/\/api.w.org\/{rel}","templated":true}]}}