{"id":10784,"date":"2023-11-20T18:11:35","date_gmt":"2023-11-20T23:11:35","guid":{"rendered":"https:\/\/servimedcolombia.com\/?post_type=product&#038;p=10784"},"modified":"2023-11-20T18:12:26","modified_gmt":"2023-11-20T23:12:26","slug":"set-de-diagnostico-y-los-sentidos-pocket-led-welch-allyn","status":"publish","type":"product","link":"https:\/\/servimedcolombia.com\/index.php\/producto\/set-de-diagnostico-y-los-sentidos-pocket-led-welch-allyn\/","title":{"rendered":"SET DE DIAGN\u00d3STICO Y LOS SENTIDOS POCKET LED WELCH ALLYN"},"content":{"rendered":"","protected":false},"excerpt":{"rendered":"<p>El Pocket LED de Welch Allyn es un conjunto de herramientas de diagn\u00f3stico de alto rendimiento dise\u00f1ado para ayudarte a desarrollar y perfeccionar tus habilidades de evaluaci\u00f3n f\u00edsica.<\/p>\n<ul>\n<li style=\"list-style-type: none;\">\n<ul>\n<li><strong>Diferenciaci\u00f3n en la Luz LED de Welch Allyn:<\/strong> Este equipo para diagn\u00f3stico de \u00f3rganos de los sentidos Pocket LED se destaca por el equilibrio correcto de la temperatura del color, el \u00edndice de reproducci\u00f3n crom\u00e1tica (IRC) y el brillo. Hemos optimizado los bombillos LED en los instrumentos para oftalmolog\u00eda y otorrino.<\/li>\n<li><strong>Otoscopio Duradero:<\/strong> El otoscopio de bolsillo es el m\u00e1s duradero en el mercado actual. Est\u00e1 dise\u00f1ado para perdurar desde el entrenamiento hasta el consultorio. Utiliza bombillos LED con tecnolog\u00eda SureColor\u2122 patentada por Welch Allyn, ofreciendo una iluminaci\u00f3n de fibra \u00f3ptica que emite luz fr\u00eda sin reflejos ni obstrucciones.<\/li>\n<li><strong>Oftalmoscopio Port\u00e1til:<\/strong> El oftalmoscopio de Welch Allyn es el m\u00e1s liviano para una mayor portabilidad y facilidad de uso. Cuenta con bombillos LED con tecnolog\u00eda SureColor\u2122 y es uno de los oftalmoscopios m\u00e1s duraderos del mercado actual. Ofrece las aberturas y los filtros de los oftalmoscopios de tama\u00f1o tradicional, sin sacrificar ninguna funcionalidad.<\/li>\n<\/ul>\n<\/li>\n<\/ul>\n<p><span style=\"color: #ff0000;\"><strong>Todos nuestros activos est\u00e1n sujetos a disponibilidad seg\u00fan inventario.\u00a0<\/strong><\/span><\/p>\n<p><span style=\"vertical-align: inherit;\"><span style=\"vertical-align: inherit;\"><span style=\"vertical-align: inherit;\"><span style=\"vertical-align: inherit;\"><span style=\"vertical-align: inherit;\"><span style=\"vertical-align: inherit;\">[njwa_button id=\"9888\"]<\/span><\/span><\/span><\/span><\/span><\/span><\/p>\n","protected":false},"featured_media":10785,"template":"","meta":{"rs_blank_template":"","rs_page_bg_color":"","slide_template_v7":""},"product_brand":[],"product_cat":[166],"product_tag":[],"class_list":{"0":"post-10784","1":"product","2":"type-product","3":"status-publish","4":"has-post-thumbnail","6":"product_cat-linea-de-diagnostico-y-profesionales-de-la-salud","8":"first","9":"instock","10":"shipping-taxable","11":"product-type-simple"},"yoast_head":"<!-- This site is optimized with the Yoast SEO plugin v27.4 - https:\/\/yoast.com\/product\/yoast-seo-wordpress\/ -->\n<title>SET DE DIAGN\u00d3STICO Y LOS SENTIDOS POCKET LED WELCH ALLYN - Servimed Colombia<\/title>\n<meta name=\"robots\" content=\"index, follow, max-snippet:-1, max-image-preview:large, max-video-preview:-1\" \/>\n<link rel=\"canonical\" href=\"https:\/\/servimedcolombia.com\/index.php\/producto\/set-de-diagnostico-y-los-sentidos-pocket-led-welch-allyn\/\" \/>\n<meta property=\"og:locale\" content=\"es_ES\" \/>\n<meta property=\"og:type\" content=\"article\" \/>\n<meta property=\"og:title\" content=\"SET DE DIAGN\u00d3STICO Y LOS SENTIDOS POCKET LED WELCH ALLYN - Servimed Colombia\" \/>\n<meta property=\"og:description\" content=\"El Pocket LED de Welch Allyn es un conjunto de herramientas de diagn\u00f3stico de alto rendimiento dise\u00f1ado para ayudarte a desarrollar y perfeccionar tus habilidades de evaluaci\u00f3n f\u00edsica.      Diferenciaci\u00f3n en la Luz LED de Welch Allyn: Este equipo para diagn\u00f3stico de \u00f3rganos de los sentidos Pocket LED se destaca por el equilibrio correcto de la temperatura del color, el \u00edndice de reproducci\u00f3n crom\u00e1tica (IRC) y el brillo. Hemos optimizado los bombillos LED en los instrumentos para oftalmolog\u00eda y otorrino.  Otoscopio Duradero: El otoscopio de bolsillo es el m\u00e1s duradero en el mercado actual. Est\u00e1 dise\u00f1ado para perdurar desde el entrenamiento hasta el consultorio. Utiliza bombillos LED con tecnolog\u00eda SureColor\u2122 patentada por Welch Allyn, ofreciendo una iluminaci\u00f3n de fibra \u00f3ptica que emite luz fr\u00eda sin reflejos ni obstrucciones.  Oftalmoscopio Port\u00e1til: El oftalmoscopio de Welch Allyn es el m\u00e1s liviano para una mayor portabilidad y facilidad de uso. Cuenta con bombillos LED con tecnolog\u00eda SureColor\u2122 y es uno de los oftalmoscopios m\u00e1s duraderos del mercado actual. Ofrece las aberturas y los filtros de los oftalmoscopios de tama\u00f1o tradicional, sin sacrificar ninguna funcionalidad.    Todos nuestros activos est\u00e1n sujetos a disponibilidad seg\u00fan inventario.\u00a0\" \/>\n<meta property=\"og:url\" content=\"https:\/\/servimedcolombia.com\/index.php\/producto\/set-de-diagnostico-y-los-sentidos-pocket-led-welch-allyn\/\" \/>\n<meta property=\"og:site_name\" content=\"Servimed Colombia\" \/>\n<meta property=\"article:modified_time\" content=\"2023-11-20T23:12:26+00:00\" \/>\n<meta property=\"og:image\" content=\"https:\/\/servimedcolombia.com\/wp-content\/uploads\/2023\/11\/77.jpg\" \/>\n\t<meta property=\"og:image:width\" content=\"1378\" \/>\n\t<meta property=\"og:image:height\" content=\"1378\" \/>\n\t<meta property=\"og:image:type\" content=\"image\/jpeg\" \/>\n<meta name=\"twitter:card\" content=\"summary_large_image\" \/>\n<script type=\"application\/ld+json\" class=\"yoast-schema-graph\">{\"@context\":\"https:\\\/\\\/schema.org\",\"@graph\":[{\"@type\":\"WebPage\",\"@id\":\"https:\\\/\\\/servimedcolombia.com\\\/index.php\\\/producto\\\/set-de-diagnostico-y-los-sentidos-pocket-led-welch-allyn\\\/\",\"url\":\"https:\\\/\\\/servimedcolombia.com\\\/index.php\\\/producto\\\/set-de-diagnostico-y-los-sentidos-pocket-led-welch-allyn\\\/\",\"name\":\"SET DE DIAGN\u00d3STICO Y LOS SENTIDOS POCKET LED WELCH ALLYN - Servimed Colombia\",\"isPartOf\":{\"@id\":\"https:\\\/\\\/servimedcolombia.com\\\/#website\"},\"primaryImageOfPage\":{\"@id\":\"https:\\\/\\\/servimedcolombia.com\\\/index.php\\\/producto\\\/set-de-diagnostico-y-los-sentidos-pocket-led-welch-allyn\\\/#primaryimage\"},\"image\":{\"@id\":\"https:\\\/\\\/servimedcolombia.com\\\/index.php\\\/producto\\\/set-de-diagnostico-y-los-sentidos-pocket-led-welch-allyn\\\/#primaryimage\"},\"thumbnailUrl\":\"https:\\\/\\\/servimedcolombia.com\\\/wp-content\\\/uploads\\\/2026\\\/04\\\/77.webp\",\"datePublished\":\"2023-11-20T23:11:35+00:00\",\"dateModified\":\"2023-11-20T23:12:26+00:00\",\"breadcrumb\":{\"@id\":\"https:\\\/\\\/servimedcolombia.com\\\/index.php\\\/producto\\\/set-de-diagnostico-y-los-sentidos-pocket-led-welch-allyn\\\/#breadcrumb\"},\"inLanguage\":\"es\",\"potentialAction\":[{\"@type\":\"ReadAction\",\"target\":[\"https:\\\/\\\/servimedcolombia.com\\\/index.php\\\/producto\\\/set-de-diagnostico-y-los-sentidos-pocket-led-welch-allyn\\\/\"]}]},{\"@type\":\"ImageObject\",\"inLanguage\":\"es\",\"@id\":\"https:\\\/\\\/servimedcolombia.com\\\/index.php\\\/producto\\\/set-de-diagnostico-y-los-sentidos-pocket-led-welch-allyn\\\/#primaryimage\",\"url\":\"https:\\\/\\\/servimedcolombia.com\\\/wp-content\\\/uploads\\\/2026\\\/04\\\/77.webp\",\"contentUrl\":\"https:\\\/\\\/servimedcolombia.com\\\/wp-content\\\/uploads\\\/2026\\\/04\\\/77.webp\",\"width\":1378,\"height\":1378},{\"@type\":\"BreadcrumbList\",\"@id\":\"https:\\\/\\\/servimedcolombia.com\\\/index.php\\\/producto\\\/set-de-diagnostico-y-los-sentidos-pocket-led-welch-allyn\\\/#breadcrumb\",\"itemListElement\":[{\"@type\":\"ListItem\",\"position\":1,\"name\":\"Portada\",\"item\":\"https:\\\/\\\/servimedcolombia.com\\\/\"},{\"@type\":\"ListItem\",\"position\":2,\"name\":\"Tienda\",\"item\":\"https:\\\/\\\/servimedcolombia.com\\\/index.php\\\/tienda\\\/\"},{\"@type\":\"ListItem\",\"position\":3,\"name\":\"SET DE DIAGN\u00d3STICO Y LOS SENTIDOS POCKET LED WELCH ALLYN\"}]},{\"@type\":\"WebSite\",\"@id\":\"https:\\\/\\\/servimedcolombia.com\\\/#website\",\"url\":\"https:\\\/\\\/servimedcolombia.com\\\/\",\"name\":\"Servimed Colombia\",\"description\":\"\",\"potentialAction\":[{\"@type\":\"SearchAction\",\"target\":{\"@type\":\"EntryPoint\",\"urlTemplate\":\"https:\\\/\\\/servimedcolombia.com\\\/?s={search_term_string}\"},\"query-input\":{\"@type\":\"PropertyValueSpecification\",\"valueRequired\":true,\"valueName\":\"search_term_string\"}}],\"inLanguage\":\"es\"}]}<\/script>\n<!-- \/ Yoast SEO plugin. -->","yoast_head_json":{"title":"SET DE DIAGN\u00d3STICO Y LOS SENTIDOS POCKET LED WELCH ALLYN - Servimed Colombia","robots":{"index":"index","follow":"follow","max-snippet":"max-snippet:-1","max-image-preview":"max-image-preview:large","max-video-preview":"max-video-preview:-1"},"canonical":"https:\/\/servimedcolombia.com\/index.php\/producto\/set-de-diagnostico-y-los-sentidos-pocket-led-welch-allyn\/","og_locale":"es_ES","og_type":"article","og_title":"SET DE DIAGN\u00d3STICO Y LOS SENTIDOS POCKET LED WELCH ALLYN - Servimed Colombia","og_description":"El Pocket LED de Welch Allyn es un conjunto de herramientas de diagn\u00f3stico de alto rendimiento dise\u00f1ado para ayudarte a desarrollar y perfeccionar tus habilidades de evaluaci\u00f3n f\u00edsica.      Diferenciaci\u00f3n en la Luz LED de Welch Allyn: Este equipo para diagn\u00f3stico de \u00f3rganos de los sentidos Pocket LED se destaca por el equilibrio correcto de la temperatura del color, el \u00edndice de reproducci\u00f3n crom\u00e1tica (IRC) y el brillo. Hemos optimizado los bombillos LED en los instrumentos para oftalmolog\u00eda y otorrino.  Otoscopio Duradero: El otoscopio de bolsillo es el m\u00e1s duradero en el mercado actual. Est\u00e1 dise\u00f1ado para perdurar desde el entrenamiento hasta el consultorio. Utiliza bombillos LED con tecnolog\u00eda SureColor\u2122 patentada por Welch Allyn, ofreciendo una iluminaci\u00f3n de fibra \u00f3ptica que emite luz fr\u00eda sin reflejos ni obstrucciones.  Oftalmoscopio Port\u00e1til: El oftalmoscopio de Welch Allyn es el m\u00e1s liviano para una mayor portabilidad y facilidad de uso. Cuenta con bombillos LED con tecnolog\u00eda SureColor\u2122 y es uno de los oftalmoscopios m\u00e1s duraderos del mercado actual. Ofrece las aberturas y los filtros de los oftalmoscopios de tama\u00f1o tradicional, sin sacrificar ninguna funcionalidad.    Todos nuestros activos est\u00e1n sujetos a disponibilidad seg\u00fan inventario.\u00a0","og_url":"https:\/\/servimedcolombia.com\/index.php\/producto\/set-de-diagnostico-y-los-sentidos-pocket-led-welch-allyn\/","og_site_name":"Servimed Colombia","article_modified_time":"2023-11-20T23:12:26+00:00","og_image":[{"width":1378,"height":1378,"url":"https:\/\/servimedcolombia.com\/wp-content\/uploads\/2023\/11\/77.jpg","type":"image\/jpeg"}],"twitter_card":"summary_large_image","schema":{"@context":"https:\/\/schema.org","@graph":[{"@type":"WebPage","@id":"https:\/\/servimedcolombia.com\/index.php\/producto\/set-de-diagnostico-y-los-sentidos-pocket-led-welch-allyn\/","url":"https:\/\/servimedcolombia.com\/index.php\/producto\/set-de-diagnostico-y-los-sentidos-pocket-led-welch-allyn\/","name":"SET DE DIAGN\u00d3STICO Y LOS SENTIDOS POCKET LED WELCH ALLYN - Servimed Colombia","isPartOf":{"@id":"https:\/\/servimedcolombia.com\/#website"},"primaryImageOfPage":{"@id":"https:\/\/servimedcolombia.com\/index.php\/producto\/set-de-diagnostico-y-los-sentidos-pocket-led-welch-allyn\/#primaryimage"},"image":{"@id":"https:\/\/servimedcolombia.com\/index.php\/producto\/set-de-diagnostico-y-los-sentidos-pocket-led-welch-allyn\/#primaryimage"},"thumbnailUrl":"https:\/\/servimedcolombia.com\/wp-content\/uploads\/2026\/04\/77.webp","datePublished":"2023-11-20T23:11:35+00:00","dateModified":"2023-11-20T23:12:26+00:00","breadcrumb":{"@id":"https:\/\/servimedcolombia.com\/index.php\/producto\/set-de-diagnostico-y-los-sentidos-pocket-led-welch-allyn\/#breadcrumb"},"inLanguage":"es","potentialAction":[{"@type":"ReadAction","target":["https:\/\/servimedcolombia.com\/index.php\/producto\/set-de-diagnostico-y-los-sentidos-pocket-led-welch-allyn\/"]}]},{"@type":"ImageObject","inLanguage":"es","@id":"https:\/\/servimedcolombia.com\/index.php\/producto\/set-de-diagnostico-y-los-sentidos-pocket-led-welch-allyn\/#primaryimage","url":"https:\/\/servimedcolombia.com\/wp-content\/uploads\/2026\/04\/77.webp","contentUrl":"https:\/\/servimedcolombia.com\/wp-content\/uploads\/2026\/04\/77.webp","width":1378,"height":1378},{"@type":"BreadcrumbList","@id":"https:\/\/servimedcolombia.com\/index.php\/producto\/set-de-diagnostico-y-los-sentidos-pocket-led-welch-allyn\/#breadcrumb","itemListElement":[{"@type":"ListItem","position":1,"name":"Portada","item":"https:\/\/servimedcolombia.com\/"},{"@type":"ListItem","position":2,"name":"Tienda","item":"https:\/\/servimedcolombia.com\/index.php\/tienda\/"},{"@type":"ListItem","position":3,"name":"SET DE DIAGN\u00d3STICO Y LOS SENTIDOS POCKET LED WELCH ALLYN"}]},{"@type":"WebSite","@id":"https:\/\/servimedcolombia.com\/#website","url":"https:\/\/servimedcolombia.com\/","name":"Servimed Colombia","description":"","potentialAction":[{"@type":"SearchAction","target":{"@type":"EntryPoint","urlTemplate":"https:\/\/servimedcolombia.com\/?s={search_term_string}"},"query-input":{"@type":"PropertyValueSpecification","valueRequired":true,"valueName":"search_term_string"}}],"inLanguage":"es"}]}},"_links":{"self":[{"href":"https:\/\/servimedcolombia.com\/index.php\/wp-json\/wp\/v2\/product\/10784","targetHints":{"allow":["GET"]}}],"collection":[{"href":"https:\/\/servimedcolombia.com\/index.php\/wp-json\/wp\/v2\/product"}],"about":[{"href":"https:\/\/servimedcolombia.com\/index.php\/wp-json\/wp\/v2\/types\/product"}],"version-history":[{"count":0,"href":"https:\/\/servimedcolombia.com\/index.php\/wp-json\/wp\/v2\/product\/10784\/revisions"}],"wp:featuredmedia":[{"embeddable":true,"href":"https:\/\/servimedcolombia.com\/index.php\/wp-json\/wp\/v2\/media\/10785"}],"wp:attachment":[{"href":"https:\/\/servimedcolombia.com\/index.php\/wp-json\/wp\/v2\/media?parent=10784"}],"wp:term":[{"taxonomy":"product_brand","embeddable":true,"href":"https:\/\/servimedcolombia.com\/index.php\/wp-json\/wp\/v2\/product_brand?post=10784"},{"taxonomy":"product_cat","embeddable":true,"href":"https:\/\/servimedcolombia.com\/index.php\/wp-json\/wp\/v2\/product_cat?post=10784"},{"taxonomy":"product_tag","embeddable":true,"href":"https:\/\/servimedcolombia.com\/index.php\/wp-json\/wp\/v2\/product_tag?post=10784"}],"curies":[{"name":"wp","href":"https:\/\/api.w.org\/{rel}","templated":true}]}}