{"id":10801,"date":"2023-11-22T16:42:52","date_gmt":"2023-11-22T21:42:52","guid":{"rendered":"https:\/\/servimedcolombia.com\/?post_type=product&#038;p=10801"},"modified":"2023-11-22T16:45:13","modified_gmt":"2023-11-22T21:45:13","slug":"aspirador-succionador-portatil-konsung","status":"publish","type":"product","link":"https:\/\/servimedcolombia.com\/index.php\/producto\/aspirador-succionador-portatil-konsung\/","title":{"rendered":"ASPIRADOR SUCCIONADOR PORT\u00c1TIL KONSUNG"},"content":{"rendered":"","protected":false},"excerpt":{"rendered":"<ul>\n<li>Marca: Konsung.<\/li>\n<li>Referencia: 9E-B.<\/li>\n<li>Unidad de venta: Unidad.<\/li>\n<li>Uso: Para aspiraci\u00f3n de secreciones en boca y v\u00eda a\u00e9rea.<\/li>\n<\/ul>\n<p><strong>Caracter\u00edsticas:<\/strong><\/p>\n<ul>\n<li>Voltaje: 110 V \u2013 12 VDC.<\/li>\n<li>Potencia de entrada: 90 VA.<\/li>\n<li>Ruido: \u226465 dB.<\/li>\n<li>Presi\u00f3n negativa m\u00e1xima: \u22650.075 MPa.<\/li>\n<li>Poder de succi\u00f3n: 15 L\/min.<\/li>\n<li>Tiempo de trabajo continuo: 0 \u2013 30 min.<\/li>\n<li>Tiempo de descanso: 30 min.<\/li>\n<li>Peso: 6.7 kg.<\/li>\n<li>Temperatura de almacenamiento: -25\u00b0C \u2013 70\u00b0C.<\/li>\n<li>Humedad de almacenamiento: 10% &#8211; 90%.<\/li>\n<li>Accesorios incluidos: Frasco de 1.000 ml, filtro de aire, manguera para succi\u00f3n, cable de poder de 110 Voltios, cable de poder de 12 Voltios y bater\u00eda recargable.<\/li>\n<\/ul>\n<p><strong>Funci\u00f3n:<\/strong> Su funci\u00f3n es permitir una respiraci\u00f3n adecuada o ventilaci\u00f3n del paciente.<\/p>\n<p><strong>Garant\u00eda:<\/strong> Garant\u00eda de un a\u00f1o por defecto de fabricaci\u00f3n.<\/p>\n<p><strong>Usos:<\/strong> Su uso puede ser en casa, consultorios y transporte del paciente.<\/p>\n<p><span style=\"color: #ff0000;\"><strong>Todos nuestros activos est\u00e1n sujetos a disponibilidad seg\u00fan inventario.\u00a0<\/strong><\/span><\/p>\n<p><span style=\"vertical-align: inherit;\"><span style=\"vertical-align: inherit;\"><span style=\"vertical-align: inherit;\"><span style=\"vertical-align: inherit;\"><span style=\"vertical-align: inherit;\"><span style=\"vertical-align: inherit;\">[njwa_button id=\"9888\"]<\/span><\/span><\/span><\/span><\/span><\/span><\/p>\n","protected":false},"featured_media":10802,"template":"","meta":{"rs_blank_template":"","rs_page_bg_color":"","slide_template_v7":""},"product_brand":[],"product_cat":[127],"product_tag":[],"class_list":{"0":"post-10801","1":"product","2":"type-product","3":"status-publish","4":"has-post-thumbnail","6":"product_cat-aspiradores-portatiles-y-quirurgicos","8":"first","9":"instock","10":"shipping-taxable","11":"product-type-simple"},"yoast_head":"<!-- This site is optimized with the Yoast SEO plugin v27.4 - https:\/\/yoast.com\/product\/yoast-seo-wordpress\/ -->\n<title>ASPIRADOR SUCCIONADOR PORT\u00c1TIL KONSUNG - Servimed Colombia<\/title>\n<meta name=\"robots\" content=\"index, follow, max-snippet:-1, max-image-preview:large, max-video-preview:-1\" \/>\n<link rel=\"canonical\" href=\"https:\/\/servimedcolombia.com\/index.php\/producto\/aspirador-succionador-portatil-konsung\/\" \/>\n<meta property=\"og:locale\" content=\"es_ES\" \/>\n<meta property=\"og:type\" content=\"article\" \/>\n<meta property=\"og:title\" content=\"ASPIRADOR SUCCIONADOR PORT\u00c1TIL KONSUNG - Servimed Colombia\" \/>\n<meta property=\"og:description\" content=\"Marca: Konsung.  Referencia: 9E-B.  Unidad de venta: Unidad.  Uso: Para aspiraci\u00f3n de secreciones en boca y v\u00eda a\u00e9rea.  Caracter\u00edsticas:   Voltaje: 110 V \u2013 12 VDC.  Potencia de entrada: 90 VA.  Ruido: \u226465 dB.  Presi\u00f3n negativa m\u00e1xima: \u22650.075 MPa.  Poder de succi\u00f3n: 15 L\/min.  Tiempo de trabajo continuo: 0 \u2013 30 min.  Tiempo de descanso: 30 min.  Peso: 6.7 kg.  Temperatura de almacenamiento: -25\u00b0C \u2013 70\u00b0C.  Humedad de almacenamiento: 10% - 90%.  Accesorios incluidos: Frasco de 1.000 ml, filtro de aire, manguera para succi\u00f3n, cable de poder de 110 Voltios, cable de poder de 12 Voltios y bater\u00eda recargable.  Funci\u00f3n: Su funci\u00f3n es permitir una respiraci\u00f3n adecuada o ventilaci\u00f3n del paciente.  Garant\u00eda: Garant\u00eda de un a\u00f1o por defecto de fabricaci\u00f3n.  Usos: Su uso puede ser en casa, consultorios y transporte del paciente.  Todos nuestros activos est\u00e1n sujetos a disponibilidad seg\u00fan inventario.\u00a0\" \/>\n<meta property=\"og:url\" content=\"https:\/\/servimedcolombia.com\/index.php\/producto\/aspirador-succionador-portatil-konsung\/\" \/>\n<meta property=\"og:site_name\" content=\"Servimed Colombia\" \/>\n<meta property=\"article:modified_time\" content=\"2023-11-22T21:45:13+00:00\" \/>\n<meta property=\"og:image\" content=\"https:\/\/servimedcolombia.com\/wp-content\/uploads\/2023\/11\/82.jpg\" \/>\n\t<meta property=\"og:image:width\" content=\"1654\" \/>\n\t<meta property=\"og:image:height\" content=\"1654\" \/>\n\t<meta property=\"og:image:type\" content=\"image\/jpeg\" \/>\n<meta name=\"twitter:card\" content=\"summary_large_image\" \/>\n<script type=\"application\/ld+json\" class=\"yoast-schema-graph\">{\"@context\":\"https:\\\/\\\/schema.org\",\"@graph\":[{\"@type\":\"WebPage\",\"@id\":\"https:\\\/\\\/servimedcolombia.com\\\/index.php\\\/producto\\\/aspirador-succionador-portatil-konsung\\\/\",\"url\":\"https:\\\/\\\/servimedcolombia.com\\\/index.php\\\/producto\\\/aspirador-succionador-portatil-konsung\\\/\",\"name\":\"ASPIRADOR SUCCIONADOR PORT\u00c1TIL KONSUNG - Servimed Colombia\",\"isPartOf\":{\"@id\":\"https:\\\/\\\/servimedcolombia.com\\\/#website\"},\"primaryImageOfPage\":{\"@id\":\"https:\\\/\\\/servimedcolombia.com\\\/index.php\\\/producto\\\/aspirador-succionador-portatil-konsung\\\/#primaryimage\"},\"image\":{\"@id\":\"https:\\\/\\\/servimedcolombia.com\\\/index.php\\\/producto\\\/aspirador-succionador-portatil-konsung\\\/#primaryimage\"},\"thumbnailUrl\":\"https:\\\/\\\/servimedcolombia.com\\\/wp-content\\\/uploads\\\/2026\\\/04\\\/82.webp\",\"datePublished\":\"2023-11-22T21:42:52+00:00\",\"dateModified\":\"2023-11-22T21:45:13+00:00\",\"breadcrumb\":{\"@id\":\"https:\\\/\\\/servimedcolombia.com\\\/index.php\\\/producto\\\/aspirador-succionador-portatil-konsung\\\/#breadcrumb\"},\"inLanguage\":\"es\",\"potentialAction\":[{\"@type\":\"ReadAction\",\"target\":[\"https:\\\/\\\/servimedcolombia.com\\\/index.php\\\/producto\\\/aspirador-succionador-portatil-konsung\\\/\"]}]},{\"@type\":\"ImageObject\",\"inLanguage\":\"es\",\"@id\":\"https:\\\/\\\/servimedcolombia.com\\\/index.php\\\/producto\\\/aspirador-succionador-portatil-konsung\\\/#primaryimage\",\"url\":\"https:\\\/\\\/servimedcolombia.com\\\/wp-content\\\/uploads\\\/2026\\\/04\\\/82.webp\",\"contentUrl\":\"https:\\\/\\\/servimedcolombia.com\\\/wp-content\\\/uploads\\\/2026\\\/04\\\/82.webp\",\"width\":1654,\"height\":1654},{\"@type\":\"BreadcrumbList\",\"@id\":\"https:\\\/\\\/servimedcolombia.com\\\/index.php\\\/producto\\\/aspirador-succionador-portatil-konsung\\\/#breadcrumb\",\"itemListElement\":[{\"@type\":\"ListItem\",\"position\":1,\"name\":\"Portada\",\"item\":\"https:\\\/\\\/servimedcolombia.com\\\/\"},{\"@type\":\"ListItem\",\"position\":2,\"name\":\"Tienda\",\"item\":\"https:\\\/\\\/servimedcolombia.com\\\/index.php\\\/tienda\\\/\"},{\"@type\":\"ListItem\",\"position\":3,\"name\":\"ASPIRADOR SUCCIONADOR PORT\u00c1TIL KONSUNG\"}]},{\"@type\":\"WebSite\",\"@id\":\"https:\\\/\\\/servimedcolombia.com\\\/#website\",\"url\":\"https:\\\/\\\/servimedcolombia.com\\\/\",\"name\":\"Servimed Colombia\",\"description\":\"\",\"potentialAction\":[{\"@type\":\"SearchAction\",\"target\":{\"@type\":\"EntryPoint\",\"urlTemplate\":\"https:\\\/\\\/servimedcolombia.com\\\/?s={search_term_string}\"},\"query-input\":{\"@type\":\"PropertyValueSpecification\",\"valueRequired\":true,\"valueName\":\"search_term_string\"}}],\"inLanguage\":\"es\"}]}<\/script>\n<!-- \/ Yoast SEO plugin. -->","yoast_head_json":{"title":"ASPIRADOR SUCCIONADOR PORT\u00c1TIL KONSUNG - Servimed Colombia","robots":{"index":"index","follow":"follow","max-snippet":"max-snippet:-1","max-image-preview":"max-image-preview:large","max-video-preview":"max-video-preview:-1"},"canonical":"https:\/\/servimedcolombia.com\/index.php\/producto\/aspirador-succionador-portatil-konsung\/","og_locale":"es_ES","og_type":"article","og_title":"ASPIRADOR SUCCIONADOR PORT\u00c1TIL KONSUNG - Servimed Colombia","og_description":"Marca: Konsung.  Referencia: 9E-B.  Unidad de venta: Unidad.  Uso: Para aspiraci\u00f3n de secreciones en boca y v\u00eda a\u00e9rea.  Caracter\u00edsticas:   Voltaje: 110 V \u2013 12 VDC.  Potencia de entrada: 90 VA.  Ruido: \u226465 dB.  Presi\u00f3n negativa m\u00e1xima: \u22650.075 MPa.  Poder de succi\u00f3n: 15 L\/min.  Tiempo de trabajo continuo: 0 \u2013 30 min.  Tiempo de descanso: 30 min.  Peso: 6.7 kg.  Temperatura de almacenamiento: -25\u00b0C \u2013 70\u00b0C.  Humedad de almacenamiento: 10% - 90%.  Accesorios incluidos: Frasco de 1.000 ml, filtro de aire, manguera para succi\u00f3n, cable de poder de 110 Voltios, cable de poder de 12 Voltios y bater\u00eda recargable.  Funci\u00f3n: Su funci\u00f3n es permitir una respiraci\u00f3n adecuada o ventilaci\u00f3n del paciente.  Garant\u00eda: Garant\u00eda de un a\u00f1o por defecto de fabricaci\u00f3n.  Usos: Su uso puede ser en casa, consultorios y transporte del paciente.  Todos nuestros activos est\u00e1n sujetos a disponibilidad seg\u00fan inventario.\u00a0","og_url":"https:\/\/servimedcolombia.com\/index.php\/producto\/aspirador-succionador-portatil-konsung\/","og_site_name":"Servimed Colombia","article_modified_time":"2023-11-22T21:45:13+00:00","og_image":[{"width":1654,"height":1654,"url":"https:\/\/servimedcolombia.com\/wp-content\/uploads\/2023\/11\/82.jpg","type":"image\/jpeg"}],"twitter_card":"summary_large_image","schema":{"@context":"https:\/\/schema.org","@graph":[{"@type":"WebPage","@id":"https:\/\/servimedcolombia.com\/index.php\/producto\/aspirador-succionador-portatil-konsung\/","url":"https:\/\/servimedcolombia.com\/index.php\/producto\/aspirador-succionador-portatil-konsung\/","name":"ASPIRADOR SUCCIONADOR PORT\u00c1TIL KONSUNG - Servimed Colombia","isPartOf":{"@id":"https:\/\/servimedcolombia.com\/#website"},"primaryImageOfPage":{"@id":"https:\/\/servimedcolombia.com\/index.php\/producto\/aspirador-succionador-portatil-konsung\/#primaryimage"},"image":{"@id":"https:\/\/servimedcolombia.com\/index.php\/producto\/aspirador-succionador-portatil-konsung\/#primaryimage"},"thumbnailUrl":"https:\/\/servimedcolombia.com\/wp-content\/uploads\/2026\/04\/82.webp","datePublished":"2023-11-22T21:42:52+00:00","dateModified":"2023-11-22T21:45:13+00:00","breadcrumb":{"@id":"https:\/\/servimedcolombia.com\/index.php\/producto\/aspirador-succionador-portatil-konsung\/#breadcrumb"},"inLanguage":"es","potentialAction":[{"@type":"ReadAction","target":["https:\/\/servimedcolombia.com\/index.php\/producto\/aspirador-succionador-portatil-konsung\/"]}]},{"@type":"ImageObject","inLanguage":"es","@id":"https:\/\/servimedcolombia.com\/index.php\/producto\/aspirador-succionador-portatil-konsung\/#primaryimage","url":"https:\/\/servimedcolombia.com\/wp-content\/uploads\/2026\/04\/82.webp","contentUrl":"https:\/\/servimedcolombia.com\/wp-content\/uploads\/2026\/04\/82.webp","width":1654,"height":1654},{"@type":"BreadcrumbList","@id":"https:\/\/servimedcolombia.com\/index.php\/producto\/aspirador-succionador-portatil-konsung\/#breadcrumb","itemListElement":[{"@type":"ListItem","position":1,"name":"Portada","item":"https:\/\/servimedcolombia.com\/"},{"@type":"ListItem","position":2,"name":"Tienda","item":"https:\/\/servimedcolombia.com\/index.php\/tienda\/"},{"@type":"ListItem","position":3,"name":"ASPIRADOR SUCCIONADOR PORT\u00c1TIL KONSUNG"}]},{"@type":"WebSite","@id":"https:\/\/servimedcolombia.com\/#website","url":"https:\/\/servimedcolombia.com\/","name":"Servimed Colombia","description":"","potentialAction":[{"@type":"SearchAction","target":{"@type":"EntryPoint","urlTemplate":"https:\/\/servimedcolombia.com\/?s={search_term_string}"},"query-input":{"@type":"PropertyValueSpecification","valueRequired":true,"valueName":"search_term_string"}}],"inLanguage":"es"}]}},"_links":{"self":[{"href":"https:\/\/servimedcolombia.com\/index.php\/wp-json\/wp\/v2\/product\/10801","targetHints":{"allow":["GET"]}}],"collection":[{"href":"https:\/\/servimedcolombia.com\/index.php\/wp-json\/wp\/v2\/product"}],"about":[{"href":"https:\/\/servimedcolombia.com\/index.php\/wp-json\/wp\/v2\/types\/product"}],"version-history":[{"count":0,"href":"https:\/\/servimedcolombia.com\/index.php\/wp-json\/wp\/v2\/product\/10801\/revisions"}],"wp:featuredmedia":[{"embeddable":true,"href":"https:\/\/servimedcolombia.com\/index.php\/wp-json\/wp\/v2\/media\/10802"}],"wp:attachment":[{"href":"https:\/\/servimedcolombia.com\/index.php\/wp-json\/wp\/v2\/media?parent=10801"}],"wp:term":[{"taxonomy":"product_brand","embeddable":true,"href":"https:\/\/servimedcolombia.com\/index.php\/wp-json\/wp\/v2\/product_brand?post=10801"},{"taxonomy":"product_cat","embeddable":true,"href":"https:\/\/servimedcolombia.com\/index.php\/wp-json\/wp\/v2\/product_cat?post=10801"},{"taxonomy":"product_tag","embeddable":true,"href":"https:\/\/servimedcolombia.com\/index.php\/wp-json\/wp\/v2\/product_tag?post=10801"}],"curies":[{"name":"wp","href":"https:\/\/api.w.org\/{rel}","templated":true}]}}