{"id":10810,"date":"2023-11-30T20:12:16","date_gmt":"2023-12-01T01:12:16","guid":{"rendered":"https:\/\/servimedcolombia.com\/?post_type=product&#038;p=10810"},"modified":"2023-11-30T20:13:58","modified_gmt":"2023-12-01T01:13:58","slug":"pulsioximetro-pulsax-500e","status":"publish","type":"product","link":"https:\/\/servimedcolombia.com\/index.php\/producto\/pulsioximetro-pulsax-500e\/","title":{"rendered":"PULSIOX\u00cdMETRO PULSAX 500E"},"content":{"rendered":"","protected":false},"excerpt":{"rendered":"<p>El Pulsiox\u00edmetro GMD 500E es un dispositivo que mide los niveles de saturaci\u00f3n de ox\u00edgeno en la sangre y la frecuencia card\u00edaca a trav\u00e9s del dedo del paciente. Con una pantalla LED resistente y f\u00e1cil de visualizar, este equipo es especialmente \u00fatil para personas con dificultades respiratorias e insuficiencias card\u00edacas. La versi\u00f3n 500E presenta un dise\u00f1o renovado y utiliza materiales m\u00e1s resistentes en comparaci\u00f3n con su predecesor, el 500B.<\/p>\n<p><strong>Caracter\u00edsticas Principales:<\/strong><\/p>\n<ul>\n<li>Pantalla LED resistente y de f\u00e1cil visualizaci\u00f3n.<\/li>\n<li>Funciona con dos bater\u00edas AAA.<\/li>\n<li>Incluye correa de seguridad y estuche.<\/li>\n<li>Recomendado para uso en adultos.<\/li>\n<li>Apagado autom\u00e1tico en 16 segundos.<\/li>\n<li>Pantalla unidireccional.<\/li>\n<\/ul>\n<p><strong>Especificaciones T\u00e9cnicas:<\/strong><\/p>\n<ul>\n<li><strong>Referencia:<\/strong> GMDPX-500E<\/li>\n<li><strong>Registro Sanitario:<\/strong> 2018EBC-0018574<\/li>\n<li><strong>Clasificaci\u00f3n de Riesgo:<\/strong> IIB<\/li>\n<li><strong>Rango de Medici\u00f3n Saturaci\u00f3n de Ox\u00edgeno:<\/strong> [35 &#8211; 100] %<\/li>\n<li><strong>Rango de Medici\u00f3n Frecuencia Card\u00edaca:<\/strong> [25 &#8211; 250] ppm<\/li>\n<li><strong>Resoluci\u00f3n de Saturaci\u00f3n de Ox\u00edgeno:<\/strong> 3.1 %<\/li>\n<li><strong>Resoluci\u00f3n de Frecuencia Card\u00edaca:<\/strong> 1.1 ppm<\/li>\n<li><strong>Precisi\u00f3n de Saturaci\u00f3n de Ox\u00edgeno:<\/strong> \u00b1 2% [70 &#8211; 100] %; No requerido (\u2264 69 %)<\/li>\n<li><strong>Precisi\u00f3n de Frecuencia Card\u00edaca:<\/strong> \u00b1 2 ppm<\/li>\n<li><strong>Tipo de Alimentaci\u00f3n:<\/strong> 2 Bater\u00edas alcalinas AAA 1.5 V<\/li>\n<li><strong>Dimensiones:<\/strong> 6,2 cm \u00d7 3,7 cm \u00d7 3,2 cm<\/li>\n<li><strong>Longitud de Onda:<\/strong> Luz Roja: 660 nm \u00b1 3; Infrarrojo: 905 nm \u00b1 5<\/li>\n<li><strong>Condiciones de Operaci\u00f3n:<\/strong> [5 &#8211; 40] \u00b0C; [15 &#8211; 80] % RH<\/li>\n<li><strong>Accesorios:<\/strong> Correa y Maleta<\/li>\n<\/ul>\n<p><span style=\"color: #ff0000;\"><strong>Todos nuestros activos est\u00e1n sujetos a disponibilidad seg\u00fan inventario.\u00a0<\/strong><\/span><\/p>\n<p><span style=\"vertical-align: inherit;\"><span style=\"vertical-align: inherit;\"><span style=\"vertical-align: inherit;\"><span style=\"vertical-align: inherit;\"><span style=\"vertical-align: inherit;\"><span style=\"vertical-align: inherit;\">[njwa_button id=\"9888\"]<\/span><\/span><\/span><\/span><\/span><\/span><\/p>\n","protected":false},"featured_media":10811,"template":"","meta":{"rs_blank_template":"","rs_page_bg_color":"","slide_template_v7":""},"product_brand":[],"product_cat":[146],"product_tag":[],"class_list":{"0":"post-10810","1":"product","2":"type-product","3":"status-publish","4":"has-post-thumbnail","6":"product_cat-control-y-prevencion","8":"first","9":"instock","10":"shipping-taxable","11":"product-type-simple"},"yoast_head":"<!-- This site is optimized with the Yoast SEO plugin v27.5 - https:\/\/yoast.com\/product\/yoast-seo-wordpress\/ -->\n<title>PULSIOX\u00cdMETRO PULSAX 500E - Servimed Colombia<\/title>\n<meta name=\"robots\" content=\"index, follow, max-snippet:-1, max-image-preview:large, max-video-preview:-1\" \/>\n<link rel=\"canonical\" href=\"https:\/\/servimedcolombia.com\/index.php\/producto\/pulsioximetro-pulsax-500e\/\" \/>\n<meta property=\"og:locale\" content=\"es_ES\" \/>\n<meta property=\"og:type\" content=\"article\" \/>\n<meta property=\"og:title\" content=\"PULSIOX\u00cdMETRO PULSAX 500E - Servimed Colombia\" \/>\n<meta property=\"og:description\" content=\"El Pulsiox\u00edmetro GMD 500E es un dispositivo que mide los niveles de saturaci\u00f3n de ox\u00edgeno en la sangre y la frecuencia card\u00edaca a trav\u00e9s del dedo del paciente. Con una pantalla LED resistente y f\u00e1cil de visualizar, este equipo es especialmente \u00fatil para personas con dificultades respiratorias e insuficiencias card\u00edacas. La versi\u00f3n 500E presenta un dise\u00f1o renovado y utiliza materiales m\u00e1s resistentes en comparaci\u00f3n con su predecesor, el 500B.  Caracter\u00edsticas Principales:   Pantalla LED resistente y de f\u00e1cil visualizaci\u00f3n.  Funciona con dos bater\u00edas AAA.  Incluye correa de seguridad y estuche.  Recomendado para uso en adultos.  Apagado autom\u00e1tico en 16 segundos.  Pantalla unidireccional.  Especificaciones T\u00e9cnicas:   Referencia: GMDPX-500E  Registro Sanitario: 2018EBC-0018574  Clasificaci\u00f3n de Riesgo: IIB  Rango de Medici\u00f3n Saturaci\u00f3n de Ox\u00edgeno: [35 - 100] %  Rango de Medici\u00f3n Frecuencia Card\u00edaca: [25 - 250] ppm  Resoluci\u00f3n de Saturaci\u00f3n de Ox\u00edgeno: 3.1 %  Resoluci\u00f3n de Frecuencia Card\u00edaca: 1.1 ppm  Precisi\u00f3n de Saturaci\u00f3n de Ox\u00edgeno: \u00b1 2% [70 - 100] %; No requerido (\u2264 69 %)  Precisi\u00f3n de Frecuencia Card\u00edaca: \u00b1 2 ppm  Tipo de Alimentaci\u00f3n: 2 Bater\u00edas alcalinas AAA 1.5 V  Dimensiones: 6,2 cm \u00d7 3,7 cm \u00d7 3,2 cm  Longitud de Onda: Luz Roja: 660 nm \u00b1 3; Infrarrojo: 905 nm \u00b1 5  Condiciones de Operaci\u00f3n: [5 - 40] \u00b0C; [15 - 80] % RH  Accesorios: Correa y Maleta  Todos nuestros activos est\u00e1n sujetos a disponibilidad seg\u00fan inventario.\u00a0\" \/>\n<meta property=\"og:url\" content=\"https:\/\/servimedcolombia.com\/index.php\/producto\/pulsioximetro-pulsax-500e\/\" \/>\n<meta property=\"og:site_name\" content=\"Servimed Colombia\" \/>\n<meta property=\"article:modified_time\" content=\"2023-12-01T01:13:58+00:00\" \/>\n<meta property=\"og:image\" content=\"https:\/\/servimedcolombia.com\/wp-content\/uploads\/2023\/11\/83.jpg\" \/>\n\t<meta property=\"og:image:width\" content=\"1654\" \/>\n\t<meta property=\"og:image:height\" content=\"1654\" \/>\n\t<meta property=\"og:image:type\" content=\"image\/jpeg\" \/>\n<meta name=\"twitter:card\" content=\"summary_large_image\" \/>\n<script type=\"application\/ld+json\" class=\"yoast-schema-graph\">{\"@context\":\"https:\\\/\\\/schema.org\",\"@graph\":[{\"@type\":\"WebPage\",\"@id\":\"https:\\\/\\\/servimedcolombia.com\\\/index.php\\\/producto\\\/pulsioximetro-pulsax-500e\\\/\",\"url\":\"https:\\\/\\\/servimedcolombia.com\\\/index.php\\\/producto\\\/pulsioximetro-pulsax-500e\\\/\",\"name\":\"PULSIOX\u00cdMETRO PULSAX 500E - Servimed Colombia\",\"isPartOf\":{\"@id\":\"https:\\\/\\\/servimedcolombia.com\\\/#website\"},\"primaryImageOfPage\":{\"@id\":\"https:\\\/\\\/servimedcolombia.com\\\/index.php\\\/producto\\\/pulsioximetro-pulsax-500e\\\/#primaryimage\"},\"image\":{\"@id\":\"https:\\\/\\\/servimedcolombia.com\\\/index.php\\\/producto\\\/pulsioximetro-pulsax-500e\\\/#primaryimage\"},\"thumbnailUrl\":\"https:\\\/\\\/servimedcolombia.com\\\/wp-content\\\/uploads\\\/2026\\\/04\\\/83.webp\",\"datePublished\":\"2023-12-01T01:12:16+00:00\",\"dateModified\":\"2023-12-01T01:13:58+00:00\",\"breadcrumb\":{\"@id\":\"https:\\\/\\\/servimedcolombia.com\\\/index.php\\\/producto\\\/pulsioximetro-pulsax-500e\\\/#breadcrumb\"},\"inLanguage\":\"es\",\"potentialAction\":[{\"@type\":\"ReadAction\",\"target\":[\"https:\\\/\\\/servimedcolombia.com\\\/index.php\\\/producto\\\/pulsioximetro-pulsax-500e\\\/\"]}]},{\"@type\":\"ImageObject\",\"inLanguage\":\"es\",\"@id\":\"https:\\\/\\\/servimedcolombia.com\\\/index.php\\\/producto\\\/pulsioximetro-pulsax-500e\\\/#primaryimage\",\"url\":\"https:\\\/\\\/servimedcolombia.com\\\/wp-content\\\/uploads\\\/2026\\\/04\\\/83.webp\",\"contentUrl\":\"https:\\\/\\\/servimedcolombia.com\\\/wp-content\\\/uploads\\\/2026\\\/04\\\/83.webp\",\"width\":1654,\"height\":1654},{\"@type\":\"BreadcrumbList\",\"@id\":\"https:\\\/\\\/servimedcolombia.com\\\/index.php\\\/producto\\\/pulsioximetro-pulsax-500e\\\/#breadcrumb\",\"itemListElement\":[{\"@type\":\"ListItem\",\"position\":1,\"name\":\"Portada\",\"item\":\"https:\\\/\\\/servimedcolombia.com\\\/\"},{\"@type\":\"ListItem\",\"position\":2,\"name\":\"Tienda\",\"item\":\"https:\\\/\\\/servimedcolombia.com\\\/index.php\\\/tienda\\\/\"},{\"@type\":\"ListItem\",\"position\":3,\"name\":\"PULSIOX\u00cdMETRO PULSAX 500E\"}]},{\"@type\":\"WebSite\",\"@id\":\"https:\\\/\\\/servimedcolombia.com\\\/#website\",\"url\":\"https:\\\/\\\/servimedcolombia.com\\\/\",\"name\":\"Servimed Colombia\",\"description\":\"\",\"potentialAction\":[{\"@type\":\"SearchAction\",\"target\":{\"@type\":\"EntryPoint\",\"urlTemplate\":\"https:\\\/\\\/servimedcolombia.com\\\/?s={search_term_string}\"},\"query-input\":{\"@type\":\"PropertyValueSpecification\",\"valueRequired\":true,\"valueName\":\"search_term_string\"}}],\"inLanguage\":\"es\"}]}<\/script>\n<!-- \/ Yoast SEO plugin. -->","yoast_head_json":{"title":"PULSIOX\u00cdMETRO PULSAX 500E - Servimed Colombia","robots":{"index":"index","follow":"follow","max-snippet":"max-snippet:-1","max-image-preview":"max-image-preview:large","max-video-preview":"max-video-preview:-1"},"canonical":"https:\/\/servimedcolombia.com\/index.php\/producto\/pulsioximetro-pulsax-500e\/","og_locale":"es_ES","og_type":"article","og_title":"PULSIOX\u00cdMETRO PULSAX 500E - Servimed Colombia","og_description":"El Pulsiox\u00edmetro GMD 500E es un dispositivo que mide los niveles de saturaci\u00f3n de ox\u00edgeno en la sangre y la frecuencia card\u00edaca a trav\u00e9s del dedo del paciente. Con una pantalla LED resistente y f\u00e1cil de visualizar, este equipo es especialmente \u00fatil para personas con dificultades respiratorias e insuficiencias card\u00edacas. La versi\u00f3n 500E presenta un dise\u00f1o renovado y utiliza materiales m\u00e1s resistentes en comparaci\u00f3n con su predecesor, el 500B.  Caracter\u00edsticas Principales:   Pantalla LED resistente y de f\u00e1cil visualizaci\u00f3n.  Funciona con dos bater\u00edas AAA.  Incluye correa de seguridad y estuche.  Recomendado para uso en adultos.  Apagado autom\u00e1tico en 16 segundos.  Pantalla unidireccional.  Especificaciones T\u00e9cnicas:   Referencia: GMDPX-500E  Registro Sanitario: 2018EBC-0018574  Clasificaci\u00f3n de Riesgo: IIB  Rango de Medici\u00f3n Saturaci\u00f3n de Ox\u00edgeno: [35 - 100] %  Rango de Medici\u00f3n Frecuencia Card\u00edaca: [25 - 250] ppm  Resoluci\u00f3n de Saturaci\u00f3n de Ox\u00edgeno: 3.1 %  Resoluci\u00f3n de Frecuencia Card\u00edaca: 1.1 ppm  Precisi\u00f3n de Saturaci\u00f3n de Ox\u00edgeno: \u00b1 2% [70 - 100] %; No requerido (\u2264 69 %)  Precisi\u00f3n de Frecuencia Card\u00edaca: \u00b1 2 ppm  Tipo de Alimentaci\u00f3n: 2 Bater\u00edas alcalinas AAA 1.5 V  Dimensiones: 6,2 cm \u00d7 3,7 cm \u00d7 3,2 cm  Longitud de Onda: Luz Roja: 660 nm \u00b1 3; Infrarrojo: 905 nm \u00b1 5  Condiciones de Operaci\u00f3n: [5 - 40] \u00b0C; [15 - 80] % RH  Accesorios: Correa y Maleta  Todos nuestros activos est\u00e1n sujetos a disponibilidad seg\u00fan inventario.\u00a0","og_url":"https:\/\/servimedcolombia.com\/index.php\/producto\/pulsioximetro-pulsax-500e\/","og_site_name":"Servimed Colombia","article_modified_time":"2023-12-01T01:13:58+00:00","og_image":[{"width":1654,"height":1654,"url":"https:\/\/servimedcolombia.com\/wp-content\/uploads\/2023\/11\/83.jpg","type":"image\/jpeg"}],"twitter_card":"summary_large_image","schema":{"@context":"https:\/\/schema.org","@graph":[{"@type":"WebPage","@id":"https:\/\/servimedcolombia.com\/index.php\/producto\/pulsioximetro-pulsax-500e\/","url":"https:\/\/servimedcolombia.com\/index.php\/producto\/pulsioximetro-pulsax-500e\/","name":"PULSIOX\u00cdMETRO PULSAX 500E - Servimed Colombia","isPartOf":{"@id":"https:\/\/servimedcolombia.com\/#website"},"primaryImageOfPage":{"@id":"https:\/\/servimedcolombia.com\/index.php\/producto\/pulsioximetro-pulsax-500e\/#primaryimage"},"image":{"@id":"https:\/\/servimedcolombia.com\/index.php\/producto\/pulsioximetro-pulsax-500e\/#primaryimage"},"thumbnailUrl":"https:\/\/servimedcolombia.com\/wp-content\/uploads\/2026\/04\/83.webp","datePublished":"2023-12-01T01:12:16+00:00","dateModified":"2023-12-01T01:13:58+00:00","breadcrumb":{"@id":"https:\/\/servimedcolombia.com\/index.php\/producto\/pulsioximetro-pulsax-500e\/#breadcrumb"},"inLanguage":"es","potentialAction":[{"@type":"ReadAction","target":["https:\/\/servimedcolombia.com\/index.php\/producto\/pulsioximetro-pulsax-500e\/"]}]},{"@type":"ImageObject","inLanguage":"es","@id":"https:\/\/servimedcolombia.com\/index.php\/producto\/pulsioximetro-pulsax-500e\/#primaryimage","url":"https:\/\/servimedcolombia.com\/wp-content\/uploads\/2026\/04\/83.webp","contentUrl":"https:\/\/servimedcolombia.com\/wp-content\/uploads\/2026\/04\/83.webp","width":1654,"height":1654},{"@type":"BreadcrumbList","@id":"https:\/\/servimedcolombia.com\/index.php\/producto\/pulsioximetro-pulsax-500e\/#breadcrumb","itemListElement":[{"@type":"ListItem","position":1,"name":"Portada","item":"https:\/\/servimedcolombia.com\/"},{"@type":"ListItem","position":2,"name":"Tienda","item":"https:\/\/servimedcolombia.com\/index.php\/tienda\/"},{"@type":"ListItem","position":3,"name":"PULSIOX\u00cdMETRO PULSAX 500E"}]},{"@type":"WebSite","@id":"https:\/\/servimedcolombia.com\/#website","url":"https:\/\/servimedcolombia.com\/","name":"Servimed Colombia","description":"","potentialAction":[{"@type":"SearchAction","target":{"@type":"EntryPoint","urlTemplate":"https:\/\/servimedcolombia.com\/?s={search_term_string}"},"query-input":{"@type":"PropertyValueSpecification","valueRequired":true,"valueName":"search_term_string"}}],"inLanguage":"es"}]}},"_links":{"self":[{"href":"https:\/\/servimedcolombia.com\/index.php\/wp-json\/wp\/v2\/product\/10810","targetHints":{"allow":["GET"]}}],"collection":[{"href":"https:\/\/servimedcolombia.com\/index.php\/wp-json\/wp\/v2\/product"}],"about":[{"href":"https:\/\/servimedcolombia.com\/index.php\/wp-json\/wp\/v2\/types\/product"}],"version-history":[{"count":0,"href":"https:\/\/servimedcolombia.com\/index.php\/wp-json\/wp\/v2\/product\/10810\/revisions"}],"wp:featuredmedia":[{"embeddable":true,"href":"https:\/\/servimedcolombia.com\/index.php\/wp-json\/wp\/v2\/media\/10811"}],"wp:attachment":[{"href":"https:\/\/servimedcolombia.com\/index.php\/wp-json\/wp\/v2\/media?parent=10810"}],"wp:term":[{"taxonomy":"product_brand","embeddable":true,"href":"https:\/\/servimedcolombia.com\/index.php\/wp-json\/wp\/v2\/product_brand?post=10810"},{"taxonomy":"product_cat","embeddable":true,"href":"https:\/\/servimedcolombia.com\/index.php\/wp-json\/wp\/v2\/product_cat?post=10810"},{"taxonomy":"product_tag","embeddable":true,"href":"https:\/\/servimedcolombia.com\/index.php\/wp-json\/wp\/v2\/product_tag?post=10810"}],"curies":[{"name":"wp","href":"https:\/\/api.w.org\/{rel}","templated":true}]}}