{"id":10815,"date":"2023-12-06T15:40:54","date_gmt":"2023-12-06T20:40:54","guid":{"rendered":"https:\/\/servimedcolombia.com\/?post_type=product&#038;p=10815"},"modified":"2024-05-10T10:12:08","modified_gmt":"2024-05-10T15:12:08","slug":"maquina-de-anestesia-mindray-wato-ex-20","status":"publish","type":"product","link":"https:\/\/servimedcolombia.com\/index.php\/producto\/maquina-de-anestesia-mindray-wato-ex-20\/","title":{"rendered":"M\u00c1QUINA DE ANESTESIA MINDRAY WATO EX-20"},"content":{"rendered":"","protected":false},"excerpt":{"rendered":"<p>La m\u00e1quina de anestesia Mindray WATO EX-20 est\u00e1 dise\u00f1ada para atender a pacientes adultos y pedi\u00e1tricos. Cuenta con un ventilador electr\u00f3nico controlado por volumen y presi\u00f3n, as\u00ed como la capacidad de administrar tres gases (O2, N2O y Aire). Adem\u00e1s, ofrece alarmas audibles y visuales, monitorizaci\u00f3n de O2 y FiO2, y cuenta con una bater\u00eda de litio con una duraci\u00f3n de 90 minutos.<\/p>\n<p><strong>Especificaciones T\u00e9cnicas:<\/strong><\/p>\n<p>Con un rendimiento t\u00e9cnico m\u00e1ximo, dise\u00f1o contempor\u00e1neo y ergon\u00f3mico, la WATO EX-20 se alinea con el \u00faltimo concepto de anestesia moderna. Su tama\u00f1o compacto la hace adecuada para cualquier entorno con espacio limitado, priorizando la facilidad de uso y la seguridad del paciente en la pr\u00e1ctica diaria de la anestesia.<\/p>\n<p>La unidad principal incluye un ventilador, medidor de flujo mec\u00e1nico, circuito de respiraci\u00f3n con absorci\u00f3n de CO2, 1 caj\u00f3n, una bater\u00eda de litio, gu\u00eda r\u00e1pida y manual de usuario. La pantalla LCD a color de 7 pulgadas muestra todos los datos relevantes, como configuraci\u00f3n del ventilador, informaci\u00f3n de medici\u00f3n y tendencias num\u00e9ricas\/gr\u00e1ficas, con opciones de visualizaci\u00f3n seleccionables entre est\u00e1ndar, letra grande o control.<\/p>\n<p><strong>Caracter\u00edsticas:<\/strong><\/p>\n<ul>\n<li><strong>Pacientes:<\/strong> Para adultos y pedi\u00e1tricos.<\/li>\n<li><strong>Pantalla:<\/strong> LCD Color 7\u201d.<\/li>\n<li><strong>Bater\u00eda:<\/strong> S\u00ed (90 minutos cada una).<\/li>\n<li><strong>Fuente de Gas (ajuste electr\u00f3nico):<\/strong> O2 + N2O + Aire.<\/li>\n<li><strong>Lenguaje:<\/strong> Espa\u00f1ol.<\/li>\n<li><strong>Posici\u00f3n para Vaporizadores:<\/strong> 2 (No incluye Vaporizadores).<\/li>\n<li><strong>Compatibles con Vaporizadores:<\/strong> Isoflurane, Sevoflurane, Halothane, Desflurane, Enflurane.<\/li>\n<li><strong>Ventilaci\u00f3n Controlada por Volumen:<\/strong> S\u00ed, rango de 40-1500ml, con compensaci\u00f3n de volumen tidal.<\/li>\n<li><strong>Ventilaci\u00f3n Controlada por Presi\u00f3n:<\/strong> No.<\/li>\n<li><strong>PEEP Electr\u00f3nica:<\/strong> S\u00ed, con compensaci\u00f3n de VT y PEEP electr\u00f3nica.<\/li>\n<li><strong>Software:<\/strong> Incluye Modo VCV y compensaci\u00f3n VT, monitorizaci\u00f3n de Volumen.<\/li>\n<li><strong>Monitorizaci\u00f3n de O2:<\/strong> S\u00ed, incluye sensor O2 \u00abMedicel MOX-2\u00bb, cable del sensor.<\/li>\n<li><strong>Sistemas AGSS:<\/strong> Pasivo, incluye manguera y adaptador.<\/li>\n<li><strong>Monitorizaci\u00f3n de Presi\u00f3n de Aire:<\/strong> S\u00ed.<\/li>\n<li><strong>Monitoreo de Ox\u00edgeno Inspirado FiO2:<\/strong> S\u00ed.<\/li>\n<\/ul>\n<p><strong>Accesorios:<\/strong><\/p>\n<ul>\n<li>Circuito de paciente para adultos.<\/li>\n<li>M\u00e1scara.<\/li>\n<li>V\u00e1lvula.<\/li>\n<li>Circuito de respiraci\u00f3n.<\/li>\n<\/ul>\n<p><span style=\"color: #ff0000;\"><strong>Todos nuestros activos est\u00e1n sujetos a disponibilidad seg\u00fan inventario.\u00a0<\/strong><\/span><\/p>\n<p><span style=\"vertical-align: inherit;\"><span style=\"vertical-align: inherit;\"><span style=\"vertical-align: inherit;\"><span style=\"vertical-align: inherit;\"><span style=\"vertical-align: inherit;\"><span style=\"vertical-align: inherit;\">[njwa_button id=\"9888\"]<\/span><\/span><\/span><\/span><\/span><\/span><\/p>\n","protected":false},"featured_media":10816,"template":"","meta":{"rs_blank_template":"","rs_page_bg_color":"","slide_template_v7":""},"product_brand":[],"product_cat":[173],"product_tag":[],"class_list":{"0":"post-10815","1":"product","2":"type-product","3":"status-publish","4":"has-post-thumbnail","6":"product_cat-maquinas-de-anestesia","8":"first","9":"instock","10":"featured","11":"shipping-taxable","12":"product-type-simple"},"yoast_head":"<!-- This site is optimized with the Yoast SEO plugin v27.5 - https:\/\/yoast.com\/product\/yoast-seo-wordpress\/ -->\n<title>M\u00c1QUINA DE ANESTESIA MINDRAY WATO EX-20 - Servimed Colombia<\/title>\n<meta name=\"robots\" content=\"index, follow, max-snippet:-1, max-image-preview:large, max-video-preview:-1\" \/>\n<link rel=\"canonical\" href=\"https:\/\/servimedcolombia.com\/index.php\/producto\/maquina-de-anestesia-mindray-wato-ex-20\/\" \/>\n<meta property=\"og:locale\" content=\"es_ES\" \/>\n<meta property=\"og:type\" content=\"article\" \/>\n<meta property=\"og:title\" content=\"M\u00c1QUINA DE ANESTESIA MINDRAY WATO EX-20 - Servimed Colombia\" \/>\n<meta property=\"og:description\" content=\"La m\u00e1quina de anestesia Mindray WATO EX-20 est\u00e1 dise\u00f1ada para atender a pacientes adultos y pedi\u00e1tricos. Cuenta con un ventilador electr\u00f3nico controlado por volumen y presi\u00f3n, as\u00ed como la capacidad de administrar tres gases (O2, N2O y Aire). Adem\u00e1s, ofrece alarmas audibles y visuales, monitorizaci\u00f3n de O2 y FiO2, y cuenta con una bater\u00eda de litio con una duraci\u00f3n de 90 minutos.  Especificaciones T\u00e9cnicas:  Con un rendimiento t\u00e9cnico m\u00e1ximo, dise\u00f1o contempor\u00e1neo y ergon\u00f3mico, la WATO EX-20 se alinea con el \u00faltimo concepto de anestesia moderna. Su tama\u00f1o compacto la hace adecuada para cualquier entorno con espacio limitado, priorizando la facilidad de uso y la seguridad del paciente en la pr\u00e1ctica diaria de la anestesia.  La unidad principal incluye un ventilador, medidor de flujo mec\u00e1nico, circuito de respiraci\u00f3n con absorci\u00f3n de CO2, 1 caj\u00f3n, una bater\u00eda de litio, gu\u00eda r\u00e1pida y manual de usuario. La pantalla LCD a color de 7 pulgadas muestra todos los datos relevantes, como configuraci\u00f3n del ventilador, informaci\u00f3n de medici\u00f3n y tendencias num\u00e9ricas\/gr\u00e1ficas, con opciones de visualizaci\u00f3n seleccionables entre est\u00e1ndar, letra grande o control.  Caracter\u00edsticas:   Pacientes: Para adultos y pedi\u00e1tricos.  Pantalla: LCD Color 7\u201d.  Bater\u00eda: S\u00ed (90 minutos cada una).  Fuente de Gas (ajuste electr\u00f3nico): O2 + N2O + Aire.  Lenguaje: Espa\u00f1ol.  Posici\u00f3n para Vaporizadores: 2 (No incluye Vaporizadores).  Compatibles con Vaporizadores: Isoflurane, Sevoflurane, Halothane, Desflurane, Enflurane.  Ventilaci\u00f3n Controlada por Volumen: S\u00ed, rango de 40-1500ml, con compensaci\u00f3n de volumen tidal.  Ventilaci\u00f3n Controlada por Presi\u00f3n: No.  PEEP Electr\u00f3nica: S\u00ed, con compensaci\u00f3n de VT y PEEP electr\u00f3nica.  Software: Incluye Modo VCV y compensaci\u00f3n VT, monitorizaci\u00f3n de Volumen.  Monitorizaci\u00f3n de O2: S\u00ed, incluye sensor O2 &quot;Medicel MOX-2&quot;, cable del sensor.  Sistemas AGSS: Pasivo, incluye manguera y adaptador.  Monitorizaci\u00f3n de Presi\u00f3n de Aire: S\u00ed.  Monitoreo de Ox\u00edgeno Inspirado FiO2: S\u00ed.  Accesorios:   Circuito de paciente para adultos.  M\u00e1scara.  V\u00e1lvula.  Circuito de respiraci\u00f3n.  Todos nuestros activos est\u00e1n sujetos a disponibilidad seg\u00fan inventario.\u00a0\" \/>\n<meta property=\"og:url\" content=\"https:\/\/servimedcolombia.com\/index.php\/producto\/maquina-de-anestesia-mindray-wato-ex-20\/\" \/>\n<meta property=\"og:site_name\" content=\"Servimed Colombia\" \/>\n<meta property=\"article:modified_time\" content=\"2024-05-10T15:12:08+00:00\" \/>\n<meta property=\"og:image\" content=\"https:\/\/servimedcolombia.com\/wp-content\/uploads\/2023\/12\/84.jpg\" \/>\n\t<meta property=\"og:image:width\" content=\"1654\" \/>\n\t<meta property=\"og:image:height\" content=\"1654\" \/>\n\t<meta property=\"og:image:type\" content=\"image\/jpeg\" \/>\n<meta name=\"twitter:card\" content=\"summary_large_image\" \/>\n<script type=\"application\/ld+json\" class=\"yoast-schema-graph\">{\"@context\":\"https:\\\/\\\/schema.org\",\"@graph\":[{\"@type\":\"WebPage\",\"@id\":\"https:\\\/\\\/servimedcolombia.com\\\/index.php\\\/producto\\\/maquina-de-anestesia-mindray-wato-ex-20\\\/\",\"url\":\"https:\\\/\\\/servimedcolombia.com\\\/index.php\\\/producto\\\/maquina-de-anestesia-mindray-wato-ex-20\\\/\",\"name\":\"M\u00c1QUINA DE ANESTESIA MINDRAY WATO EX-20 - Servimed Colombia\",\"isPartOf\":{\"@id\":\"https:\\\/\\\/servimedcolombia.com\\\/#website\"},\"primaryImageOfPage\":{\"@id\":\"https:\\\/\\\/servimedcolombia.com\\\/index.php\\\/producto\\\/maquina-de-anestesia-mindray-wato-ex-20\\\/#primaryimage\"},\"image\":{\"@id\":\"https:\\\/\\\/servimedcolombia.com\\\/index.php\\\/producto\\\/maquina-de-anestesia-mindray-wato-ex-20\\\/#primaryimage\"},\"thumbnailUrl\":\"https:\\\/\\\/servimedcolombia.com\\\/wp-content\\\/uploads\\\/2026\\\/04\\\/84.webp\",\"datePublished\":\"2023-12-06T20:40:54+00:00\",\"dateModified\":\"2024-05-10T15:12:08+00:00\",\"breadcrumb\":{\"@id\":\"https:\\\/\\\/servimedcolombia.com\\\/index.php\\\/producto\\\/maquina-de-anestesia-mindray-wato-ex-20\\\/#breadcrumb\"},\"inLanguage\":\"es\",\"potentialAction\":[{\"@type\":\"ReadAction\",\"target\":[\"https:\\\/\\\/servimedcolombia.com\\\/index.php\\\/producto\\\/maquina-de-anestesia-mindray-wato-ex-20\\\/\"]}]},{\"@type\":\"ImageObject\",\"inLanguage\":\"es\",\"@id\":\"https:\\\/\\\/servimedcolombia.com\\\/index.php\\\/producto\\\/maquina-de-anestesia-mindray-wato-ex-20\\\/#primaryimage\",\"url\":\"https:\\\/\\\/servimedcolombia.com\\\/wp-content\\\/uploads\\\/2026\\\/04\\\/84.webp\",\"contentUrl\":\"https:\\\/\\\/servimedcolombia.com\\\/wp-content\\\/uploads\\\/2026\\\/04\\\/84.webp\",\"width\":1654,\"height\":1654},{\"@type\":\"BreadcrumbList\",\"@id\":\"https:\\\/\\\/servimedcolombia.com\\\/index.php\\\/producto\\\/maquina-de-anestesia-mindray-wato-ex-20\\\/#breadcrumb\",\"itemListElement\":[{\"@type\":\"ListItem\",\"position\":1,\"name\":\"Portada\",\"item\":\"https:\\\/\\\/servimedcolombia.com\\\/\"},{\"@type\":\"ListItem\",\"position\":2,\"name\":\"Tienda\",\"item\":\"https:\\\/\\\/servimedcolombia.com\\\/index.php\\\/tienda\\\/\"},{\"@type\":\"ListItem\",\"position\":3,\"name\":\"M\u00c1QUINA DE ANESTESIA MINDRAY WATO EX-20\"}]},{\"@type\":\"WebSite\",\"@id\":\"https:\\\/\\\/servimedcolombia.com\\\/#website\",\"url\":\"https:\\\/\\\/servimedcolombia.com\\\/\",\"name\":\"Servimed Colombia\",\"description\":\"\",\"potentialAction\":[{\"@type\":\"SearchAction\",\"target\":{\"@type\":\"EntryPoint\",\"urlTemplate\":\"https:\\\/\\\/servimedcolombia.com\\\/?s={search_term_string}\"},\"query-input\":{\"@type\":\"PropertyValueSpecification\",\"valueRequired\":true,\"valueName\":\"search_term_string\"}}],\"inLanguage\":\"es\"}]}<\/script>\n<!-- \/ Yoast SEO plugin. -->","yoast_head_json":{"title":"M\u00c1QUINA DE ANESTESIA MINDRAY WATO EX-20 - Servimed Colombia","robots":{"index":"index","follow":"follow","max-snippet":"max-snippet:-1","max-image-preview":"max-image-preview:large","max-video-preview":"max-video-preview:-1"},"canonical":"https:\/\/servimedcolombia.com\/index.php\/producto\/maquina-de-anestesia-mindray-wato-ex-20\/","og_locale":"es_ES","og_type":"article","og_title":"M\u00c1QUINA DE ANESTESIA MINDRAY WATO EX-20 - Servimed Colombia","og_description":"La m\u00e1quina de anestesia Mindray WATO EX-20 est\u00e1 dise\u00f1ada para atender a pacientes adultos y pedi\u00e1tricos. Cuenta con un ventilador electr\u00f3nico controlado por volumen y presi\u00f3n, as\u00ed como la capacidad de administrar tres gases (O2, N2O y Aire). Adem\u00e1s, ofrece alarmas audibles y visuales, monitorizaci\u00f3n de O2 y FiO2, y cuenta con una bater\u00eda de litio con una duraci\u00f3n de 90 minutos.  Especificaciones T\u00e9cnicas:  Con un rendimiento t\u00e9cnico m\u00e1ximo, dise\u00f1o contempor\u00e1neo y ergon\u00f3mico, la WATO EX-20 se alinea con el \u00faltimo concepto de anestesia moderna. Su tama\u00f1o compacto la hace adecuada para cualquier entorno con espacio limitado, priorizando la facilidad de uso y la seguridad del paciente en la pr\u00e1ctica diaria de la anestesia.  La unidad principal incluye un ventilador, medidor de flujo mec\u00e1nico, circuito de respiraci\u00f3n con absorci\u00f3n de CO2, 1 caj\u00f3n, una bater\u00eda de litio, gu\u00eda r\u00e1pida y manual de usuario. La pantalla LCD a color de 7 pulgadas muestra todos los datos relevantes, como configuraci\u00f3n del ventilador, informaci\u00f3n de medici\u00f3n y tendencias num\u00e9ricas\/gr\u00e1ficas, con opciones de visualizaci\u00f3n seleccionables entre est\u00e1ndar, letra grande o control.  Caracter\u00edsticas:   Pacientes: Para adultos y pedi\u00e1tricos.  Pantalla: LCD Color 7\u201d.  Bater\u00eda: S\u00ed (90 minutos cada una).  Fuente de Gas (ajuste electr\u00f3nico): O2 + N2O + Aire.  Lenguaje: Espa\u00f1ol.  Posici\u00f3n para Vaporizadores: 2 (No incluye Vaporizadores).  Compatibles con Vaporizadores: Isoflurane, Sevoflurane, Halothane, Desflurane, Enflurane.  Ventilaci\u00f3n Controlada por Volumen: S\u00ed, rango de 40-1500ml, con compensaci\u00f3n de volumen tidal.  Ventilaci\u00f3n Controlada por Presi\u00f3n: No.  PEEP Electr\u00f3nica: S\u00ed, con compensaci\u00f3n de VT y PEEP electr\u00f3nica.  Software: Incluye Modo VCV y compensaci\u00f3n VT, monitorizaci\u00f3n de Volumen.  Monitorizaci\u00f3n de O2: S\u00ed, incluye sensor O2 \"Medicel MOX-2\", cable del sensor.  Sistemas AGSS: Pasivo, incluye manguera y adaptador.  Monitorizaci\u00f3n de Presi\u00f3n de Aire: S\u00ed.  Monitoreo de Ox\u00edgeno Inspirado FiO2: S\u00ed.  Accesorios:   Circuito de paciente para adultos.  M\u00e1scara.  V\u00e1lvula.  Circuito de respiraci\u00f3n.  Todos nuestros activos est\u00e1n sujetos a disponibilidad seg\u00fan inventario.\u00a0","og_url":"https:\/\/servimedcolombia.com\/index.php\/producto\/maquina-de-anestesia-mindray-wato-ex-20\/","og_site_name":"Servimed Colombia","article_modified_time":"2024-05-10T15:12:08+00:00","og_image":[{"width":1654,"height":1654,"url":"https:\/\/servimedcolombia.com\/wp-content\/uploads\/2023\/12\/84.jpg","type":"image\/jpeg"}],"twitter_card":"summary_large_image","schema":{"@context":"https:\/\/schema.org","@graph":[{"@type":"WebPage","@id":"https:\/\/servimedcolombia.com\/index.php\/producto\/maquina-de-anestesia-mindray-wato-ex-20\/","url":"https:\/\/servimedcolombia.com\/index.php\/producto\/maquina-de-anestesia-mindray-wato-ex-20\/","name":"M\u00c1QUINA DE ANESTESIA MINDRAY WATO EX-20 - Servimed Colombia","isPartOf":{"@id":"https:\/\/servimedcolombia.com\/#website"},"primaryImageOfPage":{"@id":"https:\/\/servimedcolombia.com\/index.php\/producto\/maquina-de-anestesia-mindray-wato-ex-20\/#primaryimage"},"image":{"@id":"https:\/\/servimedcolombia.com\/index.php\/producto\/maquina-de-anestesia-mindray-wato-ex-20\/#primaryimage"},"thumbnailUrl":"https:\/\/servimedcolombia.com\/wp-content\/uploads\/2026\/04\/84.webp","datePublished":"2023-12-06T20:40:54+00:00","dateModified":"2024-05-10T15:12:08+00:00","breadcrumb":{"@id":"https:\/\/servimedcolombia.com\/index.php\/producto\/maquina-de-anestesia-mindray-wato-ex-20\/#breadcrumb"},"inLanguage":"es","potentialAction":[{"@type":"ReadAction","target":["https:\/\/servimedcolombia.com\/index.php\/producto\/maquina-de-anestesia-mindray-wato-ex-20\/"]}]},{"@type":"ImageObject","inLanguage":"es","@id":"https:\/\/servimedcolombia.com\/index.php\/producto\/maquina-de-anestesia-mindray-wato-ex-20\/#primaryimage","url":"https:\/\/servimedcolombia.com\/wp-content\/uploads\/2026\/04\/84.webp","contentUrl":"https:\/\/servimedcolombia.com\/wp-content\/uploads\/2026\/04\/84.webp","width":1654,"height":1654},{"@type":"BreadcrumbList","@id":"https:\/\/servimedcolombia.com\/index.php\/producto\/maquina-de-anestesia-mindray-wato-ex-20\/#breadcrumb","itemListElement":[{"@type":"ListItem","position":1,"name":"Portada","item":"https:\/\/servimedcolombia.com\/"},{"@type":"ListItem","position":2,"name":"Tienda","item":"https:\/\/servimedcolombia.com\/index.php\/tienda\/"},{"@type":"ListItem","position":3,"name":"M\u00c1QUINA DE ANESTESIA MINDRAY WATO EX-20"}]},{"@type":"WebSite","@id":"https:\/\/servimedcolombia.com\/#website","url":"https:\/\/servimedcolombia.com\/","name":"Servimed Colombia","description":"","potentialAction":[{"@type":"SearchAction","target":{"@type":"EntryPoint","urlTemplate":"https:\/\/servimedcolombia.com\/?s={search_term_string}"},"query-input":{"@type":"PropertyValueSpecification","valueRequired":true,"valueName":"search_term_string"}}],"inLanguage":"es"}]}},"_links":{"self":[{"href":"https:\/\/servimedcolombia.com\/index.php\/wp-json\/wp\/v2\/product\/10815","targetHints":{"allow":["GET"]}}],"collection":[{"href":"https:\/\/servimedcolombia.com\/index.php\/wp-json\/wp\/v2\/product"}],"about":[{"href":"https:\/\/servimedcolombia.com\/index.php\/wp-json\/wp\/v2\/types\/product"}],"version-history":[{"count":0,"href":"https:\/\/servimedcolombia.com\/index.php\/wp-json\/wp\/v2\/product\/10815\/revisions"}],"wp:featuredmedia":[{"embeddable":true,"href":"https:\/\/servimedcolombia.com\/index.php\/wp-json\/wp\/v2\/media\/10816"}],"wp:attachment":[{"href":"https:\/\/servimedcolombia.com\/index.php\/wp-json\/wp\/v2\/media?parent=10815"}],"wp:term":[{"taxonomy":"product_brand","embeddable":true,"href":"https:\/\/servimedcolombia.com\/index.php\/wp-json\/wp\/v2\/product_brand?post=10815"},{"taxonomy":"product_cat","embeddable":true,"href":"https:\/\/servimedcolombia.com\/index.php\/wp-json\/wp\/v2\/product_cat?post=10815"},{"taxonomy":"product_tag","embeddable":true,"href":"https:\/\/servimedcolombia.com\/index.php\/wp-json\/wp\/v2\/product_tag?post=10815"}],"curies":[{"name":"wp","href":"https:\/\/api.w.org\/{rel}","templated":true}]}}