{"id":10818,"date":"2023-12-06T16:45:57","date_gmt":"2023-12-06T21:45:57","guid":{"rendered":"https:\/\/servimedcolombia.com\/?post_type=product&#038;p=10818"},"modified":"2023-12-06T16:47:07","modified_gmt":"2023-12-06T21:47:07","slug":"doppler-ultrasonico-de-bolsillo-sd3-pro","status":"publish","type":"product","link":"https:\/\/servimedcolombia.com\/index.php\/producto\/doppler-ultrasonico-de-bolsillo-sd3-pro\/","title":{"rendered":"DOPPLER ULTRAS\u00d3NICO DE BOLSILLO SD3 PRO"},"content":{"rendered":"","protected":false},"excerpt":{"rendered":"<p>El Doppler ultras\u00f3nico de bolsillo de la serie SD3 PRO es una herramienta ideal para la detecci\u00f3n de la frecuencia card\u00edaca fetal de rutina por parte de los m\u00e9dicos. Destaca por su excelente sensibilidad y la capacidad de intercambiar transductores, adapt\u00e1ndose as\u00ed a estudios obst\u00e9tricos y vasculares.<\/p>\n<p>Este dispositivo no solo ofrece la posibilidad de realizar la detecci\u00f3n de la frecuencia card\u00edaca fetal de manera eficiente, sino que tambi\u00e9n permite funciones adicionales que mejoran la experiencia del usuario. Entre estas caracter\u00edsticas, se incluye la capacidad de grabar, reproducir y descargar estudios, lo que facilita la revisi\u00f3n y el an\u00e1lisis de los resultados.<\/p>\n<p>Con el Doppler SD3 PRO, los profesionales m\u00e9dicos pueden beneficiarse de una herramienta vers\u00e1til y pr\u00e1ctica que no solo cumple con los est\u00e1ndares de detecci\u00f3n de frecuencia card\u00edaca fetal, sino que tambi\u00e9n ofrece funciones avanzadas para un diagn\u00f3stico m\u00e1s completo y una experiencia m\u00e1s completa para el usuario.<\/p>\n<p><span style=\"color: #ff0000;\"><strong>Todos nuestros activos est\u00e1n sujetos a disponibilidad seg\u00fan inventario.\u00a0<\/strong><\/span><\/p>\n<p><span style=\"vertical-align: inherit;\"><span style=\"vertical-align: inherit;\"><span style=\"vertical-align: inherit;\"><span style=\"vertical-align: inherit;\"><span style=\"vertical-align: inherit;\"><span style=\"vertical-align: inherit;\">[njwa_button id=\"9888\"]<\/span><\/span><\/span><\/span><\/span><\/span><\/p>\n","protected":false},"featured_media":10819,"template":"","meta":{"rs_blank_template":"","rs_page_bg_color":"","slide_template_v7":""},"product_brand":[],"product_cat":[128],"product_tag":[],"class_list":{"0":"post-10818","1":"product","2":"type-product","3":"status-publish","4":"has-post-thumbnail","6":"product_cat-dopplers","8":"first","9":"instock","10":"shipping-taxable","11":"product-type-simple"},"yoast_head":"<!-- This site is optimized with the Yoast SEO plugin v27.4 - https:\/\/yoast.com\/product\/yoast-seo-wordpress\/ -->\n<title>DOPPLER ULTRAS\u00d3NICO DE BOLSILLO SD3 PRO - Servimed Colombia<\/title>\n<meta name=\"robots\" content=\"index, follow, max-snippet:-1, max-image-preview:large, max-video-preview:-1\" \/>\n<link rel=\"canonical\" href=\"https:\/\/servimedcolombia.com\/index.php\/producto\/doppler-ultrasonico-de-bolsillo-sd3-pro\/\" \/>\n<meta property=\"og:locale\" content=\"es_ES\" \/>\n<meta property=\"og:type\" content=\"article\" \/>\n<meta property=\"og:title\" content=\"DOPPLER ULTRAS\u00d3NICO DE BOLSILLO SD3 PRO - Servimed Colombia\" \/>\n<meta property=\"og:description\" content=\"El Doppler ultras\u00f3nico de bolsillo de la serie SD3 PRO es una herramienta ideal para la detecci\u00f3n de la frecuencia card\u00edaca fetal de rutina por parte de los m\u00e9dicos. Destaca por su excelente sensibilidad y la capacidad de intercambiar transductores, adapt\u00e1ndose as\u00ed a estudios obst\u00e9tricos y vasculares.  Este dispositivo no solo ofrece la posibilidad de realizar la detecci\u00f3n de la frecuencia card\u00edaca fetal de manera eficiente, sino que tambi\u00e9n permite funciones adicionales que mejoran la experiencia del usuario. Entre estas caracter\u00edsticas, se incluye la capacidad de grabar, reproducir y descargar estudios, lo que facilita la revisi\u00f3n y el an\u00e1lisis de los resultados.  Con el Doppler SD3 PRO, los profesionales m\u00e9dicos pueden beneficiarse de una herramienta vers\u00e1til y pr\u00e1ctica que no solo cumple con los est\u00e1ndares de detecci\u00f3n de frecuencia card\u00edaca fetal, sino que tambi\u00e9n ofrece funciones avanzadas para un diagn\u00f3stico m\u00e1s completo y una experiencia m\u00e1s completa para el usuario.  Todos nuestros activos est\u00e1n sujetos a disponibilidad seg\u00fan inventario.\u00a0\" \/>\n<meta property=\"og:url\" content=\"https:\/\/servimedcolombia.com\/index.php\/producto\/doppler-ultrasonico-de-bolsillo-sd3-pro\/\" \/>\n<meta property=\"og:site_name\" content=\"Servimed Colombia\" \/>\n<meta property=\"article:modified_time\" content=\"2023-12-06T21:47:07+00:00\" \/>\n<meta property=\"og:image\" content=\"https:\/\/servimedcolombia.com\/wp-content\/uploads\/2023\/12\/85.jpg\" \/>\n\t<meta property=\"og:image:width\" content=\"1654\" \/>\n\t<meta property=\"og:image:height\" content=\"1654\" \/>\n\t<meta property=\"og:image:type\" content=\"image\/jpeg\" \/>\n<meta name=\"twitter:card\" content=\"summary_large_image\" \/>\n<script type=\"application\/ld+json\" class=\"yoast-schema-graph\">{\"@context\":\"https:\\\/\\\/schema.org\",\"@graph\":[{\"@type\":\"WebPage\",\"@id\":\"https:\\\/\\\/servimedcolombia.com\\\/index.php\\\/producto\\\/doppler-ultrasonico-de-bolsillo-sd3-pro\\\/\",\"url\":\"https:\\\/\\\/servimedcolombia.com\\\/index.php\\\/producto\\\/doppler-ultrasonico-de-bolsillo-sd3-pro\\\/\",\"name\":\"DOPPLER ULTRAS\u00d3NICO DE BOLSILLO SD3 PRO - Servimed Colombia\",\"isPartOf\":{\"@id\":\"https:\\\/\\\/servimedcolombia.com\\\/#website\"},\"primaryImageOfPage\":{\"@id\":\"https:\\\/\\\/servimedcolombia.com\\\/index.php\\\/producto\\\/doppler-ultrasonico-de-bolsillo-sd3-pro\\\/#primaryimage\"},\"image\":{\"@id\":\"https:\\\/\\\/servimedcolombia.com\\\/index.php\\\/producto\\\/doppler-ultrasonico-de-bolsillo-sd3-pro\\\/#primaryimage\"},\"thumbnailUrl\":\"https:\\\/\\\/servimedcolombia.com\\\/wp-content\\\/uploads\\\/2026\\\/04\\\/85.webp\",\"datePublished\":\"2023-12-06T21:45:57+00:00\",\"dateModified\":\"2023-12-06T21:47:07+00:00\",\"breadcrumb\":{\"@id\":\"https:\\\/\\\/servimedcolombia.com\\\/index.php\\\/producto\\\/doppler-ultrasonico-de-bolsillo-sd3-pro\\\/#breadcrumb\"},\"inLanguage\":\"es\",\"potentialAction\":[{\"@type\":\"ReadAction\",\"target\":[\"https:\\\/\\\/servimedcolombia.com\\\/index.php\\\/producto\\\/doppler-ultrasonico-de-bolsillo-sd3-pro\\\/\"]}]},{\"@type\":\"ImageObject\",\"inLanguage\":\"es\",\"@id\":\"https:\\\/\\\/servimedcolombia.com\\\/index.php\\\/producto\\\/doppler-ultrasonico-de-bolsillo-sd3-pro\\\/#primaryimage\",\"url\":\"https:\\\/\\\/servimedcolombia.com\\\/wp-content\\\/uploads\\\/2026\\\/04\\\/85.webp\",\"contentUrl\":\"https:\\\/\\\/servimedcolombia.com\\\/wp-content\\\/uploads\\\/2026\\\/04\\\/85.webp\",\"width\":1654,\"height\":1654},{\"@type\":\"BreadcrumbList\",\"@id\":\"https:\\\/\\\/servimedcolombia.com\\\/index.php\\\/producto\\\/doppler-ultrasonico-de-bolsillo-sd3-pro\\\/#breadcrumb\",\"itemListElement\":[{\"@type\":\"ListItem\",\"position\":1,\"name\":\"Portada\",\"item\":\"https:\\\/\\\/servimedcolombia.com\\\/\"},{\"@type\":\"ListItem\",\"position\":2,\"name\":\"Tienda\",\"item\":\"https:\\\/\\\/servimedcolombia.com\\\/index.php\\\/tienda\\\/\"},{\"@type\":\"ListItem\",\"position\":3,\"name\":\"DOPPLER ULTRAS\u00d3NICO DE BOLSILLO SD3 PRO\"}]},{\"@type\":\"WebSite\",\"@id\":\"https:\\\/\\\/servimedcolombia.com\\\/#website\",\"url\":\"https:\\\/\\\/servimedcolombia.com\\\/\",\"name\":\"Servimed Colombia\",\"description\":\"\",\"potentialAction\":[{\"@type\":\"SearchAction\",\"target\":{\"@type\":\"EntryPoint\",\"urlTemplate\":\"https:\\\/\\\/servimedcolombia.com\\\/?s={search_term_string}\"},\"query-input\":{\"@type\":\"PropertyValueSpecification\",\"valueRequired\":true,\"valueName\":\"search_term_string\"}}],\"inLanguage\":\"es\"}]}<\/script>\n<!-- \/ Yoast SEO plugin. -->","yoast_head_json":{"title":"DOPPLER ULTRAS\u00d3NICO DE BOLSILLO SD3 PRO - Servimed Colombia","robots":{"index":"index","follow":"follow","max-snippet":"max-snippet:-1","max-image-preview":"max-image-preview:large","max-video-preview":"max-video-preview:-1"},"canonical":"https:\/\/servimedcolombia.com\/index.php\/producto\/doppler-ultrasonico-de-bolsillo-sd3-pro\/","og_locale":"es_ES","og_type":"article","og_title":"DOPPLER ULTRAS\u00d3NICO DE BOLSILLO SD3 PRO - Servimed Colombia","og_description":"El Doppler ultras\u00f3nico de bolsillo de la serie SD3 PRO es una herramienta ideal para la detecci\u00f3n de la frecuencia card\u00edaca fetal de rutina por parte de los m\u00e9dicos. Destaca por su excelente sensibilidad y la capacidad de intercambiar transductores, adapt\u00e1ndose as\u00ed a estudios obst\u00e9tricos y vasculares.  Este dispositivo no solo ofrece la posibilidad de realizar la detecci\u00f3n de la frecuencia card\u00edaca fetal de manera eficiente, sino que tambi\u00e9n permite funciones adicionales que mejoran la experiencia del usuario. Entre estas caracter\u00edsticas, se incluye la capacidad de grabar, reproducir y descargar estudios, lo que facilita la revisi\u00f3n y el an\u00e1lisis de los resultados.  Con el Doppler SD3 PRO, los profesionales m\u00e9dicos pueden beneficiarse de una herramienta vers\u00e1til y pr\u00e1ctica que no solo cumple con los est\u00e1ndares de detecci\u00f3n de frecuencia card\u00edaca fetal, sino que tambi\u00e9n ofrece funciones avanzadas para un diagn\u00f3stico m\u00e1s completo y una experiencia m\u00e1s completa para el usuario.  Todos nuestros activos est\u00e1n sujetos a disponibilidad seg\u00fan inventario.\u00a0","og_url":"https:\/\/servimedcolombia.com\/index.php\/producto\/doppler-ultrasonico-de-bolsillo-sd3-pro\/","og_site_name":"Servimed Colombia","article_modified_time":"2023-12-06T21:47:07+00:00","og_image":[{"width":1654,"height":1654,"url":"https:\/\/servimedcolombia.com\/wp-content\/uploads\/2023\/12\/85.jpg","type":"image\/jpeg"}],"twitter_card":"summary_large_image","schema":{"@context":"https:\/\/schema.org","@graph":[{"@type":"WebPage","@id":"https:\/\/servimedcolombia.com\/index.php\/producto\/doppler-ultrasonico-de-bolsillo-sd3-pro\/","url":"https:\/\/servimedcolombia.com\/index.php\/producto\/doppler-ultrasonico-de-bolsillo-sd3-pro\/","name":"DOPPLER ULTRAS\u00d3NICO DE BOLSILLO SD3 PRO - Servimed Colombia","isPartOf":{"@id":"https:\/\/servimedcolombia.com\/#website"},"primaryImageOfPage":{"@id":"https:\/\/servimedcolombia.com\/index.php\/producto\/doppler-ultrasonico-de-bolsillo-sd3-pro\/#primaryimage"},"image":{"@id":"https:\/\/servimedcolombia.com\/index.php\/producto\/doppler-ultrasonico-de-bolsillo-sd3-pro\/#primaryimage"},"thumbnailUrl":"https:\/\/servimedcolombia.com\/wp-content\/uploads\/2026\/04\/85.webp","datePublished":"2023-12-06T21:45:57+00:00","dateModified":"2023-12-06T21:47:07+00:00","breadcrumb":{"@id":"https:\/\/servimedcolombia.com\/index.php\/producto\/doppler-ultrasonico-de-bolsillo-sd3-pro\/#breadcrumb"},"inLanguage":"es","potentialAction":[{"@type":"ReadAction","target":["https:\/\/servimedcolombia.com\/index.php\/producto\/doppler-ultrasonico-de-bolsillo-sd3-pro\/"]}]},{"@type":"ImageObject","inLanguage":"es","@id":"https:\/\/servimedcolombia.com\/index.php\/producto\/doppler-ultrasonico-de-bolsillo-sd3-pro\/#primaryimage","url":"https:\/\/servimedcolombia.com\/wp-content\/uploads\/2026\/04\/85.webp","contentUrl":"https:\/\/servimedcolombia.com\/wp-content\/uploads\/2026\/04\/85.webp","width":1654,"height":1654},{"@type":"BreadcrumbList","@id":"https:\/\/servimedcolombia.com\/index.php\/producto\/doppler-ultrasonico-de-bolsillo-sd3-pro\/#breadcrumb","itemListElement":[{"@type":"ListItem","position":1,"name":"Portada","item":"https:\/\/servimedcolombia.com\/"},{"@type":"ListItem","position":2,"name":"Tienda","item":"https:\/\/servimedcolombia.com\/index.php\/tienda\/"},{"@type":"ListItem","position":3,"name":"DOPPLER ULTRAS\u00d3NICO DE BOLSILLO SD3 PRO"}]},{"@type":"WebSite","@id":"https:\/\/servimedcolombia.com\/#website","url":"https:\/\/servimedcolombia.com\/","name":"Servimed Colombia","description":"","potentialAction":[{"@type":"SearchAction","target":{"@type":"EntryPoint","urlTemplate":"https:\/\/servimedcolombia.com\/?s={search_term_string}"},"query-input":{"@type":"PropertyValueSpecification","valueRequired":true,"valueName":"search_term_string"}}],"inLanguage":"es"}]}},"_links":{"self":[{"href":"https:\/\/servimedcolombia.com\/index.php\/wp-json\/wp\/v2\/product\/10818","targetHints":{"allow":["GET"]}}],"collection":[{"href":"https:\/\/servimedcolombia.com\/index.php\/wp-json\/wp\/v2\/product"}],"about":[{"href":"https:\/\/servimedcolombia.com\/index.php\/wp-json\/wp\/v2\/types\/product"}],"version-history":[{"count":0,"href":"https:\/\/servimedcolombia.com\/index.php\/wp-json\/wp\/v2\/product\/10818\/revisions"}],"wp:featuredmedia":[{"embeddable":true,"href":"https:\/\/servimedcolombia.com\/index.php\/wp-json\/wp\/v2\/media\/10819"}],"wp:attachment":[{"href":"https:\/\/servimedcolombia.com\/index.php\/wp-json\/wp\/v2\/media?parent=10818"}],"wp:term":[{"taxonomy":"product_brand","embeddable":true,"href":"https:\/\/servimedcolombia.com\/index.php\/wp-json\/wp\/v2\/product_brand?post=10818"},{"taxonomy":"product_cat","embeddable":true,"href":"https:\/\/servimedcolombia.com\/index.php\/wp-json\/wp\/v2\/product_cat?post=10818"},{"taxonomy":"product_tag","embeddable":true,"href":"https:\/\/servimedcolombia.com\/index.php\/wp-json\/wp\/v2\/product_tag?post=10818"}],"curies":[{"name":"wp","href":"https:\/\/api.w.org\/{rel}","templated":true}]}}