{"id":10959,"date":"2024-02-14T18:51:06","date_gmt":"2024-02-14T23:51:06","guid":{"rendered":"https:\/\/servimedcolombia.com\/?post_type=product&#038;p=10959"},"modified":"2024-03-31T20:11:01","modified_gmt":"2024-04-01T01:11:01","slug":"ecografo-mindray-dc-30","status":"publish","type":"product","link":"https:\/\/servimedcolombia.com\/index.php\/producto\/ecografo-mindray-dc-30\/","title":{"rendered":"EC\u00d3GRAFO MINDRAY DC-30"},"content":{"rendered":"","protected":false},"excerpt":{"rendered":"<p>El Ec\u00f3grafo Mindray DC-30 Full HD es una soluci\u00f3n progresiva dise\u00f1ada para satisfacer las demandas de mejora en los servicios de atenci\u00f3n primaria. Ofrece un rendimiento de imagen de alta calidad y funcionalidades avanzadas que lo distinguen de los sistemas ecogr\u00e1ficos est\u00e1ndares disponibles en la actualidad.<\/p>\n<p><strong>Caracter\u00edsticas destacadas:<\/strong><\/p>\n<ul>\n<li>Pantalla Full HD de 21.5\u2033 que garantiza una visualizaci\u00f3n n\u00edtida y detallada de las im\u00e1genes.<\/li>\n<li>Tarjeta gr\u00e1fica dedicada para un procesamiento r\u00e1pido y eficiente de las im\u00e1genes.<\/li>\n<li>Funciones avanzadas como Auto IMT, iScape, im\u00e1genes con contraste UWN e im\u00e1genes Doppler tisulares para diagn\u00f3sticos m\u00e1s precisos y completos en el \u00e1mbito de las im\u00e1genes generales.<\/li>\n<li>Funcionalidades espec\u00edficas para obstetricia, como Smart OB, Smart face e iLive, que facilitan la evaluaci\u00f3n y el seguimiento del embarazo.<\/li>\n<li>Capacidad para utilizar hasta 3 transductores simult\u00e1neos, lo que aumenta la versatilidad y la eficiencia en el proceso de exploraci\u00f3n.<\/li>\n<\/ul>\n<p>Adem\u00e1s, el DC-30 Full HD ofrece un rendimiento a bajo costo, lo que lo convierte en una opci\u00f3n atractiva para centros de atenci\u00f3n primaria que buscan mejorar sus servicios de diagn\u00f3stico por imagen sin comprometer la calidad ni la funcionalidad.<\/p>\n<p><span style=\"color: #ff0000;\"><strong>Todos nuestros activos est\u00e1n sujetos a disponibilidad seg\u00fan inventario.\u00a0<\/strong><\/span><\/p>\n<p><span style=\"vertical-align: inherit;\"><span style=\"vertical-align: inherit;\"><span style=\"vertical-align: inherit;\"><span style=\"vertical-align: inherit;\"><span style=\"vertical-align: inherit;\"><span style=\"vertical-align: inherit;\">[njwa_button id=\"9888\"]<\/span><\/span><\/span><\/span><\/span><\/span><\/p>\n","protected":false},"featured_media":10960,"template":"","meta":{"rs_blank_template":"","rs_page_bg_color":"","slide_template_v7":""},"product_brand":[],"product_cat":[180],"product_tag":[],"class_list":{"0":"post-10959","1":"product","2":"type-product","3":"status-publish","4":"has-post-thumbnail","6":"product_cat-ecografia","8":"first","9":"instock","10":"shipping-taxable","11":"product-type-simple"},"yoast_head":"<!-- This site is optimized with the Yoast SEO plugin v27.4 - https:\/\/yoast.com\/product\/yoast-seo-wordpress\/ -->\n<title>EC\u00d3GRAFO MINDRAY DC-30 - Servimed Colombia<\/title>\n<meta name=\"robots\" content=\"index, follow, max-snippet:-1, max-image-preview:large, max-video-preview:-1\" \/>\n<link rel=\"canonical\" href=\"https:\/\/servimedcolombia.com\/index.php\/producto\/ecografo-mindray-dc-30\/\" \/>\n<meta property=\"og:locale\" content=\"es_ES\" \/>\n<meta property=\"og:type\" content=\"article\" \/>\n<meta property=\"og:title\" content=\"EC\u00d3GRAFO MINDRAY DC-30 - Servimed Colombia\" \/>\n<meta property=\"og:description\" content=\"El Ec\u00f3grafo Mindray DC-30 Full HD es una soluci\u00f3n progresiva dise\u00f1ada para satisfacer las demandas de mejora en los servicios de atenci\u00f3n primaria. Ofrece un rendimiento de imagen de alta calidad y funcionalidades avanzadas que lo distinguen de los sistemas ecogr\u00e1ficos est\u00e1ndares disponibles en la actualidad.  Caracter\u00edsticas destacadas:   Pantalla Full HD de 21.5\u2033 que garantiza una visualizaci\u00f3n n\u00edtida y detallada de las im\u00e1genes.  Tarjeta gr\u00e1fica dedicada para un procesamiento r\u00e1pido y eficiente de las im\u00e1genes.  Funciones avanzadas como Auto IMT, iScape, im\u00e1genes con contraste UWN e im\u00e1genes Doppler tisulares para diagn\u00f3sticos m\u00e1s precisos y completos en el \u00e1mbito de las im\u00e1genes generales.  Funcionalidades espec\u00edficas para obstetricia, como Smart OB, Smart face e iLive, que facilitan la evaluaci\u00f3n y el seguimiento del embarazo.  Capacidad para utilizar hasta 3 transductores simult\u00e1neos, lo que aumenta la versatilidad y la eficiencia en el proceso de exploraci\u00f3n.  Adem\u00e1s, el DC-30 Full HD ofrece un rendimiento a bajo costo, lo que lo convierte en una opci\u00f3n atractiva para centros de atenci\u00f3n primaria que buscan mejorar sus servicios de diagn\u00f3stico por imagen sin comprometer la calidad ni la funcionalidad.  Todos nuestros activos est\u00e1n sujetos a disponibilidad seg\u00fan inventario.\u00a0\" \/>\n<meta property=\"og:url\" content=\"https:\/\/servimedcolombia.com\/index.php\/producto\/ecografo-mindray-dc-30\/\" \/>\n<meta property=\"og:site_name\" content=\"Servimed Colombia\" \/>\n<meta property=\"article:modified_time\" content=\"2024-04-01T01:11:01+00:00\" \/>\n<meta property=\"og:image\" content=\"https:\/\/servimedcolombia.com\/wp-content\/uploads\/2024\/02\/124.jpg\" \/>\n\t<meta property=\"og:image:width\" content=\"1654\" \/>\n\t<meta property=\"og:image:height\" content=\"1654\" \/>\n\t<meta property=\"og:image:type\" content=\"image\/jpeg\" \/>\n<meta name=\"twitter:card\" content=\"summary_large_image\" \/>\n<meta name=\"twitter:label1\" content=\"Tiempo de lectura\" \/>\n\t<meta name=\"twitter:data1\" content=\"1 minuto\" \/>\n<script type=\"application\/ld+json\" class=\"yoast-schema-graph\">{\"@context\":\"https:\\\/\\\/schema.org\",\"@graph\":[{\"@type\":\"WebPage\",\"@id\":\"https:\\\/\\\/servimedcolombia.com\\\/index.php\\\/producto\\\/ecografo-mindray-dc-30\\\/\",\"url\":\"https:\\\/\\\/servimedcolombia.com\\\/index.php\\\/producto\\\/ecografo-mindray-dc-30\\\/\",\"name\":\"EC\u00d3GRAFO MINDRAY DC-30 - Servimed Colombia\",\"isPartOf\":{\"@id\":\"https:\\\/\\\/servimedcolombia.com\\\/#website\"},\"primaryImageOfPage\":{\"@id\":\"https:\\\/\\\/servimedcolombia.com\\\/index.php\\\/producto\\\/ecografo-mindray-dc-30\\\/#primaryimage\"},\"image\":{\"@id\":\"https:\\\/\\\/servimedcolombia.com\\\/index.php\\\/producto\\\/ecografo-mindray-dc-30\\\/#primaryimage\"},\"thumbnailUrl\":\"https:\\\/\\\/servimedcolombia.com\\\/wp-content\\\/uploads\\\/2026\\\/04\\\/124.webp\",\"datePublished\":\"2024-02-14T23:51:06+00:00\",\"dateModified\":\"2024-04-01T01:11:01+00:00\",\"breadcrumb\":{\"@id\":\"https:\\\/\\\/servimedcolombia.com\\\/index.php\\\/producto\\\/ecografo-mindray-dc-30\\\/#breadcrumb\"},\"inLanguage\":\"es\",\"potentialAction\":[{\"@type\":\"ReadAction\",\"target\":[\"https:\\\/\\\/servimedcolombia.com\\\/index.php\\\/producto\\\/ecografo-mindray-dc-30\\\/\"]}]},{\"@type\":\"ImageObject\",\"inLanguage\":\"es\",\"@id\":\"https:\\\/\\\/servimedcolombia.com\\\/index.php\\\/producto\\\/ecografo-mindray-dc-30\\\/#primaryimage\",\"url\":\"https:\\\/\\\/servimedcolombia.com\\\/wp-content\\\/uploads\\\/2026\\\/04\\\/124.webp\",\"contentUrl\":\"https:\\\/\\\/servimedcolombia.com\\\/wp-content\\\/uploads\\\/2026\\\/04\\\/124.webp\",\"width\":1654,\"height\":1654},{\"@type\":\"BreadcrumbList\",\"@id\":\"https:\\\/\\\/servimedcolombia.com\\\/index.php\\\/producto\\\/ecografo-mindray-dc-30\\\/#breadcrumb\",\"itemListElement\":[{\"@type\":\"ListItem\",\"position\":1,\"name\":\"Portada\",\"item\":\"https:\\\/\\\/servimedcolombia.com\\\/\"},{\"@type\":\"ListItem\",\"position\":2,\"name\":\"Tienda\",\"item\":\"https:\\\/\\\/servimedcolombia.com\\\/index.php\\\/tienda\\\/\"},{\"@type\":\"ListItem\",\"position\":3,\"name\":\"EC\u00d3GRAFO MINDRAY DC-30\"}]},{\"@type\":\"WebSite\",\"@id\":\"https:\\\/\\\/servimedcolombia.com\\\/#website\",\"url\":\"https:\\\/\\\/servimedcolombia.com\\\/\",\"name\":\"Servimed Colombia\",\"description\":\"\",\"potentialAction\":[{\"@type\":\"SearchAction\",\"target\":{\"@type\":\"EntryPoint\",\"urlTemplate\":\"https:\\\/\\\/servimedcolombia.com\\\/?s={search_term_string}\"},\"query-input\":{\"@type\":\"PropertyValueSpecification\",\"valueRequired\":true,\"valueName\":\"search_term_string\"}}],\"inLanguage\":\"es\"}]}<\/script>\n<!-- \/ Yoast SEO plugin. -->","yoast_head_json":{"title":"EC\u00d3GRAFO MINDRAY DC-30 - Servimed Colombia","robots":{"index":"index","follow":"follow","max-snippet":"max-snippet:-1","max-image-preview":"max-image-preview:large","max-video-preview":"max-video-preview:-1"},"canonical":"https:\/\/servimedcolombia.com\/index.php\/producto\/ecografo-mindray-dc-30\/","og_locale":"es_ES","og_type":"article","og_title":"EC\u00d3GRAFO MINDRAY DC-30 - Servimed Colombia","og_description":"El Ec\u00f3grafo Mindray DC-30 Full HD es una soluci\u00f3n progresiva dise\u00f1ada para satisfacer las demandas de mejora en los servicios de atenci\u00f3n primaria. Ofrece un rendimiento de imagen de alta calidad y funcionalidades avanzadas que lo distinguen de los sistemas ecogr\u00e1ficos est\u00e1ndares disponibles en la actualidad.  Caracter\u00edsticas destacadas:   Pantalla Full HD de 21.5\u2033 que garantiza una visualizaci\u00f3n n\u00edtida y detallada de las im\u00e1genes.  Tarjeta gr\u00e1fica dedicada para un procesamiento r\u00e1pido y eficiente de las im\u00e1genes.  Funciones avanzadas como Auto IMT, iScape, im\u00e1genes con contraste UWN e im\u00e1genes Doppler tisulares para diagn\u00f3sticos m\u00e1s precisos y completos en el \u00e1mbito de las im\u00e1genes generales.  Funcionalidades espec\u00edficas para obstetricia, como Smart OB, Smart face e iLive, que facilitan la evaluaci\u00f3n y el seguimiento del embarazo.  Capacidad para utilizar hasta 3 transductores simult\u00e1neos, lo que aumenta la versatilidad y la eficiencia en el proceso de exploraci\u00f3n.  Adem\u00e1s, el DC-30 Full HD ofrece un rendimiento a bajo costo, lo que lo convierte en una opci\u00f3n atractiva para centros de atenci\u00f3n primaria que buscan mejorar sus servicios de diagn\u00f3stico por imagen sin comprometer la calidad ni la funcionalidad.  Todos nuestros activos est\u00e1n sujetos a disponibilidad seg\u00fan inventario.\u00a0","og_url":"https:\/\/servimedcolombia.com\/index.php\/producto\/ecografo-mindray-dc-30\/","og_site_name":"Servimed Colombia","article_modified_time":"2024-04-01T01:11:01+00:00","og_image":[{"width":1654,"height":1654,"url":"https:\/\/servimedcolombia.com\/wp-content\/uploads\/2024\/02\/124.jpg","type":"image\/jpeg"}],"twitter_card":"summary_large_image","twitter_misc":{"Tiempo de lectura":"1 minuto"},"schema":{"@context":"https:\/\/schema.org","@graph":[{"@type":"WebPage","@id":"https:\/\/servimedcolombia.com\/index.php\/producto\/ecografo-mindray-dc-30\/","url":"https:\/\/servimedcolombia.com\/index.php\/producto\/ecografo-mindray-dc-30\/","name":"EC\u00d3GRAFO MINDRAY DC-30 - Servimed Colombia","isPartOf":{"@id":"https:\/\/servimedcolombia.com\/#website"},"primaryImageOfPage":{"@id":"https:\/\/servimedcolombia.com\/index.php\/producto\/ecografo-mindray-dc-30\/#primaryimage"},"image":{"@id":"https:\/\/servimedcolombia.com\/index.php\/producto\/ecografo-mindray-dc-30\/#primaryimage"},"thumbnailUrl":"https:\/\/servimedcolombia.com\/wp-content\/uploads\/2026\/04\/124.webp","datePublished":"2024-02-14T23:51:06+00:00","dateModified":"2024-04-01T01:11:01+00:00","breadcrumb":{"@id":"https:\/\/servimedcolombia.com\/index.php\/producto\/ecografo-mindray-dc-30\/#breadcrumb"},"inLanguage":"es","potentialAction":[{"@type":"ReadAction","target":["https:\/\/servimedcolombia.com\/index.php\/producto\/ecografo-mindray-dc-30\/"]}]},{"@type":"ImageObject","inLanguage":"es","@id":"https:\/\/servimedcolombia.com\/index.php\/producto\/ecografo-mindray-dc-30\/#primaryimage","url":"https:\/\/servimedcolombia.com\/wp-content\/uploads\/2026\/04\/124.webp","contentUrl":"https:\/\/servimedcolombia.com\/wp-content\/uploads\/2026\/04\/124.webp","width":1654,"height":1654},{"@type":"BreadcrumbList","@id":"https:\/\/servimedcolombia.com\/index.php\/producto\/ecografo-mindray-dc-30\/#breadcrumb","itemListElement":[{"@type":"ListItem","position":1,"name":"Portada","item":"https:\/\/servimedcolombia.com\/"},{"@type":"ListItem","position":2,"name":"Tienda","item":"https:\/\/servimedcolombia.com\/index.php\/tienda\/"},{"@type":"ListItem","position":3,"name":"EC\u00d3GRAFO MINDRAY DC-30"}]},{"@type":"WebSite","@id":"https:\/\/servimedcolombia.com\/#website","url":"https:\/\/servimedcolombia.com\/","name":"Servimed Colombia","description":"","potentialAction":[{"@type":"SearchAction","target":{"@type":"EntryPoint","urlTemplate":"https:\/\/servimedcolombia.com\/?s={search_term_string}"},"query-input":{"@type":"PropertyValueSpecification","valueRequired":true,"valueName":"search_term_string"}}],"inLanguage":"es"}]}},"_links":{"self":[{"href":"https:\/\/servimedcolombia.com\/index.php\/wp-json\/wp\/v2\/product\/10959","targetHints":{"allow":["GET"]}}],"collection":[{"href":"https:\/\/servimedcolombia.com\/index.php\/wp-json\/wp\/v2\/product"}],"about":[{"href":"https:\/\/servimedcolombia.com\/index.php\/wp-json\/wp\/v2\/types\/product"}],"version-history":[{"count":0,"href":"https:\/\/servimedcolombia.com\/index.php\/wp-json\/wp\/v2\/product\/10959\/revisions"}],"wp:featuredmedia":[{"embeddable":true,"href":"https:\/\/servimedcolombia.com\/index.php\/wp-json\/wp\/v2\/media\/10960"}],"wp:attachment":[{"href":"https:\/\/servimedcolombia.com\/index.php\/wp-json\/wp\/v2\/media?parent=10959"}],"wp:term":[{"taxonomy":"product_brand","embeddable":true,"href":"https:\/\/servimedcolombia.com\/index.php\/wp-json\/wp\/v2\/product_brand?post=10959"},{"taxonomy":"product_cat","embeddable":true,"href":"https:\/\/servimedcolombia.com\/index.php\/wp-json\/wp\/v2\/product_cat?post=10959"},{"taxonomy":"product_tag","embeddable":true,"href":"https:\/\/servimedcolombia.com\/index.php\/wp-json\/wp\/v2\/product_tag?post=10959"}],"curies":[{"name":"wp","href":"https:\/\/api.w.org\/{rel}","templated":true}]}}