{"id":10989,"date":"2024-02-14T19:30:51","date_gmt":"2024-02-15T00:30:51","guid":{"rendered":"https:\/\/servimedcolombia.com\/?post_type=product&#038;p=10989"},"modified":"2024-03-31T20:10:51","modified_gmt":"2024-04-01T01:10:51","slug":"ecografo-mindray-z50","status":"publish","type":"product","link":"https:\/\/servimedcolombia.com\/index.php\/producto\/ecografo-mindray-z50\/","title":{"rendered":"EC\u00d3GRAFO MINDRAY Z50"},"content":{"rendered":"","protected":false},"excerpt":{"rendered":"<p>El Ec\u00f3grafo Mindray Z50 ofrece una combinaci\u00f3n definitiva de alto rendimiento, aplicaciones cl\u00ednicas integrales y dise\u00f1o integrado, dise\u00f1ado para ayudar a los profesionales m\u00e9dicos a responder de manera m\u00e1s r\u00e1pida y eficaz a las necesidades de diagn\u00f3stico por imagen. Con su capacidad para cambiar f\u00e1cilmente de un sistema en blanco y negro a un sistema Doppler a color altamente eficiente, el Z50 permite ir m\u00e1s all\u00e1 de los l\u00edmites y trascender lo habitual en la atenci\u00f3n de los pacientes.<\/p>\n<p>Caracter\u00edsticas destacadas:<\/p>\n<ul>\n<li>Dise\u00f1o integrado que facilita el transporte y la movilidad.<\/li>\n<li>Pantalla completa de 15 pulgadas para una visualizaci\u00f3n clara y detallada de las im\u00e1genes.<\/li>\n<li>Monitor ajustable con \u00e1ngulo de inclinaci\u00f3n de 60 grados para una ergonom\u00eda \u00f3ptima durante la exploraci\u00f3n.<\/li>\n<li>Hasta 3 conectores universales para transductores, lo que permite una mayor versatilidad en la aplicaci\u00f3n cl\u00ednica.<\/li>\n<li>Disco duro de 500 GB para un amplio almacenamiento de datos de pacientes.<\/li>\n<li>Funciona hasta 1,5 horas con la bater\u00eda recargable, lo que facilita su uso en entornos donde el acceso a la corriente el\u00e9ctrica puede ser limitado.<\/li>\n<li>Se puede guardar en una pr\u00e1ctica bolsa de mano para facilitar a\u00fan m\u00e1s su transporte y almacenamiento.<\/li>\n<\/ul>\n<p>En resumen, el Mindray Z50 ofrece una soluci\u00f3n completa y conveniente para el diagn\u00f3stico por imagen, con caracter\u00edsticas que lo hacen ideal para entornos cl\u00ednicos que requieren movilidad y eficiencia sin comprometer la calidad del diagn\u00f3stico.<\/p>\n<p><span style=\"color: #ff0000;\"><strong>Todos nuestros activos est\u00e1n sujetos a disponibilidad seg\u00fan inventario.\u00a0<\/strong><\/span><\/p>\n<p><span style=\"vertical-align: inherit;\"><span style=\"vertical-align: inherit;\"><span style=\"vertical-align: inherit;\"><span style=\"vertical-align: inherit;\"><span style=\"vertical-align: inherit;\"><span style=\"vertical-align: inherit;\">[njwa_button id=\"9888\"]<\/span><\/span><\/span><\/span><\/span><\/span><\/p>\n","protected":false},"featured_media":10993,"template":"","meta":{"rs_blank_template":"","rs_page_bg_color":"","slide_template_v7":""},"product_brand":[],"product_cat":[180],"product_tag":[],"class_list":{"0":"post-10989","1":"product","2":"type-product","3":"status-publish","4":"has-post-thumbnail","6":"product_cat-ecografia","8":"first","9":"instock","10":"shipping-taxable","11":"product-type-simple"},"yoast_head":"<!-- This site is optimized with the Yoast SEO plugin v27.4 - https:\/\/yoast.com\/product\/yoast-seo-wordpress\/ -->\n<title>EC\u00d3GRAFO MINDRAY Z50 - Servimed Colombia<\/title>\n<meta name=\"robots\" content=\"index, follow, max-snippet:-1, max-image-preview:large, max-video-preview:-1\" \/>\n<link rel=\"canonical\" href=\"https:\/\/servimedcolombia.com\/index.php\/producto\/ecografo-mindray-z50\/\" \/>\n<meta property=\"og:locale\" content=\"es_ES\" \/>\n<meta property=\"og:type\" content=\"article\" \/>\n<meta property=\"og:title\" content=\"EC\u00d3GRAFO MINDRAY Z50 - Servimed Colombia\" \/>\n<meta property=\"og:description\" content=\"El Ec\u00f3grafo Mindray Z50 ofrece una combinaci\u00f3n definitiva de alto rendimiento, aplicaciones cl\u00ednicas integrales y dise\u00f1o integrado, dise\u00f1ado para ayudar a los profesionales m\u00e9dicos a responder de manera m\u00e1s r\u00e1pida y eficaz a las necesidades de diagn\u00f3stico por imagen. Con su capacidad para cambiar f\u00e1cilmente de un sistema en blanco y negro a un sistema Doppler a color altamente eficiente, el Z50 permite ir m\u00e1s all\u00e1 de los l\u00edmites y trascender lo habitual en la atenci\u00f3n de los pacientes.  Caracter\u00edsticas destacadas:   Dise\u00f1o integrado que facilita el transporte y la movilidad.  Pantalla completa de 15 pulgadas para una visualizaci\u00f3n clara y detallada de las im\u00e1genes.  Monitor ajustable con \u00e1ngulo de inclinaci\u00f3n de 60 grados para una ergonom\u00eda \u00f3ptima durante la exploraci\u00f3n.  Hasta 3 conectores universales para transductores, lo que permite una mayor versatilidad en la aplicaci\u00f3n cl\u00ednica.  Disco duro de 500 GB para un amplio almacenamiento de datos de pacientes.  Funciona hasta 1,5 horas con la bater\u00eda recargable, lo que facilita su uso en entornos donde el acceso a la corriente el\u00e9ctrica puede ser limitado.  Se puede guardar en una pr\u00e1ctica bolsa de mano para facilitar a\u00fan m\u00e1s su transporte y almacenamiento.  En resumen, el Mindray Z50 ofrece una soluci\u00f3n completa y conveniente para el diagn\u00f3stico por imagen, con caracter\u00edsticas que lo hacen ideal para entornos cl\u00ednicos que requieren movilidad y eficiencia sin comprometer la calidad del diagn\u00f3stico.  Todos nuestros activos est\u00e1n sujetos a disponibilidad seg\u00fan inventario.\u00a0\" \/>\n<meta property=\"og:url\" content=\"https:\/\/servimedcolombia.com\/index.php\/producto\/ecografo-mindray-z50\/\" \/>\n<meta property=\"og:site_name\" content=\"Servimed Colombia\" \/>\n<meta property=\"article:modified_time\" content=\"2024-04-01T01:10:51+00:00\" \/>\n<meta property=\"og:image\" content=\"https:\/\/servimedcolombia.com\/wp-content\/uploads\/2024\/02\/1262.jpg\" \/>\n\t<meta property=\"og:image:width\" content=\"1654\" \/>\n\t<meta property=\"og:image:height\" content=\"1654\" \/>\n\t<meta property=\"og:image:type\" content=\"image\/jpeg\" \/>\n<meta name=\"twitter:card\" content=\"summary_large_image\" \/>\n<meta name=\"twitter:label1\" content=\"Tiempo de lectura\" \/>\n\t<meta name=\"twitter:data1\" content=\"1 minuto\" \/>\n<script type=\"application\/ld+json\" class=\"yoast-schema-graph\">{\"@context\":\"https:\\\/\\\/schema.org\",\"@graph\":[{\"@type\":\"WebPage\",\"@id\":\"https:\\\/\\\/servimedcolombia.com\\\/index.php\\\/producto\\\/ecografo-mindray-z50\\\/\",\"url\":\"https:\\\/\\\/servimedcolombia.com\\\/index.php\\\/producto\\\/ecografo-mindray-z50\\\/\",\"name\":\"EC\u00d3GRAFO MINDRAY Z50 - Servimed Colombia\",\"isPartOf\":{\"@id\":\"https:\\\/\\\/servimedcolombia.com\\\/#website\"},\"primaryImageOfPage\":{\"@id\":\"https:\\\/\\\/servimedcolombia.com\\\/index.php\\\/producto\\\/ecografo-mindray-z50\\\/#primaryimage\"},\"image\":{\"@id\":\"https:\\\/\\\/servimedcolombia.com\\\/index.php\\\/producto\\\/ecografo-mindray-z50\\\/#primaryimage\"},\"thumbnailUrl\":\"https:\\\/\\\/servimedcolombia.com\\\/wp-content\\\/uploads\\\/2026\\\/04\\\/1262.webp\",\"datePublished\":\"2024-02-15T00:30:51+00:00\",\"dateModified\":\"2024-04-01T01:10:51+00:00\",\"breadcrumb\":{\"@id\":\"https:\\\/\\\/servimedcolombia.com\\\/index.php\\\/producto\\\/ecografo-mindray-z50\\\/#breadcrumb\"},\"inLanguage\":\"es\",\"potentialAction\":[{\"@type\":\"ReadAction\",\"target\":[\"https:\\\/\\\/servimedcolombia.com\\\/index.php\\\/producto\\\/ecografo-mindray-z50\\\/\"]}]},{\"@type\":\"ImageObject\",\"inLanguage\":\"es\",\"@id\":\"https:\\\/\\\/servimedcolombia.com\\\/index.php\\\/producto\\\/ecografo-mindray-z50\\\/#primaryimage\",\"url\":\"https:\\\/\\\/servimedcolombia.com\\\/wp-content\\\/uploads\\\/2026\\\/04\\\/1262.webp\",\"contentUrl\":\"https:\\\/\\\/servimedcolombia.com\\\/wp-content\\\/uploads\\\/2026\\\/04\\\/1262.webp\",\"width\":1654,\"height\":1654},{\"@type\":\"BreadcrumbList\",\"@id\":\"https:\\\/\\\/servimedcolombia.com\\\/index.php\\\/producto\\\/ecografo-mindray-z50\\\/#breadcrumb\",\"itemListElement\":[{\"@type\":\"ListItem\",\"position\":1,\"name\":\"Portada\",\"item\":\"https:\\\/\\\/servimedcolombia.com\\\/\"},{\"@type\":\"ListItem\",\"position\":2,\"name\":\"Tienda\",\"item\":\"https:\\\/\\\/servimedcolombia.com\\\/index.php\\\/tienda\\\/\"},{\"@type\":\"ListItem\",\"position\":3,\"name\":\"EC\u00d3GRAFO MINDRAY Z50\"}]},{\"@type\":\"WebSite\",\"@id\":\"https:\\\/\\\/servimedcolombia.com\\\/#website\",\"url\":\"https:\\\/\\\/servimedcolombia.com\\\/\",\"name\":\"Servimed Colombia\",\"description\":\"\",\"potentialAction\":[{\"@type\":\"SearchAction\",\"target\":{\"@type\":\"EntryPoint\",\"urlTemplate\":\"https:\\\/\\\/servimedcolombia.com\\\/?s={search_term_string}\"},\"query-input\":{\"@type\":\"PropertyValueSpecification\",\"valueRequired\":true,\"valueName\":\"search_term_string\"}}],\"inLanguage\":\"es\"}]}<\/script>\n<!-- \/ Yoast SEO plugin. -->","yoast_head_json":{"title":"EC\u00d3GRAFO MINDRAY Z50 - Servimed Colombia","robots":{"index":"index","follow":"follow","max-snippet":"max-snippet:-1","max-image-preview":"max-image-preview:large","max-video-preview":"max-video-preview:-1"},"canonical":"https:\/\/servimedcolombia.com\/index.php\/producto\/ecografo-mindray-z50\/","og_locale":"es_ES","og_type":"article","og_title":"EC\u00d3GRAFO MINDRAY Z50 - Servimed Colombia","og_description":"El Ec\u00f3grafo Mindray Z50 ofrece una combinaci\u00f3n definitiva de alto rendimiento, aplicaciones cl\u00ednicas integrales y dise\u00f1o integrado, dise\u00f1ado para ayudar a los profesionales m\u00e9dicos a responder de manera m\u00e1s r\u00e1pida y eficaz a las necesidades de diagn\u00f3stico por imagen. Con su capacidad para cambiar f\u00e1cilmente de un sistema en blanco y negro a un sistema Doppler a color altamente eficiente, el Z50 permite ir m\u00e1s all\u00e1 de los l\u00edmites y trascender lo habitual en la atenci\u00f3n de los pacientes.  Caracter\u00edsticas destacadas:   Dise\u00f1o integrado que facilita el transporte y la movilidad.  Pantalla completa de 15 pulgadas para una visualizaci\u00f3n clara y detallada de las im\u00e1genes.  Monitor ajustable con \u00e1ngulo de inclinaci\u00f3n de 60 grados para una ergonom\u00eda \u00f3ptima durante la exploraci\u00f3n.  Hasta 3 conectores universales para transductores, lo que permite una mayor versatilidad en la aplicaci\u00f3n cl\u00ednica.  Disco duro de 500 GB para un amplio almacenamiento de datos de pacientes.  Funciona hasta 1,5 horas con la bater\u00eda recargable, lo que facilita su uso en entornos donde el acceso a la corriente el\u00e9ctrica puede ser limitado.  Se puede guardar en una pr\u00e1ctica bolsa de mano para facilitar a\u00fan m\u00e1s su transporte y almacenamiento.  En resumen, el Mindray Z50 ofrece una soluci\u00f3n completa y conveniente para el diagn\u00f3stico por imagen, con caracter\u00edsticas que lo hacen ideal para entornos cl\u00ednicos que requieren movilidad y eficiencia sin comprometer la calidad del diagn\u00f3stico.  Todos nuestros activos est\u00e1n sujetos a disponibilidad seg\u00fan inventario.\u00a0","og_url":"https:\/\/servimedcolombia.com\/index.php\/producto\/ecografo-mindray-z50\/","og_site_name":"Servimed Colombia","article_modified_time":"2024-04-01T01:10:51+00:00","og_image":[{"width":1654,"height":1654,"url":"https:\/\/servimedcolombia.com\/wp-content\/uploads\/2024\/02\/1262.jpg","type":"image\/jpeg"}],"twitter_card":"summary_large_image","twitter_misc":{"Tiempo de lectura":"1 minuto"},"schema":{"@context":"https:\/\/schema.org","@graph":[{"@type":"WebPage","@id":"https:\/\/servimedcolombia.com\/index.php\/producto\/ecografo-mindray-z50\/","url":"https:\/\/servimedcolombia.com\/index.php\/producto\/ecografo-mindray-z50\/","name":"EC\u00d3GRAFO MINDRAY Z50 - Servimed Colombia","isPartOf":{"@id":"https:\/\/servimedcolombia.com\/#website"},"primaryImageOfPage":{"@id":"https:\/\/servimedcolombia.com\/index.php\/producto\/ecografo-mindray-z50\/#primaryimage"},"image":{"@id":"https:\/\/servimedcolombia.com\/index.php\/producto\/ecografo-mindray-z50\/#primaryimage"},"thumbnailUrl":"https:\/\/servimedcolombia.com\/wp-content\/uploads\/2026\/04\/1262.webp","datePublished":"2024-02-15T00:30:51+00:00","dateModified":"2024-04-01T01:10:51+00:00","breadcrumb":{"@id":"https:\/\/servimedcolombia.com\/index.php\/producto\/ecografo-mindray-z50\/#breadcrumb"},"inLanguage":"es","potentialAction":[{"@type":"ReadAction","target":["https:\/\/servimedcolombia.com\/index.php\/producto\/ecografo-mindray-z50\/"]}]},{"@type":"ImageObject","inLanguage":"es","@id":"https:\/\/servimedcolombia.com\/index.php\/producto\/ecografo-mindray-z50\/#primaryimage","url":"https:\/\/servimedcolombia.com\/wp-content\/uploads\/2026\/04\/1262.webp","contentUrl":"https:\/\/servimedcolombia.com\/wp-content\/uploads\/2026\/04\/1262.webp","width":1654,"height":1654},{"@type":"BreadcrumbList","@id":"https:\/\/servimedcolombia.com\/index.php\/producto\/ecografo-mindray-z50\/#breadcrumb","itemListElement":[{"@type":"ListItem","position":1,"name":"Portada","item":"https:\/\/servimedcolombia.com\/"},{"@type":"ListItem","position":2,"name":"Tienda","item":"https:\/\/servimedcolombia.com\/index.php\/tienda\/"},{"@type":"ListItem","position":3,"name":"EC\u00d3GRAFO MINDRAY Z50"}]},{"@type":"WebSite","@id":"https:\/\/servimedcolombia.com\/#website","url":"https:\/\/servimedcolombia.com\/","name":"Servimed Colombia","description":"","potentialAction":[{"@type":"SearchAction","target":{"@type":"EntryPoint","urlTemplate":"https:\/\/servimedcolombia.com\/?s={search_term_string}"},"query-input":{"@type":"PropertyValueSpecification","valueRequired":true,"valueName":"search_term_string"}}],"inLanguage":"es"}]}},"_links":{"self":[{"href":"https:\/\/servimedcolombia.com\/index.php\/wp-json\/wp\/v2\/product\/10989","targetHints":{"allow":["GET"]}}],"collection":[{"href":"https:\/\/servimedcolombia.com\/index.php\/wp-json\/wp\/v2\/product"}],"about":[{"href":"https:\/\/servimedcolombia.com\/index.php\/wp-json\/wp\/v2\/types\/product"}],"version-history":[{"count":0,"href":"https:\/\/servimedcolombia.com\/index.php\/wp-json\/wp\/v2\/product\/10989\/revisions"}],"wp:featuredmedia":[{"embeddable":true,"href":"https:\/\/servimedcolombia.com\/index.php\/wp-json\/wp\/v2\/media\/10993"}],"wp:attachment":[{"href":"https:\/\/servimedcolombia.com\/index.php\/wp-json\/wp\/v2\/media?parent=10989"}],"wp:term":[{"taxonomy":"product_brand","embeddable":true,"href":"https:\/\/servimedcolombia.com\/index.php\/wp-json\/wp\/v2\/product_brand?post=10989"},{"taxonomy":"product_cat","embeddable":true,"href":"https:\/\/servimedcolombia.com\/index.php\/wp-json\/wp\/v2\/product_cat?post=10989"},{"taxonomy":"product_tag","embeddable":true,"href":"https:\/\/servimedcolombia.com\/index.php\/wp-json\/wp\/v2\/product_tag?post=10989"}],"curies":[{"name":"wp","href":"https:\/\/api.w.org\/{rel}","templated":true}]}}