{"id":11088,"date":"2024-03-12T23:26:10","date_gmt":"2024-03-13T04:26:10","guid":{"rendered":"https:\/\/servimedcolombia.com\/?post_type=product&#038;p=11088"},"modified":"2024-03-12T23:26:51","modified_gmt":"2024-03-13T04:26:51","slug":"equipo-de-venodiseccion","status":"publish","type":"product","link":"https:\/\/servimedcolombia.com\/index.php\/producto\/equipo-de-venodiseccion\/","title":{"rendered":"EQUIPO DE VENODISECCI\u00d3N"},"content":{"rendered":"","protected":false},"excerpt":{"rendered":"<p>Este completo equipo de venodisecci\u00f3n consta de 27 piezas que son esenciales para llevar a cabo procedimientos quir\u00fargicos y m\u00e9dicos que involucran la disecci\u00f3n y manipulaci\u00f3n de tejidos y vasos sangu\u00edneos.<\/p>\n<ol>\n<li><strong>Separadores Farabeuf<\/strong>: 2 unidades<\/li>\n<li><strong>Pinzas de Campo<\/strong>: 4 unidades<\/li>\n<li><strong>Pinzas Baby Mosquito<\/strong>: 2 unidades<\/li>\n<li><strong>Pinza Mosquito Curva<\/strong>: 4 unidades<\/li>\n<li><strong>Pinza Mosquito Recta<\/strong>: 2 unidades<\/li>\n<li><strong>Pinza Kelly Curva<\/strong>: 2 unidades<\/li>\n<li><strong>Tijera de Iris<\/strong>: 1 unidad<\/li>\n<li><strong>Tijera de Tejido Peque\u00f1a<\/strong>: 1 unidad<\/li>\n<li><strong>Tijera de Material Peque\u00f1a<\/strong>: 1 unidad<\/li>\n<li><strong>Porta Agujas Peque\u00f1o<\/strong>: 1 unidad<\/li>\n<li><strong>Mango de Bistur\u00ed #3<\/strong>: 1 unidad<\/li>\n<li><strong>Disecci\u00f3n Adson sin Garra<\/strong>: 1 unidad<\/li>\n<li><strong>Disecci\u00f3n Adson con Garra<\/strong>: 1 unidad<\/li>\n<li><strong>Disecci\u00f3n Fina<\/strong>: 1 unidad<\/li>\n<li><strong>Separador Sen Miller<\/strong>: 2 unidades<\/li>\n<li><strong>Contenedor KLS Martin Esterilizable<\/strong>: 1 unidad<\/li>\n<\/ol>\n<p>Este conjunto proporciona una amplia variedad de herramientas necesarias para realizar disecciones con precisi\u00f3n y seguridad, permitiendo a los profesionales m\u00e9dicos llevar a cabo procedimientos quir\u00fargicos con eficacia. Adem\u00e1s, el contenedor esterilizable facilita el almacenamiento y la organizaci\u00f3n del equipo, manteniendo las herramientas seguras y est\u00e9riles hasta su uso.<\/p>\n<p><span style=\"color: #ff0000;\"><strong>Todos nuestros activos est\u00e1n sujetos a disponibilidad seg\u00fan inventario.\u00a0<\/strong><\/span><\/p>\n<p><span style=\"vertical-align: inherit;\"><span style=\"vertical-align: inherit;\"><span style=\"vertical-align: inherit;\"><span style=\"vertical-align: inherit;\"><span style=\"vertical-align: inherit;\"><span style=\"vertical-align: inherit;\">[njwa_button id=\"9888\"]<\/span><\/span><\/span><\/span><\/span><\/span><\/p>\n","protected":false},"featured_media":11042,"template":"","meta":{"rs_blank_template":"","rs_page_bg_color":"","slide_template_v7":""},"product_brand":[],"product_cat":[134],"product_tag":[],"class_list":{"0":"post-11088","1":"product","2":"type-product","3":"status-publish","4":"has-post-thumbnail","6":"product_cat-instrumental-quirurgico","8":"first","9":"instock","10":"shipping-taxable","11":"product-type-simple"},"yoast_head":"<!-- This site is optimized with the Yoast SEO plugin v27.4 - https:\/\/yoast.com\/product\/yoast-seo-wordpress\/ -->\n<title>EQUIPO DE VENODISECCI\u00d3N - Servimed Colombia<\/title>\n<meta name=\"robots\" content=\"index, follow, max-snippet:-1, max-image-preview:large, max-video-preview:-1\" \/>\n<link rel=\"canonical\" href=\"https:\/\/servimedcolombia.com\/index.php\/producto\/equipo-de-venodiseccion\/\" \/>\n<meta property=\"og:locale\" content=\"es_ES\" \/>\n<meta property=\"og:type\" content=\"article\" \/>\n<meta property=\"og:title\" content=\"EQUIPO DE VENODISECCI\u00d3N - Servimed Colombia\" \/>\n<meta property=\"og:description\" content=\"Este completo equipo de venodisecci\u00f3n consta de 27 piezas que son esenciales para llevar a cabo procedimientos quir\u00fargicos y m\u00e9dicos que involucran la disecci\u00f3n y manipulaci\u00f3n de tejidos y vasos sangu\u00edneos.   Separadores Farabeuf: 2 unidades  Pinzas de Campo: 4 unidades  Pinzas Baby Mosquito: 2 unidades  Pinza Mosquito Curva: 4 unidades  Pinza Mosquito Recta: 2 unidades  Pinza Kelly Curva: 2 unidades  Tijera de Iris: 1 unidad  Tijera de Tejido Peque\u00f1a: 1 unidad  Tijera de Material Peque\u00f1a: 1 unidad  Porta Agujas Peque\u00f1o: 1 unidad  Mango de Bistur\u00ed #3: 1 unidad  Disecci\u00f3n Adson sin Garra: 1 unidad  Disecci\u00f3n Adson con Garra: 1 unidad  Disecci\u00f3n Fina: 1 unidad  Separador Sen Miller: 2 unidades  Contenedor KLS Martin Esterilizable: 1 unidad  Este conjunto proporciona una amplia variedad de herramientas necesarias para realizar disecciones con precisi\u00f3n y seguridad, permitiendo a los profesionales m\u00e9dicos llevar a cabo procedimientos quir\u00fargicos con eficacia. Adem\u00e1s, el contenedor esterilizable facilita el almacenamiento y la organizaci\u00f3n del equipo, manteniendo las herramientas seguras y est\u00e9riles hasta su uso.  Todos nuestros activos est\u00e1n sujetos a disponibilidad seg\u00fan inventario.\u00a0\" \/>\n<meta property=\"og:url\" content=\"https:\/\/servimedcolombia.com\/index.php\/producto\/equipo-de-venodiseccion\/\" \/>\n<meta property=\"og:site_name\" content=\"Servimed Colombia\" \/>\n<meta property=\"article:modified_time\" content=\"2024-03-13T04:26:51+00:00\" \/>\n<meta property=\"og:image\" content=\"https:\/\/servimedcolombia.com\/wp-content\/uploads\/2024\/03\/151.jpg\" \/>\n\t<meta property=\"og:image:width\" content=\"1654\" \/>\n\t<meta property=\"og:image:height\" content=\"1654\" \/>\n\t<meta property=\"og:image:type\" content=\"image\/jpeg\" \/>\n<meta name=\"twitter:card\" content=\"summary_large_image\" \/>\n<meta name=\"twitter:label1\" content=\"Tiempo de lectura\" \/>\n\t<meta name=\"twitter:data1\" content=\"1 minuto\" \/>\n<script type=\"application\/ld+json\" class=\"yoast-schema-graph\">{\"@context\":\"https:\\\/\\\/schema.org\",\"@graph\":[{\"@type\":\"WebPage\",\"@id\":\"https:\\\/\\\/servimedcolombia.com\\\/index.php\\\/producto\\\/equipo-de-venodiseccion\\\/\",\"url\":\"https:\\\/\\\/servimedcolombia.com\\\/index.php\\\/producto\\\/equipo-de-venodiseccion\\\/\",\"name\":\"EQUIPO DE VENODISECCI\u00d3N - Servimed Colombia\",\"isPartOf\":{\"@id\":\"https:\\\/\\\/servimedcolombia.com\\\/#website\"},\"primaryImageOfPage\":{\"@id\":\"https:\\\/\\\/servimedcolombia.com\\\/index.php\\\/producto\\\/equipo-de-venodiseccion\\\/#primaryimage\"},\"image\":{\"@id\":\"https:\\\/\\\/servimedcolombia.com\\\/index.php\\\/producto\\\/equipo-de-venodiseccion\\\/#primaryimage\"},\"thumbnailUrl\":\"https:\\\/\\\/servimedcolombia.com\\\/wp-content\\\/uploads\\\/2026\\\/04\\\/151.webp\",\"datePublished\":\"2024-03-13T04:26:10+00:00\",\"dateModified\":\"2024-03-13T04:26:51+00:00\",\"breadcrumb\":{\"@id\":\"https:\\\/\\\/servimedcolombia.com\\\/index.php\\\/producto\\\/equipo-de-venodiseccion\\\/#breadcrumb\"},\"inLanguage\":\"es\",\"potentialAction\":[{\"@type\":\"ReadAction\",\"target\":[\"https:\\\/\\\/servimedcolombia.com\\\/index.php\\\/producto\\\/equipo-de-venodiseccion\\\/\"]}]},{\"@type\":\"ImageObject\",\"inLanguage\":\"es\",\"@id\":\"https:\\\/\\\/servimedcolombia.com\\\/index.php\\\/producto\\\/equipo-de-venodiseccion\\\/#primaryimage\",\"url\":\"https:\\\/\\\/servimedcolombia.com\\\/wp-content\\\/uploads\\\/2026\\\/04\\\/151.webp\",\"contentUrl\":\"https:\\\/\\\/servimedcolombia.com\\\/wp-content\\\/uploads\\\/2026\\\/04\\\/151.webp\",\"width\":1654,\"height\":1654},{\"@type\":\"BreadcrumbList\",\"@id\":\"https:\\\/\\\/servimedcolombia.com\\\/index.php\\\/producto\\\/equipo-de-venodiseccion\\\/#breadcrumb\",\"itemListElement\":[{\"@type\":\"ListItem\",\"position\":1,\"name\":\"Portada\",\"item\":\"https:\\\/\\\/servimedcolombia.com\\\/\"},{\"@type\":\"ListItem\",\"position\":2,\"name\":\"Tienda\",\"item\":\"https:\\\/\\\/servimedcolombia.com\\\/index.php\\\/tienda\\\/\"},{\"@type\":\"ListItem\",\"position\":3,\"name\":\"EQUIPO DE VENODISECCI\u00d3N\"}]},{\"@type\":\"WebSite\",\"@id\":\"https:\\\/\\\/servimedcolombia.com\\\/#website\",\"url\":\"https:\\\/\\\/servimedcolombia.com\\\/\",\"name\":\"Servimed Colombia\",\"description\":\"\",\"potentialAction\":[{\"@type\":\"SearchAction\",\"target\":{\"@type\":\"EntryPoint\",\"urlTemplate\":\"https:\\\/\\\/servimedcolombia.com\\\/?s={search_term_string}\"},\"query-input\":{\"@type\":\"PropertyValueSpecification\",\"valueRequired\":true,\"valueName\":\"search_term_string\"}}],\"inLanguage\":\"es\"}]}<\/script>\n<!-- \/ Yoast SEO plugin. -->","yoast_head_json":{"title":"EQUIPO DE VENODISECCI\u00d3N - Servimed Colombia","robots":{"index":"index","follow":"follow","max-snippet":"max-snippet:-1","max-image-preview":"max-image-preview:large","max-video-preview":"max-video-preview:-1"},"canonical":"https:\/\/servimedcolombia.com\/index.php\/producto\/equipo-de-venodiseccion\/","og_locale":"es_ES","og_type":"article","og_title":"EQUIPO DE VENODISECCI\u00d3N - Servimed Colombia","og_description":"Este completo equipo de venodisecci\u00f3n consta de 27 piezas que son esenciales para llevar a cabo procedimientos quir\u00fargicos y m\u00e9dicos que involucran la disecci\u00f3n y manipulaci\u00f3n de tejidos y vasos sangu\u00edneos.   Separadores Farabeuf: 2 unidades  Pinzas de Campo: 4 unidades  Pinzas Baby Mosquito: 2 unidades  Pinza Mosquito Curva: 4 unidades  Pinza Mosquito Recta: 2 unidades  Pinza Kelly Curva: 2 unidades  Tijera de Iris: 1 unidad  Tijera de Tejido Peque\u00f1a: 1 unidad  Tijera de Material Peque\u00f1a: 1 unidad  Porta Agujas Peque\u00f1o: 1 unidad  Mango de Bistur\u00ed #3: 1 unidad  Disecci\u00f3n Adson sin Garra: 1 unidad  Disecci\u00f3n Adson con Garra: 1 unidad  Disecci\u00f3n Fina: 1 unidad  Separador Sen Miller: 2 unidades  Contenedor KLS Martin Esterilizable: 1 unidad  Este conjunto proporciona una amplia variedad de herramientas necesarias para realizar disecciones con precisi\u00f3n y seguridad, permitiendo a los profesionales m\u00e9dicos llevar a cabo procedimientos quir\u00fargicos con eficacia. Adem\u00e1s, el contenedor esterilizable facilita el almacenamiento y la organizaci\u00f3n del equipo, manteniendo las herramientas seguras y est\u00e9riles hasta su uso.  Todos nuestros activos est\u00e1n sujetos a disponibilidad seg\u00fan inventario.\u00a0","og_url":"https:\/\/servimedcolombia.com\/index.php\/producto\/equipo-de-venodiseccion\/","og_site_name":"Servimed Colombia","article_modified_time":"2024-03-13T04:26:51+00:00","og_image":[{"width":1654,"height":1654,"url":"https:\/\/servimedcolombia.com\/wp-content\/uploads\/2024\/03\/151.jpg","type":"image\/jpeg"}],"twitter_card":"summary_large_image","twitter_misc":{"Tiempo de lectura":"1 minuto"},"schema":{"@context":"https:\/\/schema.org","@graph":[{"@type":"WebPage","@id":"https:\/\/servimedcolombia.com\/index.php\/producto\/equipo-de-venodiseccion\/","url":"https:\/\/servimedcolombia.com\/index.php\/producto\/equipo-de-venodiseccion\/","name":"EQUIPO DE VENODISECCI\u00d3N - Servimed Colombia","isPartOf":{"@id":"https:\/\/servimedcolombia.com\/#website"},"primaryImageOfPage":{"@id":"https:\/\/servimedcolombia.com\/index.php\/producto\/equipo-de-venodiseccion\/#primaryimage"},"image":{"@id":"https:\/\/servimedcolombia.com\/index.php\/producto\/equipo-de-venodiseccion\/#primaryimage"},"thumbnailUrl":"https:\/\/servimedcolombia.com\/wp-content\/uploads\/2026\/04\/151.webp","datePublished":"2024-03-13T04:26:10+00:00","dateModified":"2024-03-13T04:26:51+00:00","breadcrumb":{"@id":"https:\/\/servimedcolombia.com\/index.php\/producto\/equipo-de-venodiseccion\/#breadcrumb"},"inLanguage":"es","potentialAction":[{"@type":"ReadAction","target":["https:\/\/servimedcolombia.com\/index.php\/producto\/equipo-de-venodiseccion\/"]}]},{"@type":"ImageObject","inLanguage":"es","@id":"https:\/\/servimedcolombia.com\/index.php\/producto\/equipo-de-venodiseccion\/#primaryimage","url":"https:\/\/servimedcolombia.com\/wp-content\/uploads\/2026\/04\/151.webp","contentUrl":"https:\/\/servimedcolombia.com\/wp-content\/uploads\/2026\/04\/151.webp","width":1654,"height":1654},{"@type":"BreadcrumbList","@id":"https:\/\/servimedcolombia.com\/index.php\/producto\/equipo-de-venodiseccion\/#breadcrumb","itemListElement":[{"@type":"ListItem","position":1,"name":"Portada","item":"https:\/\/servimedcolombia.com\/"},{"@type":"ListItem","position":2,"name":"Tienda","item":"https:\/\/servimedcolombia.com\/index.php\/tienda\/"},{"@type":"ListItem","position":3,"name":"EQUIPO DE VENODISECCI\u00d3N"}]},{"@type":"WebSite","@id":"https:\/\/servimedcolombia.com\/#website","url":"https:\/\/servimedcolombia.com\/","name":"Servimed Colombia","description":"","potentialAction":[{"@type":"SearchAction","target":{"@type":"EntryPoint","urlTemplate":"https:\/\/servimedcolombia.com\/?s={search_term_string}"},"query-input":{"@type":"PropertyValueSpecification","valueRequired":true,"valueName":"search_term_string"}}],"inLanguage":"es"}]}},"_links":{"self":[{"href":"https:\/\/servimedcolombia.com\/index.php\/wp-json\/wp\/v2\/product\/11088","targetHints":{"allow":["GET"]}}],"collection":[{"href":"https:\/\/servimedcolombia.com\/index.php\/wp-json\/wp\/v2\/product"}],"about":[{"href":"https:\/\/servimedcolombia.com\/index.php\/wp-json\/wp\/v2\/types\/product"}],"version-history":[{"count":0,"href":"https:\/\/servimedcolombia.com\/index.php\/wp-json\/wp\/v2\/product\/11088\/revisions"}],"wp:featuredmedia":[{"embeddable":true,"href":"https:\/\/servimedcolombia.com\/index.php\/wp-json\/wp\/v2\/media\/11042"}],"wp:attachment":[{"href":"https:\/\/servimedcolombia.com\/index.php\/wp-json\/wp\/v2\/media?parent=11088"}],"wp:term":[{"taxonomy":"product_brand","embeddable":true,"href":"https:\/\/servimedcolombia.com\/index.php\/wp-json\/wp\/v2\/product_brand?post=11088"},{"taxonomy":"product_cat","embeddable":true,"href":"https:\/\/servimedcolombia.com\/index.php\/wp-json\/wp\/v2\/product_cat?post=11088"},{"taxonomy":"product_tag","embeddable":true,"href":"https:\/\/servimedcolombia.com\/index.php\/wp-json\/wp\/v2\/product_tag?post=11088"}],"curies":[{"name":"wp","href":"https:\/\/api.w.org\/{rel}","templated":true}]}}