{"id":11107,"date":"2024-03-13T18:06:21","date_gmt":"2024-03-13T23:06:21","guid":{"rendered":"https:\/\/servimedcolombia.com\/?post_type=product&#038;p=11107"},"modified":"2024-03-13T18:07:27","modified_gmt":"2024-03-13T23:07:27","slug":"maquina-de-anestesia-prunus-700d","status":"publish","type":"product","link":"https:\/\/servimedcolombia.com\/index.php\/producto\/maquina-de-anestesia-prunus-700d\/","title":{"rendered":"M\u00c1QUINA DE ANESTESIA PRUNUS 700D"},"content":{"rendered":"","protected":false},"excerpt":{"rendered":"<p>La M\u00e1quina de Anestesia Prunus 700D, conocida como Boaray 700D, es un equipo avanzado que emplea tecnolog\u00edas de vanguardia y algoritmos de protecci\u00f3n y monitoreo patentados. Su dise\u00f1o ofrece una amplia gama de capacidades para garantizar la seguridad y eficacia en procedimientos anest\u00e9sicos.<\/p>\n<p><strong>Caracter\u00edsticas destacadas:<\/strong><\/p>\n<ul>\n<li>Pantalla t\u00e1ctil a color de 10,1\u2033: Con una interfaz intuitiva de f\u00e1cil acceso, que permite una navegaci\u00f3n sencilla y r\u00e1pida. Opci\u00f3n para incluir una fuente grande, mejorando la visualizaci\u00f3n de los par\u00e1metros.<\/li>\n<li>Atenci\u00f3n integral: Dise\u00f1ada para satisfacer las necesidades de pacientes de todas las edades, desde reci\u00e9n nacidos hasta adultos. Ofrece varios modos de ventilaci\u00f3n integrales, adapt\u00e1ndose a cada situaci\u00f3n cl\u00ednica.<\/li>\n<li>M\u00f3dulo de monitorizaci\u00f3n de gas MASIMO: Proporciona en una sola vista la concentraci\u00f3n de gas inspiratorio y al final de la espiraci\u00f3n, as\u00ed como la indicaci\u00f3n del valor MAC (Concentraci\u00f3n alveolar m\u00ednima).<\/li>\n<\/ul>\n<p>Con la M\u00e1quina de Anestesia Prunus 700D, los profesionales m\u00e9dicos pueden realizar procedimientos anest\u00e9sicos con confianza, gracias a su combinaci\u00f3n de tecnolog\u00eda de punta y funcionalidades dise\u00f1adas para garantizar la seguridad y el bienestar del paciente.<\/p>\n<p><span style=\"color: #ff0000;\"><strong>Todos nuestros activos est\u00e1n sujetos a disponibilidad seg\u00fan inventario.\u00a0<\/strong><\/span><\/p>\n<p><span style=\"vertical-align: inherit;\"><span style=\"vertical-align: inherit;\"><span style=\"vertical-align: inherit;\"><span style=\"vertical-align: inherit;\"><span style=\"vertical-align: inherit;\"><span style=\"vertical-align: inherit;\">[njwa_button id=\"9888\"]<\/span><\/span><\/span><\/span><\/span><\/span><\/p>\n","protected":false},"featured_media":11038,"template":"","meta":{"rs_blank_template":"","rs_page_bg_color":"","slide_template_v7":""},"product_brand":[],"product_cat":[173],"product_tag":[],"class_list":{"0":"post-11107","1":"product","2":"type-product","3":"status-publish","4":"has-post-thumbnail","6":"product_cat-maquinas-de-anestesia","8":"first","9":"instock","10":"shipping-taxable","11":"product-type-simple"},"yoast_head":"<!-- This site is optimized with the Yoast SEO plugin v27.5 - https:\/\/yoast.com\/product\/yoast-seo-wordpress\/ -->\n<title>M\u00c1QUINA DE ANESTESIA PRUNUS 700D - Servimed Colombia<\/title>\n<meta name=\"robots\" content=\"index, follow, max-snippet:-1, max-image-preview:large, max-video-preview:-1\" \/>\n<link rel=\"canonical\" href=\"https:\/\/servimedcolombia.com\/index.php\/producto\/maquina-de-anestesia-prunus-700d\/\" \/>\n<meta property=\"og:locale\" content=\"es_ES\" \/>\n<meta property=\"og:type\" content=\"article\" \/>\n<meta property=\"og:title\" content=\"M\u00c1QUINA DE ANESTESIA PRUNUS 700D - Servimed Colombia\" \/>\n<meta property=\"og:description\" content=\"La M\u00e1quina de Anestesia Prunus 700D, conocida como Boaray 700D, es un equipo avanzado que emplea tecnolog\u00edas de vanguardia y algoritmos de protecci\u00f3n y monitoreo patentados. Su dise\u00f1o ofrece una amplia gama de capacidades para garantizar la seguridad y eficacia en procedimientos anest\u00e9sicos.  Caracter\u00edsticas destacadas:   Pantalla t\u00e1ctil a color de 10,1\u2033: Con una interfaz intuitiva de f\u00e1cil acceso, que permite una navegaci\u00f3n sencilla y r\u00e1pida. Opci\u00f3n para incluir una fuente grande, mejorando la visualizaci\u00f3n de los par\u00e1metros.  Atenci\u00f3n integral: Dise\u00f1ada para satisfacer las necesidades de pacientes de todas las edades, desde reci\u00e9n nacidos hasta adultos. Ofrece varios modos de ventilaci\u00f3n integrales, adapt\u00e1ndose a cada situaci\u00f3n cl\u00ednica.  M\u00f3dulo de monitorizaci\u00f3n de gas MASIMO: Proporciona en una sola vista la concentraci\u00f3n de gas inspiratorio y al final de la espiraci\u00f3n, as\u00ed como la indicaci\u00f3n del valor MAC (Concentraci\u00f3n alveolar m\u00ednima).  Con la M\u00e1quina de Anestesia Prunus 700D, los profesionales m\u00e9dicos pueden realizar procedimientos anest\u00e9sicos con confianza, gracias a su combinaci\u00f3n de tecnolog\u00eda de punta y funcionalidades dise\u00f1adas para garantizar la seguridad y el bienestar del paciente.  Todos nuestros activos est\u00e1n sujetos a disponibilidad seg\u00fan inventario.\u00a0\" \/>\n<meta property=\"og:url\" content=\"https:\/\/servimedcolombia.com\/index.php\/producto\/maquina-de-anestesia-prunus-700d\/\" \/>\n<meta property=\"og:site_name\" content=\"Servimed Colombia\" \/>\n<meta property=\"article:modified_time\" content=\"2024-03-13T23:07:27+00:00\" \/>\n<meta property=\"og:image\" content=\"https:\/\/servimedcolombia.com\/wp-content\/uploads\/2024\/03\/147.jpg\" \/>\n\t<meta property=\"og:image:width\" content=\"1654\" \/>\n\t<meta property=\"og:image:height\" content=\"1654\" \/>\n\t<meta property=\"og:image:type\" content=\"image\/jpeg\" \/>\n<meta name=\"twitter:card\" content=\"summary_large_image\" \/>\n<meta name=\"twitter:label1\" content=\"Tiempo de lectura\" \/>\n\t<meta name=\"twitter:data1\" content=\"1 minuto\" \/>\n<script type=\"application\/ld+json\" class=\"yoast-schema-graph\">{\"@context\":\"https:\\\/\\\/schema.org\",\"@graph\":[{\"@type\":\"WebPage\",\"@id\":\"https:\\\/\\\/servimedcolombia.com\\\/index.php\\\/producto\\\/maquina-de-anestesia-prunus-700d\\\/\",\"url\":\"https:\\\/\\\/servimedcolombia.com\\\/index.php\\\/producto\\\/maquina-de-anestesia-prunus-700d\\\/\",\"name\":\"M\u00c1QUINA DE ANESTESIA PRUNUS 700D - Servimed Colombia\",\"isPartOf\":{\"@id\":\"https:\\\/\\\/servimedcolombia.com\\\/#website\"},\"primaryImageOfPage\":{\"@id\":\"https:\\\/\\\/servimedcolombia.com\\\/index.php\\\/producto\\\/maquina-de-anestesia-prunus-700d\\\/#primaryimage\"},\"image\":{\"@id\":\"https:\\\/\\\/servimedcolombia.com\\\/index.php\\\/producto\\\/maquina-de-anestesia-prunus-700d\\\/#primaryimage\"},\"thumbnailUrl\":\"https:\\\/\\\/servimedcolombia.com\\\/wp-content\\\/uploads\\\/2026\\\/04\\\/147.webp\",\"datePublished\":\"2024-03-13T23:06:21+00:00\",\"dateModified\":\"2024-03-13T23:07:27+00:00\",\"breadcrumb\":{\"@id\":\"https:\\\/\\\/servimedcolombia.com\\\/index.php\\\/producto\\\/maquina-de-anestesia-prunus-700d\\\/#breadcrumb\"},\"inLanguage\":\"es\",\"potentialAction\":[{\"@type\":\"ReadAction\",\"target\":[\"https:\\\/\\\/servimedcolombia.com\\\/index.php\\\/producto\\\/maquina-de-anestesia-prunus-700d\\\/\"]}]},{\"@type\":\"ImageObject\",\"inLanguage\":\"es\",\"@id\":\"https:\\\/\\\/servimedcolombia.com\\\/index.php\\\/producto\\\/maquina-de-anestesia-prunus-700d\\\/#primaryimage\",\"url\":\"https:\\\/\\\/servimedcolombia.com\\\/wp-content\\\/uploads\\\/2026\\\/04\\\/147.webp\",\"contentUrl\":\"https:\\\/\\\/servimedcolombia.com\\\/wp-content\\\/uploads\\\/2026\\\/04\\\/147.webp\",\"width\":1654,\"height\":1654},{\"@type\":\"BreadcrumbList\",\"@id\":\"https:\\\/\\\/servimedcolombia.com\\\/index.php\\\/producto\\\/maquina-de-anestesia-prunus-700d\\\/#breadcrumb\",\"itemListElement\":[{\"@type\":\"ListItem\",\"position\":1,\"name\":\"Portada\",\"item\":\"https:\\\/\\\/servimedcolombia.com\\\/\"},{\"@type\":\"ListItem\",\"position\":2,\"name\":\"Tienda\",\"item\":\"https:\\\/\\\/servimedcolombia.com\\\/index.php\\\/tienda\\\/\"},{\"@type\":\"ListItem\",\"position\":3,\"name\":\"M\u00c1QUINA DE ANESTESIA PRUNUS 700D\"}]},{\"@type\":\"WebSite\",\"@id\":\"https:\\\/\\\/servimedcolombia.com\\\/#website\",\"url\":\"https:\\\/\\\/servimedcolombia.com\\\/\",\"name\":\"Servimed Colombia\",\"description\":\"\",\"potentialAction\":[{\"@type\":\"SearchAction\",\"target\":{\"@type\":\"EntryPoint\",\"urlTemplate\":\"https:\\\/\\\/servimedcolombia.com\\\/?s={search_term_string}\"},\"query-input\":{\"@type\":\"PropertyValueSpecification\",\"valueRequired\":true,\"valueName\":\"search_term_string\"}}],\"inLanguage\":\"es\"}]}<\/script>\n<!-- \/ Yoast SEO plugin. -->","yoast_head_json":{"title":"M\u00c1QUINA DE ANESTESIA PRUNUS 700D - Servimed Colombia","robots":{"index":"index","follow":"follow","max-snippet":"max-snippet:-1","max-image-preview":"max-image-preview:large","max-video-preview":"max-video-preview:-1"},"canonical":"https:\/\/servimedcolombia.com\/index.php\/producto\/maquina-de-anestesia-prunus-700d\/","og_locale":"es_ES","og_type":"article","og_title":"M\u00c1QUINA DE ANESTESIA PRUNUS 700D - Servimed Colombia","og_description":"La M\u00e1quina de Anestesia Prunus 700D, conocida como Boaray 700D, es un equipo avanzado que emplea tecnolog\u00edas de vanguardia y algoritmos de protecci\u00f3n y monitoreo patentados. Su dise\u00f1o ofrece una amplia gama de capacidades para garantizar la seguridad y eficacia en procedimientos anest\u00e9sicos.  Caracter\u00edsticas destacadas:   Pantalla t\u00e1ctil a color de 10,1\u2033: Con una interfaz intuitiva de f\u00e1cil acceso, que permite una navegaci\u00f3n sencilla y r\u00e1pida. Opci\u00f3n para incluir una fuente grande, mejorando la visualizaci\u00f3n de los par\u00e1metros.  Atenci\u00f3n integral: Dise\u00f1ada para satisfacer las necesidades de pacientes de todas las edades, desde reci\u00e9n nacidos hasta adultos. Ofrece varios modos de ventilaci\u00f3n integrales, adapt\u00e1ndose a cada situaci\u00f3n cl\u00ednica.  M\u00f3dulo de monitorizaci\u00f3n de gas MASIMO: Proporciona en una sola vista la concentraci\u00f3n de gas inspiratorio y al final de la espiraci\u00f3n, as\u00ed como la indicaci\u00f3n del valor MAC (Concentraci\u00f3n alveolar m\u00ednima).  Con la M\u00e1quina de Anestesia Prunus 700D, los profesionales m\u00e9dicos pueden realizar procedimientos anest\u00e9sicos con confianza, gracias a su combinaci\u00f3n de tecnolog\u00eda de punta y funcionalidades dise\u00f1adas para garantizar la seguridad y el bienestar del paciente.  Todos nuestros activos est\u00e1n sujetos a disponibilidad seg\u00fan inventario.\u00a0","og_url":"https:\/\/servimedcolombia.com\/index.php\/producto\/maquina-de-anestesia-prunus-700d\/","og_site_name":"Servimed Colombia","article_modified_time":"2024-03-13T23:07:27+00:00","og_image":[{"width":1654,"height":1654,"url":"https:\/\/servimedcolombia.com\/wp-content\/uploads\/2024\/03\/147.jpg","type":"image\/jpeg"}],"twitter_card":"summary_large_image","twitter_misc":{"Tiempo de lectura":"1 minuto"},"schema":{"@context":"https:\/\/schema.org","@graph":[{"@type":"WebPage","@id":"https:\/\/servimedcolombia.com\/index.php\/producto\/maquina-de-anestesia-prunus-700d\/","url":"https:\/\/servimedcolombia.com\/index.php\/producto\/maquina-de-anestesia-prunus-700d\/","name":"M\u00c1QUINA DE ANESTESIA PRUNUS 700D - Servimed Colombia","isPartOf":{"@id":"https:\/\/servimedcolombia.com\/#website"},"primaryImageOfPage":{"@id":"https:\/\/servimedcolombia.com\/index.php\/producto\/maquina-de-anestesia-prunus-700d\/#primaryimage"},"image":{"@id":"https:\/\/servimedcolombia.com\/index.php\/producto\/maquina-de-anestesia-prunus-700d\/#primaryimage"},"thumbnailUrl":"https:\/\/servimedcolombia.com\/wp-content\/uploads\/2026\/04\/147.webp","datePublished":"2024-03-13T23:06:21+00:00","dateModified":"2024-03-13T23:07:27+00:00","breadcrumb":{"@id":"https:\/\/servimedcolombia.com\/index.php\/producto\/maquina-de-anestesia-prunus-700d\/#breadcrumb"},"inLanguage":"es","potentialAction":[{"@type":"ReadAction","target":["https:\/\/servimedcolombia.com\/index.php\/producto\/maquina-de-anestesia-prunus-700d\/"]}]},{"@type":"ImageObject","inLanguage":"es","@id":"https:\/\/servimedcolombia.com\/index.php\/producto\/maquina-de-anestesia-prunus-700d\/#primaryimage","url":"https:\/\/servimedcolombia.com\/wp-content\/uploads\/2026\/04\/147.webp","contentUrl":"https:\/\/servimedcolombia.com\/wp-content\/uploads\/2026\/04\/147.webp","width":1654,"height":1654},{"@type":"BreadcrumbList","@id":"https:\/\/servimedcolombia.com\/index.php\/producto\/maquina-de-anestesia-prunus-700d\/#breadcrumb","itemListElement":[{"@type":"ListItem","position":1,"name":"Portada","item":"https:\/\/servimedcolombia.com\/"},{"@type":"ListItem","position":2,"name":"Tienda","item":"https:\/\/servimedcolombia.com\/index.php\/tienda\/"},{"@type":"ListItem","position":3,"name":"M\u00c1QUINA DE ANESTESIA PRUNUS 700D"}]},{"@type":"WebSite","@id":"https:\/\/servimedcolombia.com\/#website","url":"https:\/\/servimedcolombia.com\/","name":"Servimed Colombia","description":"","potentialAction":[{"@type":"SearchAction","target":{"@type":"EntryPoint","urlTemplate":"https:\/\/servimedcolombia.com\/?s={search_term_string}"},"query-input":{"@type":"PropertyValueSpecification","valueRequired":true,"valueName":"search_term_string"}}],"inLanguage":"es"}]}},"_links":{"self":[{"href":"https:\/\/servimedcolombia.com\/index.php\/wp-json\/wp\/v2\/product\/11107","targetHints":{"allow":["GET"]}}],"collection":[{"href":"https:\/\/servimedcolombia.com\/index.php\/wp-json\/wp\/v2\/product"}],"about":[{"href":"https:\/\/servimedcolombia.com\/index.php\/wp-json\/wp\/v2\/types\/product"}],"version-history":[{"count":0,"href":"https:\/\/servimedcolombia.com\/index.php\/wp-json\/wp\/v2\/product\/11107\/revisions"}],"wp:featuredmedia":[{"embeddable":true,"href":"https:\/\/servimedcolombia.com\/index.php\/wp-json\/wp\/v2\/media\/11038"}],"wp:attachment":[{"href":"https:\/\/servimedcolombia.com\/index.php\/wp-json\/wp\/v2\/media?parent=11107"}],"wp:term":[{"taxonomy":"product_brand","embeddable":true,"href":"https:\/\/servimedcolombia.com\/index.php\/wp-json\/wp\/v2\/product_brand?post=11107"},{"taxonomy":"product_cat","embeddable":true,"href":"https:\/\/servimedcolombia.com\/index.php\/wp-json\/wp\/v2\/product_cat?post=11107"},{"taxonomy":"product_tag","embeddable":true,"href":"https:\/\/servimedcolombia.com\/index.php\/wp-json\/wp\/v2\/product_tag?post=11107"}],"curies":[{"name":"wp","href":"https:\/\/api.w.org\/{rel}","templated":true}]}}