{"id":11152,"date":"2024-04-18T12:55:21","date_gmt":"2024-04-18T17:55:21","guid":{"rendered":"https:\/\/servimedcolombia.com\/?post_type=product&#038;p=11152"},"modified":"2024-04-18T12:56:16","modified_gmt":"2024-04-18T17:56:16","slug":"maquina-de-anestesia-wato-ex-35","status":"publish","type":"product","link":"https:\/\/servimedcolombia.com\/index.php\/producto\/maquina-de-anestesia-wato-ex-35\/","title":{"rendered":"M\u00c1QUINA DE ANESTESIA WATO EX-35"},"content":{"rendered":"","protected":false},"excerpt":{"rendered":"<p>La M\u00e1quina de Anestesia WATO EX-35, fabricada por Mindray, es una innovadora herramienta m\u00e9dica dise\u00f1ada para ofrecer un control preciso y seguro durante los procedimientos de anestesia. Con una pantalla t\u00e1ctil de 10.4 pulgadas, proporciona una interfaz intuitiva y f\u00e1cil de usar para los profesionales m\u00e9dicos.<\/p>\n<p>Sus modos de ventilaci\u00f3n vers\u00e1tiles incluyen VCV (volumen controlado), PCV (presi\u00f3n controlada), PSV (soporte de presi\u00f3n), SIMV-PC (ventilaci\u00f3n mandatoria intermitente sincronizada con presi\u00f3n controlada) y SIMV-VC (ventilaci\u00f3n mandatoria intermitente sincronizada con volumen controlado). Esto permite adaptarse a una amplia gama de necesidades de ventilaci\u00f3n y asegurar una respiraci\u00f3n \u00f3ptima para el paciente.<\/p>\n<p>Adem\u00e1s, la M\u00e1quina de Anestesia WATO EX-35 ofrece la opci\u00f3n de incorporar m\u00f3dulos adicionales, como BIS (\u00edndice bispectral), EtCO2 (di\u00f3xido de carbono al final de la espiraci\u00f3n) y AA (analizador de anest\u00e9sicos). Estos m\u00f3dulos opcionales proporcionan monitoreo adicional para optimizar la seguridad y la eficacia del proceso anest\u00e9sico.<\/p>\n<p>Con un volumen corriente m\u00ednimo de 20 ml, la m\u00e1quina garantiza una ventilaci\u00f3n precisa incluso en casos de baja demanda respiratoria. Adem\u00e1s, su bater\u00eda tiene una duraci\u00f3n superior a 2 horas, lo que brinda una autonom\u00eda adecuada para procedimientos prolongados o en situaciones donde se requiera movilidad.<\/p>\n<p><span style=\"color: #ff0000;\"><strong>Todos nuestros activos est\u00e1n sujetos a disponibilidad seg\u00fan inventario.\u00a0<\/strong><\/span><\/p>\n<p><span style=\"vertical-align: inherit;\"><span style=\"vertical-align: inherit;\"><span style=\"vertical-align: inherit;\"><span style=\"vertical-align: inherit;\"><span style=\"vertical-align: inherit;\"><span style=\"vertical-align: inherit;\">[njwa_button id=\"9888\"]<\/span><\/span><\/span><\/span><\/span><\/span><\/p>\n","protected":false},"featured_media":11153,"template":"","meta":{"rs_blank_template":"","rs_page_bg_color":"","slide_template_v7":""},"product_brand":[],"product_cat":[173],"product_tag":[],"class_list":{"0":"post-11152","1":"product","2":"type-product","3":"status-publish","4":"has-post-thumbnail","6":"product_cat-maquinas-de-anestesia","8":"first","9":"instock","10":"shipping-taxable","11":"product-type-simple"},"yoast_head":"<!-- This site is optimized with the Yoast SEO plugin v27.5 - https:\/\/yoast.com\/product\/yoast-seo-wordpress\/ -->\n<title>M\u00c1QUINA DE ANESTESIA WATO EX-35 - Servimed Colombia<\/title>\n<meta name=\"robots\" content=\"index, follow, max-snippet:-1, max-image-preview:large, max-video-preview:-1\" \/>\n<link rel=\"canonical\" href=\"https:\/\/servimedcolombia.com\/index.php\/producto\/maquina-de-anestesia-wato-ex-35\/\" \/>\n<meta property=\"og:locale\" content=\"es_ES\" \/>\n<meta property=\"og:type\" content=\"article\" \/>\n<meta property=\"og:title\" content=\"M\u00c1QUINA DE ANESTESIA WATO EX-35 - Servimed Colombia\" \/>\n<meta property=\"og:description\" content=\"La M\u00e1quina de Anestesia WATO EX-35, fabricada por Mindray, es una innovadora herramienta m\u00e9dica dise\u00f1ada para ofrecer un control preciso y seguro durante los procedimientos de anestesia. Con una pantalla t\u00e1ctil de 10.4 pulgadas, proporciona una interfaz intuitiva y f\u00e1cil de usar para los profesionales m\u00e9dicos.  Sus modos de ventilaci\u00f3n vers\u00e1tiles incluyen VCV (volumen controlado), PCV (presi\u00f3n controlada), PSV (soporte de presi\u00f3n), SIMV-PC (ventilaci\u00f3n mandatoria intermitente sincronizada con presi\u00f3n controlada) y SIMV-VC (ventilaci\u00f3n mandatoria intermitente sincronizada con volumen controlado). Esto permite adaptarse a una amplia gama de necesidades de ventilaci\u00f3n y asegurar una respiraci\u00f3n \u00f3ptima para el paciente.  Adem\u00e1s, la M\u00e1quina de Anestesia WATO EX-35 ofrece la opci\u00f3n de incorporar m\u00f3dulos adicionales, como BIS (\u00edndice bispectral), EtCO2 (di\u00f3xido de carbono al final de la espiraci\u00f3n) y AA (analizador de anest\u00e9sicos). Estos m\u00f3dulos opcionales proporcionan monitoreo adicional para optimizar la seguridad y la eficacia del proceso anest\u00e9sico.  Con un volumen corriente m\u00ednimo de 20 ml, la m\u00e1quina garantiza una ventilaci\u00f3n precisa incluso en casos de baja demanda respiratoria. Adem\u00e1s, su bater\u00eda tiene una duraci\u00f3n superior a 2 horas, lo que brinda una autonom\u00eda adecuada para procedimientos prolongados o en situaciones donde se requiera movilidad.  Todos nuestros activos est\u00e1n sujetos a disponibilidad seg\u00fan inventario.\u00a0\" \/>\n<meta property=\"og:url\" content=\"https:\/\/servimedcolombia.com\/index.php\/producto\/maquina-de-anestesia-wato-ex-35\/\" \/>\n<meta property=\"og:site_name\" content=\"Servimed Colombia\" \/>\n<meta property=\"article:modified_time\" content=\"2024-04-18T17:56:16+00:00\" \/>\n<meta property=\"og:image\" content=\"https:\/\/servimedcolombia.com\/wp-content\/uploads\/2024\/04\/160.jpg\" \/>\n\t<meta property=\"og:image:width\" content=\"1654\" \/>\n\t<meta property=\"og:image:height\" content=\"1654\" \/>\n\t<meta property=\"og:image:type\" content=\"image\/jpeg\" \/>\n<meta name=\"twitter:card\" content=\"summary_large_image\" \/>\n<meta name=\"twitter:label1\" content=\"Tiempo de lectura\" \/>\n\t<meta name=\"twitter:data1\" content=\"1 minuto\" \/>\n<script type=\"application\/ld+json\" class=\"yoast-schema-graph\">{\"@context\":\"https:\\\/\\\/schema.org\",\"@graph\":[{\"@type\":\"WebPage\",\"@id\":\"https:\\\/\\\/servimedcolombia.com\\\/index.php\\\/producto\\\/maquina-de-anestesia-wato-ex-35\\\/\",\"url\":\"https:\\\/\\\/servimedcolombia.com\\\/index.php\\\/producto\\\/maquina-de-anestesia-wato-ex-35\\\/\",\"name\":\"M\u00c1QUINA DE ANESTESIA WATO EX-35 - Servimed Colombia\",\"isPartOf\":{\"@id\":\"https:\\\/\\\/servimedcolombia.com\\\/#website\"},\"primaryImageOfPage\":{\"@id\":\"https:\\\/\\\/servimedcolombia.com\\\/index.php\\\/producto\\\/maquina-de-anestesia-wato-ex-35\\\/#primaryimage\"},\"image\":{\"@id\":\"https:\\\/\\\/servimedcolombia.com\\\/index.php\\\/producto\\\/maquina-de-anestesia-wato-ex-35\\\/#primaryimage\"},\"thumbnailUrl\":\"https:\\\/\\\/servimedcolombia.com\\\/wp-content\\\/uploads\\\/2026\\\/04\\\/160.webp\",\"datePublished\":\"2024-04-18T17:55:21+00:00\",\"dateModified\":\"2024-04-18T17:56:16+00:00\",\"breadcrumb\":{\"@id\":\"https:\\\/\\\/servimedcolombia.com\\\/index.php\\\/producto\\\/maquina-de-anestesia-wato-ex-35\\\/#breadcrumb\"},\"inLanguage\":\"es\",\"potentialAction\":[{\"@type\":\"ReadAction\",\"target\":[\"https:\\\/\\\/servimedcolombia.com\\\/index.php\\\/producto\\\/maquina-de-anestesia-wato-ex-35\\\/\"]}]},{\"@type\":\"ImageObject\",\"inLanguage\":\"es\",\"@id\":\"https:\\\/\\\/servimedcolombia.com\\\/index.php\\\/producto\\\/maquina-de-anestesia-wato-ex-35\\\/#primaryimage\",\"url\":\"https:\\\/\\\/servimedcolombia.com\\\/wp-content\\\/uploads\\\/2026\\\/04\\\/160.webp\",\"contentUrl\":\"https:\\\/\\\/servimedcolombia.com\\\/wp-content\\\/uploads\\\/2026\\\/04\\\/160.webp\",\"width\":1654,\"height\":1654},{\"@type\":\"BreadcrumbList\",\"@id\":\"https:\\\/\\\/servimedcolombia.com\\\/index.php\\\/producto\\\/maquina-de-anestesia-wato-ex-35\\\/#breadcrumb\",\"itemListElement\":[{\"@type\":\"ListItem\",\"position\":1,\"name\":\"Portada\",\"item\":\"https:\\\/\\\/servimedcolombia.com\\\/\"},{\"@type\":\"ListItem\",\"position\":2,\"name\":\"Tienda\",\"item\":\"https:\\\/\\\/servimedcolombia.com\\\/index.php\\\/tienda\\\/\"},{\"@type\":\"ListItem\",\"position\":3,\"name\":\"M\u00c1QUINA DE ANESTESIA WATO EX-35\"}]},{\"@type\":\"WebSite\",\"@id\":\"https:\\\/\\\/servimedcolombia.com\\\/#website\",\"url\":\"https:\\\/\\\/servimedcolombia.com\\\/\",\"name\":\"Servimed Colombia\",\"description\":\"\",\"potentialAction\":[{\"@type\":\"SearchAction\",\"target\":{\"@type\":\"EntryPoint\",\"urlTemplate\":\"https:\\\/\\\/servimedcolombia.com\\\/?s={search_term_string}\"},\"query-input\":{\"@type\":\"PropertyValueSpecification\",\"valueRequired\":true,\"valueName\":\"search_term_string\"}}],\"inLanguage\":\"es\"}]}<\/script>\n<!-- \/ Yoast SEO plugin. -->","yoast_head_json":{"title":"M\u00c1QUINA DE ANESTESIA WATO EX-35 - Servimed Colombia","robots":{"index":"index","follow":"follow","max-snippet":"max-snippet:-1","max-image-preview":"max-image-preview:large","max-video-preview":"max-video-preview:-1"},"canonical":"https:\/\/servimedcolombia.com\/index.php\/producto\/maquina-de-anestesia-wato-ex-35\/","og_locale":"es_ES","og_type":"article","og_title":"M\u00c1QUINA DE ANESTESIA WATO EX-35 - Servimed Colombia","og_description":"La M\u00e1quina de Anestesia WATO EX-35, fabricada por Mindray, es una innovadora herramienta m\u00e9dica dise\u00f1ada para ofrecer un control preciso y seguro durante los procedimientos de anestesia. Con una pantalla t\u00e1ctil de 10.4 pulgadas, proporciona una interfaz intuitiva y f\u00e1cil de usar para los profesionales m\u00e9dicos.  Sus modos de ventilaci\u00f3n vers\u00e1tiles incluyen VCV (volumen controlado), PCV (presi\u00f3n controlada), PSV (soporte de presi\u00f3n), SIMV-PC (ventilaci\u00f3n mandatoria intermitente sincronizada con presi\u00f3n controlada) y SIMV-VC (ventilaci\u00f3n mandatoria intermitente sincronizada con volumen controlado). Esto permite adaptarse a una amplia gama de necesidades de ventilaci\u00f3n y asegurar una respiraci\u00f3n \u00f3ptima para el paciente.  Adem\u00e1s, la M\u00e1quina de Anestesia WATO EX-35 ofrece la opci\u00f3n de incorporar m\u00f3dulos adicionales, como BIS (\u00edndice bispectral), EtCO2 (di\u00f3xido de carbono al final de la espiraci\u00f3n) y AA (analizador de anest\u00e9sicos). Estos m\u00f3dulos opcionales proporcionan monitoreo adicional para optimizar la seguridad y la eficacia del proceso anest\u00e9sico.  Con un volumen corriente m\u00ednimo de 20 ml, la m\u00e1quina garantiza una ventilaci\u00f3n precisa incluso en casos de baja demanda respiratoria. Adem\u00e1s, su bater\u00eda tiene una duraci\u00f3n superior a 2 horas, lo que brinda una autonom\u00eda adecuada para procedimientos prolongados o en situaciones donde se requiera movilidad.  Todos nuestros activos est\u00e1n sujetos a disponibilidad seg\u00fan inventario.\u00a0","og_url":"https:\/\/servimedcolombia.com\/index.php\/producto\/maquina-de-anestesia-wato-ex-35\/","og_site_name":"Servimed Colombia","article_modified_time":"2024-04-18T17:56:16+00:00","og_image":[{"width":1654,"height":1654,"url":"https:\/\/servimedcolombia.com\/wp-content\/uploads\/2024\/04\/160.jpg","type":"image\/jpeg"}],"twitter_card":"summary_large_image","twitter_misc":{"Tiempo de lectura":"1 minuto"},"schema":{"@context":"https:\/\/schema.org","@graph":[{"@type":"WebPage","@id":"https:\/\/servimedcolombia.com\/index.php\/producto\/maquina-de-anestesia-wato-ex-35\/","url":"https:\/\/servimedcolombia.com\/index.php\/producto\/maquina-de-anestesia-wato-ex-35\/","name":"M\u00c1QUINA DE ANESTESIA WATO EX-35 - Servimed Colombia","isPartOf":{"@id":"https:\/\/servimedcolombia.com\/#website"},"primaryImageOfPage":{"@id":"https:\/\/servimedcolombia.com\/index.php\/producto\/maquina-de-anestesia-wato-ex-35\/#primaryimage"},"image":{"@id":"https:\/\/servimedcolombia.com\/index.php\/producto\/maquina-de-anestesia-wato-ex-35\/#primaryimage"},"thumbnailUrl":"https:\/\/servimedcolombia.com\/wp-content\/uploads\/2026\/04\/160.webp","datePublished":"2024-04-18T17:55:21+00:00","dateModified":"2024-04-18T17:56:16+00:00","breadcrumb":{"@id":"https:\/\/servimedcolombia.com\/index.php\/producto\/maquina-de-anestesia-wato-ex-35\/#breadcrumb"},"inLanguage":"es","potentialAction":[{"@type":"ReadAction","target":["https:\/\/servimedcolombia.com\/index.php\/producto\/maquina-de-anestesia-wato-ex-35\/"]}]},{"@type":"ImageObject","inLanguage":"es","@id":"https:\/\/servimedcolombia.com\/index.php\/producto\/maquina-de-anestesia-wato-ex-35\/#primaryimage","url":"https:\/\/servimedcolombia.com\/wp-content\/uploads\/2026\/04\/160.webp","contentUrl":"https:\/\/servimedcolombia.com\/wp-content\/uploads\/2026\/04\/160.webp","width":1654,"height":1654},{"@type":"BreadcrumbList","@id":"https:\/\/servimedcolombia.com\/index.php\/producto\/maquina-de-anestesia-wato-ex-35\/#breadcrumb","itemListElement":[{"@type":"ListItem","position":1,"name":"Portada","item":"https:\/\/servimedcolombia.com\/"},{"@type":"ListItem","position":2,"name":"Tienda","item":"https:\/\/servimedcolombia.com\/index.php\/tienda\/"},{"@type":"ListItem","position":3,"name":"M\u00c1QUINA DE ANESTESIA WATO EX-35"}]},{"@type":"WebSite","@id":"https:\/\/servimedcolombia.com\/#website","url":"https:\/\/servimedcolombia.com\/","name":"Servimed Colombia","description":"","potentialAction":[{"@type":"SearchAction","target":{"@type":"EntryPoint","urlTemplate":"https:\/\/servimedcolombia.com\/?s={search_term_string}"},"query-input":{"@type":"PropertyValueSpecification","valueRequired":true,"valueName":"search_term_string"}}],"inLanguage":"es"}]}},"_links":{"self":[{"href":"https:\/\/servimedcolombia.com\/index.php\/wp-json\/wp\/v2\/product\/11152","targetHints":{"allow":["GET"]}}],"collection":[{"href":"https:\/\/servimedcolombia.com\/index.php\/wp-json\/wp\/v2\/product"}],"about":[{"href":"https:\/\/servimedcolombia.com\/index.php\/wp-json\/wp\/v2\/types\/product"}],"version-history":[{"count":0,"href":"https:\/\/servimedcolombia.com\/index.php\/wp-json\/wp\/v2\/product\/11152\/revisions"}],"wp:featuredmedia":[{"embeddable":true,"href":"https:\/\/servimedcolombia.com\/index.php\/wp-json\/wp\/v2\/media\/11153"}],"wp:attachment":[{"href":"https:\/\/servimedcolombia.com\/index.php\/wp-json\/wp\/v2\/media?parent=11152"}],"wp:term":[{"taxonomy":"product_brand","embeddable":true,"href":"https:\/\/servimedcolombia.com\/index.php\/wp-json\/wp\/v2\/product_brand?post=11152"},{"taxonomy":"product_cat","embeddable":true,"href":"https:\/\/servimedcolombia.com\/index.php\/wp-json\/wp\/v2\/product_cat?post=11152"},{"taxonomy":"product_tag","embeddable":true,"href":"https:\/\/servimedcolombia.com\/index.php\/wp-json\/wp\/v2\/product_tag?post=11152"}],"curies":[{"name":"wp","href":"https:\/\/api.w.org\/{rel}","templated":true}]}}