{"id":11188,"date":"2024-05-06T16:22:37","date_gmt":"2024-05-06T21:22:37","guid":{"rendered":"https:\/\/servimedcolombia.com\/?post_type=product&#038;p=11188"},"modified":"2024-05-16T21:36:38","modified_gmt":"2024-05-17T02:36:38","slug":"mindray-hybase-6100-mesa-de-cirugia-electrica","status":"publish","type":"product","link":"https:\/\/servimedcolombia.com\/index.php\/producto\/mindray-hybase-6100-mesa-de-cirugia-electrica\/","title":{"rendered":"MINDRAY HYBASE 6100 MESA DE CIRUG\u00cdA EL\u00c9CTRICA"},"content":{"rendered":"","protected":false},"excerpt":{"rendered":"<p>La mesa de cirug\u00eda el\u00e9ctrica HyBase 6100 ofrece una excelente facilidad de uso cl\u00ednico y est\u00e1 dise\u00f1ada para satisfacer las demandas espec\u00edficas de la neurocirug\u00eda y la cirug\u00eda m\u00ednimamente invasiva. Con una altura m\u00ednima de 498 mm, esta mesa proporciona un entorno de trabajo ergon\u00f3mico para los cirujanos, maximizando la comodidad y la precisi\u00f3n durante los procedimientos.<\/p>\n<p>Destacando su versatilidad, la HyBase 6100 cuenta con una cubierta de base funcional y un sistema de control remoto inal\u00e1mbrico, lo que facilita a\u00fan m\u00e1s su uso en el quir\u00f3fano. Su capacidad de desplazamiento longitudinal de hasta 320 mm la hace ideal para procedimientos como la cirug\u00eda cardiovascular o la cirug\u00eda de columna con arco en C, garantizando un posicionamiento preciso del paciente.<\/p>\n<p>Esta mesa cumple con los m\u00e1s altos est\u00e1ndares de posicionamiento para neurocirug\u00eda y cirug\u00eda m\u00ednimamente invasiva, brindando a los cirujanos la confianza necesaria para realizar intervenciones complejas con precisi\u00f3n y seguridad. En resumen, la HyBase 6100 es una elecci\u00f3n excepcional que maximiza la versatilidad y flexibilidad en el quir\u00f3fano.<\/p>\n<p><span style=\"color: #ff0000;\"><strong>Todos nuestros activos est\u00e1n sujetos a disponibilidad seg\u00fan inventario.\u00a0<\/strong><\/span><\/p>\n<p><span style=\"vertical-align: inherit;\"><span style=\"vertical-align: inherit;\"><span style=\"vertical-align: inherit;\"><span style=\"vertical-align: inherit;\"><span style=\"vertical-align: inherit;\"><span style=\"vertical-align: inherit;\">[njwa_button id=\"9888\"]<\/span><\/span><\/span><\/span><\/span><\/span><\/p>\n","protected":false},"featured_media":11185,"template":"","meta":{"rs_blank_template":"","rs_page_bg_color":"","slide_template_v7":""},"product_brand":[],"product_cat":[187],"product_tag":[],"class_list":{"0":"post-11188","1":"product","2":"type-product","3":"status-publish","4":"has-post-thumbnail","6":"product_cat-mesas-de-cirugia","8":"first","9":"instock","10":"featured","11":"shipping-taxable","12":"product-type-simple"},"yoast_head":"<!-- This site is optimized with the Yoast SEO plugin v27.5 - https:\/\/yoast.com\/product\/yoast-seo-wordpress\/ -->\n<title>MINDRAY HYBASE 6100 MESA DE CIRUG\u00cdA EL\u00c9CTRICA - Servimed Colombia<\/title>\n<meta name=\"robots\" content=\"index, follow, max-snippet:-1, max-image-preview:large, max-video-preview:-1\" \/>\n<link rel=\"canonical\" href=\"https:\/\/servimedcolombia.com\/index.php\/producto\/mindray-hybase-6100-mesa-de-cirugia-electrica\/\" \/>\n<meta property=\"og:locale\" content=\"es_ES\" \/>\n<meta property=\"og:type\" content=\"article\" \/>\n<meta property=\"og:title\" content=\"MINDRAY HYBASE 6100 MESA DE CIRUG\u00cdA EL\u00c9CTRICA - Servimed Colombia\" \/>\n<meta property=\"og:description\" content=\"La mesa de cirug\u00eda el\u00e9ctrica HyBase 6100 ofrece una excelente facilidad de uso cl\u00ednico y est\u00e1 dise\u00f1ada para satisfacer las demandas espec\u00edficas de la neurocirug\u00eda y la cirug\u00eda m\u00ednimamente invasiva. Con una altura m\u00ednima de 498 mm, esta mesa proporciona un entorno de trabajo ergon\u00f3mico para los cirujanos, maximizando la comodidad y la precisi\u00f3n durante los procedimientos.  Destacando su versatilidad, la HyBase 6100 cuenta con una cubierta de base funcional y un sistema de control remoto inal\u00e1mbrico, lo que facilita a\u00fan m\u00e1s su uso en el quir\u00f3fano. Su capacidad de desplazamiento longitudinal de hasta 320 mm la hace ideal para procedimientos como la cirug\u00eda cardiovascular o la cirug\u00eda de columna con arco en C, garantizando un posicionamiento preciso del paciente.  Esta mesa cumple con los m\u00e1s altos est\u00e1ndares de posicionamiento para neurocirug\u00eda y cirug\u00eda m\u00ednimamente invasiva, brindando a los cirujanos la confianza necesaria para realizar intervenciones complejas con precisi\u00f3n y seguridad. En resumen, la HyBase 6100 es una elecci\u00f3n excepcional que maximiza la versatilidad y flexibilidad en el quir\u00f3fano.  Todos nuestros activos est\u00e1n sujetos a disponibilidad seg\u00fan inventario.\u00a0\" \/>\n<meta property=\"og:url\" content=\"https:\/\/servimedcolombia.com\/index.php\/producto\/mindray-hybase-6100-mesa-de-cirugia-electrica\/\" \/>\n<meta property=\"og:site_name\" content=\"Servimed Colombia\" \/>\n<meta property=\"article:modified_time\" content=\"2024-05-17T02:36:38+00:00\" \/>\n<meta property=\"og:image\" content=\"https:\/\/servimedcolombia.com\/wp-content\/uploads\/2024\/05\/168.jpg\" \/>\n\t<meta property=\"og:image:width\" content=\"1654\" \/>\n\t<meta property=\"og:image:height\" content=\"1654\" \/>\n\t<meta property=\"og:image:type\" content=\"image\/jpeg\" \/>\n<meta name=\"twitter:card\" content=\"summary_large_image\" \/>\n<meta name=\"twitter:label1\" content=\"Tiempo de lectura\" \/>\n\t<meta name=\"twitter:data1\" content=\"1 minuto\" \/>\n<script type=\"application\/ld+json\" class=\"yoast-schema-graph\">{\"@context\":\"https:\\\/\\\/schema.org\",\"@graph\":[{\"@type\":\"WebPage\",\"@id\":\"https:\\\/\\\/servimedcolombia.com\\\/index.php\\\/producto\\\/mindray-hybase-6100-mesa-de-cirugia-electrica\\\/\",\"url\":\"https:\\\/\\\/servimedcolombia.com\\\/index.php\\\/producto\\\/mindray-hybase-6100-mesa-de-cirugia-electrica\\\/\",\"name\":\"MINDRAY HYBASE 6100 MESA DE CIRUG\u00cdA EL\u00c9CTRICA - Servimed Colombia\",\"isPartOf\":{\"@id\":\"https:\\\/\\\/servimedcolombia.com\\\/#website\"},\"primaryImageOfPage\":{\"@id\":\"https:\\\/\\\/servimedcolombia.com\\\/index.php\\\/producto\\\/mindray-hybase-6100-mesa-de-cirugia-electrica\\\/#primaryimage\"},\"image\":{\"@id\":\"https:\\\/\\\/servimedcolombia.com\\\/index.php\\\/producto\\\/mindray-hybase-6100-mesa-de-cirugia-electrica\\\/#primaryimage\"},\"thumbnailUrl\":\"https:\\\/\\\/servimedcolombia.com\\\/wp-content\\\/uploads\\\/2026\\\/04\\\/168.webp\",\"datePublished\":\"2024-05-06T21:22:37+00:00\",\"dateModified\":\"2024-05-17T02:36:38+00:00\",\"breadcrumb\":{\"@id\":\"https:\\\/\\\/servimedcolombia.com\\\/index.php\\\/producto\\\/mindray-hybase-6100-mesa-de-cirugia-electrica\\\/#breadcrumb\"},\"inLanguage\":\"es\",\"potentialAction\":[{\"@type\":\"ReadAction\",\"target\":[\"https:\\\/\\\/servimedcolombia.com\\\/index.php\\\/producto\\\/mindray-hybase-6100-mesa-de-cirugia-electrica\\\/\"]}]},{\"@type\":\"ImageObject\",\"inLanguage\":\"es\",\"@id\":\"https:\\\/\\\/servimedcolombia.com\\\/index.php\\\/producto\\\/mindray-hybase-6100-mesa-de-cirugia-electrica\\\/#primaryimage\",\"url\":\"https:\\\/\\\/servimedcolombia.com\\\/wp-content\\\/uploads\\\/2026\\\/04\\\/168.webp\",\"contentUrl\":\"https:\\\/\\\/servimedcolombia.com\\\/wp-content\\\/uploads\\\/2026\\\/04\\\/168.webp\",\"width\":1654,\"height\":1654},{\"@type\":\"BreadcrumbList\",\"@id\":\"https:\\\/\\\/servimedcolombia.com\\\/index.php\\\/producto\\\/mindray-hybase-6100-mesa-de-cirugia-electrica\\\/#breadcrumb\",\"itemListElement\":[{\"@type\":\"ListItem\",\"position\":1,\"name\":\"Portada\",\"item\":\"https:\\\/\\\/servimedcolombia.com\\\/\"},{\"@type\":\"ListItem\",\"position\":2,\"name\":\"Tienda\",\"item\":\"https:\\\/\\\/servimedcolombia.com\\\/index.php\\\/tienda\\\/\"},{\"@type\":\"ListItem\",\"position\":3,\"name\":\"MINDRAY HYBASE 6100 MESA DE CIRUG\u00cdA EL\u00c9CTRICA\"}]},{\"@type\":\"WebSite\",\"@id\":\"https:\\\/\\\/servimedcolombia.com\\\/#website\",\"url\":\"https:\\\/\\\/servimedcolombia.com\\\/\",\"name\":\"Servimed Colombia\",\"description\":\"\",\"potentialAction\":[{\"@type\":\"SearchAction\",\"target\":{\"@type\":\"EntryPoint\",\"urlTemplate\":\"https:\\\/\\\/servimedcolombia.com\\\/?s={search_term_string}\"},\"query-input\":{\"@type\":\"PropertyValueSpecification\",\"valueRequired\":true,\"valueName\":\"search_term_string\"}}],\"inLanguage\":\"es\"}]}<\/script>\n<!-- \/ Yoast SEO plugin. -->","yoast_head_json":{"title":"MINDRAY HYBASE 6100 MESA DE CIRUG\u00cdA EL\u00c9CTRICA - Servimed Colombia","robots":{"index":"index","follow":"follow","max-snippet":"max-snippet:-1","max-image-preview":"max-image-preview:large","max-video-preview":"max-video-preview:-1"},"canonical":"https:\/\/servimedcolombia.com\/index.php\/producto\/mindray-hybase-6100-mesa-de-cirugia-electrica\/","og_locale":"es_ES","og_type":"article","og_title":"MINDRAY HYBASE 6100 MESA DE CIRUG\u00cdA EL\u00c9CTRICA - Servimed Colombia","og_description":"La mesa de cirug\u00eda el\u00e9ctrica HyBase 6100 ofrece una excelente facilidad de uso cl\u00ednico y est\u00e1 dise\u00f1ada para satisfacer las demandas espec\u00edficas de la neurocirug\u00eda y la cirug\u00eda m\u00ednimamente invasiva. Con una altura m\u00ednima de 498 mm, esta mesa proporciona un entorno de trabajo ergon\u00f3mico para los cirujanos, maximizando la comodidad y la precisi\u00f3n durante los procedimientos.  Destacando su versatilidad, la HyBase 6100 cuenta con una cubierta de base funcional y un sistema de control remoto inal\u00e1mbrico, lo que facilita a\u00fan m\u00e1s su uso en el quir\u00f3fano. Su capacidad de desplazamiento longitudinal de hasta 320 mm la hace ideal para procedimientos como la cirug\u00eda cardiovascular o la cirug\u00eda de columna con arco en C, garantizando un posicionamiento preciso del paciente.  Esta mesa cumple con los m\u00e1s altos est\u00e1ndares de posicionamiento para neurocirug\u00eda y cirug\u00eda m\u00ednimamente invasiva, brindando a los cirujanos la confianza necesaria para realizar intervenciones complejas con precisi\u00f3n y seguridad. En resumen, la HyBase 6100 es una elecci\u00f3n excepcional que maximiza la versatilidad y flexibilidad en el quir\u00f3fano.  Todos nuestros activos est\u00e1n sujetos a disponibilidad seg\u00fan inventario.\u00a0","og_url":"https:\/\/servimedcolombia.com\/index.php\/producto\/mindray-hybase-6100-mesa-de-cirugia-electrica\/","og_site_name":"Servimed Colombia","article_modified_time":"2024-05-17T02:36:38+00:00","og_image":[{"width":1654,"height":1654,"url":"https:\/\/servimedcolombia.com\/wp-content\/uploads\/2024\/05\/168.jpg","type":"image\/jpeg"}],"twitter_card":"summary_large_image","twitter_misc":{"Tiempo de lectura":"1 minuto"},"schema":{"@context":"https:\/\/schema.org","@graph":[{"@type":"WebPage","@id":"https:\/\/servimedcolombia.com\/index.php\/producto\/mindray-hybase-6100-mesa-de-cirugia-electrica\/","url":"https:\/\/servimedcolombia.com\/index.php\/producto\/mindray-hybase-6100-mesa-de-cirugia-electrica\/","name":"MINDRAY HYBASE 6100 MESA DE CIRUG\u00cdA EL\u00c9CTRICA - Servimed Colombia","isPartOf":{"@id":"https:\/\/servimedcolombia.com\/#website"},"primaryImageOfPage":{"@id":"https:\/\/servimedcolombia.com\/index.php\/producto\/mindray-hybase-6100-mesa-de-cirugia-electrica\/#primaryimage"},"image":{"@id":"https:\/\/servimedcolombia.com\/index.php\/producto\/mindray-hybase-6100-mesa-de-cirugia-electrica\/#primaryimage"},"thumbnailUrl":"https:\/\/servimedcolombia.com\/wp-content\/uploads\/2026\/04\/168.webp","datePublished":"2024-05-06T21:22:37+00:00","dateModified":"2024-05-17T02:36:38+00:00","breadcrumb":{"@id":"https:\/\/servimedcolombia.com\/index.php\/producto\/mindray-hybase-6100-mesa-de-cirugia-electrica\/#breadcrumb"},"inLanguage":"es","potentialAction":[{"@type":"ReadAction","target":["https:\/\/servimedcolombia.com\/index.php\/producto\/mindray-hybase-6100-mesa-de-cirugia-electrica\/"]}]},{"@type":"ImageObject","inLanguage":"es","@id":"https:\/\/servimedcolombia.com\/index.php\/producto\/mindray-hybase-6100-mesa-de-cirugia-electrica\/#primaryimage","url":"https:\/\/servimedcolombia.com\/wp-content\/uploads\/2026\/04\/168.webp","contentUrl":"https:\/\/servimedcolombia.com\/wp-content\/uploads\/2026\/04\/168.webp","width":1654,"height":1654},{"@type":"BreadcrumbList","@id":"https:\/\/servimedcolombia.com\/index.php\/producto\/mindray-hybase-6100-mesa-de-cirugia-electrica\/#breadcrumb","itemListElement":[{"@type":"ListItem","position":1,"name":"Portada","item":"https:\/\/servimedcolombia.com\/"},{"@type":"ListItem","position":2,"name":"Tienda","item":"https:\/\/servimedcolombia.com\/index.php\/tienda\/"},{"@type":"ListItem","position":3,"name":"MINDRAY HYBASE 6100 MESA DE CIRUG\u00cdA EL\u00c9CTRICA"}]},{"@type":"WebSite","@id":"https:\/\/servimedcolombia.com\/#website","url":"https:\/\/servimedcolombia.com\/","name":"Servimed Colombia","description":"","potentialAction":[{"@type":"SearchAction","target":{"@type":"EntryPoint","urlTemplate":"https:\/\/servimedcolombia.com\/?s={search_term_string}"},"query-input":{"@type":"PropertyValueSpecification","valueRequired":true,"valueName":"search_term_string"}}],"inLanguage":"es"}]}},"_links":{"self":[{"href":"https:\/\/servimedcolombia.com\/index.php\/wp-json\/wp\/v2\/product\/11188","targetHints":{"allow":["GET"]}}],"collection":[{"href":"https:\/\/servimedcolombia.com\/index.php\/wp-json\/wp\/v2\/product"}],"about":[{"href":"https:\/\/servimedcolombia.com\/index.php\/wp-json\/wp\/v2\/types\/product"}],"version-history":[{"count":0,"href":"https:\/\/servimedcolombia.com\/index.php\/wp-json\/wp\/v2\/product\/11188\/revisions"}],"wp:featuredmedia":[{"embeddable":true,"href":"https:\/\/servimedcolombia.com\/index.php\/wp-json\/wp\/v2\/media\/11185"}],"wp:attachment":[{"href":"https:\/\/servimedcolombia.com\/index.php\/wp-json\/wp\/v2\/media?parent=11188"}],"wp:term":[{"taxonomy":"product_brand","embeddable":true,"href":"https:\/\/servimedcolombia.com\/index.php\/wp-json\/wp\/v2\/product_brand?post=11188"},{"taxonomy":"product_cat","embeddable":true,"href":"https:\/\/servimedcolombia.com\/index.php\/wp-json\/wp\/v2\/product_cat?post=11188"},{"taxonomy":"product_tag","embeddable":true,"href":"https:\/\/servimedcolombia.com\/index.php\/wp-json\/wp\/v2\/product_tag?post=11188"}],"curies":[{"name":"wp","href":"https:\/\/api.w.org\/{rel}","templated":true}]}}