{"id":11220,"date":"2024-05-08T20:10:29","date_gmt":"2024-05-09T01:10:29","guid":{"rendered":"https:\/\/servimedcolombia.com\/?post_type=product&#038;p=11220"},"modified":"2024-05-08T20:10:59","modified_gmt":"2024-05-09T01:10:59","slug":"termometros-rigidos-digitales-para-adulto-y-pediatrico","status":"publish","type":"product","link":"https:\/\/servimedcolombia.com\/index.php\/producto\/termometros-rigidos-digitales-para-adulto-y-pediatrico\/","title":{"rendered":"TERM\u00d3METROS R\u00cdGIDOS DIGITALES PARA ADULTO Y PEDI\u00c1TRICO"},"content":{"rendered":"","protected":false},"excerpt":{"rendered":"<p>Los Term\u00f3metros R\u00edgidos Digitales para Adulto y Pedi\u00e1trico son herramientas confiables y precisas para medir la temperatura corporal de manera r\u00e1pida y efectiva. Dise\u00f1ados para uso tanto en adultos como en ni\u00f1os, estos term\u00f3metros ofrecen lecturas precisas en diferentes \u00e1reas del cuerpo, incluyendo la boca, la axila o el recto.<\/p>\n<p>Con una punta flexible, estos term\u00f3metros son m\u00e1s c\u00f3modos y seguros al momento de tomar la temperatura, lo que garantiza una experiencia agradable para el usuario, especialmente en el caso de los ni\u00f1os. Adem\u00e1s, su mecanismo resistente al agua permite una f\u00e1cil limpieza y desinfecci\u00f3n despu\u00e9s de cada uso, asegurando la higiene y la prevenci\u00f3n de infecciones cruzadas.<\/p>\n<p>Estos term\u00f3metros est\u00e1n equipados con un sistema de alarma de temperatura alta, que alerta al usuario cuando la temperatura corporal alcanza niveles preocupantes. Esta caracter\u00edstica es especialmente \u00fatil para detectar fiebres y tomar medidas preventivas o buscar atenci\u00f3n m\u00e9dica cuando sea necesario.<\/p>\n<p>En resumen, los Term\u00f3metros R\u00edgidos Digitales para Adulto y Pedi\u00e1trico son herramientas indispensables para el hogar, consultorios m\u00e9dicos y hospitales, ofreciendo lecturas precisas, comodidad y facilidad de limpieza para una medici\u00f3n segura y efectiva de la temperatura corporal.<\/p>\n<p><span style=\"color: #ff0000;\"><strong>Todos nuestros activos est\u00e1n sujetos a disponibilidad seg\u00fan inventario.\u00a0<\/strong><\/span><\/p>\n<p><span style=\"vertical-align: inherit;\"><span style=\"vertical-align: inherit;\"><span style=\"vertical-align: inherit;\"><span style=\"vertical-align: inherit;\"><span style=\"vertical-align: inherit;\"><span style=\"vertical-align: inherit;\">[njwa_button id=\"9888\"]<\/span><\/span><\/span><\/span><\/span><\/span><\/p>\n","protected":false},"featured_media":11199,"template":"","meta":{"rs_blank_template":"","rs_page_bg_color":"","slide_template_v7":""},"product_brand":[],"product_cat":[146],"product_tag":[],"class_list":{"0":"post-11220","1":"product","2":"type-product","3":"status-publish","4":"has-post-thumbnail","6":"product_cat-control-y-prevencion","8":"first","9":"instock","10":"shipping-taxable","11":"product-type-simple"},"yoast_head":"<!-- This site is optimized with the Yoast SEO plugin v27.5 - https:\/\/yoast.com\/product\/yoast-seo-wordpress\/ -->\n<title>TERM\u00d3METROS R\u00cdGIDOS DIGITALES PARA ADULTO Y PEDI\u00c1TRICO - Servimed Colombia<\/title>\n<meta name=\"robots\" content=\"index, follow, max-snippet:-1, max-image-preview:large, max-video-preview:-1\" \/>\n<link rel=\"canonical\" href=\"https:\/\/servimedcolombia.com\/index.php\/producto\/termometros-rigidos-digitales-para-adulto-y-pediatrico\/\" \/>\n<meta property=\"og:locale\" content=\"es_ES\" \/>\n<meta property=\"og:type\" content=\"article\" \/>\n<meta property=\"og:title\" content=\"TERM\u00d3METROS R\u00cdGIDOS DIGITALES PARA ADULTO Y PEDI\u00c1TRICO - Servimed Colombia\" \/>\n<meta property=\"og:description\" content=\"Los Term\u00f3metros R\u00edgidos Digitales para Adulto y Pedi\u00e1trico son herramientas confiables y precisas para medir la temperatura corporal de manera r\u00e1pida y efectiva. Dise\u00f1ados para uso tanto en adultos como en ni\u00f1os, estos term\u00f3metros ofrecen lecturas precisas en diferentes \u00e1reas del cuerpo, incluyendo la boca, la axila o el recto.  Con una punta flexible, estos term\u00f3metros son m\u00e1s c\u00f3modos y seguros al momento de tomar la temperatura, lo que garantiza una experiencia agradable para el usuario, especialmente en el caso de los ni\u00f1os. Adem\u00e1s, su mecanismo resistente al agua permite una f\u00e1cil limpieza y desinfecci\u00f3n despu\u00e9s de cada uso, asegurando la higiene y la prevenci\u00f3n de infecciones cruzadas.  Estos term\u00f3metros est\u00e1n equipados con un sistema de alarma de temperatura alta, que alerta al usuario cuando la temperatura corporal alcanza niveles preocupantes. Esta caracter\u00edstica es especialmente \u00fatil para detectar fiebres y tomar medidas preventivas o buscar atenci\u00f3n m\u00e9dica cuando sea necesario.  En resumen, los Term\u00f3metros R\u00edgidos Digitales para Adulto y Pedi\u00e1trico son herramientas indispensables para el hogar, consultorios m\u00e9dicos y hospitales, ofreciendo lecturas precisas, comodidad y facilidad de limpieza para una medici\u00f3n segura y efectiva de la temperatura corporal.  Todos nuestros activos est\u00e1n sujetos a disponibilidad seg\u00fan inventario.\u00a0\" \/>\n<meta property=\"og:url\" content=\"https:\/\/servimedcolombia.com\/index.php\/producto\/termometros-rigidos-digitales-para-adulto-y-pediatrico\/\" \/>\n<meta property=\"og:site_name\" content=\"Servimed Colombia\" \/>\n<meta property=\"article:modified_time\" content=\"2024-05-09T01:10:59+00:00\" \/>\n<meta property=\"og:image\" content=\"https:\/\/servimedcolombia.com\/wp-content\/uploads\/2024\/05\/176.jpg\" \/>\n\t<meta property=\"og:image:width\" content=\"1654\" \/>\n\t<meta property=\"og:image:height\" content=\"1654\" \/>\n\t<meta property=\"og:image:type\" content=\"image\/jpeg\" \/>\n<meta name=\"twitter:card\" content=\"summary_large_image\" \/>\n<meta name=\"twitter:label1\" content=\"Tiempo de lectura\" \/>\n\t<meta name=\"twitter:data1\" content=\"1 minuto\" \/>\n<script type=\"application\/ld+json\" class=\"yoast-schema-graph\">{\"@context\":\"https:\\\/\\\/schema.org\",\"@graph\":[{\"@type\":\"WebPage\",\"@id\":\"https:\\\/\\\/servimedcolombia.com\\\/index.php\\\/producto\\\/termometros-rigidos-digitales-para-adulto-y-pediatrico\\\/\",\"url\":\"https:\\\/\\\/servimedcolombia.com\\\/index.php\\\/producto\\\/termometros-rigidos-digitales-para-adulto-y-pediatrico\\\/\",\"name\":\"TERM\u00d3METROS R\u00cdGIDOS DIGITALES PARA ADULTO Y PEDI\u00c1TRICO - Servimed Colombia\",\"isPartOf\":{\"@id\":\"https:\\\/\\\/servimedcolombia.com\\\/#website\"},\"primaryImageOfPage\":{\"@id\":\"https:\\\/\\\/servimedcolombia.com\\\/index.php\\\/producto\\\/termometros-rigidos-digitales-para-adulto-y-pediatrico\\\/#primaryimage\"},\"image\":{\"@id\":\"https:\\\/\\\/servimedcolombia.com\\\/index.php\\\/producto\\\/termometros-rigidos-digitales-para-adulto-y-pediatrico\\\/#primaryimage\"},\"thumbnailUrl\":\"https:\\\/\\\/servimedcolombia.com\\\/wp-content\\\/uploads\\\/2026\\\/04\\\/176.webp\",\"datePublished\":\"2024-05-09T01:10:29+00:00\",\"dateModified\":\"2024-05-09T01:10:59+00:00\",\"breadcrumb\":{\"@id\":\"https:\\\/\\\/servimedcolombia.com\\\/index.php\\\/producto\\\/termometros-rigidos-digitales-para-adulto-y-pediatrico\\\/#breadcrumb\"},\"inLanguage\":\"es\",\"potentialAction\":[{\"@type\":\"ReadAction\",\"target\":[\"https:\\\/\\\/servimedcolombia.com\\\/index.php\\\/producto\\\/termometros-rigidos-digitales-para-adulto-y-pediatrico\\\/\"]}]},{\"@type\":\"ImageObject\",\"inLanguage\":\"es\",\"@id\":\"https:\\\/\\\/servimedcolombia.com\\\/index.php\\\/producto\\\/termometros-rigidos-digitales-para-adulto-y-pediatrico\\\/#primaryimage\",\"url\":\"https:\\\/\\\/servimedcolombia.com\\\/wp-content\\\/uploads\\\/2026\\\/04\\\/176.webp\",\"contentUrl\":\"https:\\\/\\\/servimedcolombia.com\\\/wp-content\\\/uploads\\\/2026\\\/04\\\/176.webp\",\"width\":1654,\"height\":1654},{\"@type\":\"BreadcrumbList\",\"@id\":\"https:\\\/\\\/servimedcolombia.com\\\/index.php\\\/producto\\\/termometros-rigidos-digitales-para-adulto-y-pediatrico\\\/#breadcrumb\",\"itemListElement\":[{\"@type\":\"ListItem\",\"position\":1,\"name\":\"Portada\",\"item\":\"https:\\\/\\\/servimedcolombia.com\\\/\"},{\"@type\":\"ListItem\",\"position\":2,\"name\":\"Tienda\",\"item\":\"https:\\\/\\\/servimedcolombia.com\\\/index.php\\\/tienda\\\/\"},{\"@type\":\"ListItem\",\"position\":3,\"name\":\"TERM\u00d3METROS R\u00cdGIDOS DIGITALES PARA ADULTO Y PEDI\u00c1TRICO\"}]},{\"@type\":\"WebSite\",\"@id\":\"https:\\\/\\\/servimedcolombia.com\\\/#website\",\"url\":\"https:\\\/\\\/servimedcolombia.com\\\/\",\"name\":\"Servimed Colombia\",\"description\":\"\",\"potentialAction\":[{\"@type\":\"SearchAction\",\"target\":{\"@type\":\"EntryPoint\",\"urlTemplate\":\"https:\\\/\\\/servimedcolombia.com\\\/?s={search_term_string}\"},\"query-input\":{\"@type\":\"PropertyValueSpecification\",\"valueRequired\":true,\"valueName\":\"search_term_string\"}}],\"inLanguage\":\"es\"}]}<\/script>\n<!-- \/ Yoast SEO plugin. -->","yoast_head_json":{"title":"TERM\u00d3METROS R\u00cdGIDOS DIGITALES PARA ADULTO Y PEDI\u00c1TRICO - Servimed Colombia","robots":{"index":"index","follow":"follow","max-snippet":"max-snippet:-1","max-image-preview":"max-image-preview:large","max-video-preview":"max-video-preview:-1"},"canonical":"https:\/\/servimedcolombia.com\/index.php\/producto\/termometros-rigidos-digitales-para-adulto-y-pediatrico\/","og_locale":"es_ES","og_type":"article","og_title":"TERM\u00d3METROS R\u00cdGIDOS DIGITALES PARA ADULTO Y PEDI\u00c1TRICO - Servimed Colombia","og_description":"Los Term\u00f3metros R\u00edgidos Digitales para Adulto y Pedi\u00e1trico son herramientas confiables y precisas para medir la temperatura corporal de manera r\u00e1pida y efectiva. Dise\u00f1ados para uso tanto en adultos como en ni\u00f1os, estos term\u00f3metros ofrecen lecturas precisas en diferentes \u00e1reas del cuerpo, incluyendo la boca, la axila o el recto.  Con una punta flexible, estos term\u00f3metros son m\u00e1s c\u00f3modos y seguros al momento de tomar la temperatura, lo que garantiza una experiencia agradable para el usuario, especialmente en el caso de los ni\u00f1os. Adem\u00e1s, su mecanismo resistente al agua permite una f\u00e1cil limpieza y desinfecci\u00f3n despu\u00e9s de cada uso, asegurando la higiene y la prevenci\u00f3n de infecciones cruzadas.  Estos term\u00f3metros est\u00e1n equipados con un sistema de alarma de temperatura alta, que alerta al usuario cuando la temperatura corporal alcanza niveles preocupantes. Esta caracter\u00edstica es especialmente \u00fatil para detectar fiebres y tomar medidas preventivas o buscar atenci\u00f3n m\u00e9dica cuando sea necesario.  En resumen, los Term\u00f3metros R\u00edgidos Digitales para Adulto y Pedi\u00e1trico son herramientas indispensables para el hogar, consultorios m\u00e9dicos y hospitales, ofreciendo lecturas precisas, comodidad y facilidad de limpieza para una medici\u00f3n segura y efectiva de la temperatura corporal.  Todos nuestros activos est\u00e1n sujetos a disponibilidad seg\u00fan inventario.\u00a0","og_url":"https:\/\/servimedcolombia.com\/index.php\/producto\/termometros-rigidos-digitales-para-adulto-y-pediatrico\/","og_site_name":"Servimed Colombia","article_modified_time":"2024-05-09T01:10:59+00:00","og_image":[{"width":1654,"height":1654,"url":"https:\/\/servimedcolombia.com\/wp-content\/uploads\/2024\/05\/176.jpg","type":"image\/jpeg"}],"twitter_card":"summary_large_image","twitter_misc":{"Tiempo de lectura":"1 minuto"},"schema":{"@context":"https:\/\/schema.org","@graph":[{"@type":"WebPage","@id":"https:\/\/servimedcolombia.com\/index.php\/producto\/termometros-rigidos-digitales-para-adulto-y-pediatrico\/","url":"https:\/\/servimedcolombia.com\/index.php\/producto\/termometros-rigidos-digitales-para-adulto-y-pediatrico\/","name":"TERM\u00d3METROS R\u00cdGIDOS DIGITALES PARA ADULTO Y PEDI\u00c1TRICO - Servimed Colombia","isPartOf":{"@id":"https:\/\/servimedcolombia.com\/#website"},"primaryImageOfPage":{"@id":"https:\/\/servimedcolombia.com\/index.php\/producto\/termometros-rigidos-digitales-para-adulto-y-pediatrico\/#primaryimage"},"image":{"@id":"https:\/\/servimedcolombia.com\/index.php\/producto\/termometros-rigidos-digitales-para-adulto-y-pediatrico\/#primaryimage"},"thumbnailUrl":"https:\/\/servimedcolombia.com\/wp-content\/uploads\/2026\/04\/176.webp","datePublished":"2024-05-09T01:10:29+00:00","dateModified":"2024-05-09T01:10:59+00:00","breadcrumb":{"@id":"https:\/\/servimedcolombia.com\/index.php\/producto\/termometros-rigidos-digitales-para-adulto-y-pediatrico\/#breadcrumb"},"inLanguage":"es","potentialAction":[{"@type":"ReadAction","target":["https:\/\/servimedcolombia.com\/index.php\/producto\/termometros-rigidos-digitales-para-adulto-y-pediatrico\/"]}]},{"@type":"ImageObject","inLanguage":"es","@id":"https:\/\/servimedcolombia.com\/index.php\/producto\/termometros-rigidos-digitales-para-adulto-y-pediatrico\/#primaryimage","url":"https:\/\/servimedcolombia.com\/wp-content\/uploads\/2026\/04\/176.webp","contentUrl":"https:\/\/servimedcolombia.com\/wp-content\/uploads\/2026\/04\/176.webp","width":1654,"height":1654},{"@type":"BreadcrumbList","@id":"https:\/\/servimedcolombia.com\/index.php\/producto\/termometros-rigidos-digitales-para-adulto-y-pediatrico\/#breadcrumb","itemListElement":[{"@type":"ListItem","position":1,"name":"Portada","item":"https:\/\/servimedcolombia.com\/"},{"@type":"ListItem","position":2,"name":"Tienda","item":"https:\/\/servimedcolombia.com\/index.php\/tienda\/"},{"@type":"ListItem","position":3,"name":"TERM\u00d3METROS R\u00cdGIDOS DIGITALES PARA ADULTO Y PEDI\u00c1TRICO"}]},{"@type":"WebSite","@id":"https:\/\/servimedcolombia.com\/#website","url":"https:\/\/servimedcolombia.com\/","name":"Servimed Colombia","description":"","potentialAction":[{"@type":"SearchAction","target":{"@type":"EntryPoint","urlTemplate":"https:\/\/servimedcolombia.com\/?s={search_term_string}"},"query-input":{"@type":"PropertyValueSpecification","valueRequired":true,"valueName":"search_term_string"}}],"inLanguage":"es"}]}},"_links":{"self":[{"href":"https:\/\/servimedcolombia.com\/index.php\/wp-json\/wp\/v2\/product\/11220","targetHints":{"allow":["GET"]}}],"collection":[{"href":"https:\/\/servimedcolombia.com\/index.php\/wp-json\/wp\/v2\/product"}],"about":[{"href":"https:\/\/servimedcolombia.com\/index.php\/wp-json\/wp\/v2\/types\/product"}],"version-history":[{"count":0,"href":"https:\/\/servimedcolombia.com\/index.php\/wp-json\/wp\/v2\/product\/11220\/revisions"}],"wp:featuredmedia":[{"embeddable":true,"href":"https:\/\/servimedcolombia.com\/index.php\/wp-json\/wp\/v2\/media\/11199"}],"wp:attachment":[{"href":"https:\/\/servimedcolombia.com\/index.php\/wp-json\/wp\/v2\/media?parent=11220"}],"wp:term":[{"taxonomy":"product_brand","embeddable":true,"href":"https:\/\/servimedcolombia.com\/index.php\/wp-json\/wp\/v2\/product_brand?post=11220"},{"taxonomy":"product_cat","embeddable":true,"href":"https:\/\/servimedcolombia.com\/index.php\/wp-json\/wp\/v2\/product_cat?post=11220"},{"taxonomy":"product_tag","embeddable":true,"href":"https:\/\/servimedcolombia.com\/index.php\/wp-json\/wp\/v2\/product_tag?post=11220"}],"curies":[{"name":"wp","href":"https:\/\/api.w.org\/{rel}","templated":true}]}}