{"id":11242,"date":"2024-05-09T14:02:15","date_gmt":"2024-05-09T19:02:15","guid":{"rendered":"https:\/\/servimedcolombia.com\/?post_type=product&#038;p=11242"},"modified":"2024-05-09T14:03:09","modified_gmt":"2024-05-09T19:03:09","slug":"termohigrometros-digitales","status":"publish","type":"product","link":"https:\/\/servimedcolombia.com\/index.php\/producto\/termohigrometros-digitales\/","title":{"rendered":"TERMOHIGROMETROS DIGITALES"},"content":{"rendered":"","protected":false},"excerpt":{"rendered":"<p>\u00a1Mant\u00e9n un control preciso del ambiente en tu hogar, oficina o cualquier espacio con nuestros termohigr\u00f3metros digitales de \u00faltima generaci\u00f3n! Dise\u00f1ados para ofrecerte mediciones precisas de temperatura y humedad, nuestros dispositivos te brindan la informaci\u00f3n necesaria para crear un entorno c\u00f3modo y saludable.<\/p>\n<p>Con una pantalla digital de f\u00e1cil lectura, nuestros termohigr\u00f3metros muestran simult\u00e1neamente la temperatura y la humedad relativa, permiti\u00e9ndote tomar decisiones informadas para ajustar el ambiente seg\u00fan tus necesidades. Ya sea que est\u00e9s preocupado por el confort en casa, la conservaci\u00f3n de alimentos o la protecci\u00f3n de instrumentos sensibles, nuestros termohigr\u00f3metros son la herramienta ideal para garantizar condiciones \u00f3ptimas.<\/p>\n<p>Adem\u00e1s, su dise\u00f1o compacto y elegante se adapta a cualquier espacio, mientras que su funcionamiento intuitivo los hace accesibles para cualquier usuario. Olv\u00eddate de conjeturas y suposiciones, y obt\u00e9n mediciones precisas y confiables con nuestros termohigr\u00f3metros digitales.<\/p>\n<p>No comprometas el bienestar y la calidad de tus espacios. \u00a1Hazte con nuestro termohigr\u00f3metro digital hoy mismo y lleva el control ambiental al siguiente nivel!<\/p>\n<p><span style=\"color: #ff0000;\"><strong>Todos nuestros activos est\u00e1n sujetos a disponibilidad seg\u00fan inventario.\u00a0<\/strong><\/span><\/p>\n<p><span style=\"vertical-align: inherit;\"><span style=\"vertical-align: inherit;\"><span style=\"vertical-align: inherit;\"><span style=\"vertical-align: inherit;\"><span style=\"vertical-align: inherit;\"><span style=\"vertical-align: inherit;\">[njwa_button id=\"9888\"]<\/span><\/span><\/span><\/span><\/span><\/span><\/p>\n","protected":false},"featured_media":11241,"template":"","meta":{"rs_blank_template":"","rs_page_bg_color":"","slide_template_v7":""},"product_brand":[],"product_cat":[166],"product_tag":[],"class_list":{"0":"post-11242","1":"product","2":"type-product","3":"status-publish","4":"has-post-thumbnail","6":"product_cat-linea-de-diagnostico-y-profesionales-de-la-salud","8":"first","9":"instock","10":"shipping-taxable","11":"product-type-simple"},"yoast_head":"<!-- This site is optimized with the Yoast SEO plugin v27.4 - https:\/\/yoast.com\/product\/yoast-seo-wordpress\/ -->\n<title>TERMOHIGROMETROS DIGITALES - Servimed Colombia<\/title>\n<meta name=\"robots\" content=\"index, follow, max-snippet:-1, max-image-preview:large, max-video-preview:-1\" \/>\n<link rel=\"canonical\" href=\"https:\/\/servimedcolombia.com\/index.php\/producto\/termohigrometros-digitales\/\" \/>\n<meta property=\"og:locale\" content=\"es_ES\" \/>\n<meta property=\"og:type\" content=\"article\" \/>\n<meta property=\"og:title\" content=\"TERMOHIGROMETROS DIGITALES - Servimed Colombia\" \/>\n<meta property=\"og:description\" content=\"\u00a1Mant\u00e9n un control preciso del ambiente en tu hogar, oficina o cualquier espacio con nuestros termohigr\u00f3metros digitales de \u00faltima generaci\u00f3n! Dise\u00f1ados para ofrecerte mediciones precisas de temperatura y humedad, nuestros dispositivos te brindan la informaci\u00f3n necesaria para crear un entorno c\u00f3modo y saludable.  Con una pantalla digital de f\u00e1cil lectura, nuestros termohigr\u00f3metros muestran simult\u00e1neamente la temperatura y la humedad relativa, permiti\u00e9ndote tomar decisiones informadas para ajustar el ambiente seg\u00fan tus necesidades. Ya sea que est\u00e9s preocupado por el confort en casa, la conservaci\u00f3n de alimentos o la protecci\u00f3n de instrumentos sensibles, nuestros termohigr\u00f3metros son la herramienta ideal para garantizar condiciones \u00f3ptimas.  Adem\u00e1s, su dise\u00f1o compacto y elegante se adapta a cualquier espacio, mientras que su funcionamiento intuitivo los hace accesibles para cualquier usuario. Olv\u00eddate de conjeturas y suposiciones, y obt\u00e9n mediciones precisas y confiables con nuestros termohigr\u00f3metros digitales.  No comprometas el bienestar y la calidad de tus espacios. \u00a1Hazte con nuestro termohigr\u00f3metro digital hoy mismo y lleva el control ambiental al siguiente nivel!  Todos nuestros activos est\u00e1n sujetos a disponibilidad seg\u00fan inventario.\u00a0\" \/>\n<meta property=\"og:url\" content=\"https:\/\/servimedcolombia.com\/index.php\/producto\/termohigrometros-digitales\/\" \/>\n<meta property=\"og:site_name\" content=\"Servimed Colombia\" \/>\n<meta property=\"article:modified_time\" content=\"2024-05-09T19:03:09+00:00\" \/>\n<meta property=\"og:image\" content=\"https:\/\/servimedcolombia.com\/wp-content\/uploads\/2024\/05\/181.jpg\" \/>\n\t<meta property=\"og:image:width\" content=\"1654\" \/>\n\t<meta property=\"og:image:height\" content=\"1654\" \/>\n\t<meta property=\"og:image:type\" content=\"image\/jpeg\" \/>\n<meta name=\"twitter:card\" content=\"summary_large_image\" \/>\n<meta name=\"twitter:label1\" content=\"Tiempo de lectura\" \/>\n\t<meta name=\"twitter:data1\" content=\"1 minuto\" \/>\n<script type=\"application\/ld+json\" class=\"yoast-schema-graph\">{\"@context\":\"https:\\\/\\\/schema.org\",\"@graph\":[{\"@type\":\"WebPage\",\"@id\":\"https:\\\/\\\/servimedcolombia.com\\\/index.php\\\/producto\\\/termohigrometros-digitales\\\/\",\"url\":\"https:\\\/\\\/servimedcolombia.com\\\/index.php\\\/producto\\\/termohigrometros-digitales\\\/\",\"name\":\"TERMOHIGROMETROS DIGITALES - Servimed Colombia\",\"isPartOf\":{\"@id\":\"https:\\\/\\\/servimedcolombia.com\\\/#website\"},\"primaryImageOfPage\":{\"@id\":\"https:\\\/\\\/servimedcolombia.com\\\/index.php\\\/producto\\\/termohigrometros-digitales\\\/#primaryimage\"},\"image\":{\"@id\":\"https:\\\/\\\/servimedcolombia.com\\\/index.php\\\/producto\\\/termohigrometros-digitales\\\/#primaryimage\"},\"thumbnailUrl\":\"https:\\\/\\\/servimedcolombia.com\\\/wp-content\\\/uploads\\\/2026\\\/04\\\/181.webp\",\"datePublished\":\"2024-05-09T19:02:15+00:00\",\"dateModified\":\"2024-05-09T19:03:09+00:00\",\"breadcrumb\":{\"@id\":\"https:\\\/\\\/servimedcolombia.com\\\/index.php\\\/producto\\\/termohigrometros-digitales\\\/#breadcrumb\"},\"inLanguage\":\"es\",\"potentialAction\":[{\"@type\":\"ReadAction\",\"target\":[\"https:\\\/\\\/servimedcolombia.com\\\/index.php\\\/producto\\\/termohigrometros-digitales\\\/\"]}]},{\"@type\":\"ImageObject\",\"inLanguage\":\"es\",\"@id\":\"https:\\\/\\\/servimedcolombia.com\\\/index.php\\\/producto\\\/termohigrometros-digitales\\\/#primaryimage\",\"url\":\"https:\\\/\\\/servimedcolombia.com\\\/wp-content\\\/uploads\\\/2026\\\/04\\\/181.webp\",\"contentUrl\":\"https:\\\/\\\/servimedcolombia.com\\\/wp-content\\\/uploads\\\/2026\\\/04\\\/181.webp\",\"width\":1654,\"height\":1654},{\"@type\":\"BreadcrumbList\",\"@id\":\"https:\\\/\\\/servimedcolombia.com\\\/index.php\\\/producto\\\/termohigrometros-digitales\\\/#breadcrumb\",\"itemListElement\":[{\"@type\":\"ListItem\",\"position\":1,\"name\":\"Portada\",\"item\":\"https:\\\/\\\/servimedcolombia.com\\\/\"},{\"@type\":\"ListItem\",\"position\":2,\"name\":\"Tienda\",\"item\":\"https:\\\/\\\/servimedcolombia.com\\\/index.php\\\/tienda\\\/\"},{\"@type\":\"ListItem\",\"position\":3,\"name\":\"TERMOHIGROMETROS DIGITALES\"}]},{\"@type\":\"WebSite\",\"@id\":\"https:\\\/\\\/servimedcolombia.com\\\/#website\",\"url\":\"https:\\\/\\\/servimedcolombia.com\\\/\",\"name\":\"Servimed Colombia\",\"description\":\"\",\"potentialAction\":[{\"@type\":\"SearchAction\",\"target\":{\"@type\":\"EntryPoint\",\"urlTemplate\":\"https:\\\/\\\/servimedcolombia.com\\\/?s={search_term_string}\"},\"query-input\":{\"@type\":\"PropertyValueSpecification\",\"valueRequired\":true,\"valueName\":\"search_term_string\"}}],\"inLanguage\":\"es\"}]}<\/script>\n<!-- \/ Yoast SEO plugin. -->","yoast_head_json":{"title":"TERMOHIGROMETROS DIGITALES - Servimed Colombia","robots":{"index":"index","follow":"follow","max-snippet":"max-snippet:-1","max-image-preview":"max-image-preview:large","max-video-preview":"max-video-preview:-1"},"canonical":"https:\/\/servimedcolombia.com\/index.php\/producto\/termohigrometros-digitales\/","og_locale":"es_ES","og_type":"article","og_title":"TERMOHIGROMETROS DIGITALES - Servimed Colombia","og_description":"\u00a1Mant\u00e9n un control preciso del ambiente en tu hogar, oficina o cualquier espacio con nuestros termohigr\u00f3metros digitales de \u00faltima generaci\u00f3n! Dise\u00f1ados para ofrecerte mediciones precisas de temperatura y humedad, nuestros dispositivos te brindan la informaci\u00f3n necesaria para crear un entorno c\u00f3modo y saludable.  Con una pantalla digital de f\u00e1cil lectura, nuestros termohigr\u00f3metros muestran simult\u00e1neamente la temperatura y la humedad relativa, permiti\u00e9ndote tomar decisiones informadas para ajustar el ambiente seg\u00fan tus necesidades. Ya sea que est\u00e9s preocupado por el confort en casa, la conservaci\u00f3n de alimentos o la protecci\u00f3n de instrumentos sensibles, nuestros termohigr\u00f3metros son la herramienta ideal para garantizar condiciones \u00f3ptimas.  Adem\u00e1s, su dise\u00f1o compacto y elegante se adapta a cualquier espacio, mientras que su funcionamiento intuitivo los hace accesibles para cualquier usuario. Olv\u00eddate de conjeturas y suposiciones, y obt\u00e9n mediciones precisas y confiables con nuestros termohigr\u00f3metros digitales.  No comprometas el bienestar y la calidad de tus espacios. \u00a1Hazte con nuestro termohigr\u00f3metro digital hoy mismo y lleva el control ambiental al siguiente nivel!  Todos nuestros activos est\u00e1n sujetos a disponibilidad seg\u00fan inventario.\u00a0","og_url":"https:\/\/servimedcolombia.com\/index.php\/producto\/termohigrometros-digitales\/","og_site_name":"Servimed Colombia","article_modified_time":"2024-05-09T19:03:09+00:00","og_image":[{"width":1654,"height":1654,"url":"https:\/\/servimedcolombia.com\/wp-content\/uploads\/2024\/05\/181.jpg","type":"image\/jpeg"}],"twitter_card":"summary_large_image","twitter_misc":{"Tiempo de lectura":"1 minuto"},"schema":{"@context":"https:\/\/schema.org","@graph":[{"@type":"WebPage","@id":"https:\/\/servimedcolombia.com\/index.php\/producto\/termohigrometros-digitales\/","url":"https:\/\/servimedcolombia.com\/index.php\/producto\/termohigrometros-digitales\/","name":"TERMOHIGROMETROS DIGITALES - Servimed Colombia","isPartOf":{"@id":"https:\/\/servimedcolombia.com\/#website"},"primaryImageOfPage":{"@id":"https:\/\/servimedcolombia.com\/index.php\/producto\/termohigrometros-digitales\/#primaryimage"},"image":{"@id":"https:\/\/servimedcolombia.com\/index.php\/producto\/termohigrometros-digitales\/#primaryimage"},"thumbnailUrl":"https:\/\/servimedcolombia.com\/wp-content\/uploads\/2026\/04\/181.webp","datePublished":"2024-05-09T19:02:15+00:00","dateModified":"2024-05-09T19:03:09+00:00","breadcrumb":{"@id":"https:\/\/servimedcolombia.com\/index.php\/producto\/termohigrometros-digitales\/#breadcrumb"},"inLanguage":"es","potentialAction":[{"@type":"ReadAction","target":["https:\/\/servimedcolombia.com\/index.php\/producto\/termohigrometros-digitales\/"]}]},{"@type":"ImageObject","inLanguage":"es","@id":"https:\/\/servimedcolombia.com\/index.php\/producto\/termohigrometros-digitales\/#primaryimage","url":"https:\/\/servimedcolombia.com\/wp-content\/uploads\/2026\/04\/181.webp","contentUrl":"https:\/\/servimedcolombia.com\/wp-content\/uploads\/2026\/04\/181.webp","width":1654,"height":1654},{"@type":"BreadcrumbList","@id":"https:\/\/servimedcolombia.com\/index.php\/producto\/termohigrometros-digitales\/#breadcrumb","itemListElement":[{"@type":"ListItem","position":1,"name":"Portada","item":"https:\/\/servimedcolombia.com\/"},{"@type":"ListItem","position":2,"name":"Tienda","item":"https:\/\/servimedcolombia.com\/index.php\/tienda\/"},{"@type":"ListItem","position":3,"name":"TERMOHIGROMETROS DIGITALES"}]},{"@type":"WebSite","@id":"https:\/\/servimedcolombia.com\/#website","url":"https:\/\/servimedcolombia.com\/","name":"Servimed Colombia","description":"","potentialAction":[{"@type":"SearchAction","target":{"@type":"EntryPoint","urlTemplate":"https:\/\/servimedcolombia.com\/?s={search_term_string}"},"query-input":{"@type":"PropertyValueSpecification","valueRequired":true,"valueName":"search_term_string"}}],"inLanguage":"es"}]}},"_links":{"self":[{"href":"https:\/\/servimedcolombia.com\/index.php\/wp-json\/wp\/v2\/product\/11242","targetHints":{"allow":["GET"]}}],"collection":[{"href":"https:\/\/servimedcolombia.com\/index.php\/wp-json\/wp\/v2\/product"}],"about":[{"href":"https:\/\/servimedcolombia.com\/index.php\/wp-json\/wp\/v2\/types\/product"}],"version-history":[{"count":0,"href":"https:\/\/servimedcolombia.com\/index.php\/wp-json\/wp\/v2\/product\/11242\/revisions"}],"wp:featuredmedia":[{"embeddable":true,"href":"https:\/\/servimedcolombia.com\/index.php\/wp-json\/wp\/v2\/media\/11241"}],"wp:attachment":[{"href":"https:\/\/servimedcolombia.com\/index.php\/wp-json\/wp\/v2\/media?parent=11242"}],"wp:term":[{"taxonomy":"product_brand","embeddable":true,"href":"https:\/\/servimedcolombia.com\/index.php\/wp-json\/wp\/v2\/product_brand?post=11242"},{"taxonomy":"product_cat","embeddable":true,"href":"https:\/\/servimedcolombia.com\/index.php\/wp-json\/wp\/v2\/product_cat?post=11242"},{"taxonomy":"product_tag","embeddable":true,"href":"https:\/\/servimedcolombia.com\/index.php\/wp-json\/wp\/v2\/product_tag?post=11242"}],"curies":[{"name":"wp","href":"https:\/\/api.w.org\/{rel}","templated":true}]}}