{"id":11441,"date":"2024-05-16T21:53:16","date_gmt":"2024-05-17T02:53:16","guid":{"rendered":"https:\/\/servimedcolombia.com\/?post_type=product&#038;p=11441"},"modified":"2024-05-16T21:54:23","modified_gmt":"2024-05-17T02:54:23","slug":"desfibrilador-externo-automatico-dea-ion-lcd","status":"publish","type":"product","link":"https:\/\/servimedcolombia.com\/index.php\/producto\/desfibrilador-externo-automatico-dea-ion-lcd\/","title":{"rendered":"DESFIBRILADOR EXTERNO AUTOM\u00c1TICO (DEA) ION LCD"},"content":{"rendered":"","protected":false},"excerpt":{"rendered":"<p>El ION LCD de Instramed es un Desfibrilador Externo Semiautom\u00e1tico (DEA) de \u00faltima generaci\u00f3n, dise\u00f1ado para situaciones de emergencia. A trav\u00e9s de un protocolo de atenci\u00f3n guiado por voz, este dispositivo realiza el diagn\u00f3stico, eval\u00faa las variables cl\u00ednicas y aplica el tratamiento de forma segura con solo presionar un bot\u00f3n. Su dise\u00f1o compacto, ligero y resistente lo hace extremadamente f\u00e1cil de usar, ideal para entornos de emergencia.<\/p>\n<p>Equipado con tecnolog\u00eda bif\u00e1sica, el DEA ION LCD permite que cualquier persona con entrenamiento b\u00e1sico pueda atender a una v\u00edctima de paro card\u00edaco, aumentando significativamente las posibilidades de rescate. Con solo presionar el bot\u00f3n frontal \u00fanico y seguir las indicaciones de voz y visuales, se facilita una intervenci\u00f3n r\u00e1pida y eficaz.<\/p>\n<p><strong>Caracter\u00edsticas:<\/strong><\/p>\n<ul>\n<li><strong>Protocolo de atenci\u00f3n guiado por voz<\/strong>: Instrucciones claras y precisas para el usuario.<\/li>\n<li><strong>Diagn\u00f3stico autom\u00e1tico<\/strong>: Eval\u00faa las variables cl\u00ednicas y determina la necesidad de desfibrilaci\u00f3n.<\/li>\n<li><strong>Tecnolog\u00eda bif\u00e1sica<\/strong>: Ofrece una desfibrilaci\u00f3n segura y efectiva.<\/li>\n<li><strong>Bot\u00f3n frontal \u00fanico<\/strong>: Simplifica el uso del dispositivo.<\/li>\n<li><strong>Indicadores de voz y visuales<\/strong>: Proveen orientaci\u00f3n continua durante el proceso de rescate.<\/li>\n<li><strong>Compacto y ligero<\/strong>: F\u00e1cil de transportar y manejar.<\/li>\n<li><strong>Resistente<\/strong>: Dise\u00f1ado para soportar condiciones adversas.<\/li>\n<\/ul>\n<p>El DEA ION LCD es la herramienta ideal para responder eficazmente en emergencias cardiacas, proporcionando una soluci\u00f3n accesible y f\u00e1cil de usar para salvar vidas.<\/p>\n<p><span style=\"color: #ff0000;\"><strong>Todos nuestros activos est\u00e1n sujetos a disponibilidad seg\u00fan inventario.\u00a0<\/strong><\/span><\/p>\n<p><span style=\"vertical-align: inherit;\"><span style=\"vertical-align: inherit;\"><span style=\"vertical-align: inherit;\"><span style=\"vertical-align: inherit;\"><span style=\"vertical-align: inherit;\"><span style=\"vertical-align: inherit;\">[njwa_button id=\"9888\"]<\/span><\/span><\/span><\/span><\/span><\/span><\/p>\n","protected":false},"featured_media":11431,"template":"","meta":{"rs_blank_template":"","rs_page_bg_color":"","slide_template_v7":""},"product_brand":[],"product_cat":[160],"product_tag":[],"class_list":{"0":"post-11441","1":"product","2":"type-product","3":"status-publish","4":"has-post-thumbnail","6":"product_cat-desfibriladores","8":"first","9":"instock","10":"shipping-taxable","11":"product-type-simple"},"yoast_head":"<!-- This site is optimized with the Yoast SEO plugin v27.4 - https:\/\/yoast.com\/product\/yoast-seo-wordpress\/ -->\n<title>DESFIBRILADOR EXTERNO AUTOM\u00c1TICO (DEA) ION LCD - Servimed Colombia<\/title>\n<meta name=\"robots\" content=\"index, follow, max-snippet:-1, max-image-preview:large, max-video-preview:-1\" \/>\n<link rel=\"canonical\" href=\"https:\/\/servimedcolombia.com\/index.php\/producto\/desfibrilador-externo-automatico-dea-ion-lcd\/\" \/>\n<meta property=\"og:locale\" content=\"es_ES\" \/>\n<meta property=\"og:type\" content=\"article\" \/>\n<meta property=\"og:title\" content=\"DESFIBRILADOR EXTERNO AUTOM\u00c1TICO (DEA) ION LCD - Servimed Colombia\" \/>\n<meta property=\"og:description\" content=\"El ION LCD de Instramed es un Desfibrilador Externo Semiautom\u00e1tico (DEA) de \u00faltima generaci\u00f3n, dise\u00f1ado para situaciones de emergencia. A trav\u00e9s de un protocolo de atenci\u00f3n guiado por voz, este dispositivo realiza el diagn\u00f3stico, eval\u00faa las variables cl\u00ednicas y aplica el tratamiento de forma segura con solo presionar un bot\u00f3n. Su dise\u00f1o compacto, ligero y resistente lo hace extremadamente f\u00e1cil de usar, ideal para entornos de emergencia.  Equipado con tecnolog\u00eda bif\u00e1sica, el DEA ION LCD permite que cualquier persona con entrenamiento b\u00e1sico pueda atender a una v\u00edctima de paro card\u00edaco, aumentando significativamente las posibilidades de rescate. Con solo presionar el bot\u00f3n frontal \u00fanico y seguir las indicaciones de voz y visuales, se facilita una intervenci\u00f3n r\u00e1pida y eficaz.  Caracter\u00edsticas:   Protocolo de atenci\u00f3n guiado por voz: Instrucciones claras y precisas para el usuario.  Diagn\u00f3stico autom\u00e1tico: Eval\u00faa las variables cl\u00ednicas y determina la necesidad de desfibrilaci\u00f3n.  Tecnolog\u00eda bif\u00e1sica: Ofrece una desfibrilaci\u00f3n segura y efectiva.  Bot\u00f3n frontal \u00fanico: Simplifica el uso del dispositivo.  Indicadores de voz y visuales: Proveen orientaci\u00f3n continua durante el proceso de rescate.  Compacto y ligero: F\u00e1cil de transportar y manejar.  Resistente: Dise\u00f1ado para soportar condiciones adversas.  El DEA ION LCD es la herramienta ideal para responder eficazmente en emergencias cardiacas, proporcionando una soluci\u00f3n accesible y f\u00e1cil de usar para salvar vidas.  Todos nuestros activos est\u00e1n sujetos a disponibilidad seg\u00fan inventario.\u00a0\" \/>\n<meta property=\"og:url\" content=\"https:\/\/servimedcolombia.com\/index.php\/producto\/desfibrilador-externo-automatico-dea-ion-lcd\/\" \/>\n<meta property=\"og:site_name\" content=\"Servimed Colombia\" \/>\n<meta property=\"article:modified_time\" content=\"2024-05-17T02:54:23+00:00\" \/>\n<meta property=\"og:image\" content=\"https:\/\/servimedcolombia.com\/wp-content\/uploads\/2024\/05\/194.jpg\" \/>\n\t<meta property=\"og:image:width\" content=\"1654\" \/>\n\t<meta property=\"og:image:height\" content=\"1654\" \/>\n\t<meta property=\"og:image:type\" content=\"image\/jpeg\" \/>\n<meta name=\"twitter:card\" content=\"summary_large_image\" \/>\n<meta name=\"twitter:label1\" content=\"Tiempo de lectura\" \/>\n\t<meta name=\"twitter:data1\" content=\"1 minuto\" \/>\n<script type=\"application\/ld+json\" class=\"yoast-schema-graph\">{\"@context\":\"https:\\\/\\\/schema.org\",\"@graph\":[{\"@type\":\"WebPage\",\"@id\":\"https:\\\/\\\/servimedcolombia.com\\\/index.php\\\/producto\\\/desfibrilador-externo-automatico-dea-ion-lcd\\\/\",\"url\":\"https:\\\/\\\/servimedcolombia.com\\\/index.php\\\/producto\\\/desfibrilador-externo-automatico-dea-ion-lcd\\\/\",\"name\":\"DESFIBRILADOR EXTERNO AUTOM\u00c1TICO (DEA) ION LCD - Servimed Colombia\",\"isPartOf\":{\"@id\":\"https:\\\/\\\/servimedcolombia.com\\\/#website\"},\"primaryImageOfPage\":{\"@id\":\"https:\\\/\\\/servimedcolombia.com\\\/index.php\\\/producto\\\/desfibrilador-externo-automatico-dea-ion-lcd\\\/#primaryimage\"},\"image\":{\"@id\":\"https:\\\/\\\/servimedcolombia.com\\\/index.php\\\/producto\\\/desfibrilador-externo-automatico-dea-ion-lcd\\\/#primaryimage\"},\"thumbnailUrl\":\"https:\\\/\\\/servimedcolombia.com\\\/wp-content\\\/uploads\\\/2026\\\/04\\\/194.webp\",\"datePublished\":\"2024-05-17T02:53:16+00:00\",\"dateModified\":\"2024-05-17T02:54:23+00:00\",\"breadcrumb\":{\"@id\":\"https:\\\/\\\/servimedcolombia.com\\\/index.php\\\/producto\\\/desfibrilador-externo-automatico-dea-ion-lcd\\\/#breadcrumb\"},\"inLanguage\":\"es\",\"potentialAction\":[{\"@type\":\"ReadAction\",\"target\":[\"https:\\\/\\\/servimedcolombia.com\\\/index.php\\\/producto\\\/desfibrilador-externo-automatico-dea-ion-lcd\\\/\"]}]},{\"@type\":\"ImageObject\",\"inLanguage\":\"es\",\"@id\":\"https:\\\/\\\/servimedcolombia.com\\\/index.php\\\/producto\\\/desfibrilador-externo-automatico-dea-ion-lcd\\\/#primaryimage\",\"url\":\"https:\\\/\\\/servimedcolombia.com\\\/wp-content\\\/uploads\\\/2026\\\/04\\\/194.webp\",\"contentUrl\":\"https:\\\/\\\/servimedcolombia.com\\\/wp-content\\\/uploads\\\/2026\\\/04\\\/194.webp\",\"width\":1654,\"height\":1654},{\"@type\":\"BreadcrumbList\",\"@id\":\"https:\\\/\\\/servimedcolombia.com\\\/index.php\\\/producto\\\/desfibrilador-externo-automatico-dea-ion-lcd\\\/#breadcrumb\",\"itemListElement\":[{\"@type\":\"ListItem\",\"position\":1,\"name\":\"Portada\",\"item\":\"https:\\\/\\\/servimedcolombia.com\\\/\"},{\"@type\":\"ListItem\",\"position\":2,\"name\":\"Tienda\",\"item\":\"https:\\\/\\\/servimedcolombia.com\\\/index.php\\\/tienda\\\/\"},{\"@type\":\"ListItem\",\"position\":3,\"name\":\"DESFIBRILADOR EXTERNO AUTOM\u00c1TICO (DEA) ION LCD\"}]},{\"@type\":\"WebSite\",\"@id\":\"https:\\\/\\\/servimedcolombia.com\\\/#website\",\"url\":\"https:\\\/\\\/servimedcolombia.com\\\/\",\"name\":\"Servimed Colombia\",\"description\":\"\",\"potentialAction\":[{\"@type\":\"SearchAction\",\"target\":{\"@type\":\"EntryPoint\",\"urlTemplate\":\"https:\\\/\\\/servimedcolombia.com\\\/?s={search_term_string}\"},\"query-input\":{\"@type\":\"PropertyValueSpecification\",\"valueRequired\":true,\"valueName\":\"search_term_string\"}}],\"inLanguage\":\"es\"}]}<\/script>\n<!-- \/ Yoast SEO plugin. -->","yoast_head_json":{"title":"DESFIBRILADOR EXTERNO AUTOM\u00c1TICO (DEA) ION LCD - Servimed Colombia","robots":{"index":"index","follow":"follow","max-snippet":"max-snippet:-1","max-image-preview":"max-image-preview:large","max-video-preview":"max-video-preview:-1"},"canonical":"https:\/\/servimedcolombia.com\/index.php\/producto\/desfibrilador-externo-automatico-dea-ion-lcd\/","og_locale":"es_ES","og_type":"article","og_title":"DESFIBRILADOR EXTERNO AUTOM\u00c1TICO (DEA) ION LCD - Servimed Colombia","og_description":"El ION LCD de Instramed es un Desfibrilador Externo Semiautom\u00e1tico (DEA) de \u00faltima generaci\u00f3n, dise\u00f1ado para situaciones de emergencia. A trav\u00e9s de un protocolo de atenci\u00f3n guiado por voz, este dispositivo realiza el diagn\u00f3stico, eval\u00faa las variables cl\u00ednicas y aplica el tratamiento de forma segura con solo presionar un bot\u00f3n. Su dise\u00f1o compacto, ligero y resistente lo hace extremadamente f\u00e1cil de usar, ideal para entornos de emergencia.  Equipado con tecnolog\u00eda bif\u00e1sica, el DEA ION LCD permite que cualquier persona con entrenamiento b\u00e1sico pueda atender a una v\u00edctima de paro card\u00edaco, aumentando significativamente las posibilidades de rescate. Con solo presionar el bot\u00f3n frontal \u00fanico y seguir las indicaciones de voz y visuales, se facilita una intervenci\u00f3n r\u00e1pida y eficaz.  Caracter\u00edsticas:   Protocolo de atenci\u00f3n guiado por voz: Instrucciones claras y precisas para el usuario.  Diagn\u00f3stico autom\u00e1tico: Eval\u00faa las variables cl\u00ednicas y determina la necesidad de desfibrilaci\u00f3n.  Tecnolog\u00eda bif\u00e1sica: Ofrece una desfibrilaci\u00f3n segura y efectiva.  Bot\u00f3n frontal \u00fanico: Simplifica el uso del dispositivo.  Indicadores de voz y visuales: Proveen orientaci\u00f3n continua durante el proceso de rescate.  Compacto y ligero: F\u00e1cil de transportar y manejar.  Resistente: Dise\u00f1ado para soportar condiciones adversas.  El DEA ION LCD es la herramienta ideal para responder eficazmente en emergencias cardiacas, proporcionando una soluci\u00f3n accesible y f\u00e1cil de usar para salvar vidas.  Todos nuestros activos est\u00e1n sujetos a disponibilidad seg\u00fan inventario.\u00a0","og_url":"https:\/\/servimedcolombia.com\/index.php\/producto\/desfibrilador-externo-automatico-dea-ion-lcd\/","og_site_name":"Servimed Colombia","article_modified_time":"2024-05-17T02:54:23+00:00","og_image":[{"width":1654,"height":1654,"url":"https:\/\/servimedcolombia.com\/wp-content\/uploads\/2024\/05\/194.jpg","type":"image\/jpeg"}],"twitter_card":"summary_large_image","twitter_misc":{"Tiempo de lectura":"1 minuto"},"schema":{"@context":"https:\/\/schema.org","@graph":[{"@type":"WebPage","@id":"https:\/\/servimedcolombia.com\/index.php\/producto\/desfibrilador-externo-automatico-dea-ion-lcd\/","url":"https:\/\/servimedcolombia.com\/index.php\/producto\/desfibrilador-externo-automatico-dea-ion-lcd\/","name":"DESFIBRILADOR EXTERNO AUTOM\u00c1TICO (DEA) ION LCD - Servimed Colombia","isPartOf":{"@id":"https:\/\/servimedcolombia.com\/#website"},"primaryImageOfPage":{"@id":"https:\/\/servimedcolombia.com\/index.php\/producto\/desfibrilador-externo-automatico-dea-ion-lcd\/#primaryimage"},"image":{"@id":"https:\/\/servimedcolombia.com\/index.php\/producto\/desfibrilador-externo-automatico-dea-ion-lcd\/#primaryimage"},"thumbnailUrl":"https:\/\/servimedcolombia.com\/wp-content\/uploads\/2026\/04\/194.webp","datePublished":"2024-05-17T02:53:16+00:00","dateModified":"2024-05-17T02:54:23+00:00","breadcrumb":{"@id":"https:\/\/servimedcolombia.com\/index.php\/producto\/desfibrilador-externo-automatico-dea-ion-lcd\/#breadcrumb"},"inLanguage":"es","potentialAction":[{"@type":"ReadAction","target":["https:\/\/servimedcolombia.com\/index.php\/producto\/desfibrilador-externo-automatico-dea-ion-lcd\/"]}]},{"@type":"ImageObject","inLanguage":"es","@id":"https:\/\/servimedcolombia.com\/index.php\/producto\/desfibrilador-externo-automatico-dea-ion-lcd\/#primaryimage","url":"https:\/\/servimedcolombia.com\/wp-content\/uploads\/2026\/04\/194.webp","contentUrl":"https:\/\/servimedcolombia.com\/wp-content\/uploads\/2026\/04\/194.webp","width":1654,"height":1654},{"@type":"BreadcrumbList","@id":"https:\/\/servimedcolombia.com\/index.php\/producto\/desfibrilador-externo-automatico-dea-ion-lcd\/#breadcrumb","itemListElement":[{"@type":"ListItem","position":1,"name":"Portada","item":"https:\/\/servimedcolombia.com\/"},{"@type":"ListItem","position":2,"name":"Tienda","item":"https:\/\/servimedcolombia.com\/index.php\/tienda\/"},{"@type":"ListItem","position":3,"name":"DESFIBRILADOR EXTERNO AUTOM\u00c1TICO (DEA) ION LCD"}]},{"@type":"WebSite","@id":"https:\/\/servimedcolombia.com\/#website","url":"https:\/\/servimedcolombia.com\/","name":"Servimed Colombia","description":"","potentialAction":[{"@type":"SearchAction","target":{"@type":"EntryPoint","urlTemplate":"https:\/\/servimedcolombia.com\/?s={search_term_string}"},"query-input":{"@type":"PropertyValueSpecification","valueRequired":true,"valueName":"search_term_string"}}],"inLanguage":"es"}]}},"_links":{"self":[{"href":"https:\/\/servimedcolombia.com\/index.php\/wp-json\/wp\/v2\/product\/11441","targetHints":{"allow":["GET"]}}],"collection":[{"href":"https:\/\/servimedcolombia.com\/index.php\/wp-json\/wp\/v2\/product"}],"about":[{"href":"https:\/\/servimedcolombia.com\/index.php\/wp-json\/wp\/v2\/types\/product"}],"version-history":[{"count":0,"href":"https:\/\/servimedcolombia.com\/index.php\/wp-json\/wp\/v2\/product\/11441\/revisions"}],"wp:featuredmedia":[{"embeddable":true,"href":"https:\/\/servimedcolombia.com\/index.php\/wp-json\/wp\/v2\/media\/11431"}],"wp:attachment":[{"href":"https:\/\/servimedcolombia.com\/index.php\/wp-json\/wp\/v2\/media?parent=11441"}],"wp:term":[{"taxonomy":"product_brand","embeddable":true,"href":"https:\/\/servimedcolombia.com\/index.php\/wp-json\/wp\/v2\/product_brand?post=11441"},{"taxonomy":"product_cat","embeddable":true,"href":"https:\/\/servimedcolombia.com\/index.php\/wp-json\/wp\/v2\/product_cat?post=11441"},{"taxonomy":"product_tag","embeddable":true,"href":"https:\/\/servimedcolombia.com\/index.php\/wp-json\/wp\/v2\/product_tag?post=11441"}],"curies":[{"name":"wp","href":"https:\/\/api.w.org\/{rel}","templated":true}]}}