{"id":11458,"date":"2024-05-21T18:48:01","date_gmt":"2024-05-21T23:48:01","guid":{"rendered":"https:\/\/servimedcolombia.com\/?post_type=product&#038;p=11458"},"modified":"2024-05-21T18:53:01","modified_gmt":"2024-05-21T23:53:01","slug":"torre-de-laparoscopia-stryker-1588","status":"publish","type":"product","link":"https:\/\/servimedcolombia.com\/index.php\/producto\/torre-de-laparoscopia-stryker-1588\/","title":{"rendered":"TORRE DE LAPAROSCOPIA STRYKER 1588"},"content":{"rendered":"","protected":false},"excerpt":{"rendered":"<p>La Torre de Laparoscopia Stryker 1588 est\u00e1 compuesta por los siguientes elementos:<\/p>\n<ul>\n<li><strong>Monitor M\u00e9dico de 26&#8243; Stryker Vision Pro:<\/strong> Pantalla de alta resoluci\u00f3n dise\u00f1ada para uso m\u00e9dico, ofreciendo im\u00e1genes claras y detalladas.<\/li>\n<li><strong>Fuente de Luz Stryker L10 con Gu\u00eda de Luz Inteligente:<\/strong> Proporciona una iluminaci\u00f3n \u00f3ptima y adaptativa durante los procedimientos laparosc\u00f3picos.<\/li>\n<li><strong>Procesador Stryker con Cabezal de C\u00e1mara Ref 1588:<\/strong> Equipado con tecnolog\u00eda avanzada para capturar im\u00e1genes de alta calidad.<\/li>\n<li><strong>Contenedor para Cabezal de C\u00e1mara 1588:<\/strong> Almacenamiento seguro y protegido para el cabezal de la c\u00e1mara.<\/li>\n<li><strong>Grabadora Stryker SD C3:<\/strong> Permite la grabaci\u00f3n y almacenamiento de procedimientos quir\u00fargicos en alta definici\u00f3n.<\/li>\n<li><strong>Neumoinsuflador de 40 Litros Stryker:<\/strong> Facilita la insuflaci\u00f3n segura y controlada del abdomen durante la cirug\u00eda laparosc\u00f3pica.<\/li>\n<\/ul>\n<p><span style=\"color: #ff0000;\"><strong>Todos nuestros activos est\u00e1n sujetos a disponibilidad seg\u00fan inventario.\u00a0<\/strong><\/span><\/p>\n<p><span style=\"vertical-align: inherit;\"><span style=\"vertical-align: inherit;\"><span style=\"vertical-align: inherit;\"><span style=\"vertical-align: inherit;\"><span style=\"vertical-align: inherit;\"><span style=\"vertical-align: inherit;\">[njwa_button id=\"9888\"]<\/span><\/span><\/span><\/span><\/span><\/span><\/p>\n","protected":false},"featured_media":11453,"template":"","meta":{"rs_blank_template":"","rs_page_bg_color":"","slide_template_v7":""},"product_brand":[],"product_cat":[131,182],"product_tag":[],"class_list":{"0":"post-11458","1":"product","2":"type-product","3":"status-publish","4":"has-post-thumbnail","6":"product_cat-endoscopia-y-accesorios","7":"product_cat-laparoscopia","9":"first","10":"instock","11":"shipping-taxable","12":"product-type-simple"},"yoast_head":"<!-- This site is optimized with the Yoast SEO plugin v27.4 - https:\/\/yoast.com\/product\/yoast-seo-wordpress\/ -->\n<title>TORRE DE LAPAROSCOPIA STRYKER 1588 - Servimed Colombia<\/title>\n<meta name=\"robots\" content=\"index, follow, max-snippet:-1, max-image-preview:large, max-video-preview:-1\" \/>\n<link rel=\"canonical\" href=\"https:\/\/servimedcolombia.com\/index.php\/producto\/torre-de-laparoscopia-stryker-1588\/\" \/>\n<meta property=\"og:locale\" content=\"es_ES\" \/>\n<meta property=\"og:type\" content=\"article\" \/>\n<meta property=\"og:title\" content=\"TORRE DE LAPAROSCOPIA STRYKER 1588 - Servimed Colombia\" \/>\n<meta property=\"og:description\" content=\"La Torre de Laparoscopia Stryker 1588 est\u00e1 compuesta por los siguientes elementos:   Monitor M\u00e9dico de 26&quot; Stryker Vision Pro: Pantalla de alta resoluci\u00f3n dise\u00f1ada para uso m\u00e9dico, ofreciendo im\u00e1genes claras y detalladas.  Fuente de Luz Stryker L10 con Gu\u00eda de Luz Inteligente: Proporciona una iluminaci\u00f3n \u00f3ptima y adaptativa durante los procedimientos laparosc\u00f3picos.  Procesador Stryker con Cabezal de C\u00e1mara Ref 1588: Equipado con tecnolog\u00eda avanzada para capturar im\u00e1genes de alta calidad.  Contenedor para Cabezal de C\u00e1mara 1588: Almacenamiento seguro y protegido para el cabezal de la c\u00e1mara.  Grabadora Stryker SD C3: Permite la grabaci\u00f3n y almacenamiento de procedimientos quir\u00fargicos en alta definici\u00f3n.  Neumoinsuflador de 40 Litros Stryker: Facilita la insuflaci\u00f3n segura y controlada del abdomen durante la cirug\u00eda laparosc\u00f3pica.  Todos nuestros activos est\u00e1n sujetos a disponibilidad seg\u00fan inventario.\u00a0\" \/>\n<meta property=\"og:url\" content=\"https:\/\/servimedcolombia.com\/index.php\/producto\/torre-de-laparoscopia-stryker-1588\/\" \/>\n<meta property=\"og:site_name\" content=\"Servimed Colombia\" \/>\n<meta property=\"article:modified_time\" content=\"2024-05-21T23:53:01+00:00\" \/>\n<meta property=\"og:image\" content=\"https:\/\/servimedcolombia.com\/wp-content\/uploads\/2024\/05\/200.jpg\" \/>\n\t<meta property=\"og:image:width\" content=\"1654\" \/>\n\t<meta property=\"og:image:height\" content=\"1654\" \/>\n\t<meta property=\"og:image:type\" content=\"image\/jpeg\" \/>\n<meta name=\"twitter:card\" content=\"summary_large_image\" \/>\n<meta name=\"twitter:label1\" content=\"Tiempo de lectura\" \/>\n\t<meta name=\"twitter:data1\" content=\"1 minuto\" \/>\n<script type=\"application\/ld+json\" class=\"yoast-schema-graph\">{\"@context\":\"https:\\\/\\\/schema.org\",\"@graph\":[{\"@type\":\"WebPage\",\"@id\":\"https:\\\/\\\/servimedcolombia.com\\\/index.php\\\/producto\\\/torre-de-laparoscopia-stryker-1588\\\/\",\"url\":\"https:\\\/\\\/servimedcolombia.com\\\/index.php\\\/producto\\\/torre-de-laparoscopia-stryker-1588\\\/\",\"name\":\"TORRE DE LAPAROSCOPIA STRYKER 1588 - Servimed Colombia\",\"isPartOf\":{\"@id\":\"https:\\\/\\\/servimedcolombia.com\\\/#website\"},\"primaryImageOfPage\":{\"@id\":\"https:\\\/\\\/servimedcolombia.com\\\/index.php\\\/producto\\\/torre-de-laparoscopia-stryker-1588\\\/#primaryimage\"},\"image\":{\"@id\":\"https:\\\/\\\/servimedcolombia.com\\\/index.php\\\/producto\\\/torre-de-laparoscopia-stryker-1588\\\/#primaryimage\"},\"thumbnailUrl\":\"https:\\\/\\\/servimedcolombia.com\\\/wp-content\\\/uploads\\\/2026\\\/04\\\/200.webp\",\"datePublished\":\"2024-05-21T23:48:01+00:00\",\"dateModified\":\"2024-05-21T23:53:01+00:00\",\"breadcrumb\":{\"@id\":\"https:\\\/\\\/servimedcolombia.com\\\/index.php\\\/producto\\\/torre-de-laparoscopia-stryker-1588\\\/#breadcrumb\"},\"inLanguage\":\"es\",\"potentialAction\":[{\"@type\":\"ReadAction\",\"target\":[\"https:\\\/\\\/servimedcolombia.com\\\/index.php\\\/producto\\\/torre-de-laparoscopia-stryker-1588\\\/\"]}]},{\"@type\":\"ImageObject\",\"inLanguage\":\"es\",\"@id\":\"https:\\\/\\\/servimedcolombia.com\\\/index.php\\\/producto\\\/torre-de-laparoscopia-stryker-1588\\\/#primaryimage\",\"url\":\"https:\\\/\\\/servimedcolombia.com\\\/wp-content\\\/uploads\\\/2026\\\/04\\\/200.webp\",\"contentUrl\":\"https:\\\/\\\/servimedcolombia.com\\\/wp-content\\\/uploads\\\/2026\\\/04\\\/200.webp\",\"width\":1654,\"height\":1654},{\"@type\":\"BreadcrumbList\",\"@id\":\"https:\\\/\\\/servimedcolombia.com\\\/index.php\\\/producto\\\/torre-de-laparoscopia-stryker-1588\\\/#breadcrumb\",\"itemListElement\":[{\"@type\":\"ListItem\",\"position\":1,\"name\":\"Portada\",\"item\":\"https:\\\/\\\/servimedcolombia.com\\\/\"},{\"@type\":\"ListItem\",\"position\":2,\"name\":\"Tienda\",\"item\":\"https:\\\/\\\/servimedcolombia.com\\\/index.php\\\/tienda\\\/\"},{\"@type\":\"ListItem\",\"position\":3,\"name\":\"TORRE DE LAPAROSCOPIA STRYKER 1588\"}]},{\"@type\":\"WebSite\",\"@id\":\"https:\\\/\\\/servimedcolombia.com\\\/#website\",\"url\":\"https:\\\/\\\/servimedcolombia.com\\\/\",\"name\":\"Servimed Colombia\",\"description\":\"\",\"potentialAction\":[{\"@type\":\"SearchAction\",\"target\":{\"@type\":\"EntryPoint\",\"urlTemplate\":\"https:\\\/\\\/servimedcolombia.com\\\/?s={search_term_string}\"},\"query-input\":{\"@type\":\"PropertyValueSpecification\",\"valueRequired\":true,\"valueName\":\"search_term_string\"}}],\"inLanguage\":\"es\"}]}<\/script>\n<!-- \/ Yoast SEO plugin. -->","yoast_head_json":{"title":"TORRE DE LAPAROSCOPIA STRYKER 1588 - Servimed Colombia","robots":{"index":"index","follow":"follow","max-snippet":"max-snippet:-1","max-image-preview":"max-image-preview:large","max-video-preview":"max-video-preview:-1"},"canonical":"https:\/\/servimedcolombia.com\/index.php\/producto\/torre-de-laparoscopia-stryker-1588\/","og_locale":"es_ES","og_type":"article","og_title":"TORRE DE LAPAROSCOPIA STRYKER 1588 - Servimed Colombia","og_description":"La Torre de Laparoscopia Stryker 1588 est\u00e1 compuesta por los siguientes elementos:   Monitor M\u00e9dico de 26\" Stryker Vision Pro: Pantalla de alta resoluci\u00f3n dise\u00f1ada para uso m\u00e9dico, ofreciendo im\u00e1genes claras y detalladas.  Fuente de Luz Stryker L10 con Gu\u00eda de Luz Inteligente: Proporciona una iluminaci\u00f3n \u00f3ptima y adaptativa durante los procedimientos laparosc\u00f3picos.  Procesador Stryker con Cabezal de C\u00e1mara Ref 1588: Equipado con tecnolog\u00eda avanzada para capturar im\u00e1genes de alta calidad.  Contenedor para Cabezal de C\u00e1mara 1588: Almacenamiento seguro y protegido para el cabezal de la c\u00e1mara.  Grabadora Stryker SD C3: Permite la grabaci\u00f3n y almacenamiento de procedimientos quir\u00fargicos en alta definici\u00f3n.  Neumoinsuflador de 40 Litros Stryker: Facilita la insuflaci\u00f3n segura y controlada del abdomen durante la cirug\u00eda laparosc\u00f3pica.  Todos nuestros activos est\u00e1n sujetos a disponibilidad seg\u00fan inventario.\u00a0","og_url":"https:\/\/servimedcolombia.com\/index.php\/producto\/torre-de-laparoscopia-stryker-1588\/","og_site_name":"Servimed Colombia","article_modified_time":"2024-05-21T23:53:01+00:00","og_image":[{"width":1654,"height":1654,"url":"https:\/\/servimedcolombia.com\/wp-content\/uploads\/2024\/05\/200.jpg","type":"image\/jpeg"}],"twitter_card":"summary_large_image","twitter_misc":{"Tiempo de lectura":"1 minuto"},"schema":{"@context":"https:\/\/schema.org","@graph":[{"@type":"WebPage","@id":"https:\/\/servimedcolombia.com\/index.php\/producto\/torre-de-laparoscopia-stryker-1588\/","url":"https:\/\/servimedcolombia.com\/index.php\/producto\/torre-de-laparoscopia-stryker-1588\/","name":"TORRE DE LAPAROSCOPIA STRYKER 1588 - Servimed Colombia","isPartOf":{"@id":"https:\/\/servimedcolombia.com\/#website"},"primaryImageOfPage":{"@id":"https:\/\/servimedcolombia.com\/index.php\/producto\/torre-de-laparoscopia-stryker-1588\/#primaryimage"},"image":{"@id":"https:\/\/servimedcolombia.com\/index.php\/producto\/torre-de-laparoscopia-stryker-1588\/#primaryimage"},"thumbnailUrl":"https:\/\/servimedcolombia.com\/wp-content\/uploads\/2026\/04\/200.webp","datePublished":"2024-05-21T23:48:01+00:00","dateModified":"2024-05-21T23:53:01+00:00","breadcrumb":{"@id":"https:\/\/servimedcolombia.com\/index.php\/producto\/torre-de-laparoscopia-stryker-1588\/#breadcrumb"},"inLanguage":"es","potentialAction":[{"@type":"ReadAction","target":["https:\/\/servimedcolombia.com\/index.php\/producto\/torre-de-laparoscopia-stryker-1588\/"]}]},{"@type":"ImageObject","inLanguage":"es","@id":"https:\/\/servimedcolombia.com\/index.php\/producto\/torre-de-laparoscopia-stryker-1588\/#primaryimage","url":"https:\/\/servimedcolombia.com\/wp-content\/uploads\/2026\/04\/200.webp","contentUrl":"https:\/\/servimedcolombia.com\/wp-content\/uploads\/2026\/04\/200.webp","width":1654,"height":1654},{"@type":"BreadcrumbList","@id":"https:\/\/servimedcolombia.com\/index.php\/producto\/torre-de-laparoscopia-stryker-1588\/#breadcrumb","itemListElement":[{"@type":"ListItem","position":1,"name":"Portada","item":"https:\/\/servimedcolombia.com\/"},{"@type":"ListItem","position":2,"name":"Tienda","item":"https:\/\/servimedcolombia.com\/index.php\/tienda\/"},{"@type":"ListItem","position":3,"name":"TORRE DE LAPAROSCOPIA STRYKER 1588"}]},{"@type":"WebSite","@id":"https:\/\/servimedcolombia.com\/#website","url":"https:\/\/servimedcolombia.com\/","name":"Servimed Colombia","description":"","potentialAction":[{"@type":"SearchAction","target":{"@type":"EntryPoint","urlTemplate":"https:\/\/servimedcolombia.com\/?s={search_term_string}"},"query-input":{"@type":"PropertyValueSpecification","valueRequired":true,"valueName":"search_term_string"}}],"inLanguage":"es"}]}},"_links":{"self":[{"href":"https:\/\/servimedcolombia.com\/index.php\/wp-json\/wp\/v2\/product\/11458","targetHints":{"allow":["GET"]}}],"collection":[{"href":"https:\/\/servimedcolombia.com\/index.php\/wp-json\/wp\/v2\/product"}],"about":[{"href":"https:\/\/servimedcolombia.com\/index.php\/wp-json\/wp\/v2\/types\/product"}],"version-history":[{"count":0,"href":"https:\/\/servimedcolombia.com\/index.php\/wp-json\/wp\/v2\/product\/11458\/revisions"}],"wp:featuredmedia":[{"embeddable":true,"href":"https:\/\/servimedcolombia.com\/index.php\/wp-json\/wp\/v2\/media\/11453"}],"wp:attachment":[{"href":"https:\/\/servimedcolombia.com\/index.php\/wp-json\/wp\/v2\/media?parent=11458"}],"wp:term":[{"taxonomy":"product_brand","embeddable":true,"href":"https:\/\/servimedcolombia.com\/index.php\/wp-json\/wp\/v2\/product_brand?post=11458"},{"taxonomy":"product_cat","embeddable":true,"href":"https:\/\/servimedcolombia.com\/index.php\/wp-json\/wp\/v2\/product_cat?post=11458"},{"taxonomy":"product_tag","embeddable":true,"href":"https:\/\/servimedcolombia.com\/index.php\/wp-json\/wp\/v2\/product_tag?post=11458"}],"curies":[{"name":"wp","href":"https:\/\/api.w.org\/{rel}","templated":true}]}}