{"id":11589,"date":"2024-05-27T12:14:40","date_gmt":"2024-05-27T17:14:40","guid":{"rendered":"https:\/\/servimedcolombia.com\/?post_type=product&#038;p=11589"},"modified":"2024-05-27T12:15:52","modified_gmt":"2024-05-27T17:15:52","slug":"electrocardiografo-beneheart-r3","status":"publish","type":"product","link":"https:\/\/servimedcolombia.com\/index.php\/producto\/electrocardiografo-beneheart-r3\/","title":{"rendered":"ELECTROCARDI\u00d3GRAFO BENEHEART R3"},"content":{"rendered":"","protected":false},"excerpt":{"rendered":"<p><strong>Electrocardi\u00f3grafo de 3 Canales Mindray R3<\/strong><\/p>\n<ul>\n<li><strong>Pantalla:<\/strong>\n<ul>\n<li>Tipo: Color TFT LCD de 5\u2033<\/li>\n<li>Resoluci\u00f3n: 800\u00d7480 p\u00edxeles<\/li>\n<li>Caracter\u00edsticas adicionales: Gr\u00e1ficos LED retroiluminados para una visualizaci\u00f3n clara de las ondas en tiempo real.<\/li>\n<\/ul>\n<\/li>\n<li><strong>Impresora:<\/strong>\n<ul>\n<li>Tipo: Matriz de puntos t\u00e9rmica<\/li>\n<li>Ancho del papel: 80 mm<\/li>\n<li>N\u00famero de trazos: 3 derivaciones + 1 ritmo o 3 derivaciones seleccionables por el usuario.<\/li>\n<li>Funci\u00f3n adicional: El papel de registro se puede colocar c\u00f3modamente sobre el tablero del equipo para que los m\u00e9dicos lo firmen y realicen anotaciones.<\/li>\n<\/ul>\n<\/li>\n<li><strong>Bater\u00eda:<\/strong>\n<ul>\n<li>Capacidad: 6 horas de funcionamiento continuo (sin grabaci\u00f3n).<\/li>\n<\/ul>\n<\/li>\n<li><strong>Peso:<\/strong>\n<ul>\n<li>Total: 1,2 kg (incluidas las bater\u00edas), lo que facilita su transporte por el personal m\u00e9dico.<\/li>\n<\/ul>\n<\/li>\n<\/ul>\n<p><span style=\"color: #ff0000;\"><strong>Todos nuestros activos est\u00e1n sujetos a disponibilidad seg\u00fan inventario.\u00a0<\/strong><\/span><\/p>\n<p><span style=\"vertical-align: inherit;\"><span style=\"vertical-align: inherit;\"><span style=\"vertical-align: inherit;\"><span style=\"vertical-align: inherit;\"><span style=\"vertical-align: inherit;\"><span style=\"vertical-align: inherit;\">[njwa_button id=\"9888\"]<\/span><\/span><\/span><\/span><\/span><\/span><\/p>\n","protected":false},"featured_media":11587,"template":"","meta":{"rs_blank_template":"","rs_page_bg_color":"","slide_template_v7":""},"product_brand":[],"product_cat":[123],"product_tag":[],"class_list":{"0":"post-11589","1":"product","2":"type-product","3":"status-publish","4":"has-post-thumbnail","6":"product_cat-electrocardiografos-y-accesorios","8":"first","9":"instock","10":"shipping-taxable","11":"product-type-simple"},"yoast_head":"<!-- This site is optimized with the Yoast SEO plugin v27.4 - https:\/\/yoast.com\/product\/yoast-seo-wordpress\/ -->\n<title>ELECTROCARDI\u00d3GRAFO BENEHEART R3 - Servimed Colombia<\/title>\n<meta name=\"robots\" content=\"index, follow, max-snippet:-1, max-image-preview:large, max-video-preview:-1\" \/>\n<link rel=\"canonical\" href=\"https:\/\/servimedcolombia.com\/index.php\/producto\/electrocardiografo-beneheart-r3\/\" \/>\n<meta property=\"og:locale\" content=\"es_ES\" \/>\n<meta property=\"og:type\" content=\"article\" \/>\n<meta property=\"og:title\" content=\"ELECTROCARDI\u00d3GRAFO BENEHEART R3 - Servimed Colombia\" \/>\n<meta property=\"og:description\" content=\"Electrocardi\u00f3grafo de 3 Canales Mindray R3   Pantalla:   Tipo: Color TFT LCD de 5\u2033  Resoluci\u00f3n: 800\u00d7480 p\u00edxeles  Caracter\u00edsticas adicionales: Gr\u00e1ficos LED retroiluminados para una visualizaci\u00f3n clara de las ondas en tiempo real.    Impresora:   Tipo: Matriz de puntos t\u00e9rmica  Ancho del papel: 80 mm  N\u00famero de trazos: 3 derivaciones + 1 ritmo o 3 derivaciones seleccionables por el usuario.  Funci\u00f3n adicional: El papel de registro se puede colocar c\u00f3modamente sobre el tablero del equipo para que los m\u00e9dicos lo firmen y realicen anotaciones.    Bater\u00eda:   Capacidad: 6 horas de funcionamiento continuo (sin grabaci\u00f3n).    Peso:   Total: 1,2 kg (incluidas las bater\u00edas), lo que facilita su transporte por el personal m\u00e9dico.    Todos nuestros activos est\u00e1n sujetos a disponibilidad seg\u00fan inventario.\u00a0\" \/>\n<meta property=\"og:url\" content=\"https:\/\/servimedcolombia.com\/index.php\/producto\/electrocardiografo-beneheart-r3\/\" \/>\n<meta property=\"og:site_name\" content=\"Servimed Colombia\" \/>\n<meta property=\"article:modified_time\" content=\"2024-05-27T17:15:52+00:00\" \/>\n<meta property=\"og:image\" content=\"https:\/\/servimedcolombia.com\/wp-content\/uploads\/2024\/05\/204.jpg\" \/>\n\t<meta property=\"og:image:width\" content=\"1654\" \/>\n\t<meta property=\"og:image:height\" content=\"1654\" \/>\n\t<meta property=\"og:image:type\" content=\"image\/jpeg\" \/>\n<meta name=\"twitter:card\" content=\"summary_large_image\" \/>\n<meta name=\"twitter:label1\" content=\"Tiempo de lectura\" \/>\n\t<meta name=\"twitter:data1\" content=\"1 minuto\" \/>\n<script type=\"application\/ld+json\" class=\"yoast-schema-graph\">{\"@context\":\"https:\\\/\\\/schema.org\",\"@graph\":[{\"@type\":\"WebPage\",\"@id\":\"https:\\\/\\\/servimedcolombia.com\\\/index.php\\\/producto\\\/electrocardiografo-beneheart-r3\\\/\",\"url\":\"https:\\\/\\\/servimedcolombia.com\\\/index.php\\\/producto\\\/electrocardiografo-beneheart-r3\\\/\",\"name\":\"ELECTROCARDI\u00d3GRAFO BENEHEART R3 - Servimed Colombia\",\"isPartOf\":{\"@id\":\"https:\\\/\\\/servimedcolombia.com\\\/#website\"},\"primaryImageOfPage\":{\"@id\":\"https:\\\/\\\/servimedcolombia.com\\\/index.php\\\/producto\\\/electrocardiografo-beneheart-r3\\\/#primaryimage\"},\"image\":{\"@id\":\"https:\\\/\\\/servimedcolombia.com\\\/index.php\\\/producto\\\/electrocardiografo-beneheart-r3\\\/#primaryimage\"},\"thumbnailUrl\":\"https:\\\/\\\/servimedcolombia.com\\\/wp-content\\\/uploads\\\/2026\\\/04\\\/204.webp\",\"datePublished\":\"2024-05-27T17:14:40+00:00\",\"dateModified\":\"2024-05-27T17:15:52+00:00\",\"breadcrumb\":{\"@id\":\"https:\\\/\\\/servimedcolombia.com\\\/index.php\\\/producto\\\/electrocardiografo-beneheart-r3\\\/#breadcrumb\"},\"inLanguage\":\"es\",\"potentialAction\":[{\"@type\":\"ReadAction\",\"target\":[\"https:\\\/\\\/servimedcolombia.com\\\/index.php\\\/producto\\\/electrocardiografo-beneheart-r3\\\/\"]}]},{\"@type\":\"ImageObject\",\"inLanguage\":\"es\",\"@id\":\"https:\\\/\\\/servimedcolombia.com\\\/index.php\\\/producto\\\/electrocardiografo-beneheart-r3\\\/#primaryimage\",\"url\":\"https:\\\/\\\/servimedcolombia.com\\\/wp-content\\\/uploads\\\/2026\\\/04\\\/204.webp\",\"contentUrl\":\"https:\\\/\\\/servimedcolombia.com\\\/wp-content\\\/uploads\\\/2026\\\/04\\\/204.webp\",\"width\":1654,\"height\":1654},{\"@type\":\"BreadcrumbList\",\"@id\":\"https:\\\/\\\/servimedcolombia.com\\\/index.php\\\/producto\\\/electrocardiografo-beneheart-r3\\\/#breadcrumb\",\"itemListElement\":[{\"@type\":\"ListItem\",\"position\":1,\"name\":\"Portada\",\"item\":\"https:\\\/\\\/servimedcolombia.com\\\/\"},{\"@type\":\"ListItem\",\"position\":2,\"name\":\"Tienda\",\"item\":\"https:\\\/\\\/servimedcolombia.com\\\/index.php\\\/tienda\\\/\"},{\"@type\":\"ListItem\",\"position\":3,\"name\":\"ELECTROCARDI\u00d3GRAFO BENEHEART R3\"}]},{\"@type\":\"WebSite\",\"@id\":\"https:\\\/\\\/servimedcolombia.com\\\/#website\",\"url\":\"https:\\\/\\\/servimedcolombia.com\\\/\",\"name\":\"Servimed Colombia\",\"description\":\"\",\"potentialAction\":[{\"@type\":\"SearchAction\",\"target\":{\"@type\":\"EntryPoint\",\"urlTemplate\":\"https:\\\/\\\/servimedcolombia.com\\\/?s={search_term_string}\"},\"query-input\":{\"@type\":\"PropertyValueSpecification\",\"valueRequired\":true,\"valueName\":\"search_term_string\"}}],\"inLanguage\":\"es\"}]}<\/script>\n<!-- \/ Yoast SEO plugin. -->","yoast_head_json":{"title":"ELECTROCARDI\u00d3GRAFO BENEHEART R3 - Servimed Colombia","robots":{"index":"index","follow":"follow","max-snippet":"max-snippet:-1","max-image-preview":"max-image-preview:large","max-video-preview":"max-video-preview:-1"},"canonical":"https:\/\/servimedcolombia.com\/index.php\/producto\/electrocardiografo-beneheart-r3\/","og_locale":"es_ES","og_type":"article","og_title":"ELECTROCARDI\u00d3GRAFO BENEHEART R3 - Servimed Colombia","og_description":"Electrocardi\u00f3grafo de 3 Canales Mindray R3   Pantalla:   Tipo: Color TFT LCD de 5\u2033  Resoluci\u00f3n: 800\u00d7480 p\u00edxeles  Caracter\u00edsticas adicionales: Gr\u00e1ficos LED retroiluminados para una visualizaci\u00f3n clara de las ondas en tiempo real.    Impresora:   Tipo: Matriz de puntos t\u00e9rmica  Ancho del papel: 80 mm  N\u00famero de trazos: 3 derivaciones + 1 ritmo o 3 derivaciones seleccionables por el usuario.  Funci\u00f3n adicional: El papel de registro se puede colocar c\u00f3modamente sobre el tablero del equipo para que los m\u00e9dicos lo firmen y realicen anotaciones.    Bater\u00eda:   Capacidad: 6 horas de funcionamiento continuo (sin grabaci\u00f3n).    Peso:   Total: 1,2 kg (incluidas las bater\u00edas), lo que facilita su transporte por el personal m\u00e9dico.    Todos nuestros activos est\u00e1n sujetos a disponibilidad seg\u00fan inventario.\u00a0","og_url":"https:\/\/servimedcolombia.com\/index.php\/producto\/electrocardiografo-beneheart-r3\/","og_site_name":"Servimed Colombia","article_modified_time":"2024-05-27T17:15:52+00:00","og_image":[{"width":1654,"height":1654,"url":"https:\/\/servimedcolombia.com\/wp-content\/uploads\/2024\/05\/204.jpg","type":"image\/jpeg"}],"twitter_card":"summary_large_image","twitter_misc":{"Tiempo de lectura":"1 minuto"},"schema":{"@context":"https:\/\/schema.org","@graph":[{"@type":"WebPage","@id":"https:\/\/servimedcolombia.com\/index.php\/producto\/electrocardiografo-beneheart-r3\/","url":"https:\/\/servimedcolombia.com\/index.php\/producto\/electrocardiografo-beneheart-r3\/","name":"ELECTROCARDI\u00d3GRAFO BENEHEART R3 - Servimed Colombia","isPartOf":{"@id":"https:\/\/servimedcolombia.com\/#website"},"primaryImageOfPage":{"@id":"https:\/\/servimedcolombia.com\/index.php\/producto\/electrocardiografo-beneheart-r3\/#primaryimage"},"image":{"@id":"https:\/\/servimedcolombia.com\/index.php\/producto\/electrocardiografo-beneheart-r3\/#primaryimage"},"thumbnailUrl":"https:\/\/servimedcolombia.com\/wp-content\/uploads\/2026\/04\/204.webp","datePublished":"2024-05-27T17:14:40+00:00","dateModified":"2024-05-27T17:15:52+00:00","breadcrumb":{"@id":"https:\/\/servimedcolombia.com\/index.php\/producto\/electrocardiografo-beneheart-r3\/#breadcrumb"},"inLanguage":"es","potentialAction":[{"@type":"ReadAction","target":["https:\/\/servimedcolombia.com\/index.php\/producto\/electrocardiografo-beneheart-r3\/"]}]},{"@type":"ImageObject","inLanguage":"es","@id":"https:\/\/servimedcolombia.com\/index.php\/producto\/electrocardiografo-beneheart-r3\/#primaryimage","url":"https:\/\/servimedcolombia.com\/wp-content\/uploads\/2026\/04\/204.webp","contentUrl":"https:\/\/servimedcolombia.com\/wp-content\/uploads\/2026\/04\/204.webp","width":1654,"height":1654},{"@type":"BreadcrumbList","@id":"https:\/\/servimedcolombia.com\/index.php\/producto\/electrocardiografo-beneheart-r3\/#breadcrumb","itemListElement":[{"@type":"ListItem","position":1,"name":"Portada","item":"https:\/\/servimedcolombia.com\/"},{"@type":"ListItem","position":2,"name":"Tienda","item":"https:\/\/servimedcolombia.com\/index.php\/tienda\/"},{"@type":"ListItem","position":3,"name":"ELECTROCARDI\u00d3GRAFO BENEHEART R3"}]},{"@type":"WebSite","@id":"https:\/\/servimedcolombia.com\/#website","url":"https:\/\/servimedcolombia.com\/","name":"Servimed Colombia","description":"","potentialAction":[{"@type":"SearchAction","target":{"@type":"EntryPoint","urlTemplate":"https:\/\/servimedcolombia.com\/?s={search_term_string}"},"query-input":{"@type":"PropertyValueSpecification","valueRequired":true,"valueName":"search_term_string"}}],"inLanguage":"es"}]}},"_links":{"self":[{"href":"https:\/\/servimedcolombia.com\/index.php\/wp-json\/wp\/v2\/product\/11589","targetHints":{"allow":["GET"]}}],"collection":[{"href":"https:\/\/servimedcolombia.com\/index.php\/wp-json\/wp\/v2\/product"}],"about":[{"href":"https:\/\/servimedcolombia.com\/index.php\/wp-json\/wp\/v2\/types\/product"}],"version-history":[{"count":0,"href":"https:\/\/servimedcolombia.com\/index.php\/wp-json\/wp\/v2\/product\/11589\/revisions"}],"wp:featuredmedia":[{"embeddable":true,"href":"https:\/\/servimedcolombia.com\/index.php\/wp-json\/wp\/v2\/media\/11587"}],"wp:attachment":[{"href":"https:\/\/servimedcolombia.com\/index.php\/wp-json\/wp\/v2\/media?parent=11589"}],"wp:term":[{"taxonomy":"product_brand","embeddable":true,"href":"https:\/\/servimedcolombia.com\/index.php\/wp-json\/wp\/v2\/product_brand?post=11589"},{"taxonomy":"product_cat","embeddable":true,"href":"https:\/\/servimedcolombia.com\/index.php\/wp-json\/wp\/v2\/product_cat?post=11589"},{"taxonomy":"product_tag","embeddable":true,"href":"https:\/\/servimedcolombia.com\/index.php\/wp-json\/wp\/v2\/product_tag?post=11589"}],"curies":[{"name":"wp","href":"https:\/\/api.w.org\/{rel}","templated":true}]}}