{"id":11680,"date":"2024-07-16T21:31:53","date_gmt":"2024-07-17T02:31:53","guid":{"rendered":"https:\/\/servimedcolombia.com\/?post_type=product&#038;p=11680"},"modified":"2024-07-16T21:33:50","modified_gmt":"2024-07-17T02:33:50","slug":"tensiometro-automatico-de-muneca-easy","status":"publish","type":"product","link":"https:\/\/servimedcolombia.com\/index.php\/producto\/tensiometro-automatico-de-muneca-easy\/","title":{"rendered":"TENSI\u00d3METRO AUTOM\u00c1TICO DE MU\u00d1ECA EASY"},"content":{"rendered":"","protected":false},"excerpt":{"rendered":"<p>El Tensi\u00f3metro Autom\u00e1tico de Mu\u00f1eca Easy es un monitor de presi\u00f3n sangu\u00ednea dise\u00f1ado para personas desde los 12 hasta aproximadamente los 65 a\u00f1os. Este dispositivo m\u00e9dico realiza mediciones precisas de la presi\u00f3n arterial sist\u00f3lica, diast\u00f3lica y la frecuencia del pulso cardiaco.<\/p>\n<p>Compacto y ligero, este monitor de presi\u00f3n arterial para la mu\u00f1eca permite un control conveniente de la presi\u00f3n sangu\u00ednea en cualquier lugar: ya sea en la oficina, en casa o mientras viaja.<\/p>\n<p><span style=\"color: #ff0000;\"><strong>Todos nuestros activos est\u00e1n sujetos a disponibilidad seg\u00fan inventario.\u00a0<\/strong><\/span><\/p>\n<p><span style=\"vertical-align: inherit;\"><span style=\"vertical-align: inherit;\"><span style=\"vertical-align: inherit;\"><span style=\"vertical-align: inherit;\"><span style=\"vertical-align: inherit;\"><span style=\"vertical-align: inherit;\">[njwa_button id=\"9888\"]<\/span><\/span><\/span><\/span><\/span><\/span><\/p>\n","protected":false},"featured_media":11678,"template":"","meta":{"rs_blank_template":"","rs_page_bg_color":"","slide_template_v7":""},"product_brand":[],"product_cat":[146],"product_tag":[],"class_list":{"0":"post-11680","1":"product","2":"type-product","3":"status-publish","4":"has-post-thumbnail","6":"product_cat-control-y-prevencion","8":"first","9":"instock","10":"shipping-taxable","11":"product-type-simple"},"yoast_head":"<!-- This site is optimized with the Yoast SEO plugin v27.4 - https:\/\/yoast.com\/product\/yoast-seo-wordpress\/ -->\n<title>TENSI\u00d3METRO AUTOM\u00c1TICO DE MU\u00d1ECA EASY - Servimed Colombia<\/title>\n<meta name=\"robots\" content=\"index, follow, max-snippet:-1, max-image-preview:large, max-video-preview:-1\" \/>\n<link rel=\"canonical\" href=\"https:\/\/servimedcolombia.com\/index.php\/producto\/tensiometro-automatico-de-muneca-easy\/\" \/>\n<meta property=\"og:locale\" content=\"es_ES\" \/>\n<meta property=\"og:type\" content=\"article\" \/>\n<meta property=\"og:title\" content=\"TENSI\u00d3METRO AUTOM\u00c1TICO DE MU\u00d1ECA EASY - Servimed Colombia\" \/>\n<meta property=\"og:description\" content=\"El Tensi\u00f3metro Autom\u00e1tico de Mu\u00f1eca Easy es un monitor de presi\u00f3n sangu\u00ednea dise\u00f1ado para personas desde los 12 hasta aproximadamente los 65 a\u00f1os. Este dispositivo m\u00e9dico realiza mediciones precisas de la presi\u00f3n arterial sist\u00f3lica, diast\u00f3lica y la frecuencia del pulso cardiaco.  Compacto y ligero, este monitor de presi\u00f3n arterial para la mu\u00f1eca permite un control conveniente de la presi\u00f3n sangu\u00ednea en cualquier lugar: ya sea en la oficina, en casa o mientras viaja.  Todos nuestros activos est\u00e1n sujetos a disponibilidad seg\u00fan inventario.\u00a0\" \/>\n<meta property=\"og:url\" content=\"https:\/\/servimedcolombia.com\/index.php\/producto\/tensiometro-automatico-de-muneca-easy\/\" \/>\n<meta property=\"og:site_name\" content=\"Servimed Colombia\" \/>\n<meta property=\"article:modified_time\" content=\"2024-07-17T02:33:50+00:00\" \/>\n<meta property=\"og:image\" content=\"https:\/\/servimedcolombia.com\/wp-content\/uploads\/2024\/07\/215.jpg\" \/>\n\t<meta property=\"og:image:width\" content=\"1654\" \/>\n\t<meta property=\"og:image:height\" content=\"1654\" \/>\n\t<meta property=\"og:image:type\" content=\"image\/jpeg\" \/>\n<meta name=\"twitter:card\" content=\"summary_large_image\" \/>\n<meta name=\"twitter:label1\" content=\"Tiempo de lectura\" \/>\n\t<meta name=\"twitter:data1\" content=\"1 minuto\" \/>\n<script type=\"application\/ld+json\" class=\"yoast-schema-graph\">{\"@context\":\"https:\\\/\\\/schema.org\",\"@graph\":[{\"@type\":\"WebPage\",\"@id\":\"https:\\\/\\\/servimedcolombia.com\\\/index.php\\\/producto\\\/tensiometro-automatico-de-muneca-easy\\\/\",\"url\":\"https:\\\/\\\/servimedcolombia.com\\\/index.php\\\/producto\\\/tensiometro-automatico-de-muneca-easy\\\/\",\"name\":\"TENSI\u00d3METRO AUTOM\u00c1TICO DE MU\u00d1ECA EASY - Servimed Colombia\",\"isPartOf\":{\"@id\":\"https:\\\/\\\/servimedcolombia.com\\\/#website\"},\"primaryImageOfPage\":{\"@id\":\"https:\\\/\\\/servimedcolombia.com\\\/index.php\\\/producto\\\/tensiometro-automatico-de-muneca-easy\\\/#primaryimage\"},\"image\":{\"@id\":\"https:\\\/\\\/servimedcolombia.com\\\/index.php\\\/producto\\\/tensiometro-automatico-de-muneca-easy\\\/#primaryimage\"},\"thumbnailUrl\":\"https:\\\/\\\/servimedcolombia.com\\\/wp-content\\\/uploads\\\/2026\\\/04\\\/215.webp\",\"datePublished\":\"2024-07-17T02:31:53+00:00\",\"dateModified\":\"2024-07-17T02:33:50+00:00\",\"breadcrumb\":{\"@id\":\"https:\\\/\\\/servimedcolombia.com\\\/index.php\\\/producto\\\/tensiometro-automatico-de-muneca-easy\\\/#breadcrumb\"},\"inLanguage\":\"es\",\"potentialAction\":[{\"@type\":\"ReadAction\",\"target\":[\"https:\\\/\\\/servimedcolombia.com\\\/index.php\\\/producto\\\/tensiometro-automatico-de-muneca-easy\\\/\"]}]},{\"@type\":\"ImageObject\",\"inLanguage\":\"es\",\"@id\":\"https:\\\/\\\/servimedcolombia.com\\\/index.php\\\/producto\\\/tensiometro-automatico-de-muneca-easy\\\/#primaryimage\",\"url\":\"https:\\\/\\\/servimedcolombia.com\\\/wp-content\\\/uploads\\\/2026\\\/04\\\/215.webp\",\"contentUrl\":\"https:\\\/\\\/servimedcolombia.com\\\/wp-content\\\/uploads\\\/2026\\\/04\\\/215.webp\",\"width\":1654,\"height\":1654},{\"@type\":\"BreadcrumbList\",\"@id\":\"https:\\\/\\\/servimedcolombia.com\\\/index.php\\\/producto\\\/tensiometro-automatico-de-muneca-easy\\\/#breadcrumb\",\"itemListElement\":[{\"@type\":\"ListItem\",\"position\":1,\"name\":\"Portada\",\"item\":\"https:\\\/\\\/servimedcolombia.com\\\/\"},{\"@type\":\"ListItem\",\"position\":2,\"name\":\"Tienda\",\"item\":\"https:\\\/\\\/servimedcolombia.com\\\/index.php\\\/tienda\\\/\"},{\"@type\":\"ListItem\",\"position\":3,\"name\":\"TENSI\u00d3METRO AUTOM\u00c1TICO DE MU\u00d1ECA EASY\"}]},{\"@type\":\"WebSite\",\"@id\":\"https:\\\/\\\/servimedcolombia.com\\\/#website\",\"url\":\"https:\\\/\\\/servimedcolombia.com\\\/\",\"name\":\"Servimed Colombia\",\"description\":\"\",\"potentialAction\":[{\"@type\":\"SearchAction\",\"target\":{\"@type\":\"EntryPoint\",\"urlTemplate\":\"https:\\\/\\\/servimedcolombia.com\\\/?s={search_term_string}\"},\"query-input\":{\"@type\":\"PropertyValueSpecification\",\"valueRequired\":true,\"valueName\":\"search_term_string\"}}],\"inLanguage\":\"es\"}]}<\/script>\n<!-- \/ Yoast SEO plugin. -->","yoast_head_json":{"title":"TENSI\u00d3METRO AUTOM\u00c1TICO DE MU\u00d1ECA EASY - Servimed Colombia","robots":{"index":"index","follow":"follow","max-snippet":"max-snippet:-1","max-image-preview":"max-image-preview:large","max-video-preview":"max-video-preview:-1"},"canonical":"https:\/\/servimedcolombia.com\/index.php\/producto\/tensiometro-automatico-de-muneca-easy\/","og_locale":"es_ES","og_type":"article","og_title":"TENSI\u00d3METRO AUTOM\u00c1TICO DE MU\u00d1ECA EASY - Servimed Colombia","og_description":"El Tensi\u00f3metro Autom\u00e1tico de Mu\u00f1eca Easy es un monitor de presi\u00f3n sangu\u00ednea dise\u00f1ado para personas desde los 12 hasta aproximadamente los 65 a\u00f1os. Este dispositivo m\u00e9dico realiza mediciones precisas de la presi\u00f3n arterial sist\u00f3lica, diast\u00f3lica y la frecuencia del pulso cardiaco.  Compacto y ligero, este monitor de presi\u00f3n arterial para la mu\u00f1eca permite un control conveniente de la presi\u00f3n sangu\u00ednea en cualquier lugar: ya sea en la oficina, en casa o mientras viaja.  Todos nuestros activos est\u00e1n sujetos a disponibilidad seg\u00fan inventario.\u00a0","og_url":"https:\/\/servimedcolombia.com\/index.php\/producto\/tensiometro-automatico-de-muneca-easy\/","og_site_name":"Servimed Colombia","article_modified_time":"2024-07-17T02:33:50+00:00","og_image":[{"width":1654,"height":1654,"url":"https:\/\/servimedcolombia.com\/wp-content\/uploads\/2024\/07\/215.jpg","type":"image\/jpeg"}],"twitter_card":"summary_large_image","twitter_misc":{"Tiempo de lectura":"1 minuto"},"schema":{"@context":"https:\/\/schema.org","@graph":[{"@type":"WebPage","@id":"https:\/\/servimedcolombia.com\/index.php\/producto\/tensiometro-automatico-de-muneca-easy\/","url":"https:\/\/servimedcolombia.com\/index.php\/producto\/tensiometro-automatico-de-muneca-easy\/","name":"TENSI\u00d3METRO AUTOM\u00c1TICO DE MU\u00d1ECA EASY - Servimed Colombia","isPartOf":{"@id":"https:\/\/servimedcolombia.com\/#website"},"primaryImageOfPage":{"@id":"https:\/\/servimedcolombia.com\/index.php\/producto\/tensiometro-automatico-de-muneca-easy\/#primaryimage"},"image":{"@id":"https:\/\/servimedcolombia.com\/index.php\/producto\/tensiometro-automatico-de-muneca-easy\/#primaryimage"},"thumbnailUrl":"https:\/\/servimedcolombia.com\/wp-content\/uploads\/2026\/04\/215.webp","datePublished":"2024-07-17T02:31:53+00:00","dateModified":"2024-07-17T02:33:50+00:00","breadcrumb":{"@id":"https:\/\/servimedcolombia.com\/index.php\/producto\/tensiometro-automatico-de-muneca-easy\/#breadcrumb"},"inLanguage":"es","potentialAction":[{"@type":"ReadAction","target":["https:\/\/servimedcolombia.com\/index.php\/producto\/tensiometro-automatico-de-muneca-easy\/"]}]},{"@type":"ImageObject","inLanguage":"es","@id":"https:\/\/servimedcolombia.com\/index.php\/producto\/tensiometro-automatico-de-muneca-easy\/#primaryimage","url":"https:\/\/servimedcolombia.com\/wp-content\/uploads\/2026\/04\/215.webp","contentUrl":"https:\/\/servimedcolombia.com\/wp-content\/uploads\/2026\/04\/215.webp","width":1654,"height":1654},{"@type":"BreadcrumbList","@id":"https:\/\/servimedcolombia.com\/index.php\/producto\/tensiometro-automatico-de-muneca-easy\/#breadcrumb","itemListElement":[{"@type":"ListItem","position":1,"name":"Portada","item":"https:\/\/servimedcolombia.com\/"},{"@type":"ListItem","position":2,"name":"Tienda","item":"https:\/\/servimedcolombia.com\/index.php\/tienda\/"},{"@type":"ListItem","position":3,"name":"TENSI\u00d3METRO AUTOM\u00c1TICO DE MU\u00d1ECA EASY"}]},{"@type":"WebSite","@id":"https:\/\/servimedcolombia.com\/#website","url":"https:\/\/servimedcolombia.com\/","name":"Servimed Colombia","description":"","potentialAction":[{"@type":"SearchAction","target":{"@type":"EntryPoint","urlTemplate":"https:\/\/servimedcolombia.com\/?s={search_term_string}"},"query-input":{"@type":"PropertyValueSpecification","valueRequired":true,"valueName":"search_term_string"}}],"inLanguage":"es"}]}},"_links":{"self":[{"href":"https:\/\/servimedcolombia.com\/index.php\/wp-json\/wp\/v2\/product\/11680","targetHints":{"allow":["GET"]}}],"collection":[{"href":"https:\/\/servimedcolombia.com\/index.php\/wp-json\/wp\/v2\/product"}],"about":[{"href":"https:\/\/servimedcolombia.com\/index.php\/wp-json\/wp\/v2\/types\/product"}],"version-history":[{"count":0,"href":"https:\/\/servimedcolombia.com\/index.php\/wp-json\/wp\/v2\/product\/11680\/revisions"}],"wp:featuredmedia":[{"embeddable":true,"href":"https:\/\/servimedcolombia.com\/index.php\/wp-json\/wp\/v2\/media\/11678"}],"wp:attachment":[{"href":"https:\/\/servimedcolombia.com\/index.php\/wp-json\/wp\/v2\/media?parent=11680"}],"wp:term":[{"taxonomy":"product_brand","embeddable":true,"href":"https:\/\/servimedcolombia.com\/index.php\/wp-json\/wp\/v2\/product_brand?post=11680"},{"taxonomy":"product_cat","embeddable":true,"href":"https:\/\/servimedcolombia.com\/index.php\/wp-json\/wp\/v2\/product_cat?post=11680"},{"taxonomy":"product_tag","embeddable":true,"href":"https:\/\/servimedcolombia.com\/index.php\/wp-json\/wp\/v2\/product_tag?post=11680"}],"curies":[{"name":"wp","href":"https:\/\/api.w.org\/{rel}","templated":true}]}}