{"id":11688,"date":"2024-07-24T22:11:48","date_gmt":"2024-07-25T03:11:48","guid":{"rendered":"https:\/\/servimedcolombia.com\/?post_type=product&#038;p=11688"},"modified":"2024-07-24T22:12:53","modified_gmt":"2024-07-25T03:12:53","slug":"electrocardiografo-comen-h3","status":"publish","type":"product","link":"https:\/\/servimedcolombia.com\/index.php\/producto\/electrocardiografo-comen-h3\/","title":{"rendered":"ELECTROCARDIOGRAFO COMEN H3"},"content":{"rendered":"","protected":false},"excerpt":{"rendered":"<p><strong>Funciones principales:<\/strong><\/p>\n<ul>\n<li>Revisi\u00f3n de ECG: Puede revisar 10 minutos de formas de onda de ECG y la impresi\u00f3n de datos de forma de onda de 12 derivaciones en 10 segundos durante ese periodo.<\/li>\n<li>Apagado autom\u00e1tico de activaci\u00f3n y temporizaci\u00f3n en espera.<\/li>\n<li>Soporta dispositivos externos: mouse, teclado, esc\u00e1ner de c\u00f3digo de barras.<\/li>\n<li>Operaci\u00f3n intuitiva: Pantalla t\u00e1ctil completa con deslizamiento para seleccionar funciones.<\/li>\n<\/ul>\n<p><strong>Caracter\u00edsticas destacadas:<\/strong><\/p>\n<ul>\n<li><strong>Visualizaci\u00f3n:<\/strong> Pantalla LCD LED de 6.2 pulgadas con operaci\u00f3n t\u00e1ctil.<\/li>\n<li><strong>Ajuste autom\u00e1tico de brillo:<\/strong> Detecci\u00f3n inteligente de luz ambiental.<\/li>\n<li><strong>Visualizaci\u00f3n simult\u00e1nea:<\/strong> Muestra 12 formas de onda de ECG simult\u00e1neamente.<\/li>\n<\/ul>\n<p><strong>Grabaci\u00f3n y almacenamiento:<\/strong><\/p>\n<ul>\n<li><strong>Tipos de papel:<\/strong> Rollo de 80 mm x 20 m o papel doblado.<\/li>\n<li><strong>Opciones de impresi\u00f3n:<\/strong> Impresi\u00f3n matricial de l\u00edneas t\u00e9rmicas incorporadas y posibilidad de impresi\u00f3n l\u00e1ser externa.<\/li>\n<li><strong>Almacenamiento:<\/strong> Capacidad para hasta 10,000 casos, almacenados como im\u00e1genes binarias.<\/li>\n<li><strong>Conectividad avanzada:<\/strong> Soporte para servidor FTP, permite cargar y descargar datos de casos desde una red remota en cualquier momento.<\/li>\n<li><strong>Importaci\u00f3n y exportaci\u00f3n:<\/strong> Facilidad para importar y exportar casos a trav\u00e9s de una unidad flash USB.<\/li>\n<\/ul>\n<p><span style=\"color: #ff0000;\"><strong>Todos nuestros activos est\u00e1n sujetos a disponibilidad seg\u00fan inventario.\u00a0<\/strong><\/span><\/p>\n<p><span style=\"vertical-align: inherit;\"><span style=\"vertical-align: inherit;\"><span style=\"vertical-align: inherit;\"><span style=\"vertical-align: inherit;\"><span style=\"vertical-align: inherit;\"><span style=\"vertical-align: inherit;\">[njwa_button id=\"9888\"]<\/span><\/span><\/span><\/span><\/span><\/span><\/p>\n","protected":false},"featured_media":11686,"template":"","meta":{"rs_blank_template":"","rs_page_bg_color":"","slide_template_v7":""},"product_brand":[],"product_cat":[123],"product_tag":[],"class_list":{"0":"post-11688","1":"product","2":"type-product","3":"status-publish","4":"has-post-thumbnail","6":"product_cat-electrocardiografos-y-accesorios","8":"first","9":"instock","10":"shipping-taxable","11":"product-type-simple"},"yoast_head":"<!-- This site is optimized with the Yoast SEO plugin v27.4 - https:\/\/yoast.com\/product\/yoast-seo-wordpress\/ -->\n<title>ELECTROCARDIOGRAFO COMEN H3 - Servimed Colombia<\/title>\n<meta name=\"robots\" content=\"index, follow, max-snippet:-1, max-image-preview:large, max-video-preview:-1\" \/>\n<link rel=\"canonical\" href=\"https:\/\/servimedcolombia.com\/index.php\/producto\/electrocardiografo-comen-h3\/\" \/>\n<meta property=\"og:locale\" content=\"es_ES\" \/>\n<meta property=\"og:type\" content=\"article\" \/>\n<meta property=\"og:title\" content=\"ELECTROCARDIOGRAFO COMEN H3 - Servimed Colombia\" \/>\n<meta property=\"og:description\" content=\"Funciones principales:   Revisi\u00f3n de ECG: Puede revisar 10 minutos de formas de onda de ECG y la impresi\u00f3n de datos de forma de onda de 12 derivaciones en 10 segundos durante ese periodo.  Apagado autom\u00e1tico de activaci\u00f3n y temporizaci\u00f3n en espera.  Soporta dispositivos externos: mouse, teclado, esc\u00e1ner de c\u00f3digo de barras.  Operaci\u00f3n intuitiva: Pantalla t\u00e1ctil completa con deslizamiento para seleccionar funciones.  Caracter\u00edsticas destacadas:   Visualizaci\u00f3n: Pantalla LCD LED de 6.2 pulgadas con operaci\u00f3n t\u00e1ctil.  Ajuste autom\u00e1tico de brillo: Detecci\u00f3n inteligente de luz ambiental.  Visualizaci\u00f3n simult\u00e1nea: Muestra 12 formas de onda de ECG simult\u00e1neamente.  Grabaci\u00f3n y almacenamiento:   Tipos de papel: Rollo de 80 mm x 20 m o papel doblado.  Opciones de impresi\u00f3n: Impresi\u00f3n matricial de l\u00edneas t\u00e9rmicas incorporadas y posibilidad de impresi\u00f3n l\u00e1ser externa.  Almacenamiento: Capacidad para hasta 10,000 casos, almacenados como im\u00e1genes binarias.  Conectividad avanzada: Soporte para servidor FTP, permite cargar y descargar datos de casos desde una red remota en cualquier momento.  Importaci\u00f3n y exportaci\u00f3n: Facilidad para importar y exportar casos a trav\u00e9s de una unidad flash USB.  Todos nuestros activos est\u00e1n sujetos a disponibilidad seg\u00fan inventario.\u00a0\" \/>\n<meta property=\"og:url\" content=\"https:\/\/servimedcolombia.com\/index.php\/producto\/electrocardiografo-comen-h3\/\" \/>\n<meta property=\"og:site_name\" content=\"Servimed Colombia\" \/>\n<meta property=\"article:modified_time\" content=\"2024-07-25T03:12:53+00:00\" \/>\n<meta property=\"og:image\" content=\"https:\/\/servimedcolombia.com\/wp-content\/uploads\/2024\/07\/217.jpg\" \/>\n\t<meta property=\"og:image:width\" content=\"1654\" \/>\n\t<meta property=\"og:image:height\" content=\"1654\" \/>\n\t<meta property=\"og:image:type\" content=\"image\/jpeg\" \/>\n<meta name=\"twitter:card\" content=\"summary_large_image\" \/>\n<meta name=\"twitter:label1\" content=\"Tiempo de lectura\" \/>\n\t<meta name=\"twitter:data1\" content=\"1 minuto\" \/>\n<script type=\"application\/ld+json\" class=\"yoast-schema-graph\">{\"@context\":\"https:\\\/\\\/schema.org\",\"@graph\":[{\"@type\":\"WebPage\",\"@id\":\"https:\\\/\\\/servimedcolombia.com\\\/index.php\\\/producto\\\/electrocardiografo-comen-h3\\\/\",\"url\":\"https:\\\/\\\/servimedcolombia.com\\\/index.php\\\/producto\\\/electrocardiografo-comen-h3\\\/\",\"name\":\"ELECTROCARDIOGRAFO COMEN H3 - Servimed Colombia\",\"isPartOf\":{\"@id\":\"https:\\\/\\\/servimedcolombia.com\\\/#website\"},\"primaryImageOfPage\":{\"@id\":\"https:\\\/\\\/servimedcolombia.com\\\/index.php\\\/producto\\\/electrocardiografo-comen-h3\\\/#primaryimage\"},\"image\":{\"@id\":\"https:\\\/\\\/servimedcolombia.com\\\/index.php\\\/producto\\\/electrocardiografo-comen-h3\\\/#primaryimage\"},\"thumbnailUrl\":\"https:\\\/\\\/servimedcolombia.com\\\/wp-content\\\/uploads\\\/2026\\\/04\\\/217.webp\",\"datePublished\":\"2024-07-25T03:11:48+00:00\",\"dateModified\":\"2024-07-25T03:12:53+00:00\",\"breadcrumb\":{\"@id\":\"https:\\\/\\\/servimedcolombia.com\\\/index.php\\\/producto\\\/electrocardiografo-comen-h3\\\/#breadcrumb\"},\"inLanguage\":\"es\",\"potentialAction\":[{\"@type\":\"ReadAction\",\"target\":[\"https:\\\/\\\/servimedcolombia.com\\\/index.php\\\/producto\\\/electrocardiografo-comen-h3\\\/\"]}]},{\"@type\":\"ImageObject\",\"inLanguage\":\"es\",\"@id\":\"https:\\\/\\\/servimedcolombia.com\\\/index.php\\\/producto\\\/electrocardiografo-comen-h3\\\/#primaryimage\",\"url\":\"https:\\\/\\\/servimedcolombia.com\\\/wp-content\\\/uploads\\\/2026\\\/04\\\/217.webp\",\"contentUrl\":\"https:\\\/\\\/servimedcolombia.com\\\/wp-content\\\/uploads\\\/2026\\\/04\\\/217.webp\",\"width\":1654,\"height\":1654},{\"@type\":\"BreadcrumbList\",\"@id\":\"https:\\\/\\\/servimedcolombia.com\\\/index.php\\\/producto\\\/electrocardiografo-comen-h3\\\/#breadcrumb\",\"itemListElement\":[{\"@type\":\"ListItem\",\"position\":1,\"name\":\"Portada\",\"item\":\"https:\\\/\\\/servimedcolombia.com\\\/\"},{\"@type\":\"ListItem\",\"position\":2,\"name\":\"Tienda\",\"item\":\"https:\\\/\\\/servimedcolombia.com\\\/index.php\\\/tienda\\\/\"},{\"@type\":\"ListItem\",\"position\":3,\"name\":\"ELECTROCARDIOGRAFO COMEN H3\"}]},{\"@type\":\"WebSite\",\"@id\":\"https:\\\/\\\/servimedcolombia.com\\\/#website\",\"url\":\"https:\\\/\\\/servimedcolombia.com\\\/\",\"name\":\"Servimed Colombia\",\"description\":\"\",\"potentialAction\":[{\"@type\":\"SearchAction\",\"target\":{\"@type\":\"EntryPoint\",\"urlTemplate\":\"https:\\\/\\\/servimedcolombia.com\\\/?s={search_term_string}\"},\"query-input\":{\"@type\":\"PropertyValueSpecification\",\"valueRequired\":true,\"valueName\":\"search_term_string\"}}],\"inLanguage\":\"es\"}]}<\/script>\n<!-- \/ Yoast SEO plugin. -->","yoast_head_json":{"title":"ELECTROCARDIOGRAFO COMEN H3 - Servimed Colombia","robots":{"index":"index","follow":"follow","max-snippet":"max-snippet:-1","max-image-preview":"max-image-preview:large","max-video-preview":"max-video-preview:-1"},"canonical":"https:\/\/servimedcolombia.com\/index.php\/producto\/electrocardiografo-comen-h3\/","og_locale":"es_ES","og_type":"article","og_title":"ELECTROCARDIOGRAFO COMEN H3 - Servimed Colombia","og_description":"Funciones principales:   Revisi\u00f3n de ECG: Puede revisar 10 minutos de formas de onda de ECG y la impresi\u00f3n de datos de forma de onda de 12 derivaciones en 10 segundos durante ese periodo.  Apagado autom\u00e1tico de activaci\u00f3n y temporizaci\u00f3n en espera.  Soporta dispositivos externos: mouse, teclado, esc\u00e1ner de c\u00f3digo de barras.  Operaci\u00f3n intuitiva: Pantalla t\u00e1ctil completa con deslizamiento para seleccionar funciones.  Caracter\u00edsticas destacadas:   Visualizaci\u00f3n: Pantalla LCD LED de 6.2 pulgadas con operaci\u00f3n t\u00e1ctil.  Ajuste autom\u00e1tico de brillo: Detecci\u00f3n inteligente de luz ambiental.  Visualizaci\u00f3n simult\u00e1nea: Muestra 12 formas de onda de ECG simult\u00e1neamente.  Grabaci\u00f3n y almacenamiento:   Tipos de papel: Rollo de 80 mm x 20 m o papel doblado.  Opciones de impresi\u00f3n: Impresi\u00f3n matricial de l\u00edneas t\u00e9rmicas incorporadas y posibilidad de impresi\u00f3n l\u00e1ser externa.  Almacenamiento: Capacidad para hasta 10,000 casos, almacenados como im\u00e1genes binarias.  Conectividad avanzada: Soporte para servidor FTP, permite cargar y descargar datos de casos desde una red remota en cualquier momento.  Importaci\u00f3n y exportaci\u00f3n: Facilidad para importar y exportar casos a trav\u00e9s de una unidad flash USB.  Todos nuestros activos est\u00e1n sujetos a disponibilidad seg\u00fan inventario.\u00a0","og_url":"https:\/\/servimedcolombia.com\/index.php\/producto\/electrocardiografo-comen-h3\/","og_site_name":"Servimed Colombia","article_modified_time":"2024-07-25T03:12:53+00:00","og_image":[{"width":1654,"height":1654,"url":"https:\/\/servimedcolombia.com\/wp-content\/uploads\/2024\/07\/217.jpg","type":"image\/jpeg"}],"twitter_card":"summary_large_image","twitter_misc":{"Tiempo de lectura":"1 minuto"},"schema":{"@context":"https:\/\/schema.org","@graph":[{"@type":"WebPage","@id":"https:\/\/servimedcolombia.com\/index.php\/producto\/electrocardiografo-comen-h3\/","url":"https:\/\/servimedcolombia.com\/index.php\/producto\/electrocardiografo-comen-h3\/","name":"ELECTROCARDIOGRAFO COMEN H3 - Servimed Colombia","isPartOf":{"@id":"https:\/\/servimedcolombia.com\/#website"},"primaryImageOfPage":{"@id":"https:\/\/servimedcolombia.com\/index.php\/producto\/electrocardiografo-comen-h3\/#primaryimage"},"image":{"@id":"https:\/\/servimedcolombia.com\/index.php\/producto\/electrocardiografo-comen-h3\/#primaryimage"},"thumbnailUrl":"https:\/\/servimedcolombia.com\/wp-content\/uploads\/2026\/04\/217.webp","datePublished":"2024-07-25T03:11:48+00:00","dateModified":"2024-07-25T03:12:53+00:00","breadcrumb":{"@id":"https:\/\/servimedcolombia.com\/index.php\/producto\/electrocardiografo-comen-h3\/#breadcrumb"},"inLanguage":"es","potentialAction":[{"@type":"ReadAction","target":["https:\/\/servimedcolombia.com\/index.php\/producto\/electrocardiografo-comen-h3\/"]}]},{"@type":"ImageObject","inLanguage":"es","@id":"https:\/\/servimedcolombia.com\/index.php\/producto\/electrocardiografo-comen-h3\/#primaryimage","url":"https:\/\/servimedcolombia.com\/wp-content\/uploads\/2026\/04\/217.webp","contentUrl":"https:\/\/servimedcolombia.com\/wp-content\/uploads\/2026\/04\/217.webp","width":1654,"height":1654},{"@type":"BreadcrumbList","@id":"https:\/\/servimedcolombia.com\/index.php\/producto\/electrocardiografo-comen-h3\/#breadcrumb","itemListElement":[{"@type":"ListItem","position":1,"name":"Portada","item":"https:\/\/servimedcolombia.com\/"},{"@type":"ListItem","position":2,"name":"Tienda","item":"https:\/\/servimedcolombia.com\/index.php\/tienda\/"},{"@type":"ListItem","position":3,"name":"ELECTROCARDIOGRAFO COMEN H3"}]},{"@type":"WebSite","@id":"https:\/\/servimedcolombia.com\/#website","url":"https:\/\/servimedcolombia.com\/","name":"Servimed Colombia","description":"","potentialAction":[{"@type":"SearchAction","target":{"@type":"EntryPoint","urlTemplate":"https:\/\/servimedcolombia.com\/?s={search_term_string}"},"query-input":{"@type":"PropertyValueSpecification","valueRequired":true,"valueName":"search_term_string"}}],"inLanguage":"es"}]}},"_links":{"self":[{"href":"https:\/\/servimedcolombia.com\/index.php\/wp-json\/wp\/v2\/product\/11688","targetHints":{"allow":["GET"]}}],"collection":[{"href":"https:\/\/servimedcolombia.com\/index.php\/wp-json\/wp\/v2\/product"}],"about":[{"href":"https:\/\/servimedcolombia.com\/index.php\/wp-json\/wp\/v2\/types\/product"}],"version-history":[{"count":0,"href":"https:\/\/servimedcolombia.com\/index.php\/wp-json\/wp\/v2\/product\/11688\/revisions"}],"wp:featuredmedia":[{"embeddable":true,"href":"https:\/\/servimedcolombia.com\/index.php\/wp-json\/wp\/v2\/media\/11686"}],"wp:attachment":[{"href":"https:\/\/servimedcolombia.com\/index.php\/wp-json\/wp\/v2\/media?parent=11688"}],"wp:term":[{"taxonomy":"product_brand","embeddable":true,"href":"https:\/\/servimedcolombia.com\/index.php\/wp-json\/wp\/v2\/product_brand?post=11688"},{"taxonomy":"product_cat","embeddable":true,"href":"https:\/\/servimedcolombia.com\/index.php\/wp-json\/wp\/v2\/product_cat?post=11688"},{"taxonomy":"product_tag","embeddable":true,"href":"https:\/\/servimedcolombia.com\/index.php\/wp-json\/wp\/v2\/product_tag?post=11688"}],"curies":[{"name":"wp","href":"https:\/\/api.w.org\/{rel}","templated":true}]}}