{"id":11691,"date":"2024-07-29T23:20:04","date_gmt":"2024-07-30T04:20:04","guid":{"rendered":"https:\/\/servimedcolombia.com\/?post_type=product&#038;p=11691"},"modified":"2024-07-29T23:21:16","modified_gmt":"2024-07-30T04:21:16","slug":"electrocauterio-de-radiofrecuencia-surtron-80-led-spa","status":"publish","type":"product","link":"https:\/\/servimedcolombia.com\/index.php\/producto\/electrocauterio-de-radiofrecuencia-surtron-80-led-spa\/","title":{"rendered":"ELECTROCAUTERIO DE RADIOFRECUENCIA SURTRON 80 LED-SPA"},"content":{"rendered":"","protected":false},"excerpt":{"rendered":"<p>El SURTRON 80 es un electrobistur\u00ed electr\u00f3nico a radiofrecuencia adecuado para intervenciones de peque\u00f1a o mediana cirug\u00eda.<\/p>\n<p>El SURTRON 80 permite realizar diversas funciones a trav\u00e9s de su selecci\u00f3n de modos, que incluyen:<\/p>\n<ul>\n<li><strong>Corte puro (CUT):<\/strong> Corte preciso sin coagulaci\u00f3n.<\/li>\n<li><strong>Corte-coagulado (BLEND):<\/strong> Corte combinado con coagulaci\u00f3n.<\/li>\n<li><strong>Coagulaci\u00f3n superficial (FORCED COAG):<\/strong> Coagulaci\u00f3n en la superficie del tejido.<\/li>\n<li><strong>Coagulaci\u00f3n profunda (SOFT COAG):<\/strong> Coagulaci\u00f3n profunda sin carbonizaci\u00f3n.<\/li>\n<li><strong>Coagulaci\u00f3n bipolar:<\/strong> Utilizando un adaptador especial para coagulaci\u00f3n en un \u00e1rea espec\u00edfica.<\/li>\n<\/ul>\n<p>La lectura digital de la potencia emitida y la monitorizaci\u00f3n mediante microcontrolador garantizan la absoluta fiabilidad de las condiciones de trabajo.<\/p>\n<p>El SURTRON 80 proporciona una cirug\u00eda altamente profesional gracias a sus soluciones ergon\u00f3micas y de seguridad.<\/p>\n<p><strong>CARACTER\u00cdSTICAS:<\/strong><\/p>\n<ul>\n<li><strong>Potencia m\u00e1xima:<\/strong>\n<ul>\n<li><strong>CUT:<\/strong> 80 W a 250 \u03a9<\/li>\n<li><strong>BLEND:<\/strong> 60 W a 200 \u03a9<\/li>\n<li><strong>FORCED COAG:<\/strong> 50 W a 150 \u03a9<\/li>\n<li><strong>SOFT COAG:<\/strong> 40 W a 100 \u03a9<\/li>\n<li><strong>BIPOLAR:<\/strong> 30 W a 100 \u03a9<\/li>\n<\/ul>\n<\/li>\n<li><strong>Frecuencia de trabajo:<\/strong> 600 KHz<\/li>\n<li><strong>Placa paciente \u2013 Placa neutra:<\/strong> F<\/li>\n<li><strong>Entrada de alimentaci\u00f3n seleccionable:<\/strong> 115-230 Vac<\/li>\n<li><strong>Frecuencia de alimentaci\u00f3n:<\/strong> 50-60 Hz<\/li>\n<li><strong>Potencia m\u00e1xima de absorci\u00f3n:<\/strong> 230 VA<\/li>\n<li><strong>Dimensiones (LxAxP):<\/strong> 254 x 104 x 288 mm<\/li>\n<li><strong>Peso:<\/strong> 5 Kg<\/li>\n<\/ul>\n<p><span style=\"color: #ff0000;\"><strong>Todos nuestros activos est\u00e1n sujetos a disponibilidad seg\u00fan inventario.\u00a0<\/strong><\/span><\/p>\n<p><span style=\"vertical-align: inherit;\"><span style=\"vertical-align: inherit;\"><span style=\"vertical-align: inherit;\"><span style=\"vertical-align: inherit;\"><span style=\"vertical-align: inherit;\"><span style=\"vertical-align: inherit;\">[njwa_button id=\"9888\"]<\/span><\/span><\/span><\/span><\/span><\/span><\/p>\n","protected":false},"featured_media":11690,"template":"","meta":{"rs_blank_template":"","rs_page_bg_color":"","slide_template_v7":""},"product_brand":[],"product_cat":[129],"product_tag":[],"class_list":{"0":"post-11691","1":"product","2":"type-product","3":"status-publish","4":"has-post-thumbnail","6":"product_cat-unidad-de-electrocirugia-y-accesorios","8":"first","9":"instock","10":"shipping-taxable","11":"product-type-simple"},"yoast_head":"<!-- This site is optimized with the Yoast SEO plugin v27.4 - https:\/\/yoast.com\/product\/yoast-seo-wordpress\/ -->\n<title>ELECTROCAUTERIO DE RADIOFRECUENCIA SURTRON 80 LED-SPA - Servimed Colombia<\/title>\n<meta name=\"robots\" content=\"index, follow, max-snippet:-1, max-image-preview:large, max-video-preview:-1\" \/>\n<link rel=\"canonical\" href=\"https:\/\/servimedcolombia.com\/index.php\/producto\/electrocauterio-de-radiofrecuencia-surtron-80-led-spa\/\" \/>\n<meta property=\"og:locale\" content=\"es_ES\" \/>\n<meta property=\"og:type\" content=\"article\" \/>\n<meta property=\"og:title\" content=\"ELECTROCAUTERIO DE RADIOFRECUENCIA SURTRON 80 LED-SPA - Servimed Colombia\" \/>\n<meta property=\"og:description\" content=\"El SURTRON 80 es un electrobistur\u00ed electr\u00f3nico a radiofrecuencia adecuado para intervenciones de peque\u00f1a o mediana cirug\u00eda.  El SURTRON 80 permite realizar diversas funciones a trav\u00e9s de su selecci\u00f3n de modos, que incluyen:   Corte puro (CUT): Corte preciso sin coagulaci\u00f3n.  Corte-coagulado (BLEND): Corte combinado con coagulaci\u00f3n.  Coagulaci\u00f3n superficial (FORCED COAG): Coagulaci\u00f3n en la superficie del tejido.  Coagulaci\u00f3n profunda (SOFT COAG): Coagulaci\u00f3n profunda sin carbonizaci\u00f3n.  Coagulaci\u00f3n bipolar: Utilizando un adaptador especial para coagulaci\u00f3n en un \u00e1rea espec\u00edfica.  La lectura digital de la potencia emitida y la monitorizaci\u00f3n mediante microcontrolador garantizan la absoluta fiabilidad de las condiciones de trabajo.  El SURTRON 80 proporciona una cirug\u00eda altamente profesional gracias a sus soluciones ergon\u00f3micas y de seguridad.  CARACTER\u00cdSTICAS:   Potencia m\u00e1xima:   CUT: 80 W a 250 \u03a9  BLEND: 60 W a 200 \u03a9  FORCED COAG: 50 W a 150 \u03a9  SOFT COAG: 40 W a 100 \u03a9  BIPOLAR: 30 W a 100 \u03a9    Frecuencia de trabajo: 600 KHz  Placa paciente \u2013 Placa neutra: F  Entrada de alimentaci\u00f3n seleccionable: 115-230 Vac  Frecuencia de alimentaci\u00f3n: 50-60 Hz  Potencia m\u00e1xima de absorci\u00f3n: 230 VA  Dimensiones (LxAxP): 254 x 104 x 288 mm  Peso: 5 Kg  Todos nuestros activos est\u00e1n sujetos a disponibilidad seg\u00fan inventario.\u00a0\" \/>\n<meta property=\"og:url\" content=\"https:\/\/servimedcolombia.com\/index.php\/producto\/electrocauterio-de-radiofrecuencia-surtron-80-led-spa\/\" \/>\n<meta property=\"og:site_name\" content=\"Servimed Colombia\" \/>\n<meta property=\"article:modified_time\" content=\"2024-07-30T04:21:16+00:00\" \/>\n<meta property=\"og:image\" content=\"https:\/\/servimedcolombia.com\/wp-content\/uploads\/2024\/07\/218.jpg\" \/>\n\t<meta property=\"og:image:width\" content=\"1654\" \/>\n\t<meta property=\"og:image:height\" content=\"1654\" \/>\n\t<meta property=\"og:image:type\" content=\"image\/jpeg\" \/>\n<meta name=\"twitter:card\" content=\"summary_large_image\" \/>\n<meta name=\"twitter:label1\" content=\"Tiempo de lectura\" \/>\n\t<meta name=\"twitter:data1\" content=\"1 minuto\" \/>\n<script type=\"application\/ld+json\" class=\"yoast-schema-graph\">{\"@context\":\"https:\\\/\\\/schema.org\",\"@graph\":[{\"@type\":\"WebPage\",\"@id\":\"https:\\\/\\\/servimedcolombia.com\\\/index.php\\\/producto\\\/electrocauterio-de-radiofrecuencia-surtron-80-led-spa\\\/\",\"url\":\"https:\\\/\\\/servimedcolombia.com\\\/index.php\\\/producto\\\/electrocauterio-de-radiofrecuencia-surtron-80-led-spa\\\/\",\"name\":\"ELECTROCAUTERIO DE RADIOFRECUENCIA SURTRON 80 LED-SPA - Servimed Colombia\",\"isPartOf\":{\"@id\":\"https:\\\/\\\/servimedcolombia.com\\\/#website\"},\"primaryImageOfPage\":{\"@id\":\"https:\\\/\\\/servimedcolombia.com\\\/index.php\\\/producto\\\/electrocauterio-de-radiofrecuencia-surtron-80-led-spa\\\/#primaryimage\"},\"image\":{\"@id\":\"https:\\\/\\\/servimedcolombia.com\\\/index.php\\\/producto\\\/electrocauterio-de-radiofrecuencia-surtron-80-led-spa\\\/#primaryimage\"},\"thumbnailUrl\":\"https:\\\/\\\/servimedcolombia.com\\\/wp-content\\\/uploads\\\/2026\\\/04\\\/218.webp\",\"datePublished\":\"2024-07-30T04:20:04+00:00\",\"dateModified\":\"2024-07-30T04:21:16+00:00\",\"breadcrumb\":{\"@id\":\"https:\\\/\\\/servimedcolombia.com\\\/index.php\\\/producto\\\/electrocauterio-de-radiofrecuencia-surtron-80-led-spa\\\/#breadcrumb\"},\"inLanguage\":\"es\",\"potentialAction\":[{\"@type\":\"ReadAction\",\"target\":[\"https:\\\/\\\/servimedcolombia.com\\\/index.php\\\/producto\\\/electrocauterio-de-radiofrecuencia-surtron-80-led-spa\\\/\"]}]},{\"@type\":\"ImageObject\",\"inLanguage\":\"es\",\"@id\":\"https:\\\/\\\/servimedcolombia.com\\\/index.php\\\/producto\\\/electrocauterio-de-radiofrecuencia-surtron-80-led-spa\\\/#primaryimage\",\"url\":\"https:\\\/\\\/servimedcolombia.com\\\/wp-content\\\/uploads\\\/2026\\\/04\\\/218.webp\",\"contentUrl\":\"https:\\\/\\\/servimedcolombia.com\\\/wp-content\\\/uploads\\\/2026\\\/04\\\/218.webp\",\"width\":1654,\"height\":1654},{\"@type\":\"BreadcrumbList\",\"@id\":\"https:\\\/\\\/servimedcolombia.com\\\/index.php\\\/producto\\\/electrocauterio-de-radiofrecuencia-surtron-80-led-spa\\\/#breadcrumb\",\"itemListElement\":[{\"@type\":\"ListItem\",\"position\":1,\"name\":\"Portada\",\"item\":\"https:\\\/\\\/servimedcolombia.com\\\/\"},{\"@type\":\"ListItem\",\"position\":2,\"name\":\"Tienda\",\"item\":\"https:\\\/\\\/servimedcolombia.com\\\/index.php\\\/tienda\\\/\"},{\"@type\":\"ListItem\",\"position\":3,\"name\":\"ELECTROCAUTERIO DE RADIOFRECUENCIA SURTRON 80 LED-SPA\"}]},{\"@type\":\"WebSite\",\"@id\":\"https:\\\/\\\/servimedcolombia.com\\\/#website\",\"url\":\"https:\\\/\\\/servimedcolombia.com\\\/\",\"name\":\"Servimed Colombia\",\"description\":\"\",\"potentialAction\":[{\"@type\":\"SearchAction\",\"target\":{\"@type\":\"EntryPoint\",\"urlTemplate\":\"https:\\\/\\\/servimedcolombia.com\\\/?s={search_term_string}\"},\"query-input\":{\"@type\":\"PropertyValueSpecification\",\"valueRequired\":true,\"valueName\":\"search_term_string\"}}],\"inLanguage\":\"es\"}]}<\/script>\n<!-- \/ Yoast SEO plugin. -->","yoast_head_json":{"title":"ELECTROCAUTERIO DE RADIOFRECUENCIA SURTRON 80 LED-SPA - Servimed Colombia","robots":{"index":"index","follow":"follow","max-snippet":"max-snippet:-1","max-image-preview":"max-image-preview:large","max-video-preview":"max-video-preview:-1"},"canonical":"https:\/\/servimedcolombia.com\/index.php\/producto\/electrocauterio-de-radiofrecuencia-surtron-80-led-spa\/","og_locale":"es_ES","og_type":"article","og_title":"ELECTROCAUTERIO DE RADIOFRECUENCIA SURTRON 80 LED-SPA - Servimed Colombia","og_description":"El SURTRON 80 es un electrobistur\u00ed electr\u00f3nico a radiofrecuencia adecuado para intervenciones de peque\u00f1a o mediana cirug\u00eda.  El SURTRON 80 permite realizar diversas funciones a trav\u00e9s de su selecci\u00f3n de modos, que incluyen:   Corte puro (CUT): Corte preciso sin coagulaci\u00f3n.  Corte-coagulado (BLEND): Corte combinado con coagulaci\u00f3n.  Coagulaci\u00f3n superficial (FORCED COAG): Coagulaci\u00f3n en la superficie del tejido.  Coagulaci\u00f3n profunda (SOFT COAG): Coagulaci\u00f3n profunda sin carbonizaci\u00f3n.  Coagulaci\u00f3n bipolar: Utilizando un adaptador especial para coagulaci\u00f3n en un \u00e1rea espec\u00edfica.  La lectura digital de la potencia emitida y la monitorizaci\u00f3n mediante microcontrolador garantizan la absoluta fiabilidad de las condiciones de trabajo.  El SURTRON 80 proporciona una cirug\u00eda altamente profesional gracias a sus soluciones ergon\u00f3micas y de seguridad.  CARACTER\u00cdSTICAS:   Potencia m\u00e1xima:   CUT: 80 W a 250 \u03a9  BLEND: 60 W a 200 \u03a9  FORCED COAG: 50 W a 150 \u03a9  SOFT COAG: 40 W a 100 \u03a9  BIPOLAR: 30 W a 100 \u03a9    Frecuencia de trabajo: 600 KHz  Placa paciente \u2013 Placa neutra: F  Entrada de alimentaci\u00f3n seleccionable: 115-230 Vac  Frecuencia de alimentaci\u00f3n: 50-60 Hz  Potencia m\u00e1xima de absorci\u00f3n: 230 VA  Dimensiones (LxAxP): 254 x 104 x 288 mm  Peso: 5 Kg  Todos nuestros activos est\u00e1n sujetos a disponibilidad seg\u00fan inventario.\u00a0","og_url":"https:\/\/servimedcolombia.com\/index.php\/producto\/electrocauterio-de-radiofrecuencia-surtron-80-led-spa\/","og_site_name":"Servimed Colombia","article_modified_time":"2024-07-30T04:21:16+00:00","og_image":[{"width":1654,"height":1654,"url":"https:\/\/servimedcolombia.com\/wp-content\/uploads\/2024\/07\/218.jpg","type":"image\/jpeg"}],"twitter_card":"summary_large_image","twitter_misc":{"Tiempo de lectura":"1 minuto"},"schema":{"@context":"https:\/\/schema.org","@graph":[{"@type":"WebPage","@id":"https:\/\/servimedcolombia.com\/index.php\/producto\/electrocauterio-de-radiofrecuencia-surtron-80-led-spa\/","url":"https:\/\/servimedcolombia.com\/index.php\/producto\/electrocauterio-de-radiofrecuencia-surtron-80-led-spa\/","name":"ELECTROCAUTERIO DE RADIOFRECUENCIA SURTRON 80 LED-SPA - Servimed Colombia","isPartOf":{"@id":"https:\/\/servimedcolombia.com\/#website"},"primaryImageOfPage":{"@id":"https:\/\/servimedcolombia.com\/index.php\/producto\/electrocauterio-de-radiofrecuencia-surtron-80-led-spa\/#primaryimage"},"image":{"@id":"https:\/\/servimedcolombia.com\/index.php\/producto\/electrocauterio-de-radiofrecuencia-surtron-80-led-spa\/#primaryimage"},"thumbnailUrl":"https:\/\/servimedcolombia.com\/wp-content\/uploads\/2026\/04\/218.webp","datePublished":"2024-07-30T04:20:04+00:00","dateModified":"2024-07-30T04:21:16+00:00","breadcrumb":{"@id":"https:\/\/servimedcolombia.com\/index.php\/producto\/electrocauterio-de-radiofrecuencia-surtron-80-led-spa\/#breadcrumb"},"inLanguage":"es","potentialAction":[{"@type":"ReadAction","target":["https:\/\/servimedcolombia.com\/index.php\/producto\/electrocauterio-de-radiofrecuencia-surtron-80-led-spa\/"]}]},{"@type":"ImageObject","inLanguage":"es","@id":"https:\/\/servimedcolombia.com\/index.php\/producto\/electrocauterio-de-radiofrecuencia-surtron-80-led-spa\/#primaryimage","url":"https:\/\/servimedcolombia.com\/wp-content\/uploads\/2026\/04\/218.webp","contentUrl":"https:\/\/servimedcolombia.com\/wp-content\/uploads\/2026\/04\/218.webp","width":1654,"height":1654},{"@type":"BreadcrumbList","@id":"https:\/\/servimedcolombia.com\/index.php\/producto\/electrocauterio-de-radiofrecuencia-surtron-80-led-spa\/#breadcrumb","itemListElement":[{"@type":"ListItem","position":1,"name":"Portada","item":"https:\/\/servimedcolombia.com\/"},{"@type":"ListItem","position":2,"name":"Tienda","item":"https:\/\/servimedcolombia.com\/index.php\/tienda\/"},{"@type":"ListItem","position":3,"name":"ELECTROCAUTERIO DE RADIOFRECUENCIA SURTRON 80 LED-SPA"}]},{"@type":"WebSite","@id":"https:\/\/servimedcolombia.com\/#website","url":"https:\/\/servimedcolombia.com\/","name":"Servimed Colombia","description":"","potentialAction":[{"@type":"SearchAction","target":{"@type":"EntryPoint","urlTemplate":"https:\/\/servimedcolombia.com\/?s={search_term_string}"},"query-input":{"@type":"PropertyValueSpecification","valueRequired":true,"valueName":"search_term_string"}}],"inLanguage":"es"}]}},"_links":{"self":[{"href":"https:\/\/servimedcolombia.com\/index.php\/wp-json\/wp\/v2\/product\/11691","targetHints":{"allow":["GET"]}}],"collection":[{"href":"https:\/\/servimedcolombia.com\/index.php\/wp-json\/wp\/v2\/product"}],"about":[{"href":"https:\/\/servimedcolombia.com\/index.php\/wp-json\/wp\/v2\/types\/product"}],"version-history":[{"count":0,"href":"https:\/\/servimedcolombia.com\/index.php\/wp-json\/wp\/v2\/product\/11691\/revisions"}],"wp:featuredmedia":[{"embeddable":true,"href":"https:\/\/servimedcolombia.com\/index.php\/wp-json\/wp\/v2\/media\/11690"}],"wp:attachment":[{"href":"https:\/\/servimedcolombia.com\/index.php\/wp-json\/wp\/v2\/media?parent=11691"}],"wp:term":[{"taxonomy":"product_brand","embeddable":true,"href":"https:\/\/servimedcolombia.com\/index.php\/wp-json\/wp\/v2\/product_brand?post=11691"},{"taxonomy":"product_cat","embeddable":true,"href":"https:\/\/servimedcolombia.com\/index.php\/wp-json\/wp\/v2\/product_cat?post=11691"},{"taxonomy":"product_tag","embeddable":true,"href":"https:\/\/servimedcolombia.com\/index.php\/wp-json\/wp\/v2\/product_tag?post=11691"}],"curies":[{"name":"wp","href":"https:\/\/api.w.org\/{rel}","templated":true}]}}