{"id":11712,"date":"2024-08-01T16:53:48","date_gmt":"2024-08-01T21:53:48","guid":{"rendered":"https:\/\/servimedcolombia.com\/?post_type=product&#038;p=11712"},"modified":"2024-08-01T16:54:23","modified_gmt":"2024-08-01T21:54:23","slug":"bomba-de-infusion-mi-23-mdk-med","status":"publish","type":"product","link":"https:\/\/servimedcolombia.com\/index.php\/producto\/bomba-de-infusion-mi-23-mdk-med\/","title":{"rendered":"BOMBA DE INFUSI\u00d3N MI 23 MDK MED"},"content":{"rendered":"","protected":false},"excerpt":{"rendered":"<div class=\"flex-1 overflow-hidden\">\n<div class=\"react-scroll-to-bottom--css-elgtg-79elbk h-full\">\n<div class=\"react-scroll-to-bottom--css-elgtg-1n7m0yu\">\n<div class=\"flex flex-col text-sm pb-9\">\n<div class=\"w-full text-token-text-primary\" data-testid=\"conversation-turn-37\">\n<div class=\"px-4 py-2 justify-center text-base md:gap-6 m-auto\">\n<div class=\"flex flex-1 text-base mx-auto gap-3 md:px-5 lg:px-1 xl:px-5 md:max-w-3xl lg:max-w-[40rem] xl:max-w-[48rem] group final-completion\">\n<div class=\"relative flex w-full flex-col agent-turn\">\n<div class=\"flex-col gap-1 md:gap-3\">\n<div class=\"flex flex-grow flex-col max-w-full\">\n<div class=\"min-h-[20px] text-message flex flex-col items-start gap-3 whitespace-pre-wrap break-words [.text-message+&amp;]:mt-5 overflow-x-auto\" data-message-author-role=\"assistant\" data-message-id=\"073f71b2-b0e8-42ae-99d7-2bfd8018cba8\">\n<div class=\"markdown prose w-full break-words dark:prose-invert dark\">\n<div class=\"flex-1 overflow-hidden\">\n<div class=\"react-scroll-to-bottom--css-elgtg-79elbk h-full\">\n<div class=\"react-scroll-to-bottom--css-elgtg-1n7m0yu\">\n<div class=\"flex flex-col text-sm pb-9\">\n<div class=\"w-full text-token-text-primary\" data-testid=\"conversation-turn-49\">\n<div class=\"px-4 py-2 justify-center text-base md:gap-6 m-auto\">\n<div class=\"flex flex-1 text-base mx-auto gap-3 md:px-5 lg:px-1 xl:px-5 md:max-w-3xl lg:max-w-[40rem] xl:max-w-[48rem] group final-completion\">\n<div class=\"relative flex w-full flex-col agent-turn\">\n<div class=\"flex-col gap-1 md:gap-3\">\n<div class=\"flex flex-grow flex-col max-w-full\">\n<div class=\"min-h-[20px] text-message flex flex-col items-start gap-3 whitespace-pre-wrap break-words [.text-message+&amp;]:mt-5 overflow-x-auto\" data-message-author-role=\"assistant\" data-message-id=\"f2dec986-bda0-491e-840e-042ebd8a5e4b\">\n<div class=\"markdown prose w-full break-words dark:prose-invert dark\">\n<p>La <strong>Bomba de Infusi\u00f3n MI 23 MDK MED<\/strong> es un equipo avanzado dise\u00f1ado para ofrecer un control preciso en la administraci\u00f3n de l\u00edquidos. A continuaci\u00f3n, sus caracter\u00edsticas destacadas:<\/p>\n<ul>\n<li><strong>Compatibilidad:<\/strong> Soporta m\u00faltiples sets de infusi\u00f3n macro-gen\u00e9ricos.<\/li>\n<li><strong>Pantalla:<\/strong> Pantalla t\u00e1ctil de 4.3 pulgadas para una interfaz intuitiva.<\/li>\n<li><strong>Modos de Infusi\u00f3n:<\/strong> Ofrece 8 modos diferentes para adaptarse a diversas necesidades.<\/li>\n<li><strong>Protecci\u00f3n contra flujo libre:<\/strong> Incluye mecanismo para evitar el flujo libre no deseado.<\/li>\n<li><strong>Tasa de Infusi\u00f3n:<\/strong> Capaz de administrar hasta 1.800 ml\/h.<\/li>\n<li><strong>Bater\u00eda:<\/strong> Duraci\u00f3n superior a 6 horas para operaci\u00f3n continua.<\/li>\n<li><strong>Doble CPU:<\/strong> Equipado con doble CPU para mayor estabilidad y rendimiento.<\/li>\n<li><strong>Brillo de Pantalla Ajustable:<\/strong> Permite ajustar el brillo seg\u00fan las condiciones de iluminaci\u00f3n.<\/li>\n<li><strong>Software en Espa\u00f1ol:<\/strong> Incluye software en espa\u00f1ol para una operaci\u00f3n sencilla y accesible.<\/li>\n<li><strong>Tecnolog\u00eda Abierta:<\/strong> Permite configurarse para trabajar con diferentes sets de infusi\u00f3n del mercado*.<\/li>\n<li><strong>Protecci\u00f3n IP22:<\/strong> Garantiza protecci\u00f3n contra el derrame de l\u00edquidos.<\/li>\n<\/ul>\n<p><strong>Nota:<\/strong> La tecnolog\u00eda abierta ofrece flexibilidad para adaptarse a diversos sets de infusi\u00f3n disponibles en el mercado.<\/p>\n<\/div>\n<\/div>\n<\/div>\n<\/div>\n<\/div>\n<\/div>\n<\/div>\n<\/div>\n<\/div>\n<\/div>\n<\/div>\n<\/div>\n<\/div>\n<\/div>\n<\/div>\n<\/div>\n<\/div>\n<\/div>\n<\/div>\n<\/div>\n<\/div>\n<\/div>\n<\/div>\n<\/div>\n<p><span style=\"color: #ff0000;\"><strong>Todos nuestros activos est\u00e1n sujetos a disponibilidad seg\u00fan inventario.\u00a0<\/strong><\/span><\/p>\n<p><span style=\"vertical-align: inherit;\"><span style=\"vertical-align: inherit;\"><span style=\"vertical-align: inherit;\"><span style=\"vertical-align: inherit;\"><span style=\"vertical-align: inherit;\"><span style=\"vertical-align: inherit;\">[njwa_button id=\"9888\"]<\/span><\/span><\/span><\/span><\/span><\/span><\/p>\n","protected":false},"featured_media":11711,"template":"","meta":{"rs_blank_template":"","rs_page_bg_color":"","slide_template_v7":""},"product_brand":[],"product_cat":[122],"product_tag":[],"class_list":{"0":"post-11712","1":"product","2":"type-product","3":"status-publish","4":"has-post-thumbnail","6":"product_cat-bombas-de-infusion","8":"first","9":"instock","10":"shipping-taxable","11":"product-type-simple"},"yoast_head":"<!-- This site is optimized with the Yoast SEO plugin v27.4 - https:\/\/yoast.com\/product\/yoast-seo-wordpress\/ -->\n<title>BOMBA DE INFUSI\u00d3N MI 23 MDK MED - Servimed Colombia<\/title>\n<meta name=\"robots\" content=\"index, follow, max-snippet:-1, max-image-preview:large, max-video-preview:-1\" \/>\n<link rel=\"canonical\" href=\"https:\/\/servimedcolombia.com\/index.php\/producto\/bomba-de-infusion-mi-23-mdk-med\/\" \/>\n<meta property=\"og:locale\" content=\"es_ES\" \/>\n<meta property=\"og:type\" content=\"article\" \/>\n<meta property=\"og:title\" content=\"BOMBA DE INFUSI\u00d3N MI 23 MDK MED - Servimed Colombia\" \/>\n<meta property=\"og:description\" content=\"La Bomba de Infusi\u00f3n MI 23 MDK MED es un equipo avanzado dise\u00f1ado para ofrecer un control preciso en la administraci\u00f3n de l\u00edquidos. A continuaci\u00f3n, sus caracter\u00edsticas destacadas:   Compatibilidad: Soporta m\u00faltiples sets de infusi\u00f3n macro-gen\u00e9ricos.  Pantalla: Pantalla t\u00e1ctil de 4.3 pulgadas para una interfaz intuitiva.  Modos de Infusi\u00f3n: Ofrece 8 modos diferentes para adaptarse a diversas necesidades.  Protecci\u00f3n contra flujo libre: Incluye mecanismo para evitar el flujo libre no deseado.  Tasa de Infusi\u00f3n: Capaz de administrar hasta 1.800 ml\/h.  Bater\u00eda: Duraci\u00f3n superior a 6 horas para operaci\u00f3n continua.  Doble CPU: Equipado con doble CPU para mayor estabilidad y rendimiento.  Brillo de Pantalla Ajustable: Permite ajustar el brillo seg\u00fan las condiciones de iluminaci\u00f3n.  Software en Espa\u00f1ol: Incluye software en espa\u00f1ol para una operaci\u00f3n sencilla y accesible.  Tecnolog\u00eda Abierta: Permite configurarse para trabajar con diferentes sets de infusi\u00f3n del mercado*.  Protecci\u00f3n IP22: Garantiza protecci\u00f3n contra el derrame de l\u00edquidos.  Nota: La tecnolog\u00eda abierta ofrece flexibilidad para adaptarse a diversos sets de infusi\u00f3n disponibles en el mercado.                          Todos nuestros activos est\u00e1n sujetos a disponibilidad seg\u00fan inventario.\u00a0\" \/>\n<meta property=\"og:url\" content=\"https:\/\/servimedcolombia.com\/index.php\/producto\/bomba-de-infusion-mi-23-mdk-med\/\" \/>\n<meta property=\"og:site_name\" content=\"Servimed Colombia\" \/>\n<meta property=\"article:modified_time\" content=\"2024-08-01T21:54:23+00:00\" \/>\n<meta property=\"og:image\" content=\"https:\/\/servimedcolombia.com\/wp-content\/uploads\/2024\/08\/219.jpg\" \/>\n\t<meta property=\"og:image:width\" content=\"1654\" \/>\n\t<meta property=\"og:image:height\" content=\"1654\" \/>\n\t<meta property=\"og:image:type\" content=\"image\/jpeg\" \/>\n<meta name=\"twitter:card\" content=\"summary_large_image\" \/>\n<meta name=\"twitter:label1\" content=\"Tiempo de lectura\" \/>\n\t<meta name=\"twitter:data1\" content=\"1 minuto\" \/>\n<script type=\"application\/ld+json\" class=\"yoast-schema-graph\">{\"@context\":\"https:\\\/\\\/schema.org\",\"@graph\":[{\"@type\":\"WebPage\",\"@id\":\"https:\\\/\\\/servimedcolombia.com\\\/index.php\\\/producto\\\/bomba-de-infusion-mi-23-mdk-med\\\/\",\"url\":\"https:\\\/\\\/servimedcolombia.com\\\/index.php\\\/producto\\\/bomba-de-infusion-mi-23-mdk-med\\\/\",\"name\":\"BOMBA DE INFUSI\u00d3N MI 23 MDK MED - Servimed Colombia\",\"isPartOf\":{\"@id\":\"https:\\\/\\\/servimedcolombia.com\\\/#website\"},\"primaryImageOfPage\":{\"@id\":\"https:\\\/\\\/servimedcolombia.com\\\/index.php\\\/producto\\\/bomba-de-infusion-mi-23-mdk-med\\\/#primaryimage\"},\"image\":{\"@id\":\"https:\\\/\\\/servimedcolombia.com\\\/index.php\\\/producto\\\/bomba-de-infusion-mi-23-mdk-med\\\/#primaryimage\"},\"thumbnailUrl\":\"https:\\\/\\\/servimedcolombia.com\\\/wp-content\\\/uploads\\\/2026\\\/04\\\/219.webp\",\"datePublished\":\"2024-08-01T21:53:48+00:00\",\"dateModified\":\"2024-08-01T21:54:23+00:00\",\"breadcrumb\":{\"@id\":\"https:\\\/\\\/servimedcolombia.com\\\/index.php\\\/producto\\\/bomba-de-infusion-mi-23-mdk-med\\\/#breadcrumb\"},\"inLanguage\":\"es\",\"potentialAction\":[{\"@type\":\"ReadAction\",\"target\":[\"https:\\\/\\\/servimedcolombia.com\\\/index.php\\\/producto\\\/bomba-de-infusion-mi-23-mdk-med\\\/\"]}]},{\"@type\":\"ImageObject\",\"inLanguage\":\"es\",\"@id\":\"https:\\\/\\\/servimedcolombia.com\\\/index.php\\\/producto\\\/bomba-de-infusion-mi-23-mdk-med\\\/#primaryimage\",\"url\":\"https:\\\/\\\/servimedcolombia.com\\\/wp-content\\\/uploads\\\/2026\\\/04\\\/219.webp\",\"contentUrl\":\"https:\\\/\\\/servimedcolombia.com\\\/wp-content\\\/uploads\\\/2026\\\/04\\\/219.webp\",\"width\":1654,\"height\":1654},{\"@type\":\"BreadcrumbList\",\"@id\":\"https:\\\/\\\/servimedcolombia.com\\\/index.php\\\/producto\\\/bomba-de-infusion-mi-23-mdk-med\\\/#breadcrumb\",\"itemListElement\":[{\"@type\":\"ListItem\",\"position\":1,\"name\":\"Portada\",\"item\":\"https:\\\/\\\/servimedcolombia.com\\\/\"},{\"@type\":\"ListItem\",\"position\":2,\"name\":\"Tienda\",\"item\":\"https:\\\/\\\/servimedcolombia.com\\\/index.php\\\/tienda\\\/\"},{\"@type\":\"ListItem\",\"position\":3,\"name\":\"BOMBA DE INFUSI\u00d3N MI 23 MDK MED\"}]},{\"@type\":\"WebSite\",\"@id\":\"https:\\\/\\\/servimedcolombia.com\\\/#website\",\"url\":\"https:\\\/\\\/servimedcolombia.com\\\/\",\"name\":\"Servimed Colombia\",\"description\":\"\",\"potentialAction\":[{\"@type\":\"SearchAction\",\"target\":{\"@type\":\"EntryPoint\",\"urlTemplate\":\"https:\\\/\\\/servimedcolombia.com\\\/?s={search_term_string}\"},\"query-input\":{\"@type\":\"PropertyValueSpecification\",\"valueRequired\":true,\"valueName\":\"search_term_string\"}}],\"inLanguage\":\"es\"}]}<\/script>\n<!-- \/ Yoast SEO plugin. -->","yoast_head_json":{"title":"BOMBA DE INFUSI\u00d3N MI 23 MDK MED - Servimed Colombia","robots":{"index":"index","follow":"follow","max-snippet":"max-snippet:-1","max-image-preview":"max-image-preview:large","max-video-preview":"max-video-preview:-1"},"canonical":"https:\/\/servimedcolombia.com\/index.php\/producto\/bomba-de-infusion-mi-23-mdk-med\/","og_locale":"es_ES","og_type":"article","og_title":"BOMBA DE INFUSI\u00d3N MI 23 MDK MED - Servimed Colombia","og_description":"La Bomba de Infusi\u00f3n MI 23 MDK MED es un equipo avanzado dise\u00f1ado para ofrecer un control preciso en la administraci\u00f3n de l\u00edquidos. A continuaci\u00f3n, sus caracter\u00edsticas destacadas:   Compatibilidad: Soporta m\u00faltiples sets de infusi\u00f3n macro-gen\u00e9ricos.  Pantalla: Pantalla t\u00e1ctil de 4.3 pulgadas para una interfaz intuitiva.  Modos de Infusi\u00f3n: Ofrece 8 modos diferentes para adaptarse a diversas necesidades.  Protecci\u00f3n contra flujo libre: Incluye mecanismo para evitar el flujo libre no deseado.  Tasa de Infusi\u00f3n: Capaz de administrar hasta 1.800 ml\/h.  Bater\u00eda: Duraci\u00f3n superior a 6 horas para operaci\u00f3n continua.  Doble CPU: Equipado con doble CPU para mayor estabilidad y rendimiento.  Brillo de Pantalla Ajustable: Permite ajustar el brillo seg\u00fan las condiciones de iluminaci\u00f3n.  Software en Espa\u00f1ol: Incluye software en espa\u00f1ol para una operaci\u00f3n sencilla y accesible.  Tecnolog\u00eda Abierta: Permite configurarse para trabajar con diferentes sets de infusi\u00f3n del mercado*.  Protecci\u00f3n IP22: Garantiza protecci\u00f3n contra el derrame de l\u00edquidos.  Nota: La tecnolog\u00eda abierta ofrece flexibilidad para adaptarse a diversos sets de infusi\u00f3n disponibles en el mercado.                          Todos nuestros activos est\u00e1n sujetos a disponibilidad seg\u00fan inventario.\u00a0","og_url":"https:\/\/servimedcolombia.com\/index.php\/producto\/bomba-de-infusion-mi-23-mdk-med\/","og_site_name":"Servimed Colombia","article_modified_time":"2024-08-01T21:54:23+00:00","og_image":[{"width":1654,"height":1654,"url":"https:\/\/servimedcolombia.com\/wp-content\/uploads\/2024\/08\/219.jpg","type":"image\/jpeg"}],"twitter_card":"summary_large_image","twitter_misc":{"Tiempo de lectura":"1 minuto"},"schema":{"@context":"https:\/\/schema.org","@graph":[{"@type":"WebPage","@id":"https:\/\/servimedcolombia.com\/index.php\/producto\/bomba-de-infusion-mi-23-mdk-med\/","url":"https:\/\/servimedcolombia.com\/index.php\/producto\/bomba-de-infusion-mi-23-mdk-med\/","name":"BOMBA DE INFUSI\u00d3N MI 23 MDK MED - Servimed Colombia","isPartOf":{"@id":"https:\/\/servimedcolombia.com\/#website"},"primaryImageOfPage":{"@id":"https:\/\/servimedcolombia.com\/index.php\/producto\/bomba-de-infusion-mi-23-mdk-med\/#primaryimage"},"image":{"@id":"https:\/\/servimedcolombia.com\/index.php\/producto\/bomba-de-infusion-mi-23-mdk-med\/#primaryimage"},"thumbnailUrl":"https:\/\/servimedcolombia.com\/wp-content\/uploads\/2026\/04\/219.webp","datePublished":"2024-08-01T21:53:48+00:00","dateModified":"2024-08-01T21:54:23+00:00","breadcrumb":{"@id":"https:\/\/servimedcolombia.com\/index.php\/producto\/bomba-de-infusion-mi-23-mdk-med\/#breadcrumb"},"inLanguage":"es","potentialAction":[{"@type":"ReadAction","target":["https:\/\/servimedcolombia.com\/index.php\/producto\/bomba-de-infusion-mi-23-mdk-med\/"]}]},{"@type":"ImageObject","inLanguage":"es","@id":"https:\/\/servimedcolombia.com\/index.php\/producto\/bomba-de-infusion-mi-23-mdk-med\/#primaryimage","url":"https:\/\/servimedcolombia.com\/wp-content\/uploads\/2026\/04\/219.webp","contentUrl":"https:\/\/servimedcolombia.com\/wp-content\/uploads\/2026\/04\/219.webp","width":1654,"height":1654},{"@type":"BreadcrumbList","@id":"https:\/\/servimedcolombia.com\/index.php\/producto\/bomba-de-infusion-mi-23-mdk-med\/#breadcrumb","itemListElement":[{"@type":"ListItem","position":1,"name":"Portada","item":"https:\/\/servimedcolombia.com\/"},{"@type":"ListItem","position":2,"name":"Tienda","item":"https:\/\/servimedcolombia.com\/index.php\/tienda\/"},{"@type":"ListItem","position":3,"name":"BOMBA DE INFUSI\u00d3N MI 23 MDK MED"}]},{"@type":"WebSite","@id":"https:\/\/servimedcolombia.com\/#website","url":"https:\/\/servimedcolombia.com\/","name":"Servimed Colombia","description":"","potentialAction":[{"@type":"SearchAction","target":{"@type":"EntryPoint","urlTemplate":"https:\/\/servimedcolombia.com\/?s={search_term_string}"},"query-input":{"@type":"PropertyValueSpecification","valueRequired":true,"valueName":"search_term_string"}}],"inLanguage":"es"}]}},"_links":{"self":[{"href":"https:\/\/servimedcolombia.com\/index.php\/wp-json\/wp\/v2\/product\/11712","targetHints":{"allow":["GET"]}}],"collection":[{"href":"https:\/\/servimedcolombia.com\/index.php\/wp-json\/wp\/v2\/product"}],"about":[{"href":"https:\/\/servimedcolombia.com\/index.php\/wp-json\/wp\/v2\/types\/product"}],"version-history":[{"count":0,"href":"https:\/\/servimedcolombia.com\/index.php\/wp-json\/wp\/v2\/product\/11712\/revisions"}],"wp:featuredmedia":[{"embeddable":true,"href":"https:\/\/servimedcolombia.com\/index.php\/wp-json\/wp\/v2\/media\/11711"}],"wp:attachment":[{"href":"https:\/\/servimedcolombia.com\/index.php\/wp-json\/wp\/v2\/media?parent=11712"}],"wp:term":[{"taxonomy":"product_brand","embeddable":true,"href":"https:\/\/servimedcolombia.com\/index.php\/wp-json\/wp\/v2\/product_brand?post=11712"},{"taxonomy":"product_cat","embeddable":true,"href":"https:\/\/servimedcolombia.com\/index.php\/wp-json\/wp\/v2\/product_cat?post=11712"},{"taxonomy":"product_tag","embeddable":true,"href":"https:\/\/servimedcolombia.com\/index.php\/wp-json\/wp\/v2\/product_tag?post=11712"}],"curies":[{"name":"wp","href":"https:\/\/api.w.org\/{rel}","templated":true}]}}