{"id":11737,"date":"2024-08-30T19:59:22","date_gmt":"2024-08-31T00:59:22","guid":{"rendered":"https:\/\/servimedcolombia.com\/?post_type=product&#038;p=11737"},"modified":"2025-05-13T16:33:36","modified_gmt":"2025-05-13T21:33:36","slug":"autoclave-de-mesa-elara-9d-tuttnauer-19-8-l-clase-b","status":"publish","type":"product","link":"https:\/\/servimedcolombia.com\/index.php\/producto\/autoclave-de-mesa-elara-9d-tuttnauer-19-8-l-clase-b\/","title":{"rendered":"AUTOCLAVE DE MESA ELARA 9D TUTTNAUER &#8211; 19.8 L CLASE B"},"content":{"rendered":"","protected":false},"excerpt":{"rendered":"<p>El <strong>Autoclave de Mesa Elara 9D Tuttnauer<\/strong> est\u00e1 dise\u00f1ado para satisfacer las exigencias de las cl\u00ednicas y hospitales modernos, garantizando cumplimiento con los est\u00e1ndares internacionales m\u00e1s avanzados. Este autoclave es ideal para la esterilizaci\u00f3n en hospitales, cl\u00ednicas m\u00e9dicas, dentales y veterinarias, ofreciendo rendimiento continuo y fiable.<\/p>\n<h3>Especificaciones T\u00e9cnicas<\/h3>\n<ul>\n<li><strong>Di\u00e1metro de la C\u00e1mara:<\/strong> 230 mm<\/li>\n<li><strong>Profundidad de la C\u00e1mara:<\/strong> 430 mm<\/li>\n<li><strong>Volumen de la C\u00e1mara:<\/strong> 19.8 litros<\/li>\n<li><strong>Reservorio de Agua Desmineralizada:<\/strong> 6.6 litros<\/li>\n<li><strong>Reservorio de Agua Residual:<\/strong> 5.2 litros<\/li>\n<li><strong>Carga S\u00f3lida M\u00e1xima:<\/strong>\n<ul>\n<li>5 kg (carga no envuelta)<\/li>\n<li>2.5 kg (carga envuelta)<\/li>\n<\/ul>\n<\/li>\n<li><strong>Presi\u00f3n de Trabajo M\u00e1xima Permitida:<\/strong> 2.8 bar<\/li>\n<li><strong>Nivel de Ruido:<\/strong> 65 dBA<\/li>\n<li><strong>N\u00famero de Bandejas:<\/strong> 4<\/li>\n<li><strong>Dimensiones de la Bandeja:<\/strong> 44.2 x 17.3 x 1.9 mm<\/li>\n<li><strong>Peso Neto:<\/strong> 62.15 kg<\/li>\n<\/ul>\n<h3>Dimensiones Externas<\/h3>\n<ul>\n<li><strong>Ancho:<\/strong> 485 mm<\/li>\n<li><strong>Alto:<\/strong> 440 mm<\/li>\n<li><strong>Profundidad:<\/strong> 574 mm<\/li>\n<\/ul>\n<p><span style=\"color: #ff0000;\"><strong>Todos nuestros activos est\u00e1n sujetos a disponibilidad seg\u00fan inventario.\u00a0<\/strong><\/span><\/p>\n<p><span style=\"vertical-align: inherit;\"><span style=\"vertical-align: inherit;\"><span style=\"vertical-align: inherit;\"><span style=\"vertical-align: inherit;\"><span style=\"vertical-align: inherit;\"><span style=\"vertical-align: inherit;\">[njwa_button id=\"9888\"]<\/span><\/span><\/span><\/span><\/span><\/span><\/p>\n","protected":false},"featured_media":11723,"template":"","meta":{"rs_blank_template":"","rs_page_bg_color":"","slide_template_v7":""},"product_brand":[],"product_cat":[177],"product_tag":[],"class_list":{"0":"post-11737","1":"product","2":"type-product","3":"status-publish","4":"has-post-thumbnail","6":"product_cat-laboratorio","8":"first","9":"instock","10":"shipping-taxable","11":"product-type-simple"},"yoast_head":"<!-- This site is optimized with the Yoast SEO plugin v27.4 - https:\/\/yoast.com\/product\/yoast-seo-wordpress\/ -->\n<title>AUTOCLAVE DE MESA ELARA 9D TUTTNAUER - 19.8 L CLASE B - Servimed Colombia<\/title>\n<meta name=\"robots\" content=\"index, follow, max-snippet:-1, max-image-preview:large, max-video-preview:-1\" \/>\n<link rel=\"canonical\" href=\"https:\/\/servimedcolombia.com\/index.php\/producto\/autoclave-de-mesa-elara-9d-tuttnauer-19-8-l-clase-b\/\" \/>\n<meta property=\"og:locale\" content=\"es_ES\" \/>\n<meta property=\"og:type\" content=\"article\" \/>\n<meta property=\"og:title\" content=\"AUTOCLAVE DE MESA ELARA 9D TUTTNAUER - 19.8 L CLASE B - Servimed Colombia\" \/>\n<meta property=\"og:description\" content=\"El Autoclave de Mesa Elara 9D Tuttnauer est\u00e1 dise\u00f1ado para satisfacer las exigencias de las cl\u00ednicas y hospitales modernos, garantizando cumplimiento con los est\u00e1ndares internacionales m\u00e1s avanzados. Este autoclave es ideal para la esterilizaci\u00f3n en hospitales, cl\u00ednicas m\u00e9dicas, dentales y veterinarias, ofreciendo rendimiento continuo y fiable. Especificaciones T\u00e9cnicas   Di\u00e1metro de la C\u00e1mara: 230 mm  Profundidad de la C\u00e1mara: 430 mm  Volumen de la C\u00e1mara: 19.8 litros  Reservorio de Agua Desmineralizada: 6.6 litros  Reservorio de Agua Residual: 5.2 litros  Carga S\u00f3lida M\u00e1xima:   5 kg (carga no envuelta)  2.5 kg (carga envuelta)    Presi\u00f3n de Trabajo M\u00e1xima Permitida: 2.8 bar  Nivel de Ruido: 65 dBA  N\u00famero de Bandejas: 4  Dimensiones de la Bandeja: 44.2 x 17.3 x 1.9 mm  Peso Neto: 62.15 kg  Dimensiones Externas   Ancho: 485 mm  Alto: 440 mm  Profundidad: 574 mm  Todos nuestros activos est\u00e1n sujetos a disponibilidad seg\u00fan inventario.\u00a0\" \/>\n<meta property=\"og:url\" content=\"https:\/\/servimedcolombia.com\/index.php\/producto\/autoclave-de-mesa-elara-9d-tuttnauer-19-8-l-clase-b\/\" \/>\n<meta property=\"og:site_name\" content=\"Servimed Colombia\" \/>\n<meta property=\"article:modified_time\" content=\"2025-05-13T21:33:36+00:00\" \/>\n<meta property=\"og:image\" content=\"https:\/\/servimedcolombia.com\/wp-content\/uploads\/2024\/08\/224.jpg\" \/>\n\t<meta property=\"og:image:width\" content=\"1654\" \/>\n\t<meta property=\"og:image:height\" content=\"1654\" \/>\n\t<meta property=\"og:image:type\" content=\"image\/jpeg\" \/>\n<meta name=\"twitter:card\" content=\"summary_large_image\" \/>\n<meta name=\"twitter:label1\" content=\"Tiempo de lectura\" \/>\n\t<meta name=\"twitter:data1\" content=\"1 minuto\" \/>\n<script type=\"application\/ld+json\" class=\"yoast-schema-graph\">{\"@context\":\"https:\\\/\\\/schema.org\",\"@graph\":[{\"@type\":\"WebPage\",\"@id\":\"https:\\\/\\\/servimedcolombia.com\\\/index.php\\\/producto\\\/autoclave-de-mesa-elara-9d-tuttnauer-19-8-l-clase-b\\\/\",\"url\":\"https:\\\/\\\/servimedcolombia.com\\\/index.php\\\/producto\\\/autoclave-de-mesa-elara-9d-tuttnauer-19-8-l-clase-b\\\/\",\"name\":\"AUTOCLAVE DE MESA ELARA 9D TUTTNAUER - 19.8 L CLASE B - Servimed Colombia\",\"isPartOf\":{\"@id\":\"https:\\\/\\\/servimedcolombia.com\\\/#website\"},\"primaryImageOfPage\":{\"@id\":\"https:\\\/\\\/servimedcolombia.com\\\/index.php\\\/producto\\\/autoclave-de-mesa-elara-9d-tuttnauer-19-8-l-clase-b\\\/#primaryimage\"},\"image\":{\"@id\":\"https:\\\/\\\/servimedcolombia.com\\\/index.php\\\/producto\\\/autoclave-de-mesa-elara-9d-tuttnauer-19-8-l-clase-b\\\/#primaryimage\"},\"thumbnailUrl\":\"https:\\\/\\\/servimedcolombia.com\\\/wp-content\\\/uploads\\\/2026\\\/04\\\/224.webp\",\"datePublished\":\"2024-08-31T00:59:22+00:00\",\"dateModified\":\"2025-05-13T21:33:36+00:00\",\"breadcrumb\":{\"@id\":\"https:\\\/\\\/servimedcolombia.com\\\/index.php\\\/producto\\\/autoclave-de-mesa-elara-9d-tuttnauer-19-8-l-clase-b\\\/#breadcrumb\"},\"inLanguage\":\"es\",\"potentialAction\":[{\"@type\":\"ReadAction\",\"target\":[\"https:\\\/\\\/servimedcolombia.com\\\/index.php\\\/producto\\\/autoclave-de-mesa-elara-9d-tuttnauer-19-8-l-clase-b\\\/\"]}]},{\"@type\":\"ImageObject\",\"inLanguage\":\"es\",\"@id\":\"https:\\\/\\\/servimedcolombia.com\\\/index.php\\\/producto\\\/autoclave-de-mesa-elara-9d-tuttnauer-19-8-l-clase-b\\\/#primaryimage\",\"url\":\"https:\\\/\\\/servimedcolombia.com\\\/wp-content\\\/uploads\\\/2026\\\/04\\\/224.webp\",\"contentUrl\":\"https:\\\/\\\/servimedcolombia.com\\\/wp-content\\\/uploads\\\/2026\\\/04\\\/224.webp\",\"width\":1654,\"height\":1654},{\"@type\":\"BreadcrumbList\",\"@id\":\"https:\\\/\\\/servimedcolombia.com\\\/index.php\\\/producto\\\/autoclave-de-mesa-elara-9d-tuttnauer-19-8-l-clase-b\\\/#breadcrumb\",\"itemListElement\":[{\"@type\":\"ListItem\",\"position\":1,\"name\":\"Portada\",\"item\":\"https:\\\/\\\/servimedcolombia.com\\\/\"},{\"@type\":\"ListItem\",\"position\":2,\"name\":\"Tienda\",\"item\":\"https:\\\/\\\/servimedcolombia.com\\\/index.php\\\/tienda\\\/\"},{\"@type\":\"ListItem\",\"position\":3,\"name\":\"AUTOCLAVE DE MESA ELARA 9D TUTTNAUER &#8211; 19.8 L CLASE B\"}]},{\"@type\":\"WebSite\",\"@id\":\"https:\\\/\\\/servimedcolombia.com\\\/#website\",\"url\":\"https:\\\/\\\/servimedcolombia.com\\\/\",\"name\":\"Servimed Colombia\",\"description\":\"\",\"potentialAction\":[{\"@type\":\"SearchAction\",\"target\":{\"@type\":\"EntryPoint\",\"urlTemplate\":\"https:\\\/\\\/servimedcolombia.com\\\/?s={search_term_string}\"},\"query-input\":{\"@type\":\"PropertyValueSpecification\",\"valueRequired\":true,\"valueName\":\"search_term_string\"}}],\"inLanguage\":\"es\"}]}<\/script>\n<!-- \/ Yoast SEO plugin. -->","yoast_head_json":{"title":"AUTOCLAVE DE MESA ELARA 9D TUTTNAUER - 19.8 L CLASE B - Servimed Colombia","robots":{"index":"index","follow":"follow","max-snippet":"max-snippet:-1","max-image-preview":"max-image-preview:large","max-video-preview":"max-video-preview:-1"},"canonical":"https:\/\/servimedcolombia.com\/index.php\/producto\/autoclave-de-mesa-elara-9d-tuttnauer-19-8-l-clase-b\/","og_locale":"es_ES","og_type":"article","og_title":"AUTOCLAVE DE MESA ELARA 9D TUTTNAUER - 19.8 L CLASE B - Servimed Colombia","og_description":"El Autoclave de Mesa Elara 9D Tuttnauer est\u00e1 dise\u00f1ado para satisfacer las exigencias de las cl\u00ednicas y hospitales modernos, garantizando cumplimiento con los est\u00e1ndares internacionales m\u00e1s avanzados. Este autoclave es ideal para la esterilizaci\u00f3n en hospitales, cl\u00ednicas m\u00e9dicas, dentales y veterinarias, ofreciendo rendimiento continuo y fiable. Especificaciones T\u00e9cnicas   Di\u00e1metro de la C\u00e1mara: 230 mm  Profundidad de la C\u00e1mara: 430 mm  Volumen de la C\u00e1mara: 19.8 litros  Reservorio de Agua Desmineralizada: 6.6 litros  Reservorio de Agua Residual: 5.2 litros  Carga S\u00f3lida M\u00e1xima:   5 kg (carga no envuelta)  2.5 kg (carga envuelta)    Presi\u00f3n de Trabajo M\u00e1xima Permitida: 2.8 bar  Nivel de Ruido: 65 dBA  N\u00famero de Bandejas: 4  Dimensiones de la Bandeja: 44.2 x 17.3 x 1.9 mm  Peso Neto: 62.15 kg  Dimensiones Externas   Ancho: 485 mm  Alto: 440 mm  Profundidad: 574 mm  Todos nuestros activos est\u00e1n sujetos a disponibilidad seg\u00fan inventario.\u00a0","og_url":"https:\/\/servimedcolombia.com\/index.php\/producto\/autoclave-de-mesa-elara-9d-tuttnauer-19-8-l-clase-b\/","og_site_name":"Servimed Colombia","article_modified_time":"2025-05-13T21:33:36+00:00","og_image":[{"width":1654,"height":1654,"url":"https:\/\/servimedcolombia.com\/wp-content\/uploads\/2024\/08\/224.jpg","type":"image\/jpeg"}],"twitter_card":"summary_large_image","twitter_misc":{"Tiempo de lectura":"1 minuto"},"schema":{"@context":"https:\/\/schema.org","@graph":[{"@type":"WebPage","@id":"https:\/\/servimedcolombia.com\/index.php\/producto\/autoclave-de-mesa-elara-9d-tuttnauer-19-8-l-clase-b\/","url":"https:\/\/servimedcolombia.com\/index.php\/producto\/autoclave-de-mesa-elara-9d-tuttnauer-19-8-l-clase-b\/","name":"AUTOCLAVE DE MESA ELARA 9D TUTTNAUER - 19.8 L CLASE B - Servimed Colombia","isPartOf":{"@id":"https:\/\/servimedcolombia.com\/#website"},"primaryImageOfPage":{"@id":"https:\/\/servimedcolombia.com\/index.php\/producto\/autoclave-de-mesa-elara-9d-tuttnauer-19-8-l-clase-b\/#primaryimage"},"image":{"@id":"https:\/\/servimedcolombia.com\/index.php\/producto\/autoclave-de-mesa-elara-9d-tuttnauer-19-8-l-clase-b\/#primaryimage"},"thumbnailUrl":"https:\/\/servimedcolombia.com\/wp-content\/uploads\/2026\/04\/224.webp","datePublished":"2024-08-31T00:59:22+00:00","dateModified":"2025-05-13T21:33:36+00:00","breadcrumb":{"@id":"https:\/\/servimedcolombia.com\/index.php\/producto\/autoclave-de-mesa-elara-9d-tuttnauer-19-8-l-clase-b\/#breadcrumb"},"inLanguage":"es","potentialAction":[{"@type":"ReadAction","target":["https:\/\/servimedcolombia.com\/index.php\/producto\/autoclave-de-mesa-elara-9d-tuttnauer-19-8-l-clase-b\/"]}]},{"@type":"ImageObject","inLanguage":"es","@id":"https:\/\/servimedcolombia.com\/index.php\/producto\/autoclave-de-mesa-elara-9d-tuttnauer-19-8-l-clase-b\/#primaryimage","url":"https:\/\/servimedcolombia.com\/wp-content\/uploads\/2026\/04\/224.webp","contentUrl":"https:\/\/servimedcolombia.com\/wp-content\/uploads\/2026\/04\/224.webp","width":1654,"height":1654},{"@type":"BreadcrumbList","@id":"https:\/\/servimedcolombia.com\/index.php\/producto\/autoclave-de-mesa-elara-9d-tuttnauer-19-8-l-clase-b\/#breadcrumb","itemListElement":[{"@type":"ListItem","position":1,"name":"Portada","item":"https:\/\/servimedcolombia.com\/"},{"@type":"ListItem","position":2,"name":"Tienda","item":"https:\/\/servimedcolombia.com\/index.php\/tienda\/"},{"@type":"ListItem","position":3,"name":"AUTOCLAVE DE MESA ELARA 9D TUTTNAUER &#8211; 19.8 L CLASE B"}]},{"@type":"WebSite","@id":"https:\/\/servimedcolombia.com\/#website","url":"https:\/\/servimedcolombia.com\/","name":"Servimed Colombia","description":"","potentialAction":[{"@type":"SearchAction","target":{"@type":"EntryPoint","urlTemplate":"https:\/\/servimedcolombia.com\/?s={search_term_string}"},"query-input":{"@type":"PropertyValueSpecification","valueRequired":true,"valueName":"search_term_string"}}],"inLanguage":"es"}]}},"_links":{"self":[{"href":"https:\/\/servimedcolombia.com\/index.php\/wp-json\/wp\/v2\/product\/11737","targetHints":{"allow":["GET"]}}],"collection":[{"href":"https:\/\/servimedcolombia.com\/index.php\/wp-json\/wp\/v2\/product"}],"about":[{"href":"https:\/\/servimedcolombia.com\/index.php\/wp-json\/wp\/v2\/types\/product"}],"version-history":[{"count":1,"href":"https:\/\/servimedcolombia.com\/index.php\/wp-json\/wp\/v2\/product\/11737\/revisions"}],"predecessor-version":[{"id":12204,"href":"https:\/\/servimedcolombia.com\/index.php\/wp-json\/wp\/v2\/product\/11737\/revisions\/12204"}],"wp:featuredmedia":[{"embeddable":true,"href":"https:\/\/servimedcolombia.com\/index.php\/wp-json\/wp\/v2\/media\/11723"}],"wp:attachment":[{"href":"https:\/\/servimedcolombia.com\/index.php\/wp-json\/wp\/v2\/media?parent=11737"}],"wp:term":[{"taxonomy":"product_brand","embeddable":true,"href":"https:\/\/servimedcolombia.com\/index.php\/wp-json\/wp\/v2\/product_brand?post=11737"},{"taxonomy":"product_cat","embeddable":true,"href":"https:\/\/servimedcolombia.com\/index.php\/wp-json\/wp\/v2\/product_cat?post=11737"},{"taxonomy":"product_tag","embeddable":true,"href":"https:\/\/servimedcolombia.com\/index.php\/wp-json\/wp\/v2\/product_tag?post=11737"}],"curies":[{"name":"wp","href":"https:\/\/api.w.org\/{rel}","templated":true}]}}