{"id":11739,"date":"2024-08-30T20:02:17","date_gmt":"2024-08-31T01:02:17","guid":{"rendered":"https:\/\/servimedcolombia.com\/?post_type=product&#038;p=11739"},"modified":"2025-05-13T16:33:26","modified_gmt":"2025-05-13T21:33:26","slug":"autoclave-de-mesa-2340-ea-19l-con-impresora-110v","status":"publish","type":"product","link":"https:\/\/servimedcolombia.com\/index.php\/producto\/autoclave-de-mesa-2340-ea-19l-con-impresora-110v\/","title":{"rendered":"AUTOCLAVE DE MESA 2340 EA &#8211; 19L CON IMPRESORA 110V"},"content":{"rendered":"","protected":false},"excerpt":{"rendered":"<p>El <strong>Autoclave de Mesa 2340 EA<\/strong> es un modelo de Clase S, ideal para la esterilizaci\u00f3n de instrumentos envueltos y sin envolver, as\u00ed como materiales relacionados en cl\u00ednicas dentales, m\u00e9dicas, veterinarias, salas de primeros auxilios, hospitales y laboratorios. Equipado con una impresora para registrar los ciclos de esterilizaci\u00f3n, este autoclave ofrece un rendimiento fiable y eficiente.<\/p>\n<h3>Especificaciones T\u00e9cnicas<\/h3>\n<ul>\n<li><strong>Di\u00e1metro de la C\u00e1mara:<\/strong> 234 mm<\/li>\n<li><strong>Profundidad de la C\u00e1mara:<\/strong> 475 mm<\/li>\n<li><strong>Volumen de la C\u00e1mara:<\/strong> 19 litros<\/li>\n<li><strong>Volumen del Reservorio de Agua:<\/strong> 3 litros<\/li>\n<li><strong>Carga S\u00f3lida M\u00e1xima:<\/strong>\n<ul>\n<li>5 kg (carga no envuelta)<\/li>\n<li>2.8 kg (carga envuelta)<\/li>\n<\/ul>\n<\/li>\n<li><strong>Presi\u00f3n de Trabajo M\u00e1xima Permitida:<\/strong> 2.8 bar<\/li>\n<li><strong>Nivel de Ruido:<\/strong> 65 dBA<\/li>\n<li><strong>N\u00famero de Bandejas:<\/strong> 3<\/li>\n<li><strong>Dimensiones de la Bandeja:<\/strong> 68 x 20 x 414 mm<\/li>\n<li><strong>Peso Neto:<\/strong> 45 kg<\/li>\n<\/ul>\n<h3>Dimensiones Externas<\/h3>\n<ul>\n<li><strong>Ancho:<\/strong> 510 mm<\/li>\n<li><strong>Alto:<\/strong> 365 mm<\/li>\n<li><strong>Profundidad:<\/strong> 545 mm<\/li>\n<\/ul>\n<h3>Caracter\u00edsticas Adicionales<\/h3>\n<ul>\n<li><strong>Impresora Incorporada:<\/strong> Registra los ciclos de esterilizaci\u00f3n para un seguimiento preciso y documentaci\u00f3n.<\/li>\n<\/ul>\n<p><span style=\"color: #ff0000;\"><strong>Todos nuestros activos est\u00e1n sujetos a disponibilidad seg\u00fan inventario.\u00a0<\/strong><\/span><\/p>\n<p><span style=\"vertical-align: inherit;\"><span style=\"vertical-align: inherit;\"><span style=\"vertical-align: inherit;\"><span style=\"vertical-align: inherit;\"><span style=\"vertical-align: inherit;\"><span style=\"vertical-align: inherit;\">[njwa_button id=\"9888\"]<\/span><\/span><\/span><\/span><\/span><\/span><\/p>\n","protected":false},"featured_media":11728,"template":"","meta":{"rs_blank_template":"","rs_page_bg_color":"","slide_template_v7":""},"product_brand":[],"product_cat":[177],"product_tag":[],"class_list":{"0":"post-11739","1":"product","2":"type-product","3":"status-publish","4":"has-post-thumbnail","6":"product_cat-laboratorio","8":"first","9":"instock","10":"shipping-taxable","11":"product-type-simple"},"yoast_head":"<!-- This site is optimized with the Yoast SEO plugin v27.4 - https:\/\/yoast.com\/product\/yoast-seo-wordpress\/ -->\n<title>AUTOCLAVE DE MESA 2340 EA - 19L CON IMPRESORA 110V - Servimed Colombia<\/title>\n<meta name=\"robots\" content=\"index, follow, max-snippet:-1, max-image-preview:large, max-video-preview:-1\" \/>\n<link rel=\"canonical\" href=\"https:\/\/servimedcolombia.com\/index.php\/producto\/autoclave-de-mesa-2340-ea-19l-con-impresora-110v\/\" \/>\n<meta property=\"og:locale\" content=\"es_ES\" \/>\n<meta property=\"og:type\" content=\"article\" \/>\n<meta property=\"og:title\" content=\"AUTOCLAVE DE MESA 2340 EA - 19L CON IMPRESORA 110V - Servimed Colombia\" \/>\n<meta property=\"og:description\" content=\"El Autoclave de Mesa 2340 EA es un modelo de Clase S, ideal para la esterilizaci\u00f3n de instrumentos envueltos y sin envolver, as\u00ed como materiales relacionados en cl\u00ednicas dentales, m\u00e9dicas, veterinarias, salas de primeros auxilios, hospitales y laboratorios. Equipado con una impresora para registrar los ciclos de esterilizaci\u00f3n, este autoclave ofrece un rendimiento fiable y eficiente. Especificaciones T\u00e9cnicas   Di\u00e1metro de la C\u00e1mara: 234 mm  Profundidad de la C\u00e1mara: 475 mm  Volumen de la C\u00e1mara: 19 litros  Volumen del Reservorio de Agua: 3 litros  Carga S\u00f3lida M\u00e1xima:   5 kg (carga no envuelta)  2.8 kg (carga envuelta)    Presi\u00f3n de Trabajo M\u00e1xima Permitida: 2.8 bar  Nivel de Ruido: 65 dBA  N\u00famero de Bandejas: 3  Dimensiones de la Bandeja: 68 x 20 x 414 mm  Peso Neto: 45 kg  Dimensiones Externas   Ancho: 510 mm  Alto: 365 mm  Profundidad: 545 mm  Caracter\u00edsticas Adicionales   Impresora Incorporada: Registra los ciclos de esterilizaci\u00f3n para un seguimiento preciso y documentaci\u00f3n.  Todos nuestros activos est\u00e1n sujetos a disponibilidad seg\u00fan inventario.\u00a0\" \/>\n<meta property=\"og:url\" content=\"https:\/\/servimedcolombia.com\/index.php\/producto\/autoclave-de-mesa-2340-ea-19l-con-impresora-110v\/\" \/>\n<meta property=\"og:site_name\" content=\"Servimed Colombia\" \/>\n<meta property=\"article:modified_time\" content=\"2025-05-13T21:33:26+00:00\" \/>\n<meta property=\"og:image\" content=\"https:\/\/servimedcolombia.com\/wp-content\/uploads\/2024\/08\/2241.jpg\" \/>\n\t<meta property=\"og:image:width\" content=\"1654\" \/>\n\t<meta property=\"og:image:height\" content=\"1654\" \/>\n\t<meta property=\"og:image:type\" content=\"image\/jpeg\" \/>\n<meta name=\"twitter:card\" content=\"summary_large_image\" \/>\n<meta name=\"twitter:label1\" content=\"Tiempo de lectura\" \/>\n\t<meta name=\"twitter:data1\" content=\"1 minuto\" \/>\n<script type=\"application\/ld+json\" class=\"yoast-schema-graph\">{\"@context\":\"https:\\\/\\\/schema.org\",\"@graph\":[{\"@type\":\"WebPage\",\"@id\":\"https:\\\/\\\/servimedcolombia.com\\\/index.php\\\/producto\\\/autoclave-de-mesa-2340-ea-19l-con-impresora-110v\\\/\",\"url\":\"https:\\\/\\\/servimedcolombia.com\\\/index.php\\\/producto\\\/autoclave-de-mesa-2340-ea-19l-con-impresora-110v\\\/\",\"name\":\"AUTOCLAVE DE MESA 2340 EA - 19L CON IMPRESORA 110V - Servimed Colombia\",\"isPartOf\":{\"@id\":\"https:\\\/\\\/servimedcolombia.com\\\/#website\"},\"primaryImageOfPage\":{\"@id\":\"https:\\\/\\\/servimedcolombia.com\\\/index.php\\\/producto\\\/autoclave-de-mesa-2340-ea-19l-con-impresora-110v\\\/#primaryimage\"},\"image\":{\"@id\":\"https:\\\/\\\/servimedcolombia.com\\\/index.php\\\/producto\\\/autoclave-de-mesa-2340-ea-19l-con-impresora-110v\\\/#primaryimage\"},\"thumbnailUrl\":\"https:\\\/\\\/servimedcolombia.com\\\/wp-content\\\/uploads\\\/2026\\\/04\\\/2241.webp\",\"datePublished\":\"2024-08-31T01:02:17+00:00\",\"dateModified\":\"2025-05-13T21:33:26+00:00\",\"breadcrumb\":{\"@id\":\"https:\\\/\\\/servimedcolombia.com\\\/index.php\\\/producto\\\/autoclave-de-mesa-2340-ea-19l-con-impresora-110v\\\/#breadcrumb\"},\"inLanguage\":\"es\",\"potentialAction\":[{\"@type\":\"ReadAction\",\"target\":[\"https:\\\/\\\/servimedcolombia.com\\\/index.php\\\/producto\\\/autoclave-de-mesa-2340-ea-19l-con-impresora-110v\\\/\"]}]},{\"@type\":\"ImageObject\",\"inLanguage\":\"es\",\"@id\":\"https:\\\/\\\/servimedcolombia.com\\\/index.php\\\/producto\\\/autoclave-de-mesa-2340-ea-19l-con-impresora-110v\\\/#primaryimage\",\"url\":\"https:\\\/\\\/servimedcolombia.com\\\/wp-content\\\/uploads\\\/2026\\\/04\\\/2241.webp\",\"contentUrl\":\"https:\\\/\\\/servimedcolombia.com\\\/wp-content\\\/uploads\\\/2026\\\/04\\\/2241.webp\",\"width\":1654,\"height\":1654},{\"@type\":\"BreadcrumbList\",\"@id\":\"https:\\\/\\\/servimedcolombia.com\\\/index.php\\\/producto\\\/autoclave-de-mesa-2340-ea-19l-con-impresora-110v\\\/#breadcrumb\",\"itemListElement\":[{\"@type\":\"ListItem\",\"position\":1,\"name\":\"Portada\",\"item\":\"https:\\\/\\\/servimedcolombia.com\\\/\"},{\"@type\":\"ListItem\",\"position\":2,\"name\":\"Tienda\",\"item\":\"https:\\\/\\\/servimedcolombia.com\\\/index.php\\\/tienda\\\/\"},{\"@type\":\"ListItem\",\"position\":3,\"name\":\"AUTOCLAVE DE MESA 2340 EA &#8211; 19L CON IMPRESORA 110V\"}]},{\"@type\":\"WebSite\",\"@id\":\"https:\\\/\\\/servimedcolombia.com\\\/#website\",\"url\":\"https:\\\/\\\/servimedcolombia.com\\\/\",\"name\":\"Servimed Colombia\",\"description\":\"\",\"potentialAction\":[{\"@type\":\"SearchAction\",\"target\":{\"@type\":\"EntryPoint\",\"urlTemplate\":\"https:\\\/\\\/servimedcolombia.com\\\/?s={search_term_string}\"},\"query-input\":{\"@type\":\"PropertyValueSpecification\",\"valueRequired\":true,\"valueName\":\"search_term_string\"}}],\"inLanguage\":\"es\"}]}<\/script>\n<!-- \/ Yoast SEO plugin. -->","yoast_head_json":{"title":"AUTOCLAVE DE MESA 2340 EA - 19L CON IMPRESORA 110V - Servimed Colombia","robots":{"index":"index","follow":"follow","max-snippet":"max-snippet:-1","max-image-preview":"max-image-preview:large","max-video-preview":"max-video-preview:-1"},"canonical":"https:\/\/servimedcolombia.com\/index.php\/producto\/autoclave-de-mesa-2340-ea-19l-con-impresora-110v\/","og_locale":"es_ES","og_type":"article","og_title":"AUTOCLAVE DE MESA 2340 EA - 19L CON IMPRESORA 110V - Servimed Colombia","og_description":"El Autoclave de Mesa 2340 EA es un modelo de Clase S, ideal para la esterilizaci\u00f3n de instrumentos envueltos y sin envolver, as\u00ed como materiales relacionados en cl\u00ednicas dentales, m\u00e9dicas, veterinarias, salas de primeros auxilios, hospitales y laboratorios. Equipado con una impresora para registrar los ciclos de esterilizaci\u00f3n, este autoclave ofrece un rendimiento fiable y eficiente. Especificaciones T\u00e9cnicas   Di\u00e1metro de la C\u00e1mara: 234 mm  Profundidad de la C\u00e1mara: 475 mm  Volumen de la C\u00e1mara: 19 litros  Volumen del Reservorio de Agua: 3 litros  Carga S\u00f3lida M\u00e1xima:   5 kg (carga no envuelta)  2.8 kg (carga envuelta)    Presi\u00f3n de Trabajo M\u00e1xima Permitida: 2.8 bar  Nivel de Ruido: 65 dBA  N\u00famero de Bandejas: 3  Dimensiones de la Bandeja: 68 x 20 x 414 mm  Peso Neto: 45 kg  Dimensiones Externas   Ancho: 510 mm  Alto: 365 mm  Profundidad: 545 mm  Caracter\u00edsticas Adicionales   Impresora Incorporada: Registra los ciclos de esterilizaci\u00f3n para un seguimiento preciso y documentaci\u00f3n.  Todos nuestros activos est\u00e1n sujetos a disponibilidad seg\u00fan inventario.\u00a0","og_url":"https:\/\/servimedcolombia.com\/index.php\/producto\/autoclave-de-mesa-2340-ea-19l-con-impresora-110v\/","og_site_name":"Servimed Colombia","article_modified_time":"2025-05-13T21:33:26+00:00","og_image":[{"width":1654,"height":1654,"url":"https:\/\/servimedcolombia.com\/wp-content\/uploads\/2024\/08\/2241.jpg","type":"image\/jpeg"}],"twitter_card":"summary_large_image","twitter_misc":{"Tiempo de lectura":"1 minuto"},"schema":{"@context":"https:\/\/schema.org","@graph":[{"@type":"WebPage","@id":"https:\/\/servimedcolombia.com\/index.php\/producto\/autoclave-de-mesa-2340-ea-19l-con-impresora-110v\/","url":"https:\/\/servimedcolombia.com\/index.php\/producto\/autoclave-de-mesa-2340-ea-19l-con-impresora-110v\/","name":"AUTOCLAVE DE MESA 2340 EA - 19L CON IMPRESORA 110V - Servimed Colombia","isPartOf":{"@id":"https:\/\/servimedcolombia.com\/#website"},"primaryImageOfPage":{"@id":"https:\/\/servimedcolombia.com\/index.php\/producto\/autoclave-de-mesa-2340-ea-19l-con-impresora-110v\/#primaryimage"},"image":{"@id":"https:\/\/servimedcolombia.com\/index.php\/producto\/autoclave-de-mesa-2340-ea-19l-con-impresora-110v\/#primaryimage"},"thumbnailUrl":"https:\/\/servimedcolombia.com\/wp-content\/uploads\/2026\/04\/2241.webp","datePublished":"2024-08-31T01:02:17+00:00","dateModified":"2025-05-13T21:33:26+00:00","breadcrumb":{"@id":"https:\/\/servimedcolombia.com\/index.php\/producto\/autoclave-de-mesa-2340-ea-19l-con-impresora-110v\/#breadcrumb"},"inLanguage":"es","potentialAction":[{"@type":"ReadAction","target":["https:\/\/servimedcolombia.com\/index.php\/producto\/autoclave-de-mesa-2340-ea-19l-con-impresora-110v\/"]}]},{"@type":"ImageObject","inLanguage":"es","@id":"https:\/\/servimedcolombia.com\/index.php\/producto\/autoclave-de-mesa-2340-ea-19l-con-impresora-110v\/#primaryimage","url":"https:\/\/servimedcolombia.com\/wp-content\/uploads\/2026\/04\/2241.webp","contentUrl":"https:\/\/servimedcolombia.com\/wp-content\/uploads\/2026\/04\/2241.webp","width":1654,"height":1654},{"@type":"BreadcrumbList","@id":"https:\/\/servimedcolombia.com\/index.php\/producto\/autoclave-de-mesa-2340-ea-19l-con-impresora-110v\/#breadcrumb","itemListElement":[{"@type":"ListItem","position":1,"name":"Portada","item":"https:\/\/servimedcolombia.com\/"},{"@type":"ListItem","position":2,"name":"Tienda","item":"https:\/\/servimedcolombia.com\/index.php\/tienda\/"},{"@type":"ListItem","position":3,"name":"AUTOCLAVE DE MESA 2340 EA &#8211; 19L CON IMPRESORA 110V"}]},{"@type":"WebSite","@id":"https:\/\/servimedcolombia.com\/#website","url":"https:\/\/servimedcolombia.com\/","name":"Servimed Colombia","description":"","potentialAction":[{"@type":"SearchAction","target":{"@type":"EntryPoint","urlTemplate":"https:\/\/servimedcolombia.com\/?s={search_term_string}"},"query-input":{"@type":"PropertyValueSpecification","valueRequired":true,"valueName":"search_term_string"}}],"inLanguage":"es"}]}},"_links":{"self":[{"href":"https:\/\/servimedcolombia.com\/index.php\/wp-json\/wp\/v2\/product\/11739","targetHints":{"allow":["GET"]}}],"collection":[{"href":"https:\/\/servimedcolombia.com\/index.php\/wp-json\/wp\/v2\/product"}],"about":[{"href":"https:\/\/servimedcolombia.com\/index.php\/wp-json\/wp\/v2\/types\/product"}],"version-history":[{"count":1,"href":"https:\/\/servimedcolombia.com\/index.php\/wp-json\/wp\/v2\/product\/11739\/revisions"}],"predecessor-version":[{"id":12203,"href":"https:\/\/servimedcolombia.com\/index.php\/wp-json\/wp\/v2\/product\/11739\/revisions\/12203"}],"wp:featuredmedia":[{"embeddable":true,"href":"https:\/\/servimedcolombia.com\/index.php\/wp-json\/wp\/v2\/media\/11728"}],"wp:attachment":[{"href":"https:\/\/servimedcolombia.com\/index.php\/wp-json\/wp\/v2\/media?parent=11739"}],"wp:term":[{"taxonomy":"product_brand","embeddable":true,"href":"https:\/\/servimedcolombia.com\/index.php\/wp-json\/wp\/v2\/product_brand?post=11739"},{"taxonomy":"product_cat","embeddable":true,"href":"https:\/\/servimedcolombia.com\/index.php\/wp-json\/wp\/v2\/product_cat?post=11739"},{"taxonomy":"product_tag","embeddable":true,"href":"https:\/\/servimedcolombia.com\/index.php\/wp-json\/wp\/v2\/product_tag?post=11739"}],"curies":[{"name":"wp","href":"https:\/\/api.w.org\/{rel}","templated":true}]}}