{"id":11741,"date":"2024-08-30T20:08:41","date_gmt":"2024-08-31T01:08:41","guid":{"rendered":"https:\/\/servimedcolombia.com\/?post_type=product&#038;p=11741"},"modified":"2024-08-30T20:09:54","modified_gmt":"2024-08-31T01:09:54","slug":"carro-de-paro-en-abs-de-5-cajones","status":"publish","type":"product","link":"https:\/\/servimedcolombia.com\/index.php\/producto\/carro-de-paro-en-abs-de-5-cajones\/","title":{"rendered":"CARRO DE PARO EN ABS DE 5 CAJONES"},"content":{"rendered":"","protected":false},"excerpt":{"rendered":"<p>El <strong>Carro de Paro en ABS de 5 Cajones<\/strong> est\u00e1 dise\u00f1ado para ofrecer una soluci\u00f3n funcional y vers\u00e1til en situaciones de emergencia. Equipado con m\u00faltiples m\u00f3dulos y caracter\u00edsticas espec\u00edficas, proporciona un almacenamiento organizado y accesible para equipos m\u00e9dicos y de emergencia.<\/p>\n<h3>Caracter\u00edsticas<\/h3>\n<ul>\n<li><strong>M\u00f3dulos con Correderas en Aluminio:<\/strong>\n<ul>\n<li>2 cajones peque\u00f1os<\/li>\n<li>2 cajones medianos<\/li>\n<li>1 caj\u00f3n grande con bandejas extra\u00edbles y pesta\u00f1as para crear divisiones personalizadas<\/li>\n<\/ul>\n<\/li>\n<li><strong>Chapa de Seguridad:<\/strong> Bloquea los 5 m\u00f3dulos para mayor seguridad.<\/li>\n<li><strong>Bandeja Multiusos:<\/strong> Porta monitor o para otros usos diversos.<\/li>\n<li><strong>Bandeja Lateral Extra\u00edble:<\/strong> Proporciona espacio adicional seg\u00fan sea necesario.<\/li>\n<li><strong>Ruedas de 4&#8243;:<\/strong> Fabricadas en pl\u00e1stico ABS para f\u00e1cil movilidad.<\/li>\n<\/ul>\n<h3>Especificaciones T\u00e9cnicas<\/h3>\n<ul>\n<li><strong>Dimensiones Externas:<\/strong>\n<ul>\n<li><strong>Alto:<\/strong> 92 cm<\/li>\n<li><strong>Ancho:<\/strong> 65 cm<\/li>\n<li><strong>Largo:<\/strong> 45 cm<\/li>\n<li><em>Nota:<\/em> Las dimensiones no incluyen las canecas, el soporte de desfibrilador ni el soporte de bala de ox\u00edgeno.<\/li>\n<\/ul>\n<\/li>\n<li><strong>Tabla CPR:<\/strong> Incluida para facilitar las reanimaciones.<\/li>\n<li><strong>Correas para Bala de Ox\u00edgeno:<\/strong> Dise\u00f1adas para asegurar el cilindro de ox\u00edgeno.<\/li>\n<li><strong>Cable de Corriente:<\/strong> Permite habilitar una toma el\u00e9ctrica.<\/li>\n<li><strong>Atril Porta Suero:<\/strong> Equipado con 4 ganchos de altura ajustable.<\/li>\n<\/ul>\n<p><span style=\"color: #ff0000;\"><strong>Todos nuestros activos est\u00e1n sujetos a disponibilidad seg\u00fan inventario.\u00a0<\/strong><\/span><\/p>\n<p><span style=\"vertical-align: inherit;\"><span style=\"vertical-align: inherit;\"><span style=\"vertical-align: inherit;\"><span style=\"vertical-align: inherit;\"><span style=\"vertical-align: inherit;\"><span style=\"vertical-align: inherit;\">[njwa_button id=\"9888\"]<\/span><\/span><\/span><\/span><\/span><\/span><\/p>\n","protected":false},"featured_media":11724,"template":"","meta":{"rs_blank_template":"","rs_page_bg_color":"","slide_template_v7":""},"product_brand":[],"product_cat":[130],"product_tag":[],"class_list":{"0":"post-11741","1":"product","2":"type-product","3":"status-publish","4":"has-post-thumbnail","6":"product_cat-mobiliario-hospitalario","8":"first","9":"instock","10":"shipping-taxable","11":"product-type-simple"},"yoast_head":"<!-- This site is optimized with the Yoast SEO plugin v27.4 - https:\/\/yoast.com\/product\/yoast-seo-wordpress\/ -->\n<title>CARRO DE PARO EN ABS DE 5 CAJONES - Servimed Colombia<\/title>\n<meta name=\"robots\" content=\"index, follow, max-snippet:-1, max-image-preview:large, max-video-preview:-1\" \/>\n<link rel=\"canonical\" href=\"https:\/\/servimedcolombia.com\/index.php\/producto\/carro-de-paro-en-abs-de-5-cajones\/\" \/>\n<meta property=\"og:locale\" content=\"es_ES\" \/>\n<meta property=\"og:type\" content=\"article\" \/>\n<meta property=\"og:title\" content=\"CARRO DE PARO EN ABS DE 5 CAJONES - Servimed Colombia\" \/>\n<meta property=\"og:description\" content=\"El Carro de Paro en ABS de 5 Cajones est\u00e1 dise\u00f1ado para ofrecer una soluci\u00f3n funcional y vers\u00e1til en situaciones de emergencia. Equipado con m\u00faltiples m\u00f3dulos y caracter\u00edsticas espec\u00edficas, proporciona un almacenamiento organizado y accesible para equipos m\u00e9dicos y de emergencia. Caracter\u00edsticas   M\u00f3dulos con Correderas en Aluminio:   2 cajones peque\u00f1os  2 cajones medianos  1 caj\u00f3n grande con bandejas extra\u00edbles y pesta\u00f1as para crear divisiones personalizadas    Chapa de Seguridad: Bloquea los 5 m\u00f3dulos para mayor seguridad.  Bandeja Multiusos: Porta monitor o para otros usos diversos.  Bandeja Lateral Extra\u00edble: Proporciona espacio adicional seg\u00fan sea necesario.  Ruedas de 4&quot;: Fabricadas en pl\u00e1stico ABS para f\u00e1cil movilidad.  Especificaciones T\u00e9cnicas   Dimensiones Externas:   Alto: 92 cm  Ancho: 65 cm  Largo: 45 cm  Nota: Las dimensiones no incluyen las canecas, el soporte de desfibrilador ni el soporte de bala de ox\u00edgeno.    Tabla CPR: Incluida para facilitar las reanimaciones.  Correas para Bala de Ox\u00edgeno: Dise\u00f1adas para asegurar el cilindro de ox\u00edgeno.  Cable de Corriente: Permite habilitar una toma el\u00e9ctrica.  Atril Porta Suero: Equipado con 4 ganchos de altura ajustable.  Todos nuestros activos est\u00e1n sujetos a disponibilidad seg\u00fan inventario.\u00a0\" \/>\n<meta property=\"og:url\" content=\"https:\/\/servimedcolombia.com\/index.php\/producto\/carro-de-paro-en-abs-de-5-cajones\/\" \/>\n<meta property=\"og:site_name\" content=\"Servimed Colombia\" \/>\n<meta property=\"article:modified_time\" content=\"2024-08-31T01:09:54+00:00\" \/>\n<meta property=\"og:image\" content=\"https:\/\/servimedcolombia.com\/wp-content\/uploads\/2024\/08\/225.jpg\" \/>\n\t<meta property=\"og:image:width\" content=\"1654\" \/>\n\t<meta property=\"og:image:height\" content=\"1654\" \/>\n\t<meta property=\"og:image:type\" content=\"image\/jpeg\" \/>\n<meta name=\"twitter:card\" content=\"summary_large_image\" \/>\n<meta name=\"twitter:label1\" content=\"Tiempo de lectura\" \/>\n\t<meta name=\"twitter:data1\" content=\"1 minuto\" \/>\n<script type=\"application\/ld+json\" class=\"yoast-schema-graph\">{\"@context\":\"https:\\\/\\\/schema.org\",\"@graph\":[{\"@type\":\"WebPage\",\"@id\":\"https:\\\/\\\/servimedcolombia.com\\\/index.php\\\/producto\\\/carro-de-paro-en-abs-de-5-cajones\\\/\",\"url\":\"https:\\\/\\\/servimedcolombia.com\\\/index.php\\\/producto\\\/carro-de-paro-en-abs-de-5-cajones\\\/\",\"name\":\"CARRO DE PARO EN ABS DE 5 CAJONES - Servimed Colombia\",\"isPartOf\":{\"@id\":\"https:\\\/\\\/servimedcolombia.com\\\/#website\"},\"primaryImageOfPage\":{\"@id\":\"https:\\\/\\\/servimedcolombia.com\\\/index.php\\\/producto\\\/carro-de-paro-en-abs-de-5-cajones\\\/#primaryimage\"},\"image\":{\"@id\":\"https:\\\/\\\/servimedcolombia.com\\\/index.php\\\/producto\\\/carro-de-paro-en-abs-de-5-cajones\\\/#primaryimage\"},\"thumbnailUrl\":\"https:\\\/\\\/servimedcolombia.com\\\/wp-content\\\/uploads\\\/2026\\\/04\\\/225.webp\",\"datePublished\":\"2024-08-31T01:08:41+00:00\",\"dateModified\":\"2024-08-31T01:09:54+00:00\",\"breadcrumb\":{\"@id\":\"https:\\\/\\\/servimedcolombia.com\\\/index.php\\\/producto\\\/carro-de-paro-en-abs-de-5-cajones\\\/#breadcrumb\"},\"inLanguage\":\"es\",\"potentialAction\":[{\"@type\":\"ReadAction\",\"target\":[\"https:\\\/\\\/servimedcolombia.com\\\/index.php\\\/producto\\\/carro-de-paro-en-abs-de-5-cajones\\\/\"]}]},{\"@type\":\"ImageObject\",\"inLanguage\":\"es\",\"@id\":\"https:\\\/\\\/servimedcolombia.com\\\/index.php\\\/producto\\\/carro-de-paro-en-abs-de-5-cajones\\\/#primaryimage\",\"url\":\"https:\\\/\\\/servimedcolombia.com\\\/wp-content\\\/uploads\\\/2026\\\/04\\\/225.webp\",\"contentUrl\":\"https:\\\/\\\/servimedcolombia.com\\\/wp-content\\\/uploads\\\/2026\\\/04\\\/225.webp\",\"width\":1654,\"height\":1654},{\"@type\":\"BreadcrumbList\",\"@id\":\"https:\\\/\\\/servimedcolombia.com\\\/index.php\\\/producto\\\/carro-de-paro-en-abs-de-5-cajones\\\/#breadcrumb\",\"itemListElement\":[{\"@type\":\"ListItem\",\"position\":1,\"name\":\"Portada\",\"item\":\"https:\\\/\\\/servimedcolombia.com\\\/\"},{\"@type\":\"ListItem\",\"position\":2,\"name\":\"Tienda\",\"item\":\"https:\\\/\\\/servimedcolombia.com\\\/index.php\\\/tienda\\\/\"},{\"@type\":\"ListItem\",\"position\":3,\"name\":\"CARRO DE PARO EN ABS DE 5 CAJONES\"}]},{\"@type\":\"WebSite\",\"@id\":\"https:\\\/\\\/servimedcolombia.com\\\/#website\",\"url\":\"https:\\\/\\\/servimedcolombia.com\\\/\",\"name\":\"Servimed Colombia\",\"description\":\"\",\"potentialAction\":[{\"@type\":\"SearchAction\",\"target\":{\"@type\":\"EntryPoint\",\"urlTemplate\":\"https:\\\/\\\/servimedcolombia.com\\\/?s={search_term_string}\"},\"query-input\":{\"@type\":\"PropertyValueSpecification\",\"valueRequired\":true,\"valueName\":\"search_term_string\"}}],\"inLanguage\":\"es\"}]}<\/script>\n<!-- \/ Yoast SEO plugin. -->","yoast_head_json":{"title":"CARRO DE PARO EN ABS DE 5 CAJONES - Servimed Colombia","robots":{"index":"index","follow":"follow","max-snippet":"max-snippet:-1","max-image-preview":"max-image-preview:large","max-video-preview":"max-video-preview:-1"},"canonical":"https:\/\/servimedcolombia.com\/index.php\/producto\/carro-de-paro-en-abs-de-5-cajones\/","og_locale":"es_ES","og_type":"article","og_title":"CARRO DE PARO EN ABS DE 5 CAJONES - Servimed Colombia","og_description":"El Carro de Paro en ABS de 5 Cajones est\u00e1 dise\u00f1ado para ofrecer una soluci\u00f3n funcional y vers\u00e1til en situaciones de emergencia. Equipado con m\u00faltiples m\u00f3dulos y caracter\u00edsticas espec\u00edficas, proporciona un almacenamiento organizado y accesible para equipos m\u00e9dicos y de emergencia. Caracter\u00edsticas   M\u00f3dulos con Correderas en Aluminio:   2 cajones peque\u00f1os  2 cajones medianos  1 caj\u00f3n grande con bandejas extra\u00edbles y pesta\u00f1as para crear divisiones personalizadas    Chapa de Seguridad: Bloquea los 5 m\u00f3dulos para mayor seguridad.  Bandeja Multiusos: Porta monitor o para otros usos diversos.  Bandeja Lateral Extra\u00edble: Proporciona espacio adicional seg\u00fan sea necesario.  Ruedas de 4\": Fabricadas en pl\u00e1stico ABS para f\u00e1cil movilidad.  Especificaciones T\u00e9cnicas   Dimensiones Externas:   Alto: 92 cm  Ancho: 65 cm  Largo: 45 cm  Nota: Las dimensiones no incluyen las canecas, el soporte de desfibrilador ni el soporte de bala de ox\u00edgeno.    Tabla CPR: Incluida para facilitar las reanimaciones.  Correas para Bala de Ox\u00edgeno: Dise\u00f1adas para asegurar el cilindro de ox\u00edgeno.  Cable de Corriente: Permite habilitar una toma el\u00e9ctrica.  Atril Porta Suero: Equipado con 4 ganchos de altura ajustable.  Todos nuestros activos est\u00e1n sujetos a disponibilidad seg\u00fan inventario.\u00a0","og_url":"https:\/\/servimedcolombia.com\/index.php\/producto\/carro-de-paro-en-abs-de-5-cajones\/","og_site_name":"Servimed Colombia","article_modified_time":"2024-08-31T01:09:54+00:00","og_image":[{"width":1654,"height":1654,"url":"https:\/\/servimedcolombia.com\/wp-content\/uploads\/2024\/08\/225.jpg","type":"image\/jpeg"}],"twitter_card":"summary_large_image","twitter_misc":{"Tiempo de lectura":"1 minuto"},"schema":{"@context":"https:\/\/schema.org","@graph":[{"@type":"WebPage","@id":"https:\/\/servimedcolombia.com\/index.php\/producto\/carro-de-paro-en-abs-de-5-cajones\/","url":"https:\/\/servimedcolombia.com\/index.php\/producto\/carro-de-paro-en-abs-de-5-cajones\/","name":"CARRO DE PARO EN ABS DE 5 CAJONES - Servimed Colombia","isPartOf":{"@id":"https:\/\/servimedcolombia.com\/#website"},"primaryImageOfPage":{"@id":"https:\/\/servimedcolombia.com\/index.php\/producto\/carro-de-paro-en-abs-de-5-cajones\/#primaryimage"},"image":{"@id":"https:\/\/servimedcolombia.com\/index.php\/producto\/carro-de-paro-en-abs-de-5-cajones\/#primaryimage"},"thumbnailUrl":"https:\/\/servimedcolombia.com\/wp-content\/uploads\/2026\/04\/225.webp","datePublished":"2024-08-31T01:08:41+00:00","dateModified":"2024-08-31T01:09:54+00:00","breadcrumb":{"@id":"https:\/\/servimedcolombia.com\/index.php\/producto\/carro-de-paro-en-abs-de-5-cajones\/#breadcrumb"},"inLanguage":"es","potentialAction":[{"@type":"ReadAction","target":["https:\/\/servimedcolombia.com\/index.php\/producto\/carro-de-paro-en-abs-de-5-cajones\/"]}]},{"@type":"ImageObject","inLanguage":"es","@id":"https:\/\/servimedcolombia.com\/index.php\/producto\/carro-de-paro-en-abs-de-5-cajones\/#primaryimage","url":"https:\/\/servimedcolombia.com\/wp-content\/uploads\/2026\/04\/225.webp","contentUrl":"https:\/\/servimedcolombia.com\/wp-content\/uploads\/2026\/04\/225.webp","width":1654,"height":1654},{"@type":"BreadcrumbList","@id":"https:\/\/servimedcolombia.com\/index.php\/producto\/carro-de-paro-en-abs-de-5-cajones\/#breadcrumb","itemListElement":[{"@type":"ListItem","position":1,"name":"Portada","item":"https:\/\/servimedcolombia.com\/"},{"@type":"ListItem","position":2,"name":"Tienda","item":"https:\/\/servimedcolombia.com\/index.php\/tienda\/"},{"@type":"ListItem","position":3,"name":"CARRO DE PARO EN ABS DE 5 CAJONES"}]},{"@type":"WebSite","@id":"https:\/\/servimedcolombia.com\/#website","url":"https:\/\/servimedcolombia.com\/","name":"Servimed Colombia","description":"","potentialAction":[{"@type":"SearchAction","target":{"@type":"EntryPoint","urlTemplate":"https:\/\/servimedcolombia.com\/?s={search_term_string}"},"query-input":{"@type":"PropertyValueSpecification","valueRequired":true,"valueName":"search_term_string"}}],"inLanguage":"es"}]}},"_links":{"self":[{"href":"https:\/\/servimedcolombia.com\/index.php\/wp-json\/wp\/v2\/product\/11741","targetHints":{"allow":["GET"]}}],"collection":[{"href":"https:\/\/servimedcolombia.com\/index.php\/wp-json\/wp\/v2\/product"}],"about":[{"href":"https:\/\/servimedcolombia.com\/index.php\/wp-json\/wp\/v2\/types\/product"}],"version-history":[{"count":0,"href":"https:\/\/servimedcolombia.com\/index.php\/wp-json\/wp\/v2\/product\/11741\/revisions"}],"wp:featuredmedia":[{"embeddable":true,"href":"https:\/\/servimedcolombia.com\/index.php\/wp-json\/wp\/v2\/media\/11724"}],"wp:attachment":[{"href":"https:\/\/servimedcolombia.com\/index.php\/wp-json\/wp\/v2\/media?parent=11741"}],"wp:term":[{"taxonomy":"product_brand","embeddable":true,"href":"https:\/\/servimedcolombia.com\/index.php\/wp-json\/wp\/v2\/product_brand?post=11741"},{"taxonomy":"product_cat","embeddable":true,"href":"https:\/\/servimedcolombia.com\/index.php\/wp-json\/wp\/v2\/product_cat?post=11741"},{"taxonomy":"product_tag","embeddable":true,"href":"https:\/\/servimedcolombia.com\/index.php\/wp-json\/wp\/v2\/product_tag?post=11741"}],"curies":[{"name":"wp","href":"https:\/\/api.w.org\/{rel}","templated":true}]}}