{"id":11791,"date":"2024-09-17T18:39:40","date_gmt":"2024-09-17T23:39:40","guid":{"rendered":"https:\/\/servimedcolombia.com\/?post_type=product&#038;p=11791"},"modified":"2024-09-17T19:25:18","modified_gmt":"2024-09-18T00:25:18","slug":"gafas-de-seguridad","status":"publish","type":"product","link":"https:\/\/servimedcolombia.com\/index.php\/producto\/gafas-de-seguridad\/","title":{"rendered":"GAFAS DE SEGURIDAD"},"content":{"rendered":"","protected":false},"excerpt":{"rendered":"<p>Estas gafas de seguridad ofrecen una protecci\u00f3n completa para tus ojos frente a salpicaduras, impactos potenciales y rayos UV. Son ideales para quienes trabajan en entornos donde la exposici\u00f3n a riesgos visuales es frecuente. Con un dise\u00f1o ajustable en profundidad para un ajuste personalizado, lentes de policarbonato resistentes a los ara\u00f1azos y una protecci\u00f3n UV del 99.9%, garantizan una visi\u00f3n clara y segura en todo momento.<\/p>\n<p><strong>CARACTER\u00cdSTICAS<\/strong><\/p>\n<ul>\n<li><strong>Ajustables en profundidad:<\/strong> Para un ajuste c\u00f3modo y personalizado.<\/li>\n<li><strong>Lentes de policarbonato:<\/strong> Ofrecen resistencia y durabilidad excepcionales.<\/li>\n<li><strong>Lente anti rasgu\u00f1os:<\/strong> Mantiene la claridad visual prolongada.<\/li>\n<li><strong>Protecci\u00f3n UV 99.9%:<\/strong> Bloquea la mayor\u00eda de los rayos ultravioleta para una protecci\u00f3n \u00f3ptima.<\/li>\n<\/ul>\n<p><span style=\"color: #ff0000;\"><strong>Todos nuestros activos est\u00e1n sujetos a disponibilidad seg\u00fan inventario.\u00a0<\/strong><\/span><\/p>\n<p><span style=\"vertical-align: inherit;\"><span style=\"vertical-align: inherit;\"><span style=\"vertical-align: inherit;\"><span style=\"vertical-align: inherit;\"><span style=\"vertical-align: inherit;\"><span style=\"vertical-align: inherit;\">[njwa_button id=\"9888\"]<\/span><\/span><\/span><\/span><\/span><\/span><\/p>\n","protected":false},"featured_media":11787,"template":"","meta":{"rs_blank_template":"","rs_page_bg_color":"","slide_template_v7":""},"product_brand":[],"product_cat":[166],"product_tag":[],"class_list":{"0":"post-11791","1":"product","2":"type-product","3":"status-publish","4":"has-post-thumbnail","6":"product_cat-linea-de-diagnostico-y-profesionales-de-la-salud","8":"first","9":"instock","10":"shipping-taxable","11":"product-type-simple"},"yoast_head":"<!-- This site is optimized with the Yoast SEO plugin v27.5 - https:\/\/yoast.com\/product\/yoast-seo-wordpress\/ -->\n<title>GAFAS DE SEGURIDAD - Servimed Colombia<\/title>\n<meta name=\"robots\" content=\"index, follow, max-snippet:-1, max-image-preview:large, max-video-preview:-1\" \/>\n<link rel=\"canonical\" href=\"https:\/\/servimedcolombia.com\/index.php\/producto\/gafas-de-seguridad\/\" \/>\n<meta property=\"og:locale\" content=\"es_ES\" \/>\n<meta property=\"og:type\" content=\"article\" \/>\n<meta property=\"og:title\" content=\"GAFAS DE SEGURIDAD - Servimed Colombia\" \/>\n<meta property=\"og:description\" content=\"Estas gafas de seguridad ofrecen una protecci\u00f3n completa para tus ojos frente a salpicaduras, impactos potenciales y rayos UV. Son ideales para quienes trabajan en entornos donde la exposici\u00f3n a riesgos visuales es frecuente. Con un dise\u00f1o ajustable en profundidad para un ajuste personalizado, lentes de policarbonato resistentes a los ara\u00f1azos y una protecci\u00f3n UV del 99.9%, garantizan una visi\u00f3n clara y segura en todo momento.  CARACTER\u00cdSTICAS   Ajustables en profundidad: Para un ajuste c\u00f3modo y personalizado.  Lentes de policarbonato: Ofrecen resistencia y durabilidad excepcionales.  Lente anti rasgu\u00f1os: Mantiene la claridad visual prolongada.  Protecci\u00f3n UV 99.9%: Bloquea la mayor\u00eda de los rayos ultravioleta para una protecci\u00f3n \u00f3ptima.  Todos nuestros activos est\u00e1n sujetos a disponibilidad seg\u00fan inventario.\u00a0\" \/>\n<meta property=\"og:url\" content=\"https:\/\/servimedcolombia.com\/index.php\/producto\/gafas-de-seguridad\/\" \/>\n<meta property=\"og:site_name\" content=\"Servimed Colombia\" \/>\n<meta property=\"article:modified_time\" content=\"2024-09-18T00:25:18+00:00\" \/>\n<meta property=\"og:image\" content=\"https:\/\/servimedcolombia.com\/wp-content\/uploads\/2024\/09\/238.jpg\" \/>\n\t<meta property=\"og:image:width\" content=\"1654\" \/>\n\t<meta property=\"og:image:height\" content=\"1654\" \/>\n\t<meta property=\"og:image:type\" content=\"image\/jpeg\" \/>\n<meta name=\"twitter:card\" content=\"summary_large_image\" \/>\n<meta name=\"twitter:label1\" content=\"Tiempo de lectura\" \/>\n\t<meta name=\"twitter:data1\" content=\"1 minuto\" \/>\n<script type=\"application\/ld+json\" class=\"yoast-schema-graph\">{\"@context\":\"https:\\\/\\\/schema.org\",\"@graph\":[{\"@type\":\"WebPage\",\"@id\":\"https:\\\/\\\/servimedcolombia.com\\\/index.php\\\/producto\\\/gafas-de-seguridad\\\/\",\"url\":\"https:\\\/\\\/servimedcolombia.com\\\/index.php\\\/producto\\\/gafas-de-seguridad\\\/\",\"name\":\"GAFAS DE SEGURIDAD - Servimed Colombia\",\"isPartOf\":{\"@id\":\"https:\\\/\\\/servimedcolombia.com\\\/#website\"},\"primaryImageOfPage\":{\"@id\":\"https:\\\/\\\/servimedcolombia.com\\\/index.php\\\/producto\\\/gafas-de-seguridad\\\/#primaryimage\"},\"image\":{\"@id\":\"https:\\\/\\\/servimedcolombia.com\\\/index.php\\\/producto\\\/gafas-de-seguridad\\\/#primaryimage\"},\"thumbnailUrl\":\"https:\\\/\\\/servimedcolombia.com\\\/wp-content\\\/uploads\\\/2026\\\/04\\\/238.webp\",\"datePublished\":\"2024-09-17T23:39:40+00:00\",\"dateModified\":\"2024-09-18T00:25:18+00:00\",\"breadcrumb\":{\"@id\":\"https:\\\/\\\/servimedcolombia.com\\\/index.php\\\/producto\\\/gafas-de-seguridad\\\/#breadcrumb\"},\"inLanguage\":\"es\",\"potentialAction\":[{\"@type\":\"ReadAction\",\"target\":[\"https:\\\/\\\/servimedcolombia.com\\\/index.php\\\/producto\\\/gafas-de-seguridad\\\/\"]}]},{\"@type\":\"ImageObject\",\"inLanguage\":\"es\",\"@id\":\"https:\\\/\\\/servimedcolombia.com\\\/index.php\\\/producto\\\/gafas-de-seguridad\\\/#primaryimage\",\"url\":\"https:\\\/\\\/servimedcolombia.com\\\/wp-content\\\/uploads\\\/2026\\\/04\\\/238.webp\",\"contentUrl\":\"https:\\\/\\\/servimedcolombia.com\\\/wp-content\\\/uploads\\\/2026\\\/04\\\/238.webp\",\"width\":1654,\"height\":1654},{\"@type\":\"BreadcrumbList\",\"@id\":\"https:\\\/\\\/servimedcolombia.com\\\/index.php\\\/producto\\\/gafas-de-seguridad\\\/#breadcrumb\",\"itemListElement\":[{\"@type\":\"ListItem\",\"position\":1,\"name\":\"Portada\",\"item\":\"https:\\\/\\\/servimedcolombia.com\\\/\"},{\"@type\":\"ListItem\",\"position\":2,\"name\":\"Tienda\",\"item\":\"https:\\\/\\\/servimedcolombia.com\\\/index.php\\\/tienda\\\/\"},{\"@type\":\"ListItem\",\"position\":3,\"name\":\"GAFAS DE SEGURIDAD\"}]},{\"@type\":\"WebSite\",\"@id\":\"https:\\\/\\\/servimedcolombia.com\\\/#website\",\"url\":\"https:\\\/\\\/servimedcolombia.com\\\/\",\"name\":\"Servimed Colombia\",\"description\":\"\",\"potentialAction\":[{\"@type\":\"SearchAction\",\"target\":{\"@type\":\"EntryPoint\",\"urlTemplate\":\"https:\\\/\\\/servimedcolombia.com\\\/?s={search_term_string}\"},\"query-input\":{\"@type\":\"PropertyValueSpecification\",\"valueRequired\":true,\"valueName\":\"search_term_string\"}}],\"inLanguage\":\"es\"}]}<\/script>\n<!-- \/ Yoast SEO plugin. -->","yoast_head_json":{"title":"GAFAS DE SEGURIDAD - Servimed Colombia","robots":{"index":"index","follow":"follow","max-snippet":"max-snippet:-1","max-image-preview":"max-image-preview:large","max-video-preview":"max-video-preview:-1"},"canonical":"https:\/\/servimedcolombia.com\/index.php\/producto\/gafas-de-seguridad\/","og_locale":"es_ES","og_type":"article","og_title":"GAFAS DE SEGURIDAD - Servimed Colombia","og_description":"Estas gafas de seguridad ofrecen una protecci\u00f3n completa para tus ojos frente a salpicaduras, impactos potenciales y rayos UV. Son ideales para quienes trabajan en entornos donde la exposici\u00f3n a riesgos visuales es frecuente. Con un dise\u00f1o ajustable en profundidad para un ajuste personalizado, lentes de policarbonato resistentes a los ara\u00f1azos y una protecci\u00f3n UV del 99.9%, garantizan una visi\u00f3n clara y segura en todo momento.  CARACTER\u00cdSTICAS   Ajustables en profundidad: Para un ajuste c\u00f3modo y personalizado.  Lentes de policarbonato: Ofrecen resistencia y durabilidad excepcionales.  Lente anti rasgu\u00f1os: Mantiene la claridad visual prolongada.  Protecci\u00f3n UV 99.9%: Bloquea la mayor\u00eda de los rayos ultravioleta para una protecci\u00f3n \u00f3ptima.  Todos nuestros activos est\u00e1n sujetos a disponibilidad seg\u00fan inventario.\u00a0","og_url":"https:\/\/servimedcolombia.com\/index.php\/producto\/gafas-de-seguridad\/","og_site_name":"Servimed Colombia","article_modified_time":"2024-09-18T00:25:18+00:00","og_image":[{"width":1654,"height":1654,"url":"https:\/\/servimedcolombia.com\/wp-content\/uploads\/2024\/09\/238.jpg","type":"image\/jpeg"}],"twitter_card":"summary_large_image","twitter_misc":{"Tiempo de lectura":"1 minuto"},"schema":{"@context":"https:\/\/schema.org","@graph":[{"@type":"WebPage","@id":"https:\/\/servimedcolombia.com\/index.php\/producto\/gafas-de-seguridad\/","url":"https:\/\/servimedcolombia.com\/index.php\/producto\/gafas-de-seguridad\/","name":"GAFAS DE SEGURIDAD - Servimed Colombia","isPartOf":{"@id":"https:\/\/servimedcolombia.com\/#website"},"primaryImageOfPage":{"@id":"https:\/\/servimedcolombia.com\/index.php\/producto\/gafas-de-seguridad\/#primaryimage"},"image":{"@id":"https:\/\/servimedcolombia.com\/index.php\/producto\/gafas-de-seguridad\/#primaryimage"},"thumbnailUrl":"https:\/\/servimedcolombia.com\/wp-content\/uploads\/2026\/04\/238.webp","datePublished":"2024-09-17T23:39:40+00:00","dateModified":"2024-09-18T00:25:18+00:00","breadcrumb":{"@id":"https:\/\/servimedcolombia.com\/index.php\/producto\/gafas-de-seguridad\/#breadcrumb"},"inLanguage":"es","potentialAction":[{"@type":"ReadAction","target":["https:\/\/servimedcolombia.com\/index.php\/producto\/gafas-de-seguridad\/"]}]},{"@type":"ImageObject","inLanguage":"es","@id":"https:\/\/servimedcolombia.com\/index.php\/producto\/gafas-de-seguridad\/#primaryimage","url":"https:\/\/servimedcolombia.com\/wp-content\/uploads\/2026\/04\/238.webp","contentUrl":"https:\/\/servimedcolombia.com\/wp-content\/uploads\/2026\/04\/238.webp","width":1654,"height":1654},{"@type":"BreadcrumbList","@id":"https:\/\/servimedcolombia.com\/index.php\/producto\/gafas-de-seguridad\/#breadcrumb","itemListElement":[{"@type":"ListItem","position":1,"name":"Portada","item":"https:\/\/servimedcolombia.com\/"},{"@type":"ListItem","position":2,"name":"Tienda","item":"https:\/\/servimedcolombia.com\/index.php\/tienda\/"},{"@type":"ListItem","position":3,"name":"GAFAS DE SEGURIDAD"}]},{"@type":"WebSite","@id":"https:\/\/servimedcolombia.com\/#website","url":"https:\/\/servimedcolombia.com\/","name":"Servimed Colombia","description":"","potentialAction":[{"@type":"SearchAction","target":{"@type":"EntryPoint","urlTemplate":"https:\/\/servimedcolombia.com\/?s={search_term_string}"},"query-input":{"@type":"PropertyValueSpecification","valueRequired":true,"valueName":"search_term_string"}}],"inLanguage":"es"}]}},"_links":{"self":[{"href":"https:\/\/servimedcolombia.com\/index.php\/wp-json\/wp\/v2\/product\/11791","targetHints":{"allow":["GET"]}}],"collection":[{"href":"https:\/\/servimedcolombia.com\/index.php\/wp-json\/wp\/v2\/product"}],"about":[{"href":"https:\/\/servimedcolombia.com\/index.php\/wp-json\/wp\/v2\/types\/product"}],"version-history":[{"count":0,"href":"https:\/\/servimedcolombia.com\/index.php\/wp-json\/wp\/v2\/product\/11791\/revisions"}],"wp:featuredmedia":[{"embeddable":true,"href":"https:\/\/servimedcolombia.com\/index.php\/wp-json\/wp\/v2\/media\/11787"}],"wp:attachment":[{"href":"https:\/\/servimedcolombia.com\/index.php\/wp-json\/wp\/v2\/media?parent=11791"}],"wp:term":[{"taxonomy":"product_brand","embeddable":true,"href":"https:\/\/servimedcolombia.com\/index.php\/wp-json\/wp\/v2\/product_brand?post=11791"},{"taxonomy":"product_cat","embeddable":true,"href":"https:\/\/servimedcolombia.com\/index.php\/wp-json\/wp\/v2\/product_cat?post=11791"},{"taxonomy":"product_tag","embeddable":true,"href":"https:\/\/servimedcolombia.com\/index.php\/wp-json\/wp\/v2\/product_tag?post=11791"}],"curies":[{"name":"wp","href":"https:\/\/api.w.org\/{rel}","templated":true}]}}