{"id":11810,"date":"2024-09-17T21:23:41","date_gmt":"2024-09-18T02:23:41","guid":{"rendered":"https:\/\/servimedcolombia.com\/?post_type=product&#038;p=11810"},"modified":"2024-09-17T21:24:25","modified_gmt":"2024-09-18T02:24:25","slug":"papel-para-electrocardiografo-edan","status":"publish","type":"product","link":"https:\/\/servimedcolombia.com\/index.php\/producto\/papel-para-electrocardiografo-edan\/","title":{"rendered":"PAPEL PARA ELECTROCARDIOGR\u00c1FO EDAN"},"content":{"rendered":"","protected":false},"excerpt":{"rendered":"<p>Papel especialmente dise\u00f1ado para electrocardi\u00f3grafos EDAN, compatible con modelos EDAN SE 6 y EDAN SE 601A-C. Este papel garantiza la calidad y precisi\u00f3n en la impresi\u00f3n de los registros electrocardiogr\u00e1ficos, asegurando una lectura clara y fiable de los datos.<\/p>\n<p><strong>DIMENSIONES<\/strong><\/p>\n<ul>\n<li><strong>Tama\u00f1o del Papel:<\/strong> 110 x 140 mm<\/li>\n<\/ul>\n<p><strong>COMPATIBILIDAD<\/strong><\/p>\n<ul>\n<li><strong>Modelos Compatibles:<\/strong> EDAN SE 6, EDAN SE 601A-C<\/li>\n<\/ul>\n<p><span style=\"color: #ff0000;\"><strong>Todos nuestros activos est\u00e1n sujetos a disponibilidad seg\u00fan inventario.\u00a0<\/strong><\/span><\/p>\n<p><span style=\"vertical-align: inherit;\"><span style=\"vertical-align: inherit;\"><span style=\"vertical-align: inherit;\"><span style=\"vertical-align: inherit;\"><span style=\"vertical-align: inherit;\"><span style=\"vertical-align: inherit;\">[njwa_button id=\"9888\"]<\/span><\/span><\/span><\/span><\/span><\/span><\/p>\n","protected":false},"featured_media":11811,"template":"","meta":{"rs_blank_template":"","rs_page_bg_color":"","slide_template_v7":""},"product_brand":[],"product_cat":[123],"product_tag":[],"class_list":{"0":"post-11810","1":"product","2":"type-product","3":"status-publish","4":"has-post-thumbnail","6":"product_cat-electrocardiografos-y-accesorios","8":"first","9":"instock","10":"shipping-taxable","11":"product-type-simple"},"yoast_head":"<!-- This site is optimized with the Yoast SEO plugin v27.4 - https:\/\/yoast.com\/product\/yoast-seo-wordpress\/ -->\n<title>PAPEL PARA ELECTROCARDIOGR\u00c1FO EDAN - Servimed Colombia<\/title>\n<meta name=\"robots\" content=\"index, follow, max-snippet:-1, max-image-preview:large, max-video-preview:-1\" \/>\n<link rel=\"canonical\" href=\"https:\/\/servimedcolombia.com\/index.php\/producto\/papel-para-electrocardiografo-edan\/\" \/>\n<meta property=\"og:locale\" content=\"es_ES\" \/>\n<meta property=\"og:type\" content=\"article\" \/>\n<meta property=\"og:title\" content=\"PAPEL PARA ELECTROCARDIOGR\u00c1FO EDAN - Servimed Colombia\" \/>\n<meta property=\"og:description\" content=\"Papel especialmente dise\u00f1ado para electrocardi\u00f3grafos EDAN, compatible con modelos EDAN SE 6 y EDAN SE 601A-C. Este papel garantiza la calidad y precisi\u00f3n en la impresi\u00f3n de los registros electrocardiogr\u00e1ficos, asegurando una lectura clara y fiable de los datos.  DIMENSIONES   Tama\u00f1o del Papel: 110 x 140 mm  COMPATIBILIDAD   Modelos Compatibles: EDAN SE 6, EDAN SE 601A-C  Todos nuestros activos est\u00e1n sujetos a disponibilidad seg\u00fan inventario.\u00a0\" \/>\n<meta property=\"og:url\" content=\"https:\/\/servimedcolombia.com\/index.php\/producto\/papel-para-electrocardiografo-edan\/\" \/>\n<meta property=\"og:site_name\" content=\"Servimed Colombia\" \/>\n<meta property=\"article:modified_time\" content=\"2024-09-18T02:24:25+00:00\" \/>\n<meta property=\"og:image\" content=\"https:\/\/servimedcolombia.com\/wp-content\/uploads\/2024\/09\/243.jpg\" \/>\n\t<meta property=\"og:image:width\" content=\"1654\" \/>\n\t<meta property=\"og:image:height\" content=\"1654\" \/>\n\t<meta property=\"og:image:type\" content=\"image\/jpeg\" \/>\n<meta name=\"twitter:card\" content=\"summary_large_image\" \/>\n<meta name=\"twitter:label1\" content=\"Tiempo de lectura\" \/>\n\t<meta name=\"twitter:data1\" content=\"1 minuto\" \/>\n<script type=\"application\/ld+json\" class=\"yoast-schema-graph\">{\"@context\":\"https:\\\/\\\/schema.org\",\"@graph\":[{\"@type\":\"WebPage\",\"@id\":\"https:\\\/\\\/servimedcolombia.com\\\/index.php\\\/producto\\\/papel-para-electrocardiografo-edan\\\/\",\"url\":\"https:\\\/\\\/servimedcolombia.com\\\/index.php\\\/producto\\\/papel-para-electrocardiografo-edan\\\/\",\"name\":\"PAPEL PARA ELECTROCARDIOGR\u00c1FO EDAN - Servimed Colombia\",\"isPartOf\":{\"@id\":\"https:\\\/\\\/servimedcolombia.com\\\/#website\"},\"primaryImageOfPage\":{\"@id\":\"https:\\\/\\\/servimedcolombia.com\\\/index.php\\\/producto\\\/papel-para-electrocardiografo-edan\\\/#primaryimage\"},\"image\":{\"@id\":\"https:\\\/\\\/servimedcolombia.com\\\/index.php\\\/producto\\\/papel-para-electrocardiografo-edan\\\/#primaryimage\"},\"thumbnailUrl\":\"https:\\\/\\\/servimedcolombia.com\\\/wp-content\\\/uploads\\\/2026\\\/04\\\/243.webp\",\"datePublished\":\"2024-09-18T02:23:41+00:00\",\"dateModified\":\"2024-09-18T02:24:25+00:00\",\"breadcrumb\":{\"@id\":\"https:\\\/\\\/servimedcolombia.com\\\/index.php\\\/producto\\\/papel-para-electrocardiografo-edan\\\/#breadcrumb\"},\"inLanguage\":\"es\",\"potentialAction\":[{\"@type\":\"ReadAction\",\"target\":[\"https:\\\/\\\/servimedcolombia.com\\\/index.php\\\/producto\\\/papel-para-electrocardiografo-edan\\\/\"]}]},{\"@type\":\"ImageObject\",\"inLanguage\":\"es\",\"@id\":\"https:\\\/\\\/servimedcolombia.com\\\/index.php\\\/producto\\\/papel-para-electrocardiografo-edan\\\/#primaryimage\",\"url\":\"https:\\\/\\\/servimedcolombia.com\\\/wp-content\\\/uploads\\\/2026\\\/04\\\/243.webp\",\"contentUrl\":\"https:\\\/\\\/servimedcolombia.com\\\/wp-content\\\/uploads\\\/2026\\\/04\\\/243.webp\",\"width\":1654,\"height\":1654},{\"@type\":\"BreadcrumbList\",\"@id\":\"https:\\\/\\\/servimedcolombia.com\\\/index.php\\\/producto\\\/papel-para-electrocardiografo-edan\\\/#breadcrumb\",\"itemListElement\":[{\"@type\":\"ListItem\",\"position\":1,\"name\":\"Portada\",\"item\":\"https:\\\/\\\/servimedcolombia.com\\\/\"},{\"@type\":\"ListItem\",\"position\":2,\"name\":\"Tienda\",\"item\":\"https:\\\/\\\/servimedcolombia.com\\\/index.php\\\/tienda\\\/\"},{\"@type\":\"ListItem\",\"position\":3,\"name\":\"PAPEL PARA ELECTROCARDIOGR\u00c1FO EDAN\"}]},{\"@type\":\"WebSite\",\"@id\":\"https:\\\/\\\/servimedcolombia.com\\\/#website\",\"url\":\"https:\\\/\\\/servimedcolombia.com\\\/\",\"name\":\"Servimed Colombia\",\"description\":\"\",\"potentialAction\":[{\"@type\":\"SearchAction\",\"target\":{\"@type\":\"EntryPoint\",\"urlTemplate\":\"https:\\\/\\\/servimedcolombia.com\\\/?s={search_term_string}\"},\"query-input\":{\"@type\":\"PropertyValueSpecification\",\"valueRequired\":true,\"valueName\":\"search_term_string\"}}],\"inLanguage\":\"es\"}]}<\/script>\n<!-- \/ Yoast SEO plugin. -->","yoast_head_json":{"title":"PAPEL PARA ELECTROCARDIOGR\u00c1FO EDAN - Servimed Colombia","robots":{"index":"index","follow":"follow","max-snippet":"max-snippet:-1","max-image-preview":"max-image-preview:large","max-video-preview":"max-video-preview:-1"},"canonical":"https:\/\/servimedcolombia.com\/index.php\/producto\/papel-para-electrocardiografo-edan\/","og_locale":"es_ES","og_type":"article","og_title":"PAPEL PARA ELECTROCARDIOGR\u00c1FO EDAN - Servimed Colombia","og_description":"Papel especialmente dise\u00f1ado para electrocardi\u00f3grafos EDAN, compatible con modelos EDAN SE 6 y EDAN SE 601A-C. Este papel garantiza la calidad y precisi\u00f3n en la impresi\u00f3n de los registros electrocardiogr\u00e1ficos, asegurando una lectura clara y fiable de los datos.  DIMENSIONES   Tama\u00f1o del Papel: 110 x 140 mm  COMPATIBILIDAD   Modelos Compatibles: EDAN SE 6, EDAN SE 601A-C  Todos nuestros activos est\u00e1n sujetos a disponibilidad seg\u00fan inventario.\u00a0","og_url":"https:\/\/servimedcolombia.com\/index.php\/producto\/papel-para-electrocardiografo-edan\/","og_site_name":"Servimed Colombia","article_modified_time":"2024-09-18T02:24:25+00:00","og_image":[{"width":1654,"height":1654,"url":"https:\/\/servimedcolombia.com\/wp-content\/uploads\/2024\/09\/243.jpg","type":"image\/jpeg"}],"twitter_card":"summary_large_image","twitter_misc":{"Tiempo de lectura":"1 minuto"},"schema":{"@context":"https:\/\/schema.org","@graph":[{"@type":"WebPage","@id":"https:\/\/servimedcolombia.com\/index.php\/producto\/papel-para-electrocardiografo-edan\/","url":"https:\/\/servimedcolombia.com\/index.php\/producto\/papel-para-electrocardiografo-edan\/","name":"PAPEL PARA ELECTROCARDIOGR\u00c1FO EDAN - Servimed Colombia","isPartOf":{"@id":"https:\/\/servimedcolombia.com\/#website"},"primaryImageOfPage":{"@id":"https:\/\/servimedcolombia.com\/index.php\/producto\/papel-para-electrocardiografo-edan\/#primaryimage"},"image":{"@id":"https:\/\/servimedcolombia.com\/index.php\/producto\/papel-para-electrocardiografo-edan\/#primaryimage"},"thumbnailUrl":"https:\/\/servimedcolombia.com\/wp-content\/uploads\/2026\/04\/243.webp","datePublished":"2024-09-18T02:23:41+00:00","dateModified":"2024-09-18T02:24:25+00:00","breadcrumb":{"@id":"https:\/\/servimedcolombia.com\/index.php\/producto\/papel-para-electrocardiografo-edan\/#breadcrumb"},"inLanguage":"es","potentialAction":[{"@type":"ReadAction","target":["https:\/\/servimedcolombia.com\/index.php\/producto\/papel-para-electrocardiografo-edan\/"]}]},{"@type":"ImageObject","inLanguage":"es","@id":"https:\/\/servimedcolombia.com\/index.php\/producto\/papel-para-electrocardiografo-edan\/#primaryimage","url":"https:\/\/servimedcolombia.com\/wp-content\/uploads\/2026\/04\/243.webp","contentUrl":"https:\/\/servimedcolombia.com\/wp-content\/uploads\/2026\/04\/243.webp","width":1654,"height":1654},{"@type":"BreadcrumbList","@id":"https:\/\/servimedcolombia.com\/index.php\/producto\/papel-para-electrocardiografo-edan\/#breadcrumb","itemListElement":[{"@type":"ListItem","position":1,"name":"Portada","item":"https:\/\/servimedcolombia.com\/"},{"@type":"ListItem","position":2,"name":"Tienda","item":"https:\/\/servimedcolombia.com\/index.php\/tienda\/"},{"@type":"ListItem","position":3,"name":"PAPEL PARA ELECTROCARDIOGR\u00c1FO EDAN"}]},{"@type":"WebSite","@id":"https:\/\/servimedcolombia.com\/#website","url":"https:\/\/servimedcolombia.com\/","name":"Servimed Colombia","description":"","potentialAction":[{"@type":"SearchAction","target":{"@type":"EntryPoint","urlTemplate":"https:\/\/servimedcolombia.com\/?s={search_term_string}"},"query-input":{"@type":"PropertyValueSpecification","valueRequired":true,"valueName":"search_term_string"}}],"inLanguage":"es"}]}},"_links":{"self":[{"href":"https:\/\/servimedcolombia.com\/index.php\/wp-json\/wp\/v2\/product\/11810","targetHints":{"allow":["GET"]}}],"collection":[{"href":"https:\/\/servimedcolombia.com\/index.php\/wp-json\/wp\/v2\/product"}],"about":[{"href":"https:\/\/servimedcolombia.com\/index.php\/wp-json\/wp\/v2\/types\/product"}],"version-history":[{"count":0,"href":"https:\/\/servimedcolombia.com\/index.php\/wp-json\/wp\/v2\/product\/11810\/revisions"}],"wp:featuredmedia":[{"embeddable":true,"href":"https:\/\/servimedcolombia.com\/index.php\/wp-json\/wp\/v2\/media\/11811"}],"wp:attachment":[{"href":"https:\/\/servimedcolombia.com\/index.php\/wp-json\/wp\/v2\/media?parent=11810"}],"wp:term":[{"taxonomy":"product_brand","embeddable":true,"href":"https:\/\/servimedcolombia.com\/index.php\/wp-json\/wp\/v2\/product_brand?post=11810"},{"taxonomy":"product_cat","embeddable":true,"href":"https:\/\/servimedcolombia.com\/index.php\/wp-json\/wp\/v2\/product_cat?post=11810"},{"taxonomy":"product_tag","embeddable":true,"href":"https:\/\/servimedcolombia.com\/index.php\/wp-json\/wp\/v2\/product_tag?post=11810"}],"curies":[{"name":"wp","href":"https:\/\/api.w.org\/{rel}","templated":true}]}}