{"id":11824,"date":"2024-09-24T15:03:29","date_gmt":"2024-09-24T20:03:29","guid":{"rendered":"https:\/\/servimedcolombia.com\/?post_type=product&#038;p=11824"},"modified":"2024-09-24T15:04:51","modified_gmt":"2024-09-24T20:04:51","slug":"pesabebes-electronica-seca-354","status":"publish","type":"product","link":"https:\/\/servimedcolombia.com\/index.php\/producto\/pesabebes-electronica-seca-354\/","title":{"rendered":"PESABEB\u00c9S ELECTR\u00d3NICA SECA 354"},"content":{"rendered":"","protected":false},"excerpt":{"rendered":"<p>La pesabeb\u00e9s seca 354 es un dispositivo vers\u00e1til y de alta precisi\u00f3n, dise\u00f1ado para el pesaje de beb\u00e9s y ni\u00f1os peque\u00f1os. Con una fina graduaci\u00f3n de 10 g, esta b\u00e1scula ofrece una artesa confortable para los m\u00e1s peque\u00f1os y se transforma f\u00e1cilmente en una b\u00e1scula de plataforma con capacidad de hasta 20 kg. La uni\u00f3n firme y s\u00f3lida entre la artesa y la base garantiza una total seguridad durante el pesaje.<\/p>\n<h2>DATOS T\u00c9CNICOS<\/h2>\n<ul>\n<li><strong>Capacidad<\/strong>: 20 kg (44 lbs)<\/li>\n<li><strong>Divisi\u00f3n<\/strong>:\n<ul>\n<li>5 g para &lt; 10 kg<\/li>\n<li>10 g para &gt; 10 kg<\/li>\n<li>0.2 oz para &lt; 22 lbs<\/li>\n<li>0.5 oz para &gt; 22 lbs<\/li>\n<\/ul>\n<\/li>\n<li><strong>Alimentaci\u00f3n<\/strong>: Bater\u00eda, red el\u00e9ctrica<\/li>\n<li><strong>Dimensiones (AxAxP)<\/strong>: 552 x 156 x 332 mm (21.7 x 6.1 x 13.1 in)<\/li>\n<li><strong>Peso neto<\/strong>: 2.3 kg (5 lbs)<\/li>\n<li><strong>Funciones<\/strong>:\n<ul>\n<li>TARA<\/li>\n<li>BMIF (Body Mass Index Function)<\/li>\n<li>Auto-HOLD<\/li>\n<li>Conmutaci\u00f3n kg\/lbs<\/li>\n<li>Desconexi\u00f3n autom\u00e1tica<\/li>\n<\/ul>\n<\/li>\n<\/ul>\n<p>La seca 354 es la opci\u00f3n ideal para profesionales de la salud y cuidadores que buscan precisi\u00f3n y comodidad en el pesaje infantil.<\/p>\n<p><span style=\"color: #ff0000;\"><strong>Todos nuestros activos est\u00e1n sujetos a disponibilidad seg\u00fan inventario.\u00a0<\/strong><\/span><\/p>\n<p><span style=\"vertical-align: inherit;\"><span style=\"vertical-align: inherit;\"><span style=\"vertical-align: inherit;\"><span style=\"vertical-align: inherit;\"><span style=\"vertical-align: inherit;\"><span style=\"vertical-align: inherit;\">[njwa_button id=\"9888\"]<\/span><\/span><\/span><\/span><\/span><\/span><\/p>\n","protected":false},"featured_media":11825,"template":"","meta":{"rs_blank_template":"","rs_page_bg_color":"","slide_template_v7":""},"product_brand":[],"product_cat":[190],"product_tag":[],"class_list":{"0":"post-11824","1":"product","2":"type-product","3":"status-publish","4":"has-post-thumbnail","6":"product_cat-unidad-de-pediatria","8":"first","9":"instock","10":"shipping-taxable","11":"product-type-simple"},"yoast_head":"<!-- This site is optimized with the Yoast SEO plugin v27.4 - https:\/\/yoast.com\/product\/yoast-seo-wordpress\/ -->\n<title>PESABEB\u00c9S ELECTR\u00d3NICA SECA 354 - Servimed Colombia<\/title>\n<meta name=\"robots\" content=\"index, follow, max-snippet:-1, max-image-preview:large, max-video-preview:-1\" \/>\n<link rel=\"canonical\" href=\"https:\/\/servimedcolombia.com\/index.php\/producto\/pesabebes-electronica-seca-354\/\" \/>\n<meta property=\"og:locale\" content=\"es_ES\" \/>\n<meta property=\"og:type\" content=\"article\" \/>\n<meta property=\"og:title\" content=\"PESABEB\u00c9S ELECTR\u00d3NICA SECA 354 - Servimed Colombia\" \/>\n<meta property=\"og:description\" content=\"La pesabeb\u00e9s seca 354 es un dispositivo vers\u00e1til y de alta precisi\u00f3n, dise\u00f1ado para el pesaje de beb\u00e9s y ni\u00f1os peque\u00f1os. Con una fina graduaci\u00f3n de 10 g, esta b\u00e1scula ofrece una artesa confortable para los m\u00e1s peque\u00f1os y se transforma f\u00e1cilmente en una b\u00e1scula de plataforma con capacidad de hasta 20 kg. La uni\u00f3n firme y s\u00f3lida entre la artesa y la base garantiza una total seguridad durante el pesaje. DATOS T\u00c9CNICOS   Capacidad: 20 kg (44 lbs)  Divisi\u00f3n:   5 g para &lt; 10 kg  10 g para &gt; 10 kg  0.2 oz para &lt; 22 lbs  0.5 oz para &gt; 22 lbs    Alimentaci\u00f3n: Bater\u00eda, red el\u00e9ctrica  Dimensiones (AxAxP): 552 x 156 x 332 mm (21.7 x 6.1 x 13.1 in)  Peso neto: 2.3 kg (5 lbs)  Funciones:   TARA  BMIF (Body Mass Index Function)  Auto-HOLD  Conmutaci\u00f3n kg\/lbs  Desconexi\u00f3n autom\u00e1tica    La seca 354 es la opci\u00f3n ideal para profesionales de la salud y cuidadores que buscan precisi\u00f3n y comodidad en el pesaje infantil.  Todos nuestros activos est\u00e1n sujetos a disponibilidad seg\u00fan inventario.\u00a0\" \/>\n<meta property=\"og:url\" content=\"https:\/\/servimedcolombia.com\/index.php\/producto\/pesabebes-electronica-seca-354\/\" \/>\n<meta property=\"og:site_name\" content=\"Servimed Colombia\" \/>\n<meta property=\"article:modified_time\" content=\"2024-09-24T20:04:51+00:00\" \/>\n<meta property=\"og:image\" content=\"https:\/\/servimedcolombia.com\/wp-content\/uploads\/2024\/09\/248.jpg\" \/>\n\t<meta property=\"og:image:width\" content=\"1654\" \/>\n\t<meta property=\"og:image:height\" content=\"1654\" \/>\n\t<meta property=\"og:image:type\" content=\"image\/jpeg\" \/>\n<meta name=\"twitter:card\" content=\"summary_large_image\" \/>\n<meta name=\"twitter:label1\" content=\"Tiempo de lectura\" \/>\n\t<meta name=\"twitter:data1\" content=\"1 minuto\" \/>\n<script type=\"application\/ld+json\" class=\"yoast-schema-graph\">{\"@context\":\"https:\\\/\\\/schema.org\",\"@graph\":[{\"@type\":\"WebPage\",\"@id\":\"https:\\\/\\\/servimedcolombia.com\\\/index.php\\\/producto\\\/pesabebes-electronica-seca-354\\\/\",\"url\":\"https:\\\/\\\/servimedcolombia.com\\\/index.php\\\/producto\\\/pesabebes-electronica-seca-354\\\/\",\"name\":\"PESABEB\u00c9S ELECTR\u00d3NICA SECA 354 - Servimed Colombia\",\"isPartOf\":{\"@id\":\"https:\\\/\\\/servimedcolombia.com\\\/#website\"},\"primaryImageOfPage\":{\"@id\":\"https:\\\/\\\/servimedcolombia.com\\\/index.php\\\/producto\\\/pesabebes-electronica-seca-354\\\/#primaryimage\"},\"image\":{\"@id\":\"https:\\\/\\\/servimedcolombia.com\\\/index.php\\\/producto\\\/pesabebes-electronica-seca-354\\\/#primaryimage\"},\"thumbnailUrl\":\"https:\\\/\\\/servimedcolombia.com\\\/wp-content\\\/uploads\\\/2026\\\/04\\\/248.webp\",\"datePublished\":\"2024-09-24T20:03:29+00:00\",\"dateModified\":\"2024-09-24T20:04:51+00:00\",\"breadcrumb\":{\"@id\":\"https:\\\/\\\/servimedcolombia.com\\\/index.php\\\/producto\\\/pesabebes-electronica-seca-354\\\/#breadcrumb\"},\"inLanguage\":\"es\",\"potentialAction\":[{\"@type\":\"ReadAction\",\"target\":[\"https:\\\/\\\/servimedcolombia.com\\\/index.php\\\/producto\\\/pesabebes-electronica-seca-354\\\/\"]}]},{\"@type\":\"ImageObject\",\"inLanguage\":\"es\",\"@id\":\"https:\\\/\\\/servimedcolombia.com\\\/index.php\\\/producto\\\/pesabebes-electronica-seca-354\\\/#primaryimage\",\"url\":\"https:\\\/\\\/servimedcolombia.com\\\/wp-content\\\/uploads\\\/2026\\\/04\\\/248.webp\",\"contentUrl\":\"https:\\\/\\\/servimedcolombia.com\\\/wp-content\\\/uploads\\\/2026\\\/04\\\/248.webp\",\"width\":1654,\"height\":1654},{\"@type\":\"BreadcrumbList\",\"@id\":\"https:\\\/\\\/servimedcolombia.com\\\/index.php\\\/producto\\\/pesabebes-electronica-seca-354\\\/#breadcrumb\",\"itemListElement\":[{\"@type\":\"ListItem\",\"position\":1,\"name\":\"Portada\",\"item\":\"https:\\\/\\\/servimedcolombia.com\\\/\"},{\"@type\":\"ListItem\",\"position\":2,\"name\":\"Tienda\",\"item\":\"https:\\\/\\\/servimedcolombia.com\\\/index.php\\\/tienda\\\/\"},{\"@type\":\"ListItem\",\"position\":3,\"name\":\"PESABEB\u00c9S ELECTR\u00d3NICA SECA 354\"}]},{\"@type\":\"WebSite\",\"@id\":\"https:\\\/\\\/servimedcolombia.com\\\/#website\",\"url\":\"https:\\\/\\\/servimedcolombia.com\\\/\",\"name\":\"Servimed Colombia\",\"description\":\"\",\"potentialAction\":[{\"@type\":\"SearchAction\",\"target\":{\"@type\":\"EntryPoint\",\"urlTemplate\":\"https:\\\/\\\/servimedcolombia.com\\\/?s={search_term_string}\"},\"query-input\":{\"@type\":\"PropertyValueSpecification\",\"valueRequired\":true,\"valueName\":\"search_term_string\"}}],\"inLanguage\":\"es\"}]}<\/script>\n<!-- \/ Yoast SEO plugin. -->","yoast_head_json":{"title":"PESABEB\u00c9S ELECTR\u00d3NICA SECA 354 - Servimed Colombia","robots":{"index":"index","follow":"follow","max-snippet":"max-snippet:-1","max-image-preview":"max-image-preview:large","max-video-preview":"max-video-preview:-1"},"canonical":"https:\/\/servimedcolombia.com\/index.php\/producto\/pesabebes-electronica-seca-354\/","og_locale":"es_ES","og_type":"article","og_title":"PESABEB\u00c9S ELECTR\u00d3NICA SECA 354 - Servimed Colombia","og_description":"La pesabeb\u00e9s seca 354 es un dispositivo vers\u00e1til y de alta precisi\u00f3n, dise\u00f1ado para el pesaje de beb\u00e9s y ni\u00f1os peque\u00f1os. Con una fina graduaci\u00f3n de 10 g, esta b\u00e1scula ofrece una artesa confortable para los m\u00e1s peque\u00f1os y se transforma f\u00e1cilmente en una b\u00e1scula de plataforma con capacidad de hasta 20 kg. La uni\u00f3n firme y s\u00f3lida entre la artesa y la base garantiza una total seguridad durante el pesaje. DATOS T\u00c9CNICOS   Capacidad: 20 kg (44 lbs)  Divisi\u00f3n:   5 g para &lt; 10 kg  10 g para &gt; 10 kg  0.2 oz para &lt; 22 lbs  0.5 oz para &gt; 22 lbs    Alimentaci\u00f3n: Bater\u00eda, red el\u00e9ctrica  Dimensiones (AxAxP): 552 x 156 x 332 mm (21.7 x 6.1 x 13.1 in)  Peso neto: 2.3 kg (5 lbs)  Funciones:   TARA  BMIF (Body Mass Index Function)  Auto-HOLD  Conmutaci\u00f3n kg\/lbs  Desconexi\u00f3n autom\u00e1tica    La seca 354 es la opci\u00f3n ideal para profesionales de la salud y cuidadores que buscan precisi\u00f3n y comodidad en el pesaje infantil.  Todos nuestros activos est\u00e1n sujetos a disponibilidad seg\u00fan inventario.\u00a0","og_url":"https:\/\/servimedcolombia.com\/index.php\/producto\/pesabebes-electronica-seca-354\/","og_site_name":"Servimed Colombia","article_modified_time":"2024-09-24T20:04:51+00:00","og_image":[{"width":1654,"height":1654,"url":"https:\/\/servimedcolombia.com\/wp-content\/uploads\/2024\/09\/248.jpg","type":"image\/jpeg"}],"twitter_card":"summary_large_image","twitter_misc":{"Tiempo de lectura":"1 minuto"},"schema":{"@context":"https:\/\/schema.org","@graph":[{"@type":"WebPage","@id":"https:\/\/servimedcolombia.com\/index.php\/producto\/pesabebes-electronica-seca-354\/","url":"https:\/\/servimedcolombia.com\/index.php\/producto\/pesabebes-electronica-seca-354\/","name":"PESABEB\u00c9S ELECTR\u00d3NICA SECA 354 - Servimed Colombia","isPartOf":{"@id":"https:\/\/servimedcolombia.com\/#website"},"primaryImageOfPage":{"@id":"https:\/\/servimedcolombia.com\/index.php\/producto\/pesabebes-electronica-seca-354\/#primaryimage"},"image":{"@id":"https:\/\/servimedcolombia.com\/index.php\/producto\/pesabebes-electronica-seca-354\/#primaryimage"},"thumbnailUrl":"https:\/\/servimedcolombia.com\/wp-content\/uploads\/2026\/04\/248.webp","datePublished":"2024-09-24T20:03:29+00:00","dateModified":"2024-09-24T20:04:51+00:00","breadcrumb":{"@id":"https:\/\/servimedcolombia.com\/index.php\/producto\/pesabebes-electronica-seca-354\/#breadcrumb"},"inLanguage":"es","potentialAction":[{"@type":"ReadAction","target":["https:\/\/servimedcolombia.com\/index.php\/producto\/pesabebes-electronica-seca-354\/"]}]},{"@type":"ImageObject","inLanguage":"es","@id":"https:\/\/servimedcolombia.com\/index.php\/producto\/pesabebes-electronica-seca-354\/#primaryimage","url":"https:\/\/servimedcolombia.com\/wp-content\/uploads\/2026\/04\/248.webp","contentUrl":"https:\/\/servimedcolombia.com\/wp-content\/uploads\/2026\/04\/248.webp","width":1654,"height":1654},{"@type":"BreadcrumbList","@id":"https:\/\/servimedcolombia.com\/index.php\/producto\/pesabebes-electronica-seca-354\/#breadcrumb","itemListElement":[{"@type":"ListItem","position":1,"name":"Portada","item":"https:\/\/servimedcolombia.com\/"},{"@type":"ListItem","position":2,"name":"Tienda","item":"https:\/\/servimedcolombia.com\/index.php\/tienda\/"},{"@type":"ListItem","position":3,"name":"PESABEB\u00c9S ELECTR\u00d3NICA SECA 354"}]},{"@type":"WebSite","@id":"https:\/\/servimedcolombia.com\/#website","url":"https:\/\/servimedcolombia.com\/","name":"Servimed Colombia","description":"","potentialAction":[{"@type":"SearchAction","target":{"@type":"EntryPoint","urlTemplate":"https:\/\/servimedcolombia.com\/?s={search_term_string}"},"query-input":{"@type":"PropertyValueSpecification","valueRequired":true,"valueName":"search_term_string"}}],"inLanguage":"es"}]}},"_links":{"self":[{"href":"https:\/\/servimedcolombia.com\/index.php\/wp-json\/wp\/v2\/product\/11824","targetHints":{"allow":["GET"]}}],"collection":[{"href":"https:\/\/servimedcolombia.com\/index.php\/wp-json\/wp\/v2\/product"}],"about":[{"href":"https:\/\/servimedcolombia.com\/index.php\/wp-json\/wp\/v2\/types\/product"}],"version-history":[{"count":0,"href":"https:\/\/servimedcolombia.com\/index.php\/wp-json\/wp\/v2\/product\/11824\/revisions"}],"wp:featuredmedia":[{"embeddable":true,"href":"https:\/\/servimedcolombia.com\/index.php\/wp-json\/wp\/v2\/media\/11825"}],"wp:attachment":[{"href":"https:\/\/servimedcolombia.com\/index.php\/wp-json\/wp\/v2\/media?parent=11824"}],"wp:term":[{"taxonomy":"product_brand","embeddable":true,"href":"https:\/\/servimedcolombia.com\/index.php\/wp-json\/wp\/v2\/product_brand?post=11824"},{"taxonomy":"product_cat","embeddable":true,"href":"https:\/\/servimedcolombia.com\/index.php\/wp-json\/wp\/v2\/product_cat?post=11824"},{"taxonomy":"product_tag","embeddable":true,"href":"https:\/\/servimedcolombia.com\/index.php\/wp-json\/wp\/v2\/product_tag?post=11824"}],"curies":[{"name":"wp","href":"https:\/\/api.w.org\/{rel}","templated":true}]}}