{"id":11857,"date":"2024-10-16T20:47:15","date_gmt":"2024-10-17T01:47:15","guid":{"rendered":"https:\/\/servimedcolombia.com\/?post_type=product&#038;p=11857"},"modified":"2024-10-16T20:47:54","modified_gmt":"2024-10-17T01:47:54","slug":"silla-de-ruedas-para-pacientes-con-sobrepeso","status":"publish","type":"product","link":"https:\/\/servimedcolombia.com\/index.php\/producto\/silla-de-ruedas-para-pacientes-con-sobrepeso\/","title":{"rendered":"SILLA DE RUEDAS PARA PACIENTES CON SOBREPESO"},"content":{"rendered":"","protected":false},"excerpt":{"rendered":"<p>Optimiza el traslado de pacientes con nuestra silla de ruedas dise\u00f1ada especialmente para personas con sobrepeso. Con un soporte de hasta 125 kg, cuenta con reposabrazos abatibles y reposapi\u00e9s desmontables, facilitando el ingreso a espacios reducidos. Su tapicer\u00eda en nylon y el marco de acero ligero en pintura gris electrost\u00e1tica aseguran durabilidad y comodidad.<\/p>\n<p><strong>Caracter\u00edsticas:<\/strong><\/p>\n<ul>\n<li>Tapicer\u00eda en nylon<\/li>\n<li>Rin estrella<\/li>\n<li>Sistema de desmonte r\u00e1pido<\/li>\n<li>Marco de acero ligero en pintura gris electrost\u00e1tica<\/li>\n<li>Reposabrazos abatibles<\/li>\n<li>Reposa pies desmontables<\/li>\n<li>Llantas en poliuretano<\/li>\n<\/ul>\n<p>Ideal para un traslado seguro y eficiente, esta silla de ruedas es la soluci\u00f3n perfecta para el cuidado de pacientes con necesidades especiales.<\/p>\n<p><span style=\"color: #ff0000;\"><strong>Todos nuestros activos est\u00e1n sujetos a disponibilidad seg\u00fan inventario.\u00a0<\/strong><\/span><\/p>\n<p><span style=\"vertical-align: inherit;\"><span style=\"vertical-align: inherit;\"><span style=\"vertical-align: inherit;\"><span style=\"vertical-align: inherit;\"><span style=\"vertical-align: inherit;\"><span style=\"vertical-align: inherit;\">[njwa_button id=\"9888\"]<\/span><\/span><\/span><\/span><\/span><\/span><\/p>\n","protected":false},"featured_media":11855,"template":"","meta":{"rs_blank_template":"","rs_page_bg_color":"","slide_template_v7":""},"product_brand":[],"product_cat":[132],"product_tag":[],"class_list":{"0":"post-11857","1":"product","2":"type-product","3":"status-publish","4":"has-post-thumbnail","6":"product_cat-linea-movilidad","8":"first","9":"instock","10":"shipping-taxable","11":"product-type-simple"},"yoast_head":"<!-- This site is optimized with the Yoast SEO plugin v27.4 - https:\/\/yoast.com\/product\/yoast-seo-wordpress\/ -->\n<title>SILLA DE RUEDAS PARA PACIENTES CON SOBREPESO - Servimed Colombia<\/title>\n<meta name=\"robots\" content=\"index, follow, max-snippet:-1, max-image-preview:large, max-video-preview:-1\" \/>\n<link rel=\"canonical\" href=\"https:\/\/servimedcolombia.com\/index.php\/producto\/silla-de-ruedas-para-pacientes-con-sobrepeso\/\" \/>\n<meta property=\"og:locale\" content=\"es_ES\" \/>\n<meta property=\"og:type\" content=\"article\" \/>\n<meta property=\"og:title\" content=\"SILLA DE RUEDAS PARA PACIENTES CON SOBREPESO - Servimed Colombia\" \/>\n<meta property=\"og:description\" content=\"Optimiza el traslado de pacientes con nuestra silla de ruedas dise\u00f1ada especialmente para personas con sobrepeso. Con un soporte de hasta 125 kg, cuenta con reposabrazos abatibles y reposapi\u00e9s desmontables, facilitando el ingreso a espacios reducidos. Su tapicer\u00eda en nylon y el marco de acero ligero en pintura gris electrost\u00e1tica aseguran durabilidad y comodidad.  Caracter\u00edsticas:   Tapicer\u00eda en nylon  Rin estrella  Sistema de desmonte r\u00e1pido  Marco de acero ligero en pintura gris electrost\u00e1tica  Reposabrazos abatibles  Reposa pies desmontables  Llantas en poliuretano  Ideal para un traslado seguro y eficiente, esta silla de ruedas es la soluci\u00f3n perfecta para el cuidado de pacientes con necesidades especiales.  Todos nuestros activos est\u00e1n sujetos a disponibilidad seg\u00fan inventario.\u00a0\" \/>\n<meta property=\"og:url\" content=\"https:\/\/servimedcolombia.com\/index.php\/producto\/silla-de-ruedas-para-pacientes-con-sobrepeso\/\" \/>\n<meta property=\"og:site_name\" content=\"Servimed Colombia\" \/>\n<meta property=\"article:modified_time\" content=\"2024-10-17T01:47:54+00:00\" \/>\n<meta property=\"og:image\" content=\"https:\/\/servimedcolombia.com\/wp-content\/uploads\/2024\/10\/251.jpg\" \/>\n\t<meta property=\"og:image:width\" content=\"1654\" \/>\n\t<meta property=\"og:image:height\" content=\"1654\" \/>\n\t<meta property=\"og:image:type\" content=\"image\/jpeg\" \/>\n<meta name=\"twitter:card\" content=\"summary_large_image\" \/>\n<meta name=\"twitter:label1\" content=\"Tiempo de lectura\" \/>\n\t<meta name=\"twitter:data1\" content=\"1 minuto\" \/>\n<script type=\"application\/ld+json\" class=\"yoast-schema-graph\">{\"@context\":\"https:\\\/\\\/schema.org\",\"@graph\":[{\"@type\":\"WebPage\",\"@id\":\"https:\\\/\\\/servimedcolombia.com\\\/index.php\\\/producto\\\/silla-de-ruedas-para-pacientes-con-sobrepeso\\\/\",\"url\":\"https:\\\/\\\/servimedcolombia.com\\\/index.php\\\/producto\\\/silla-de-ruedas-para-pacientes-con-sobrepeso\\\/\",\"name\":\"SILLA DE RUEDAS PARA PACIENTES CON SOBREPESO - Servimed Colombia\",\"isPartOf\":{\"@id\":\"https:\\\/\\\/servimedcolombia.com\\\/#website\"},\"primaryImageOfPage\":{\"@id\":\"https:\\\/\\\/servimedcolombia.com\\\/index.php\\\/producto\\\/silla-de-ruedas-para-pacientes-con-sobrepeso\\\/#primaryimage\"},\"image\":{\"@id\":\"https:\\\/\\\/servimedcolombia.com\\\/index.php\\\/producto\\\/silla-de-ruedas-para-pacientes-con-sobrepeso\\\/#primaryimage\"},\"thumbnailUrl\":\"https:\\\/\\\/servimedcolombia.com\\\/wp-content\\\/uploads\\\/2026\\\/04\\\/251.webp\",\"datePublished\":\"2024-10-17T01:47:15+00:00\",\"dateModified\":\"2024-10-17T01:47:54+00:00\",\"breadcrumb\":{\"@id\":\"https:\\\/\\\/servimedcolombia.com\\\/index.php\\\/producto\\\/silla-de-ruedas-para-pacientes-con-sobrepeso\\\/#breadcrumb\"},\"inLanguage\":\"es\",\"potentialAction\":[{\"@type\":\"ReadAction\",\"target\":[\"https:\\\/\\\/servimedcolombia.com\\\/index.php\\\/producto\\\/silla-de-ruedas-para-pacientes-con-sobrepeso\\\/\"]}]},{\"@type\":\"ImageObject\",\"inLanguage\":\"es\",\"@id\":\"https:\\\/\\\/servimedcolombia.com\\\/index.php\\\/producto\\\/silla-de-ruedas-para-pacientes-con-sobrepeso\\\/#primaryimage\",\"url\":\"https:\\\/\\\/servimedcolombia.com\\\/wp-content\\\/uploads\\\/2026\\\/04\\\/251.webp\",\"contentUrl\":\"https:\\\/\\\/servimedcolombia.com\\\/wp-content\\\/uploads\\\/2026\\\/04\\\/251.webp\",\"width\":1654,\"height\":1654},{\"@type\":\"BreadcrumbList\",\"@id\":\"https:\\\/\\\/servimedcolombia.com\\\/index.php\\\/producto\\\/silla-de-ruedas-para-pacientes-con-sobrepeso\\\/#breadcrumb\",\"itemListElement\":[{\"@type\":\"ListItem\",\"position\":1,\"name\":\"Portada\",\"item\":\"https:\\\/\\\/servimedcolombia.com\\\/\"},{\"@type\":\"ListItem\",\"position\":2,\"name\":\"Tienda\",\"item\":\"https:\\\/\\\/servimedcolombia.com\\\/index.php\\\/tienda\\\/\"},{\"@type\":\"ListItem\",\"position\":3,\"name\":\"SILLA DE RUEDAS PARA PACIENTES CON SOBREPESO\"}]},{\"@type\":\"WebSite\",\"@id\":\"https:\\\/\\\/servimedcolombia.com\\\/#website\",\"url\":\"https:\\\/\\\/servimedcolombia.com\\\/\",\"name\":\"Servimed Colombia\",\"description\":\"\",\"potentialAction\":[{\"@type\":\"SearchAction\",\"target\":{\"@type\":\"EntryPoint\",\"urlTemplate\":\"https:\\\/\\\/servimedcolombia.com\\\/?s={search_term_string}\"},\"query-input\":{\"@type\":\"PropertyValueSpecification\",\"valueRequired\":true,\"valueName\":\"search_term_string\"}}],\"inLanguage\":\"es\"}]}<\/script>\n<!-- \/ Yoast SEO plugin. -->","yoast_head_json":{"title":"SILLA DE RUEDAS PARA PACIENTES CON SOBREPESO - Servimed Colombia","robots":{"index":"index","follow":"follow","max-snippet":"max-snippet:-1","max-image-preview":"max-image-preview:large","max-video-preview":"max-video-preview:-1"},"canonical":"https:\/\/servimedcolombia.com\/index.php\/producto\/silla-de-ruedas-para-pacientes-con-sobrepeso\/","og_locale":"es_ES","og_type":"article","og_title":"SILLA DE RUEDAS PARA PACIENTES CON SOBREPESO - Servimed Colombia","og_description":"Optimiza el traslado de pacientes con nuestra silla de ruedas dise\u00f1ada especialmente para personas con sobrepeso. Con un soporte de hasta 125 kg, cuenta con reposabrazos abatibles y reposapi\u00e9s desmontables, facilitando el ingreso a espacios reducidos. Su tapicer\u00eda en nylon y el marco de acero ligero en pintura gris electrost\u00e1tica aseguran durabilidad y comodidad.  Caracter\u00edsticas:   Tapicer\u00eda en nylon  Rin estrella  Sistema de desmonte r\u00e1pido  Marco de acero ligero en pintura gris electrost\u00e1tica  Reposabrazos abatibles  Reposa pies desmontables  Llantas en poliuretano  Ideal para un traslado seguro y eficiente, esta silla de ruedas es la soluci\u00f3n perfecta para el cuidado de pacientes con necesidades especiales.  Todos nuestros activos est\u00e1n sujetos a disponibilidad seg\u00fan inventario.\u00a0","og_url":"https:\/\/servimedcolombia.com\/index.php\/producto\/silla-de-ruedas-para-pacientes-con-sobrepeso\/","og_site_name":"Servimed Colombia","article_modified_time":"2024-10-17T01:47:54+00:00","og_image":[{"width":1654,"height":1654,"url":"https:\/\/servimedcolombia.com\/wp-content\/uploads\/2024\/10\/251.jpg","type":"image\/jpeg"}],"twitter_card":"summary_large_image","twitter_misc":{"Tiempo de lectura":"1 minuto"},"schema":{"@context":"https:\/\/schema.org","@graph":[{"@type":"WebPage","@id":"https:\/\/servimedcolombia.com\/index.php\/producto\/silla-de-ruedas-para-pacientes-con-sobrepeso\/","url":"https:\/\/servimedcolombia.com\/index.php\/producto\/silla-de-ruedas-para-pacientes-con-sobrepeso\/","name":"SILLA DE RUEDAS PARA PACIENTES CON SOBREPESO - Servimed Colombia","isPartOf":{"@id":"https:\/\/servimedcolombia.com\/#website"},"primaryImageOfPage":{"@id":"https:\/\/servimedcolombia.com\/index.php\/producto\/silla-de-ruedas-para-pacientes-con-sobrepeso\/#primaryimage"},"image":{"@id":"https:\/\/servimedcolombia.com\/index.php\/producto\/silla-de-ruedas-para-pacientes-con-sobrepeso\/#primaryimage"},"thumbnailUrl":"https:\/\/servimedcolombia.com\/wp-content\/uploads\/2026\/04\/251.webp","datePublished":"2024-10-17T01:47:15+00:00","dateModified":"2024-10-17T01:47:54+00:00","breadcrumb":{"@id":"https:\/\/servimedcolombia.com\/index.php\/producto\/silla-de-ruedas-para-pacientes-con-sobrepeso\/#breadcrumb"},"inLanguage":"es","potentialAction":[{"@type":"ReadAction","target":["https:\/\/servimedcolombia.com\/index.php\/producto\/silla-de-ruedas-para-pacientes-con-sobrepeso\/"]}]},{"@type":"ImageObject","inLanguage":"es","@id":"https:\/\/servimedcolombia.com\/index.php\/producto\/silla-de-ruedas-para-pacientes-con-sobrepeso\/#primaryimage","url":"https:\/\/servimedcolombia.com\/wp-content\/uploads\/2026\/04\/251.webp","contentUrl":"https:\/\/servimedcolombia.com\/wp-content\/uploads\/2026\/04\/251.webp","width":1654,"height":1654},{"@type":"BreadcrumbList","@id":"https:\/\/servimedcolombia.com\/index.php\/producto\/silla-de-ruedas-para-pacientes-con-sobrepeso\/#breadcrumb","itemListElement":[{"@type":"ListItem","position":1,"name":"Portada","item":"https:\/\/servimedcolombia.com\/"},{"@type":"ListItem","position":2,"name":"Tienda","item":"https:\/\/servimedcolombia.com\/index.php\/tienda\/"},{"@type":"ListItem","position":3,"name":"SILLA DE RUEDAS PARA PACIENTES CON SOBREPESO"}]},{"@type":"WebSite","@id":"https:\/\/servimedcolombia.com\/#website","url":"https:\/\/servimedcolombia.com\/","name":"Servimed Colombia","description":"","potentialAction":[{"@type":"SearchAction","target":{"@type":"EntryPoint","urlTemplate":"https:\/\/servimedcolombia.com\/?s={search_term_string}"},"query-input":{"@type":"PropertyValueSpecification","valueRequired":true,"valueName":"search_term_string"}}],"inLanguage":"es"}]}},"_links":{"self":[{"href":"https:\/\/servimedcolombia.com\/index.php\/wp-json\/wp\/v2\/product\/11857","targetHints":{"allow":["GET"]}}],"collection":[{"href":"https:\/\/servimedcolombia.com\/index.php\/wp-json\/wp\/v2\/product"}],"about":[{"href":"https:\/\/servimedcolombia.com\/index.php\/wp-json\/wp\/v2\/types\/product"}],"version-history":[{"count":0,"href":"https:\/\/servimedcolombia.com\/index.php\/wp-json\/wp\/v2\/product\/11857\/revisions"}],"wp:featuredmedia":[{"embeddable":true,"href":"https:\/\/servimedcolombia.com\/index.php\/wp-json\/wp\/v2\/media\/11855"}],"wp:attachment":[{"href":"https:\/\/servimedcolombia.com\/index.php\/wp-json\/wp\/v2\/media?parent=11857"}],"wp:term":[{"taxonomy":"product_brand","embeddable":true,"href":"https:\/\/servimedcolombia.com\/index.php\/wp-json\/wp\/v2\/product_brand?post=11857"},{"taxonomy":"product_cat","embeddable":true,"href":"https:\/\/servimedcolombia.com\/index.php\/wp-json\/wp\/v2\/product_cat?post=11857"},{"taxonomy":"product_tag","embeddable":true,"href":"https:\/\/servimedcolombia.com\/index.php\/wp-json\/wp\/v2\/product_tag?post=11857"}],"curies":[{"name":"wp","href":"https:\/\/api.w.org\/{rel}","templated":true}]}}