{"id":11922,"date":"2024-11-25T17:23:39","date_gmt":"2024-11-25T22:23:39","guid":{"rendered":"https:\/\/servimedcolombia.com\/?post_type=product&#038;p=11922"},"modified":"2024-11-25T17:34:13","modified_gmt":"2024-11-25T22:34:13","slug":"fonendoscopios-ois-300-gmd","status":"publish","type":"product","link":"https:\/\/servimedcolombia.com\/index.php\/producto\/fonendoscopios-ois-300-gmd\/","title":{"rendered":"FONENDOSCOPIOS OIS 300 GMD"},"content":{"rendered":"","protected":false},"excerpt":{"rendered":"<p>El fonendoscopio OIS 300 GMD est\u00e1 dise\u00f1ado para ofrecer un sonido claro y preciso durante la auscultaci\u00f3n m\u00e9dica, garantizando una experiencia confiable para profesionales de la salud. Su pieza tor\u00e1cica de doble campana, fabricada en acero inoxidable, incluye membranas y anillos anti fr\u00edo para asegurar la comodidad del paciente y una excelente conductividad del sonido. Los tubos auriculares, hechos de aluminio y con un dise\u00f1o en \u00abY\u00bb, permiten una transmisi\u00f3n eficiente y c\u00f3moda del sonido, ideal para m\u00e9dicos, enfermeras y otros profesionales que requieren un equipo duradero y preciso para diagn\u00f3sticos cl\u00ednicos.<\/p>\n<p><strong>CARACTER\u00cdSTICAS<\/strong><\/p>\n<ul>\n<li><strong>Pieza tor\u00e1cica de acero inoxidable<\/strong> de doble campana para una auscultaci\u00f3n precisa.<\/li>\n<li><strong>Membranas con anillos anti fr\u00edo<\/strong> que mejoran la comodidad del paciente.<\/li>\n<li><strong>Tubo auricular en forma de \u00abY\u00bb<\/strong> para una transmisi\u00f3n \u00f3ptima del sonido.<\/li>\n<li><strong>Doble campana<\/strong> para auscultar diferentes frecuencias y sonidos corporales.<\/li>\n<li><strong>Rango de frecuencias de audici\u00f3n:<\/strong> 100 &#8211; 1000 Hz, ideal para detectar una amplia gama de sonidos.<\/li>\n<\/ul>\n<p><strong>USOS RECOMENDADOS<\/strong><\/p>\n<ul>\n<li>Auscultaci\u00f3n de sonidos card\u00edacos y pulmonares.<\/li>\n<li>Diagn\u00f3stico en consultas m\u00e9dicas, cl\u00ednicas y hospitales.<\/li>\n<li>Ideal para profesionales de la salud en la monitorizaci\u00f3n de pacientes.<\/li>\n<\/ul>\n<p><span style=\"color: #ff0000;\"><strong>Todos nuestros activos est\u00e1n sujetos a disponibilidad seg\u00fan inventario.\u00a0<\/strong><\/span><\/p>\n<p><span style=\"vertical-align: inherit;\"><span style=\"vertical-align: inherit;\"><span style=\"vertical-align: inherit;\"><span style=\"vertical-align: inherit;\"><span style=\"vertical-align: inherit;\"><span style=\"vertical-align: inherit;\">[njwa_button id=\"9888\"]<\/span><\/span><\/span><\/span><\/span><\/span><\/p>\n","protected":false},"featured_media":11909,"template":"","meta":{"rs_blank_template":"","rs_page_bg_color":"","slide_template_v7":""},"product_brand":[],"product_cat":[166],"product_tag":[],"class_list":{"0":"post-11922","1":"product","2":"type-product","3":"status-publish","4":"has-post-thumbnail","6":"product_cat-linea-de-diagnostico-y-profesionales-de-la-salud","8":"first","9":"instock","10":"shipping-taxable","11":"product-type-simple"},"yoast_head":"<!-- This site is optimized with the Yoast SEO plugin v27.5 - https:\/\/yoast.com\/product\/yoast-seo-wordpress\/ -->\n<title>FONENDOSCOPIOS OIS 300 GMD - Servimed Colombia<\/title>\n<meta name=\"robots\" content=\"index, follow, max-snippet:-1, max-image-preview:large, max-video-preview:-1\" \/>\n<link rel=\"canonical\" href=\"https:\/\/servimedcolombia.com\/index.php\/producto\/fonendoscopios-ois-300-gmd\/\" \/>\n<meta property=\"og:locale\" content=\"es_ES\" \/>\n<meta property=\"og:type\" content=\"article\" \/>\n<meta property=\"og:title\" content=\"FONENDOSCOPIOS OIS 300 GMD - Servimed Colombia\" \/>\n<meta property=\"og:description\" content=\"El fonendoscopio OIS 300 GMD est\u00e1 dise\u00f1ado para ofrecer un sonido claro y preciso durante la auscultaci\u00f3n m\u00e9dica, garantizando una experiencia confiable para profesionales de la salud. Su pieza tor\u00e1cica de doble campana, fabricada en acero inoxidable, incluye membranas y anillos anti fr\u00edo para asegurar la comodidad del paciente y una excelente conductividad del sonido. Los tubos auriculares, hechos de aluminio y con un dise\u00f1o en &quot;Y&quot;, permiten una transmisi\u00f3n eficiente y c\u00f3moda del sonido, ideal para m\u00e9dicos, enfermeras y otros profesionales que requieren un equipo duradero y preciso para diagn\u00f3sticos cl\u00ednicos.  CARACTER\u00cdSTICAS   Pieza tor\u00e1cica de acero inoxidable de doble campana para una auscultaci\u00f3n precisa.  Membranas con anillos anti fr\u00edo que mejoran la comodidad del paciente.  Tubo auricular en forma de &quot;Y&quot; para una transmisi\u00f3n \u00f3ptima del sonido.  Doble campana para auscultar diferentes frecuencias y sonidos corporales.  Rango de frecuencias de audici\u00f3n: 100 - 1000 Hz, ideal para detectar una amplia gama de sonidos.  USOS RECOMENDADOS   Auscultaci\u00f3n de sonidos card\u00edacos y pulmonares.  Diagn\u00f3stico en consultas m\u00e9dicas, cl\u00ednicas y hospitales.  Ideal para profesionales de la salud en la monitorizaci\u00f3n de pacientes.  Todos nuestros activos est\u00e1n sujetos a disponibilidad seg\u00fan inventario.\u00a0\" \/>\n<meta property=\"og:url\" content=\"https:\/\/servimedcolombia.com\/index.php\/producto\/fonendoscopios-ois-300-gmd\/\" \/>\n<meta property=\"og:site_name\" content=\"Servimed Colombia\" \/>\n<meta property=\"article:modified_time\" content=\"2024-11-25T22:34:13+00:00\" \/>\n<meta property=\"og:image\" content=\"https:\/\/servimedcolombia.com\/wp-content\/uploads\/2024\/11\/259.jpg\" \/>\n\t<meta property=\"og:image:width\" content=\"1654\" \/>\n\t<meta property=\"og:image:height\" content=\"1654\" \/>\n\t<meta property=\"og:image:type\" content=\"image\/jpeg\" \/>\n<meta name=\"twitter:card\" content=\"summary_large_image\" \/>\n<meta name=\"twitter:label1\" content=\"Tiempo de lectura\" \/>\n\t<meta name=\"twitter:data1\" content=\"1 minuto\" \/>\n<script type=\"application\/ld+json\" class=\"yoast-schema-graph\">{\"@context\":\"https:\\\/\\\/schema.org\",\"@graph\":[{\"@type\":\"WebPage\",\"@id\":\"https:\\\/\\\/servimedcolombia.com\\\/index.php\\\/producto\\\/fonendoscopios-ois-300-gmd\\\/\",\"url\":\"https:\\\/\\\/servimedcolombia.com\\\/index.php\\\/producto\\\/fonendoscopios-ois-300-gmd\\\/\",\"name\":\"FONENDOSCOPIOS OIS 300 GMD - Servimed Colombia\",\"isPartOf\":{\"@id\":\"https:\\\/\\\/servimedcolombia.com\\\/#website\"},\"primaryImageOfPage\":{\"@id\":\"https:\\\/\\\/servimedcolombia.com\\\/index.php\\\/producto\\\/fonendoscopios-ois-300-gmd\\\/#primaryimage\"},\"image\":{\"@id\":\"https:\\\/\\\/servimedcolombia.com\\\/index.php\\\/producto\\\/fonendoscopios-ois-300-gmd\\\/#primaryimage\"},\"thumbnailUrl\":\"https:\\\/\\\/servimedcolombia.com\\\/wp-content\\\/uploads\\\/2026\\\/04\\\/259.webp\",\"datePublished\":\"2024-11-25T22:23:39+00:00\",\"dateModified\":\"2024-11-25T22:34:13+00:00\",\"breadcrumb\":{\"@id\":\"https:\\\/\\\/servimedcolombia.com\\\/index.php\\\/producto\\\/fonendoscopios-ois-300-gmd\\\/#breadcrumb\"},\"inLanguage\":\"es\",\"potentialAction\":[{\"@type\":\"ReadAction\",\"target\":[\"https:\\\/\\\/servimedcolombia.com\\\/index.php\\\/producto\\\/fonendoscopios-ois-300-gmd\\\/\"]}]},{\"@type\":\"ImageObject\",\"inLanguage\":\"es\",\"@id\":\"https:\\\/\\\/servimedcolombia.com\\\/index.php\\\/producto\\\/fonendoscopios-ois-300-gmd\\\/#primaryimage\",\"url\":\"https:\\\/\\\/servimedcolombia.com\\\/wp-content\\\/uploads\\\/2026\\\/04\\\/259.webp\",\"contentUrl\":\"https:\\\/\\\/servimedcolombia.com\\\/wp-content\\\/uploads\\\/2026\\\/04\\\/259.webp\",\"width\":1654,\"height\":1654},{\"@type\":\"BreadcrumbList\",\"@id\":\"https:\\\/\\\/servimedcolombia.com\\\/index.php\\\/producto\\\/fonendoscopios-ois-300-gmd\\\/#breadcrumb\",\"itemListElement\":[{\"@type\":\"ListItem\",\"position\":1,\"name\":\"Portada\",\"item\":\"https:\\\/\\\/servimedcolombia.com\\\/\"},{\"@type\":\"ListItem\",\"position\":2,\"name\":\"Tienda\",\"item\":\"https:\\\/\\\/servimedcolombia.com\\\/index.php\\\/tienda\\\/\"},{\"@type\":\"ListItem\",\"position\":3,\"name\":\"FONENDOSCOPIOS OIS 300 GMD\"}]},{\"@type\":\"WebSite\",\"@id\":\"https:\\\/\\\/servimedcolombia.com\\\/#website\",\"url\":\"https:\\\/\\\/servimedcolombia.com\\\/\",\"name\":\"Servimed Colombia\",\"description\":\"\",\"potentialAction\":[{\"@type\":\"SearchAction\",\"target\":{\"@type\":\"EntryPoint\",\"urlTemplate\":\"https:\\\/\\\/servimedcolombia.com\\\/?s={search_term_string}\"},\"query-input\":{\"@type\":\"PropertyValueSpecification\",\"valueRequired\":true,\"valueName\":\"search_term_string\"}}],\"inLanguage\":\"es\"}]}<\/script>\n<!-- \/ Yoast SEO plugin. -->","yoast_head_json":{"title":"FONENDOSCOPIOS OIS 300 GMD - Servimed Colombia","robots":{"index":"index","follow":"follow","max-snippet":"max-snippet:-1","max-image-preview":"max-image-preview:large","max-video-preview":"max-video-preview:-1"},"canonical":"https:\/\/servimedcolombia.com\/index.php\/producto\/fonendoscopios-ois-300-gmd\/","og_locale":"es_ES","og_type":"article","og_title":"FONENDOSCOPIOS OIS 300 GMD - Servimed Colombia","og_description":"El fonendoscopio OIS 300 GMD est\u00e1 dise\u00f1ado para ofrecer un sonido claro y preciso durante la auscultaci\u00f3n m\u00e9dica, garantizando una experiencia confiable para profesionales de la salud. Su pieza tor\u00e1cica de doble campana, fabricada en acero inoxidable, incluye membranas y anillos anti fr\u00edo para asegurar la comodidad del paciente y una excelente conductividad del sonido. Los tubos auriculares, hechos de aluminio y con un dise\u00f1o en \"Y\", permiten una transmisi\u00f3n eficiente y c\u00f3moda del sonido, ideal para m\u00e9dicos, enfermeras y otros profesionales que requieren un equipo duradero y preciso para diagn\u00f3sticos cl\u00ednicos.  CARACTER\u00cdSTICAS   Pieza tor\u00e1cica de acero inoxidable de doble campana para una auscultaci\u00f3n precisa.  Membranas con anillos anti fr\u00edo que mejoran la comodidad del paciente.  Tubo auricular en forma de \"Y\" para una transmisi\u00f3n \u00f3ptima del sonido.  Doble campana para auscultar diferentes frecuencias y sonidos corporales.  Rango de frecuencias de audici\u00f3n: 100 - 1000 Hz, ideal para detectar una amplia gama de sonidos.  USOS RECOMENDADOS   Auscultaci\u00f3n de sonidos card\u00edacos y pulmonares.  Diagn\u00f3stico en consultas m\u00e9dicas, cl\u00ednicas y hospitales.  Ideal para profesionales de la salud en la monitorizaci\u00f3n de pacientes.  Todos nuestros activos est\u00e1n sujetos a disponibilidad seg\u00fan inventario.\u00a0","og_url":"https:\/\/servimedcolombia.com\/index.php\/producto\/fonendoscopios-ois-300-gmd\/","og_site_name":"Servimed Colombia","article_modified_time":"2024-11-25T22:34:13+00:00","og_image":[{"width":1654,"height":1654,"url":"https:\/\/servimedcolombia.com\/wp-content\/uploads\/2024\/11\/259.jpg","type":"image\/jpeg"}],"twitter_card":"summary_large_image","twitter_misc":{"Tiempo de lectura":"1 minuto"},"schema":{"@context":"https:\/\/schema.org","@graph":[{"@type":"WebPage","@id":"https:\/\/servimedcolombia.com\/index.php\/producto\/fonendoscopios-ois-300-gmd\/","url":"https:\/\/servimedcolombia.com\/index.php\/producto\/fonendoscopios-ois-300-gmd\/","name":"FONENDOSCOPIOS OIS 300 GMD - Servimed Colombia","isPartOf":{"@id":"https:\/\/servimedcolombia.com\/#website"},"primaryImageOfPage":{"@id":"https:\/\/servimedcolombia.com\/index.php\/producto\/fonendoscopios-ois-300-gmd\/#primaryimage"},"image":{"@id":"https:\/\/servimedcolombia.com\/index.php\/producto\/fonendoscopios-ois-300-gmd\/#primaryimage"},"thumbnailUrl":"https:\/\/servimedcolombia.com\/wp-content\/uploads\/2026\/04\/259.webp","datePublished":"2024-11-25T22:23:39+00:00","dateModified":"2024-11-25T22:34:13+00:00","breadcrumb":{"@id":"https:\/\/servimedcolombia.com\/index.php\/producto\/fonendoscopios-ois-300-gmd\/#breadcrumb"},"inLanguage":"es","potentialAction":[{"@type":"ReadAction","target":["https:\/\/servimedcolombia.com\/index.php\/producto\/fonendoscopios-ois-300-gmd\/"]}]},{"@type":"ImageObject","inLanguage":"es","@id":"https:\/\/servimedcolombia.com\/index.php\/producto\/fonendoscopios-ois-300-gmd\/#primaryimage","url":"https:\/\/servimedcolombia.com\/wp-content\/uploads\/2026\/04\/259.webp","contentUrl":"https:\/\/servimedcolombia.com\/wp-content\/uploads\/2026\/04\/259.webp","width":1654,"height":1654},{"@type":"BreadcrumbList","@id":"https:\/\/servimedcolombia.com\/index.php\/producto\/fonendoscopios-ois-300-gmd\/#breadcrumb","itemListElement":[{"@type":"ListItem","position":1,"name":"Portada","item":"https:\/\/servimedcolombia.com\/"},{"@type":"ListItem","position":2,"name":"Tienda","item":"https:\/\/servimedcolombia.com\/index.php\/tienda\/"},{"@type":"ListItem","position":3,"name":"FONENDOSCOPIOS OIS 300 GMD"}]},{"@type":"WebSite","@id":"https:\/\/servimedcolombia.com\/#website","url":"https:\/\/servimedcolombia.com\/","name":"Servimed Colombia","description":"","potentialAction":[{"@type":"SearchAction","target":{"@type":"EntryPoint","urlTemplate":"https:\/\/servimedcolombia.com\/?s={search_term_string}"},"query-input":{"@type":"PropertyValueSpecification","valueRequired":true,"valueName":"search_term_string"}}],"inLanguage":"es"}]}},"_links":{"self":[{"href":"https:\/\/servimedcolombia.com\/index.php\/wp-json\/wp\/v2\/product\/11922","targetHints":{"allow":["GET"]}}],"collection":[{"href":"https:\/\/servimedcolombia.com\/index.php\/wp-json\/wp\/v2\/product"}],"about":[{"href":"https:\/\/servimedcolombia.com\/index.php\/wp-json\/wp\/v2\/types\/product"}],"version-history":[{"count":0,"href":"https:\/\/servimedcolombia.com\/index.php\/wp-json\/wp\/v2\/product\/11922\/revisions"}],"wp:featuredmedia":[{"embeddable":true,"href":"https:\/\/servimedcolombia.com\/index.php\/wp-json\/wp\/v2\/media\/11909"}],"wp:attachment":[{"href":"https:\/\/servimedcolombia.com\/index.php\/wp-json\/wp\/v2\/media?parent=11922"}],"wp:term":[{"taxonomy":"product_brand","embeddable":true,"href":"https:\/\/servimedcolombia.com\/index.php\/wp-json\/wp\/v2\/product_brand?post=11922"},{"taxonomy":"product_cat","embeddable":true,"href":"https:\/\/servimedcolombia.com\/index.php\/wp-json\/wp\/v2\/product_cat?post=11922"},{"taxonomy":"product_tag","embeddable":true,"href":"https:\/\/servimedcolombia.com\/index.php\/wp-json\/wp\/v2\/product_tag?post=11922"}],"curies":[{"name":"wp","href":"https:\/\/api.w.org\/{rel}","templated":true}]}}